{"id":13252,"date":"2025-01-04T22:02:58","date_gmt":"2025-01-04T15:02:58","guid":{"rendered":"https:\/\/eemc.com.vn\/dai-ly-phan-phoi-eemc"},"modified":"2025-03-18T14:32:29","modified_gmt":"2025-03-18T07:32:29","slug":"agent-list","status":"publish","type":"page","link":"https:\/\/eemc.com.vn\/en\/agent-list","title":{"rendered":"Agent List"},"content":{"rendered":"\t<section class=\"section sec_bctc\" id=\"section_682611629\">\n\t\t<div class=\"bg section-bg fill bg-fill  bg-loaded\" >\n\n\t\t\t\n\t\t\t\n\t\t\t\n\n\t\t<\/div>\n\n\t\t\n\n\t\t<div class=\"section-content relative\">\n\t\t\t\n\n  <div class=\"banner has-hover bn_subtop is-full-height\" id=\"banner-1661439947\">\n          <div class=\"banner-inner fill\">\n        <div class=\"banner-bg fill\" >\n            <div class=\"bg fill bg-fill \"><\/div>\n                                    \n                    <\/div>\n\t\t\n        <div class=\"banner-layers container\">\n            <div class=\"fill banner-link\"><\/div>            \n   <div id=\"text-box-1308967215\" class=\"text-box banner-layer h1_bn x50 md-x50 lg-x50 y50 md-y50 lg-y50 res-text\">\n                                <div class=\"text-box-content text dark\">\n              \n              <div class=\"text-inner text-center\">\n                  \n\t<div id=\"text-945038560\" class=\"text\">\n\t\t\n<h1>Agent List<\/h1>\n<span><span><a href=\"https:\/\/eemc.com.vn\/en\"><span class=\"bren\">Home<\/span><span class=\"brvi\">Trang ch\u1ee7<\/span><\/a><\/span><\/span>\n\t\t\n<style>\n#text-945038560 {\n  text-align: center;\n}\n<\/style>\n\t<\/div>\n\t\n              <\/div>\n           <\/div>\n                            \n<style>\n#text-box-1308967215 {\n  width: 100%;\n}\n#text-box-1308967215 .text-box-content {\n  font-size: 100%;\n}\n<\/style>\n    <\/div>\n \n        <\/div>\n      <\/div>\n\n            \n<style>\n#banner-1661439947 {\n  padding-top: 100%;\n}\n#banner-1661439947 .bg.bg-loaded {\n  background-image: url(https:\/\/eemc.com.vn\/wp-content\/uploads\/2025\/02\/banner-dai-ly-chuan.jpg);\n}\n<\/style>\n  <\/div>\n\n\n\t\t<\/div>\n\n\t\t\n<style>\n#section_682611629 {\n  padding-top: 30px;\n  padding-bottom: 30px;\n}\n<\/style>\n\t<\/section>\n\t\n\t<section class=\"section sec_news sec_shop\" id=\"section_1613637966\">\n\t\t<div class=\"bg section-bg fill bg-fill  bg-loaded\" >\n\n\t\t\t\n\t\t\t\n\t\t\t\n\n\t\t<\/div>\n\n\t\t\n\n\t\t<div class=\"section-content relative\">\n\t\t\t\n<div class=\"row\"  id=\"row-444491992\">\n\n\t<div id=\"col-1210684964\" class=\"col small-12 large-12\"  >\n\t\t\t\t<div class=\"col-inner\"  >\n\t\t\t\n\t\t\t\n    <div class=\"map-tong\">\n      <div class=\"vmap-left\">\n        <div class=\"vmap-left--header\">\n          <select class=\"js-example-basic-single\" name=\"state\">\n            <option value=\"\">List of distributors<\/option>\n                                <option value=\"1720\">Th\u00e1i Nguy\u00ean<\/option>\n                                          <option value=\"1759\">\u0110\u00e0 N\u1eb5ng<\/option>\n                                          <option value=\"1719\">H\u00e0 N\u1ed9i<\/option>\n                                          <option value=\"1758\">H\u1ed3 Ch\u00ed Minh<\/option>\n                                <\/select>\n        <\/div>\n        <div class=\"vmap-left--main\">\n          <div>\n                          <div class=\"vmap-left--main__item active\">\n                <h3 data-target=\"#tab-map1\">EEMC-Electrical Equipment Designing And Manufacturing Company Limited<\/h3>\n                <div class=\"vmap-left--main__content\">\n                  <i class=\"icon-map-pin-fill\"><\/i>\n                  <p>S\u1ed1 89\/4, \u0111\u01b0\u1eddng L\u00e2m Ti\u00ean, T\u1ed5 14, Th\u1ecb tr\u1ea5n \u0110\u00f4ng Anh, huy\u1ec7n \u0110\u00f4ng Anh, Tp. H\u00e0 N\u1ed9i.<\/p>\n                <\/div>\n                <div class=\"vmap-left--main__ah\">\n                  <a class=\"vmap-left--main__content\" href=\"tel:\">\n                    <i class=\"icon-phone\"><\/i>\n                    <p><\/p>\n                  <\/a>\n                                        <div class=\"vmap-left--main__content\">\n                        <i class=\"icon-clock\"><\/i>\n                      <div>\n                              <p><span>Th\u1ee9 2 - Th\u1ee9 7 (7H30 - 17H)<\/span><\/p>\n                        <\/div>\n                      <\/div>\n                                  <\/div>\n                <div class=\"vmap-left--main__content-ah\"><\/div>\n              <\/div>\n                          <div class=\"vmap-left--main__item \">\n                <h3 data-target=\"#tab-map2\">EEMC-Equipment For Power Network Company Limited<\/h3>\n                <div class=\"vmap-left--main__content\">\n                  <i class=\"icon-map-pin-fill\"><\/i>\n                  <p>No. 39\/2, Lam Tien Street, Dong Anh Town, Dong Anh District, Hanoi City.<\/p>\n                <\/div>\n                <div class=\"vmap-left--main__ah\">\n                  <a class=\"vmap-left--main__content\" href=\"tel:+8496 8630779\">\n                    <i class=\"icon-phone\"><\/i>\n                    <p>+8496 8630779<\/p>\n                  <\/a>\n                                        <div class=\"vmap-left--main__content\">\n                        <i class=\"icon-clock\"><\/i>\n                      <div>\n                              <p><span>Monday - Saturday (7:30 AM - 5:00 PM)<\/span><\/p>\n                        <\/div>\n                      <\/div>\n                                  <\/div>\n                <div class=\"vmap-left--main__content-ah\"><\/div>\n              <\/div>\n                          <div class=\"vmap-left--main__item \">\n                <h3 data-target=\"#tab-map3\">DANH DANG COMPANY LIMITED<\/h3>\n                <div class=\"vmap-left--main__content\">\n                  <i class=\"icon-map-pin-fill\"><\/i>\n                  <p>86D \u0110\u01b0\u1eddng s\u1ed1 29, Ph\u01b0\u1eddng B\u00ecnh Tr\u1ecb \u0110\u00f4ng B, Qu\u1eadn B\u00ecnh T\u00e2n, TP H\u1ed3 Ch\u00ed Minh, Vi\u1ec7t Nam<\/p>\n                <\/div>\n                <div class=\"vmap-left--main__ah\">\n                  <a class=\"vmap-left--main__content\" href=\"tel:\">\n                    <i class=\"icon-phone\"><\/i>\n                    <p><\/p>\n                  <\/a>\n                                  <\/div>\n                <div class=\"vmap-left--main__content-ah\"><\/div>\n              <\/div>\n                          <div class=\"vmap-left--main__item \">\n                <h3 data-target=\"#tab-map4\">Hoang Thai Joint Stock Company<\/h3>\n                <div class=\"vmap-left--main__content\">\n                  <i class=\"icon-map-pin-fill\"><\/i>\n                  <p>Industrial Cluster No. 2, Tan Lap Ward, Thai Nguyen City<\/p>\n                <\/div>\n                <div class=\"vmap-left--main__ah\">\n                  <a class=\"vmap-left--main__content\" href=\"tel:\">\n                    <i class=\"icon-phone\"><\/i>\n                    <p><\/p>\n                  <\/a>\n                                        <div class=\"vmap-left--main__content\">\n                        <i class=\"icon-clock\"><\/i>\n                      <div>\n                              <p><span>Monday - Saturday (7:30 AM - 5:00 PM)<\/span><\/p>\n                        <\/div>\n                      <\/div>\n                                  <\/div>\n                <div class=\"vmap-left--main__content-ah\"><\/div>\n              <\/div>\n                          <div class=\"vmap-left--main__item \">\n                <h3 data-target=\"#tab-map5\">HAIVANNAM COMPANY LIMITED<\/h3>\n                <div class=\"vmap-left--main__content\">\n                  <i class=\"icon-map-pin-fill\"><\/i>\n                  <p>305 Nguy\u1ec5n T\u1ea5t Th\u00e0nh, P.Thanh B\u00ecnh, Qu\u1eadn H\u1ea3i Ch\u00e2u, Th\u00e0nh Ph\u1ed1 \u0110\u00e0 N\u1eb5ng, Vi\u1ec7t Nam<\/p>\n                <\/div>\n                <div class=\"vmap-left--main__ah\">\n                  <a class=\"vmap-left--main__content\" href=\"tel:\">\n                    <i class=\"icon-phone\"><\/i>\n                    <p><\/p>\n                  <\/a>\n                                  <\/div>\n                <div class=\"vmap-left--main__content-ah\"><\/div>\n              <\/div>\n                      <\/div>\n        <\/div>\n      <\/div>\n      <div class=\"vmap-right\">\n        <div>\n                    <div id=\"tab-map1\" class=\"vmap-right__item active\">\n            <!--<iframe src='' width=\"100%\" height=\"800\" style=\"border:0;\" allowfullscreen=\"\" loading=\"lazy\"><\/iframe>-->\n            <iframe src=\"https:\/\/www.google.com\/maps\/embed?pb=!1m18!1m12!1m3!1d3720.7380388254937!2d105.84579872322888!3d21.16282093013963!2m3!1f0!2f0!3f0!3m2!1i1024!2i768!4f13.1!3m3!1m2!1s0x313501166eaab569%3A0xae7152badc9f961d!2zQ8O0bmcgdHkgVE5ISCBNVFYgVGhp4bq_dCBr4bq_IHbDoCBDaOG6vyB04bqhbyBUaGnhur90IGLhu4sgxJFp4buHbiAtIEVFTUMgKEVETUMp!5e0!3m2!1svi!2sus!4v1736002182419!5m2!1svi!2sus\" width=\"600\" height=\"450\" style=\"border:0;\" allowfullscreen=\"\" loading=\"lazy\" referrerpolicy=\"no-referrer-when-downgrade\"><\/iframe>          <\/div>\n                    <div id=\"tab-map2\" class=\"vmap-right__item \">\n            <!--<iframe src='' width=\"100%\" height=\"800\" style=\"border:0;\" allowfullscreen=\"\" loading=\"lazy\"><\/iframe>-->\n            <iframe src=\"https:\/\/www.google.com\/maps\/embed?pb=!1m18!1m12!1m3!1d3720.7335802633543!2d105.8464717118485!3d21.162998280438785!2m3!1f0!2f0!3f0!3m2!1i1024!2i768!4f13.1!3m3!1m2!1s0x3135011688913d6b%3A0xf8ba35f4278614fc!2zQ8O0bmcgVHkgVE5ISCBNVFYgVGhp4bq_dCBC4buLIEzGsOG7m2kgxJBp4buHbiAtIEVFTUM!5e0!3m2!1svi!2sus!4v1736002121543!5m2!1svi!2sus\" width=\"600\" height=\"450\" style=\"border:0;\" allowfullscreen=\"\" loading=\"lazy\" referrerpolicy=\"no-referrer-when-downgrade\"><\/iframe>          <\/div>\n                    <div id=\"tab-map3\" class=\"vmap-right__item \">\n            <!--<iframe src='' width=\"100%\" height=\"800\" style=\"border:0;\" allowfullscreen=\"\" loading=\"lazy\"><\/iframe>-->\n            <iframe src=\"https:\/\/www.google.com\/maps\/embed?pb=!1m18!1m12!1m3!1d1959.8557860086664!2d106.61059017575072!3d10.756697895254526!2m3!1f0!2f0!3f0!3m2!1i1024!2i768!4f13.1!3m3!1m2!1s0x31752c314facaaad%3A0x2b9019f98795ad29!2zRGFuaCDEkOG6t25n!5e0!3m2!1sen!2s!4v1740021921688!5m2!1sen!2s\" width=\"600\" height=\"450\" style=\"border:0;\" allowfullscreen=\"\" loading=\"lazy\" referrerpolicy=\"no-referrer-when-downgrade\"><\/iframe>          <\/div>\n                    <div id=\"tab-map4\" class=\"vmap-right__item \">\n            <!--<iframe src='' width=\"100%\" height=\"800\" style=\"border:0;\" allowfullscreen=\"\" loading=\"lazy\"><\/iframe>-->\n            <iframe src=\"https:\/\/www.google.com\/maps\/embed?pb=!1m18!1m12!1m3!1d14839.246763631012!2d105.82556304458697!3d21.593272383214064!2m3!1f0!2f0!3f0!3m2!1i1024!2i768!4f13.1!3m3!1m2!1s0x313526e6ba66924d%3A0xdf82833d00ba8b36!2zQ8O0bmcgdHkgQ-G7lSBwaOG6p24gSG_DoG5nIFRow6Fp!5e0!3m2!1svi!2s!4v1736816506135!5m2!1svi!2s\" width=\"600\" height=\"450\" style=\"border:0;\" allowfullscreen=\"\" loading=\"lazy\" referrerpolicy=\"no-referrer-when-downgrade\"><\/iframe>          <\/div>\n                    <div id=\"tab-map5\" class=\"vmap-right__item \">\n            <!--<iframe src='' width=\"100%\" height=\"800\" style=\"border:0;\" allowfullscreen=\"\" loading=\"lazy\"><\/iframe>-->\n            <iframe src=\"https:\/\/www.google.com\/maps\/embed?pb=!1m18!1m12!1m3!1d3833.759401813027!2d108.2094423!3d16.0779703!2m3!1f0!2f0!3f0!3m2!1i1024!2i768!4f13.1!3m3!1m2!1s0x314218382203bc1b%3A0xde11044f238466ab!2zQ8O0bmcgVHkgVG5oaCBI4bqjaSBWw6JuIE5hbQ!5e0!3m2!1sen!2s!4v1740022580272!5m2!1sen!2s\" width=\"600\" height=\"450\" style=\"border:0;\" allowfullscreen=\"\" loading=\"lazy\" referrerpolicy=\"no-referrer-when-downgrade\"><\/iframe>          <\/div>\n                  <\/div>                \n      <\/div>\n    <\/div>\n    <div class=\"map-tong--loadding\">\n      <div class=\"dot-spinner\">\n        <div class=\"dot-spinner__dot\"><\/div>\n        <div class=\"dot-spinner__dot\"><\/div>\n        <div class=\"dot-spinner__dot\"><\/div>\n        <div class=\"dot-spinner__dot\"><\/div>\n        <div class=\"dot-spinner__dot\"><\/div>\n        <div class=\"dot-spinner__dot\"><\/div>\n        <div class=\"dot-spinner__dot\"><\/div>\n        <div class=\"dot-spinner__dot\"><\/div>\n      <\/div>\n    <\/div>\n    <script type=\"text\/javascript\">\n      jQuery(document).ready(function($) {\n\n        $('.vmap-left--main__content-ah').click(function(){\n          if($(this).hasClass('active')){\n            $(this).removeClass('active');\n          }else{\n            $(this).addClass('active');\n          }\n          $(this).parent('.vmap-left--main__item').children('.vmap-left--main__ah').slideToggle(500);\n        });\n\n\n        $('.vmap-left--main__item>h3').click(function(){\n          let target=$(this).data('target');\n          $('.vmap-left--main__item').removeClass(\"active\");\n          $('.vmap-right__item').removeClass(\"active\");\n          $(target).addClass('active');\n          $(this).parent('.vmap-left--main__item').addClass(\"active\");\n        });\n        \n\n\n\n\n\n\n\n\n        $('.js-example-basic-single').select2();\n        $('.js-example-basic-single').change(function(){\n          $('.vmap-left--main>div').remove();\n          $('.vmap-right>div').remove();\n          if(!$('.map-tong--loadding').hasClass('active')){$('.map-tong--loadding').addClass('active');}\n          var idTaxonomy = $(this).val(); \/\/ kh\u00e1i b\u00e1o s\u1ed1 l\u01b0\u1ee3ng b\u00e0i vi\u1ebft \u0111\u00e3 hi\u1ec3n th\u1ecb\n          $.ajax({ \/\/ H\u00e0m ajax\n                type : \"POST\", \/\/Ph\u01b0\u01a1ng th\u1ee9c truy\u1ec1n post ho\u1eb7c get\n                dataType : \"html\", \/\/D\u1ea1ng d\u1eef li\u1ec7u tr\u1ea3 v\u1ec1 xml, json, script, or html\n                async: false,\n                url : 'https:\/\/eemc.com.vn\/wp-admin\/admin-ajax.php', \/\/ N\u01a1i x\u1eed l\u00fd d\u1eef li\u1ec7u\n                data : {\n                    action: \"loadmore\", \/\/T\u00ean action, d\u1eef li\u1ec7u g\u1edfi l\u00ean cho server\n                    idTaxonomy: idTaxonomy, \/\/ g\u1edfi s\u1ed1 l\u01b0\u1ee3ng b\u00e0i vi\u1ebft \u0111\u00e3 hi\u1ec3n th\u1ecb cho server\n                },\n                beforeSend: function(){\n                  \n                },\n                success: function(response) {\n                  if($('.map-tong--loadding').hasClass('active')){$('.map-tong--loadding').removeClass('active');}\n                  $('.vmap-left--main').append(response);\n                },\n                error: function( jqXHR, textStatus, errorThrown ){\n                  if($('.map-tong--loadding').hasClass('active')){$('.map-tong--loadding').removeClass('active');}\n                    \/\/L\u00e0m g\u00ec \u0111\u00f3 khi c\u00f3 l\u1ed7i x\u1ea3y ra\n                    console.log( 'The following error occured: ' + textStatus, errorThrown );\n                }\n           });\n          $.ajax({ \/\/ H\u00e0m ajax\n                type : \"POST\", \/\/Ph\u01b0\u01a1ng th\u1ee9c truy\u1ec1n post ho\u1eb7c get\n                dataType : \"html\", \/\/D\u1ea1ng d\u1eef li\u1ec7u tr\u1ea3 v\u1ec1 xml, json, script, or html\n                async: false,\n                url : 'https:\/\/eemc.com.vn\/wp-admin\/admin-ajax.php', \/\/ N\u01a1i x\u1eed l\u00fd d\u1eef li\u1ec7u\n                data : {\n                    action: \"loadmore2\", \/\/T\u00ean action, d\u1eef li\u1ec7u g\u1edfi l\u00ean cho server\n                    idTaxonomy: idTaxonomy, \/\/ g\u1edfi s\u1ed1 l\u01b0\u1ee3ng b\u00e0i vi\u1ebft \u0111\u00e3 hi\u1ec3n th\u1ecb cho server\n                },\n                beforeSend: function(){\n                    \n                },\n                success: function(response) {\n                    $('.vmap-right').append(response);\n                },\n                error: function( jqXHR, textStatus, errorThrown ){\n                    \/\/L\u00e0m g\u00ec \u0111\u00f3 khi c\u00f3 l\u1ed7i x\u1ea3y ra\n                    console.log( 'The following error occured: ' + textStatus, errorThrown );\n                }\n           });\n          \n        });\n      });\n    <\/script>\n  \n\t\t<\/div>\n\t\t\t\t\t<\/div>\n\n\t\n<\/div>\n\t\t<\/div>\n\n\t\t\n<style>\n#section_1613637966 {\n  padding-top: 30px;\n  padding-bottom: 30px;\n}\n<\/style>\n\t<\/section>\n\t\n","protected":false},"excerpt":{"rendered":"","protected":false},"author":1,"featured_media":10430,"parent":0,"menu_order":0,"comment_status":"closed","ping_status":"closed","template":"page-blank.php","meta":{"footnotes":""},"class_list":["post-13252","page","type-page","status-publish","has-post-thumbnail","hentry"],"yoast_head":"<!-- This site is optimized with the Yoast SEO plugin v26.8 - https:\/\/yoast.com\/product\/yoast-seo-wordpress\/ -->\n<title>Agent List - T\u1ed5ng c\u00f4ng ty Thi\u1ebft B\u1ecb \u0110i\u1ec7n \u0110\u00f4ng Anh<\/title>\n<meta name=\"description\" content=\"EEMC&#039;s distributors always bring confidence to customers, EEMC always provides the best quality transformer products.\" \/>\n<meta name=\"robots\" content=\"index, follow, max-snippet:-1, max-image-preview:large, max-video-preview:-1\" \/>\n<link rel=\"canonical\" href=\"https:\/\/eemc.com.vn\/en\/agent-list\" \/>\n<meta property=\"og:locale\" content=\"en_US\" \/>\n<meta property=\"og:type\" content=\"article\" \/>\n<meta property=\"og:title\" content=\"Agent List - T\u1ed5ng c\u00f4ng ty Thi\u1ebft B\u1ecb \u0110i\u1ec7n \u0110\u00f4ng Anh\" \/>\n<meta property=\"og:description\" content=\"EEMC&#039;s distributors always bring confidence to customers, EEMC always provides the best quality transformer products.\" \/>\n<meta property=\"og:url\" content=\"https:\/\/eemc.com.vn\/en\/agent-list\" \/>\n<meta property=\"og:site_name\" content=\"T\u1ed5ng c\u00f4ng ty Thi\u1ebft B\u1ecb \u0110i\u1ec7n \u0110\u00f4ng Anh\" \/>\n<meta property=\"article:modified_time\" content=\"2025-03-18T07:32:29+00:00\" \/>\n<meta property=\"og:image\" content=\"https:\/\/eemc.com.vn\/wp-content\/uploads\/2025\/01\/thumb_doc.jpg\" \/>\n\t<meta property=\"og:image:width\" content=\"800\" \/>\n\t<meta property=\"og:image:height\" content=\"600\" \/>\n\t<meta property=\"og:image:type\" content=\"image\/jpeg\" \/>\n<meta name=\"twitter:card\" content=\"summary_large_image\" \/>\n<meta name=\"twitter:label1\" content=\"Est. reading time\" \/>\n\t<meta name=\"twitter:data1\" content=\"1 minute\" \/>\n<script type=\"application\/ld+json\" class=\"yoast-schema-graph\">{\"@context\":\"https:\/\/schema.org\",\"@graph\":[{\"@type\":\"WebPage\",\"@id\":\"https:\/\/eemc.com.vn\/en\/agent-list\",\"url\":\"https:\/\/eemc.com.vn\/en\/agent-list\",\"name\":\"Agent List - T\u1ed5ng c\u00f4ng ty Thi\u1ebft B\u1ecb \u0110i\u1ec7n \u0110\u00f4ng Anh\",\"isPartOf\":{\"@id\":\"https:\/\/eemc.com.vn\/en#website\"},\"primaryImageOfPage\":{\"@id\":\"https:\/\/eemc.com.vn\/en\/agent-list#primaryimage\"},\"image\":{\"@id\":\"https:\/\/eemc.com.vn\/en\/agent-list#primaryimage\"},\"thumbnailUrl\":\"https:\/\/eemc.com.vn\/wp-content\/uploads\/2025\/01\/thumb_doc.jpg\",\"datePublished\":\"2025-01-04T15:02:58+00:00\",\"dateModified\":\"2025-03-18T07:32:29+00:00\",\"description\":\"EEMC's distributors always bring confidence to customers, EEMC always provides the best quality transformer products.\",\"breadcrumb\":{\"@id\":\"https:\/\/eemc.com.vn\/en\/agent-list#breadcrumb\"},\"inLanguage\":\"en-US\",\"potentialAction\":[{\"@type\":\"ReadAction\",\"target\":[\"https:\/\/eemc.com.vn\/en\/agent-list\"]}]},{\"@type\":\"ImageObject\",\"inLanguage\":\"en-US\",\"@id\":\"https:\/\/eemc.com.vn\/en\/agent-list#primaryimage\",\"url\":\"https:\/\/eemc.com.vn\/wp-content\/uploads\/2025\/01\/thumb_doc.jpg\",\"contentUrl\":\"https:\/\/eemc.com.vn\/wp-content\/uploads\/2025\/01\/thumb_doc.jpg\",\"width\":800,\"height\":600},{\"@type\":\"BreadcrumbList\",\"@id\":\"https:\/\/eemc.com.vn\/en\/agent-list#breadcrumb\",\"itemListElement\":[{\"@type\":\"ListItem\",\"position\":1,\"name\":\"HomeTrang ch\u1ee7\",\"item\":\"https:\/\/eemc.com.vn\/en\"},{\"@type\":\"ListItem\",\"position\":2,\"name\":\"Agent List\"}]},{\"@type\":\"WebSite\",\"@id\":\"https:\/\/eemc.com.vn\/en#website\",\"url\":\"https:\/\/eemc.com.vn\/en\",\"name\":\"T\u1ed5ng c\u00f4ng ty Thi\u1ebft B\u1ecb \u0110i\u1ec7n \u0110\u00f4ng Anh\",\"description\":\"m\u00e1y bi\u1ebfn \u00e1p \u0110\u00f4ng Anh\",\"publisher\":{\"@id\":\"https:\/\/eemc.com.vn\/en#organization\"},\"potentialAction\":[{\"@type\":\"SearchAction\",\"target\":{\"@type\":\"EntryPoint\",\"urlTemplate\":\"https:\/\/eemc.com.vn\/en?s={search_term_string}\"},\"query-input\":{\"@type\":\"PropertyValueSpecification\",\"valueRequired\":true,\"valueName\":\"search_term_string\"}}],\"inLanguage\":\"en-US\"},{\"@type\":\"Organization\",\"@id\":\"https:\/\/eemc.com.vn\/en#organization\",\"name\":\"T\u1ed5ng c\u00f4ng ty thi\u1ebft b\u1ecb \u0111i\u1ec7n \u0110\u00f4ng Anh\",\"alternateName\":\"EEMC\",\"url\":\"https:\/\/eemc.com.vn\/en\",\"logo\":{\"@type\":\"ImageObject\",\"inLanguage\":\"en-US\",\"@id\":\"https:\/\/eemc.com.vn\/en#\/schema\/logo\/image\/\",\"url\":\"https:\/\/eemc.com.vn\/wp-content\/uploads\/2025\/03\/logo-EEMC-2025-ng-TV-scaled.jpg\",\"contentUrl\":\"https:\/\/eemc.com.vn\/wp-content\/uploads\/2025\/03\/logo-EEMC-2025-ng-TV-scaled.jpg\",\"width\":2560,\"height\":1037,\"caption\":\"T\u1ed5ng c\u00f4ng ty thi\u1ebft b\u1ecb \u0111i\u1ec7n \u0110\u00f4ng Anh\"},\"image\":{\"@id\":\"https:\/\/eemc.com.vn\/en#\/schema\/logo\/image\/\"}}]}<\/script>\n<!-- \/ Yoast SEO plugin. -->","yoast_head_json":{"title":"Agent List - T\u1ed5ng c\u00f4ng ty Thi\u1ebft B\u1ecb \u0110i\u1ec7n \u0110\u00f4ng Anh","description":"EEMC's distributors always bring confidence to customers, EEMC always provides the best quality transformer products.","robots":{"index":"index","follow":"follow","max-snippet":"max-snippet:-1","max-image-preview":"max-image-preview:large","max-video-preview":"max-video-preview:-1"},"canonical":"https:\/\/eemc.com.vn\/en\/agent-list","og_locale":"en_US","og_type":"article","og_title":"Agent List - T\u1ed5ng c\u00f4ng ty Thi\u1ebft B\u1ecb \u0110i\u1ec7n \u0110\u00f4ng Anh","og_description":"EEMC's distributors always bring confidence to customers, EEMC always provides the best quality transformer products.","og_url":"https:\/\/eemc.com.vn\/en\/agent-list","og_site_name":"T\u1ed5ng c\u00f4ng ty Thi\u1ebft B\u1ecb \u0110i\u1ec7n \u0110\u00f4ng Anh","article_modified_time":"2025-03-18T07:32:29+00:00","og_image":[{"width":800,"height":600,"url":"https:\/\/eemc.com.vn\/wp-content\/uploads\/2025\/01\/thumb_doc.jpg","type":"image\/jpeg"}],"twitter_card":"summary_large_image","twitter_misc":{"Est. reading time":"1 minute"},"schema":{"@context":"https:\/\/schema.org","@graph":[{"@type":"WebPage","@id":"https:\/\/eemc.com.vn\/en\/agent-list","url":"https:\/\/eemc.com.vn\/en\/agent-list","name":"Agent List - T\u1ed5ng c\u00f4ng ty Thi\u1ebft B\u1ecb \u0110i\u1ec7n \u0110\u00f4ng Anh","isPartOf":{"@id":"https:\/\/eemc.com.vn\/en#website"},"primaryImageOfPage":{"@id":"https:\/\/eemc.com.vn\/en\/agent-list#primaryimage"},"image":{"@id":"https:\/\/eemc.com.vn\/en\/agent-list#primaryimage"},"thumbnailUrl":"https:\/\/eemc.com.vn\/wp-content\/uploads\/2025\/01\/thumb_doc.jpg","datePublished":"2025-01-04T15:02:58+00:00","dateModified":"2025-03-18T07:32:29+00:00","description":"EEMC's distributors always bring confidence to customers, EEMC always provides the best quality transformer products.","breadcrumb":{"@id":"https:\/\/eemc.com.vn\/en\/agent-list#breadcrumb"},"inLanguage":"en-US","potentialAction":[{"@type":"ReadAction","target":["https:\/\/eemc.com.vn\/en\/agent-list"]}]},{"@type":"ImageObject","inLanguage":"en-US","@id":"https:\/\/eemc.com.vn\/en\/agent-list#primaryimage","url":"https:\/\/eemc.com.vn\/wp-content\/uploads\/2025\/01\/thumb_doc.jpg","contentUrl":"https:\/\/eemc.com.vn\/wp-content\/uploads\/2025\/01\/thumb_doc.jpg","width":800,"height":600},{"@type":"BreadcrumbList","@id":"https:\/\/eemc.com.vn\/en\/agent-list#breadcrumb","itemListElement":[{"@type":"ListItem","position":1,"name":"HomeTrang ch\u1ee7","item":"https:\/\/eemc.com.vn\/en"},{"@type":"ListItem","position":2,"name":"Agent List"}]},{"@type":"WebSite","@id":"https:\/\/eemc.com.vn\/en#website","url":"https:\/\/eemc.com.vn\/en","name":"T\u1ed5ng c\u00f4ng ty Thi\u1ebft B\u1ecb \u0110i\u1ec7n \u0110\u00f4ng Anh","description":"m\u00e1y bi\u1ebfn \u00e1p \u0110\u00f4ng Anh","publisher":{"@id":"https:\/\/eemc.com.vn\/en#organization"},"potentialAction":[{"@type":"SearchAction","target":{"@type":"EntryPoint","urlTemplate":"https:\/\/eemc.com.vn\/en?s={search_term_string}"},"query-input":{"@type":"PropertyValueSpecification","valueRequired":true,"valueName":"search_term_string"}}],"inLanguage":"en-US"},{"@type":"Organization","@id":"https:\/\/eemc.com.vn\/en#organization","name":"T\u1ed5ng c\u00f4ng ty thi\u1ebft b\u1ecb \u0111i\u1ec7n \u0110\u00f4ng Anh","alternateName":"EEMC","url":"https:\/\/eemc.com.vn\/en","logo":{"@type":"ImageObject","inLanguage":"en-US","@id":"https:\/\/eemc.com.vn\/en#\/schema\/logo\/image\/","url":"https:\/\/eemc.com.vn\/wp-content\/uploads\/2025\/03\/logo-EEMC-2025-ng-TV-scaled.jpg","contentUrl":"https:\/\/eemc.com.vn\/wp-content\/uploads\/2025\/03\/logo-EEMC-2025-ng-TV-scaled.jpg","width":2560,"height":1037,"caption":"T\u1ed5ng c\u00f4ng ty thi\u1ebft b\u1ecb \u0111i\u1ec7n \u0110\u00f4ng Anh"},"image":{"@id":"https:\/\/eemc.com.vn\/en#\/schema\/logo\/image\/"}}]}},"_links":{"self":[{"href":"https:\/\/eemc.com.vn\/en\/wp-json\/wp\/v2\/pages\/13252","targetHints":{"allow":["GET"]}}],"collection":[{"href":"https:\/\/eemc.com.vn\/en\/wp-json\/wp\/v2\/pages"}],"about":[{"href":"https:\/\/eemc.com.vn\/en\/wp-json\/wp\/v2\/types\/page"}],"author":[{"embeddable":true,"href":"https:\/\/eemc.com.vn\/en\/wp-json\/wp\/v2\/users\/1"}],"replies":[{"embeddable":true,"href":"https:\/\/eemc.com.vn\/en\/wp-json\/wp\/v2\/comments?post=13252"}],"version-history":[{"count":5,"href":"https:\/\/eemc.com.vn\/en\/wp-json\/wp\/v2\/pages\/13252\/revisions"}],"predecessor-version":[{"id":13578,"href":"https:\/\/eemc.com.vn\/en\/wp-json\/wp\/v2\/pages\/13252\/revisions\/13578"}],"wp:featuredmedia":[{"embeddable":true,"href":"https:\/\/eemc.com.vn\/en\/wp-json\/wp\/v2\/media\/10430"}],"wp:attachment":[{"href":"https:\/\/eemc.com.vn\/en\/wp-json\/wp\/v2\/media?parent=13252"}],"curies":[{"name":"wp","href":"https:\/\/api.w.org\/{rel}","templated":true}]}}