{"id":13254,"date":"2025-01-04T14:24:57","date_gmt":"2025-01-04T07:24:57","guid":{"rendered":"https:\/\/eemc.com.vn\/nhan-dang-thuong-hieu"},"modified":"2025-01-15T15:15:12","modified_gmt":"2025-01-15T08:15:12","slug":"brand-authentication","status":"publish","type":"page","link":"https:\/\/eemc.com.vn\/en\/brand-authentication","title":{"rendered":"Brand Authentication"},"content":{"rendered":"\t<section class=\"section sec_bctc\" id=\"section_1592294988\">\n\t\t<div class=\"bg section-bg fill bg-fill  bg-loaded\" >\n\n\t\t\t\n\t\t\t\n\t\t\t\n\n\t\t<\/div>\n\n\t\t\n\n\t\t<div class=\"section-content relative\">\n\t\t\t\n\n  <div class=\"banner has-hover bn_subtop is-full-height\" id=\"banner-1477984435\">\n          <div class=\"banner-inner fill\">\n        <div class=\"banner-bg fill\" >\n            <div class=\"bg fill bg-fill \"><\/div>\n                                    \n                    <\/div>\n\t\t\n        <div class=\"banner-layers container\">\n            <div class=\"fill banner-link\"><\/div>            \n   <div id=\"text-box-1031603373\" class=\"text-box banner-layer h1_bn x50 md-x50 lg-x50 y50 md-y50 lg-y50 res-text\">\n                                <div class=\"text-box-content text dark\">\n              \n              <div class=\"text-inner text-center\">\n                  \n\t<div id=\"text-3040919786\" class=\"text\">\n\t\t\n<h1>Brand Authentication<\/h1>\n<span><span><a href=\"https:\/\/eemc.com.vn\/en\"><span class=\"bren\">Home<\/span><span class=\"brvi\">Trang ch\u1ee7<\/span><\/a><\/span><\/span>\n\t\t\n<style>\n#text-3040919786 {\n  text-align: center;\n}\n<\/style>\n\t<\/div>\n\t\n              <\/div>\n           <\/div>\n                            \n<style>\n#text-box-1031603373 {\n  width: 100%;\n}\n#text-box-1031603373 .text-box-content {\n  font-size: 100%;\n}\n<\/style>\n    <\/div>\n \n        <\/div>\n      <\/div>\n\n            \n<style>\n#banner-1477984435 {\n  padding-top: 100%;\n}\n#banner-1477984435 .bg.bg-loaded {\n  background-image: url(https:\/\/eemc.com.vn\/wp-content\/uploads\/2025\/01\/ban_ndth.png);\n}\n<\/style>\n  <\/div>\n\n\n\t\t<\/div>\n\n\t\t\n<style>\n#section_1592294988 {\n  padding-top: 30px;\n  padding-bottom: 30px;\n}\n<\/style>\n\t<\/section>\n\t\n\t<section class=\"section sec_news\" id=\"section_1237392146\">\n\t\t<div class=\"bg section-bg fill bg-fill  bg-loaded\" >\n\n\t\t\t\n\t\t\t\n\t\t\t\n\n\t\t<\/div>\n\n\t\t\n\n\t\t<div class=\"section-content relative\">\n\t\t\t\n<div class=\"row\"  id=\"row-475909329\">\n\n\t<div id=\"col-1310401888\" class=\"col small-12 large-12\"  >\n\t\t\t\t<div class=\"col-inner\"  >\n\t\t\t\n\t\t\t\n<div class=\"row\">\n\n    <div class=\"col small-12 large-4 fixpage\">\n        \n           <div class=\"bctc-ct\">\n                <a  href=\"https:\/\/eemc.com.vn\/en\/nhan-dien-san-pham-may-bien-ap-chinh-hang.html\">\n\n                                                     <img loading=\"lazy\" decoding=\"async\" width=\"644\" height=\"250\" src=\"https:\/\/eemc.com.vn\/wp-content\/uploads\/2018\/03\/Picture3.jpg\" class=\"imgbc\" alt=\"Identifying Genuine Transformers\" >\n\n                                  \n                <\/a>\n            \n             \n                <div class=\"ct_tc-tintuc\">\n                  <div class=\"timepage\"><img decoding=\"async\" width=\"18\"  src=\"\/wp-content\/themes\/beit\/img\/calendar.png\" class=\"attachment-original size-original\" alt=\"Identifying Genuine Transformers\" > 29.03.2018<\/div>\n                     <h3><a href=\"https:\/\/eemc.com.vn\/en\/nhan-dien-san-pham-may-bien-ap-chinh-hang.html\">Identifying Genuine Transformers<\/a><\/h3>\n                     \n                     <div class=\"linksm\">\n                        <a href=\"https:\/\/eemc.com.vn\/en\/nhan-dien-san-pham-may-bien-ap-chinh-hang.html\" class=\"button primary btn_global\" style=\"border-radius:10px;\">\n                        <span>Read more<\/span>\n                      <i class=\"icon-angle-right\" aria-hidden=\"true\"><\/i><\/a>\n                <\/div>\n                 <\/div>\n            <\/div>\n        \n    <\/div>\n    \n  <\/div>\n    <div class=\"col small-12 large-12\">\n        <div class=\"pagination\">\n                     <\/div>\n    <\/div>\n\n\n             \n\n\n\t\t<\/div>\n\t\t\t\t\t<\/div>\n\n\t\n<\/div>\n\t\t<\/div>\n\n\t\t\n<style>\n#section_1237392146 {\n  padding-top: 30px;\n  padding-bottom: 30px;\n}\n<\/style>\n\t<\/section>\n\t\n","protected":false},"excerpt":{"rendered":"","protected":false},"author":1,"featured_media":13239,"parent":0,"menu_order":0,"comment_status":"closed","ping_status":"closed","template":"page-blank.php","meta":{"footnotes":""},"class_list":["post-13254","page","type-page","status-publish","has-post-thumbnail","hentry"],"yoast_head":"<!-- This site is optimized with the Yoast SEO plugin v26.8 - https:\/\/yoast.com\/product\/yoast-seo-wordpress\/ -->\n<title>Brand Authentication - T\u1ed5ng c\u00f4ng ty Thi\u1ebft B\u1ecb \u0110i\u1ec7n \u0110\u00f4ng Anh<\/title>\n<meta name=\"description\" content=\"Brand Authentication EEMC\" \/>\n<meta name=\"robots\" content=\"index, follow, max-snippet:-1, max-image-preview:large, max-video-preview:-1\" \/>\n<link rel=\"canonical\" href=\"https:\/\/eemc.com.vn\/en\/brand-authentication\" \/>\n<meta property=\"og:locale\" content=\"en_US\" \/>\n<meta property=\"og:type\" content=\"article\" \/>\n<meta property=\"og:title\" content=\"Brand Authentication - T\u1ed5ng c\u00f4ng ty Thi\u1ebft B\u1ecb \u0110i\u1ec7n \u0110\u00f4ng Anh\" \/>\n<meta property=\"og:description\" content=\"Brand Authentication EEMC\" \/>\n<meta property=\"og:url\" content=\"https:\/\/eemc.com.vn\/en\/brand-authentication\" \/>\n<meta property=\"og:site_name\" content=\"T\u1ed5ng c\u00f4ng ty Thi\u1ebft B\u1ecb \u0110i\u1ec7n \u0110\u00f4ng Anh\" \/>\n<meta property=\"article:modified_time\" content=\"2025-01-15T08:15:12+00:00\" \/>\n<meta property=\"og:image\" content=\"https:\/\/eemc.com.vn\/wp-content\/uploads\/2025\/01\/thumb_doc.jpg\" \/>\n\t<meta property=\"og:image:width\" content=\"800\" \/>\n\t<meta property=\"og:image:height\" content=\"600\" \/>\n\t<meta property=\"og:image:type\" content=\"image\/jpeg\" \/>\n<meta name=\"twitter:card\" content=\"summary_large_image\" \/>\n<meta name=\"twitter:label1\" content=\"Est. reading time\" \/>\n\t<meta name=\"twitter:data1\" content=\"1 minute\" \/>\n<script type=\"application\/ld+json\" class=\"yoast-schema-graph\">{\"@context\":\"https:\/\/schema.org\",\"@graph\":[{\"@type\":\"WebPage\",\"@id\":\"https:\/\/eemc.com.vn\/en\/brand-authentication\",\"url\":\"https:\/\/eemc.com.vn\/en\/brand-authentication\",\"name\":\"Brand Authentication - T\u1ed5ng c\u00f4ng ty Thi\u1ebft B\u1ecb \u0110i\u1ec7n \u0110\u00f4ng Anh\",\"isPartOf\":{\"@id\":\"https:\/\/eemc.com.vn\/en#website\"},\"primaryImageOfPage\":{\"@id\":\"https:\/\/eemc.com.vn\/en\/brand-authentication#primaryimage\"},\"image\":{\"@id\":\"https:\/\/eemc.com.vn\/en\/brand-authentication#primaryimage\"},\"thumbnailUrl\":\"https:\/\/eemc.com.vn\/wp-content\/uploads\/2025\/01\/thumb_doc.jpg\",\"datePublished\":\"2025-01-04T07:24:57+00:00\",\"dateModified\":\"2025-01-15T08:15:12+00:00\",\"description\":\"Brand Authentication EEMC\",\"breadcrumb\":{\"@id\":\"https:\/\/eemc.com.vn\/en\/brand-authentication#breadcrumb\"},\"inLanguage\":\"en-US\",\"potentialAction\":[{\"@type\":\"ReadAction\",\"target\":[\"https:\/\/eemc.com.vn\/en\/brand-authentication\"]}]},{\"@type\":\"ImageObject\",\"inLanguage\":\"en-US\",\"@id\":\"https:\/\/eemc.com.vn\/en\/brand-authentication#primaryimage\",\"url\":\"https:\/\/eemc.com.vn\/wp-content\/uploads\/2025\/01\/thumb_doc.jpg\",\"contentUrl\":\"https:\/\/eemc.com.vn\/wp-content\/uploads\/2025\/01\/thumb_doc.jpg\",\"width\":800,\"height\":600},{\"@type\":\"BreadcrumbList\",\"@id\":\"https:\/\/eemc.com.vn\/en\/brand-authentication#breadcrumb\",\"itemListElement\":[{\"@type\":\"ListItem\",\"position\":1,\"name\":\"HomeTrang ch\u1ee7\",\"item\":\"https:\/\/eemc.com.vn\/en\"},{\"@type\":\"ListItem\",\"position\":2,\"name\":\"Brand Authentication\"}]},{\"@type\":\"WebSite\",\"@id\":\"https:\/\/eemc.com.vn\/en#website\",\"url\":\"https:\/\/eemc.com.vn\/en\",\"name\":\"T\u1ed5ng c\u00f4ng ty Thi\u1ebft B\u1ecb \u0110i\u1ec7n \u0110\u00f4ng Anh\",\"description\":\"m\u00e1y bi\u1ebfn \u00e1p \u0110\u00f4ng Anh\",\"publisher\":{\"@id\":\"https:\/\/eemc.com.vn\/en#organization\"},\"potentialAction\":[{\"@type\":\"SearchAction\",\"target\":{\"@type\":\"EntryPoint\",\"urlTemplate\":\"https:\/\/eemc.com.vn\/en?s={search_term_string}\"},\"query-input\":{\"@type\":\"PropertyValueSpecification\",\"valueRequired\":true,\"valueName\":\"search_term_string\"}}],\"inLanguage\":\"en-US\"},{\"@type\":\"Organization\",\"@id\":\"https:\/\/eemc.com.vn\/en#organization\",\"name\":\"T\u1ed5ng c\u00f4ng ty thi\u1ebft b\u1ecb \u0111i\u1ec7n \u0110\u00f4ng Anh\",\"alternateName\":\"EEMC\",\"url\":\"https:\/\/eemc.com.vn\/en\",\"logo\":{\"@type\":\"ImageObject\",\"inLanguage\":\"en-US\",\"@id\":\"https:\/\/eemc.com.vn\/en#\/schema\/logo\/image\/\",\"url\":\"https:\/\/eemc.com.vn\/wp-content\/uploads\/2025\/03\/logo-EEMC-2025-ng-TV-scaled.jpg\",\"contentUrl\":\"https:\/\/eemc.com.vn\/wp-content\/uploads\/2025\/03\/logo-EEMC-2025-ng-TV-scaled.jpg\",\"width\":2560,\"height\":1037,\"caption\":\"T\u1ed5ng c\u00f4ng ty thi\u1ebft b\u1ecb \u0111i\u1ec7n \u0110\u00f4ng Anh\"},\"image\":{\"@id\":\"https:\/\/eemc.com.vn\/en#\/schema\/logo\/image\/\"}}]}<\/script>\n<!-- \/ Yoast SEO plugin. -->","yoast_head_json":{"title":"Brand Authentication - T\u1ed5ng c\u00f4ng ty Thi\u1ebft B\u1ecb \u0110i\u1ec7n \u0110\u00f4ng Anh","description":"Brand Authentication EEMC","robots":{"index":"index","follow":"follow","max-snippet":"max-snippet:-1","max-image-preview":"max-image-preview:large","max-video-preview":"max-video-preview:-1"},"canonical":"https:\/\/eemc.com.vn\/en\/brand-authentication","og_locale":"en_US","og_type":"article","og_title":"Brand Authentication - T\u1ed5ng c\u00f4ng ty Thi\u1ebft B\u1ecb \u0110i\u1ec7n \u0110\u00f4ng Anh","og_description":"Brand Authentication EEMC","og_url":"https:\/\/eemc.com.vn\/en\/brand-authentication","og_site_name":"T\u1ed5ng c\u00f4ng ty Thi\u1ebft B\u1ecb \u0110i\u1ec7n \u0110\u00f4ng Anh","article_modified_time":"2025-01-15T08:15:12+00:00","og_image":[{"width":800,"height":600,"url":"https:\/\/eemc.com.vn\/wp-content\/uploads\/2025\/01\/thumb_doc.jpg","type":"image\/jpeg"}],"twitter_card":"summary_large_image","twitter_misc":{"Est. reading time":"1 minute"},"schema":{"@context":"https:\/\/schema.org","@graph":[{"@type":"WebPage","@id":"https:\/\/eemc.com.vn\/en\/brand-authentication","url":"https:\/\/eemc.com.vn\/en\/brand-authentication","name":"Brand Authentication - T\u1ed5ng c\u00f4ng ty Thi\u1ebft B\u1ecb \u0110i\u1ec7n \u0110\u00f4ng Anh","isPartOf":{"@id":"https:\/\/eemc.com.vn\/en#website"},"primaryImageOfPage":{"@id":"https:\/\/eemc.com.vn\/en\/brand-authentication#primaryimage"},"image":{"@id":"https:\/\/eemc.com.vn\/en\/brand-authentication#primaryimage"},"thumbnailUrl":"https:\/\/eemc.com.vn\/wp-content\/uploads\/2025\/01\/thumb_doc.jpg","datePublished":"2025-01-04T07:24:57+00:00","dateModified":"2025-01-15T08:15:12+00:00","description":"Brand Authentication EEMC","breadcrumb":{"@id":"https:\/\/eemc.com.vn\/en\/brand-authentication#breadcrumb"},"inLanguage":"en-US","potentialAction":[{"@type":"ReadAction","target":["https:\/\/eemc.com.vn\/en\/brand-authentication"]}]},{"@type":"ImageObject","inLanguage":"en-US","@id":"https:\/\/eemc.com.vn\/en\/brand-authentication#primaryimage","url":"https:\/\/eemc.com.vn\/wp-content\/uploads\/2025\/01\/thumb_doc.jpg","contentUrl":"https:\/\/eemc.com.vn\/wp-content\/uploads\/2025\/01\/thumb_doc.jpg","width":800,"height":600},{"@type":"BreadcrumbList","@id":"https:\/\/eemc.com.vn\/en\/brand-authentication#breadcrumb","itemListElement":[{"@type":"ListItem","position":1,"name":"HomeTrang ch\u1ee7","item":"https:\/\/eemc.com.vn\/en"},{"@type":"ListItem","position":2,"name":"Brand Authentication"}]},{"@type":"WebSite","@id":"https:\/\/eemc.com.vn\/en#website","url":"https:\/\/eemc.com.vn\/en","name":"T\u1ed5ng c\u00f4ng ty Thi\u1ebft B\u1ecb \u0110i\u1ec7n \u0110\u00f4ng Anh","description":"m\u00e1y bi\u1ebfn \u00e1p \u0110\u00f4ng Anh","publisher":{"@id":"https:\/\/eemc.com.vn\/en#organization"},"potentialAction":[{"@type":"SearchAction","target":{"@type":"EntryPoint","urlTemplate":"https:\/\/eemc.com.vn\/en?s={search_term_string}"},"query-input":{"@type":"PropertyValueSpecification","valueRequired":true,"valueName":"search_term_string"}}],"inLanguage":"en-US"},{"@type":"Organization","@id":"https:\/\/eemc.com.vn\/en#organization","name":"T\u1ed5ng c\u00f4ng ty thi\u1ebft b\u1ecb \u0111i\u1ec7n \u0110\u00f4ng Anh","alternateName":"EEMC","url":"https:\/\/eemc.com.vn\/en","logo":{"@type":"ImageObject","inLanguage":"en-US","@id":"https:\/\/eemc.com.vn\/en#\/schema\/logo\/image\/","url":"https:\/\/eemc.com.vn\/wp-content\/uploads\/2025\/03\/logo-EEMC-2025-ng-TV-scaled.jpg","contentUrl":"https:\/\/eemc.com.vn\/wp-content\/uploads\/2025\/03\/logo-EEMC-2025-ng-TV-scaled.jpg","width":2560,"height":1037,"caption":"T\u1ed5ng c\u00f4ng ty thi\u1ebft b\u1ecb \u0111i\u1ec7n \u0110\u00f4ng Anh"},"image":{"@id":"https:\/\/eemc.com.vn\/en#\/schema\/logo\/image\/"}}]}},"_links":{"self":[{"href":"https:\/\/eemc.com.vn\/en\/wp-json\/wp\/v2\/pages\/13254","targetHints":{"allow":["GET"]}}],"collection":[{"href":"https:\/\/eemc.com.vn\/en\/wp-json\/wp\/v2\/pages"}],"about":[{"href":"https:\/\/eemc.com.vn\/en\/wp-json\/wp\/v2\/types\/page"}],"author":[{"embeddable":true,"href":"https:\/\/eemc.com.vn\/en\/wp-json\/wp\/v2\/users\/1"}],"replies":[{"embeddable":true,"href":"https:\/\/eemc.com.vn\/en\/wp-json\/wp\/v2\/comments?post=13254"}],"version-history":[{"count":2,"href":"https:\/\/eemc.com.vn\/en\/wp-json\/wp\/v2\/pages\/13254\/revisions"}],"predecessor-version":[{"id":13583,"href":"https:\/\/eemc.com.vn\/en\/wp-json\/wp\/v2\/pages\/13254\/revisions\/13583"}],"wp:featuredmedia":[{"embeddable":true,"href":"https:\/\/eemc.com.vn\/en\/wp-json\/wp\/v2\/media\/13239"}],"wp:attachment":[{"href":"https:\/\/eemc.com.vn\/en\/wp-json\/wp\/v2\/media?parent=13254"}],"curies":[{"name":"wp","href":"https:\/\/api.w.org\/{rel}","templated":true}]}}