{"id":13259,"date":"2025-01-02T00:57:05","date_gmt":"2025-01-01T17:57:05","guid":{"rendered":"https:\/\/eemc.com.vn\/tin-tuc"},"modified":"2025-03-24T08:59:56","modified_gmt":"2025-03-24T01:59:56","slug":"news","status":"publish","type":"page","link":"https:\/\/eemc.com.vn\/en\/news","title":{"rendered":"News"},"content":{"rendered":"\t<section class=\"section sec_tintuc\" id=\"section_927109760\">\n\t\t<div class=\"bg section-bg fill bg-fill  \" >\n\n\t\t\t\n\t\t\t\n\t\t\t\n\n\t\t<\/div>\n\n\t\t\n\n\t\t<div class=\"section-content relative\">\n\t\t\t\n<div class=\"row\"  id=\"row-1801594372\">\n\n\t<div id=\"col-207180821\" class=\"col small-12 large-12\"  >\n\t\t\t\t<div class=\"col-inner\"  >\n\t\t\t\n\t\t\t\n\t<div id=\"text-611826154\" class=\"text\">\n\t\t\n<h1>News<\/h1>\n<span><span><a href=\"https:\/\/eemc.com.vn\/en\"><span class=\"bren\">Home<\/span><span class=\"brvi\">Trang ch\u1ee7<\/span><\/a><\/span><\/span>\n\t\t\n<style>\n#text-611826154 {\n  text-align: center;\n}\n<\/style>\n\t<\/div>\n\t\n\t\t<\/div>\n\t\t\t\t\t<\/div>\n\n\t\n<\/div>\n\t\t<\/div>\n\n\t\t\n<style>\n#section_927109760 {\n  padding-top: 30px;\n  padding-bottom: 30px;\n}\n#section_927109760 .section-bg.bg-loaded {\n  background-image: url(https:\/\/eemc.com.vn\/wp-content\/uploads\/2025\/01\/tintuc.jpg);\n}\n<\/style>\n\t<\/section>\n\t\n\t<section class=\"section sec_news\" id=\"section_1429189602\">\n\t\t<div class=\"bg section-bg fill bg-fill  bg-loaded\" >\n\n\t\t\t\n\t\t\t\n\t\t\t\n\n\t\t<\/div>\n\n\t\t\n\n\t\t<div class=\"section-content relative\">\n\t\t\t\n<div class=\"row\"  id=\"row-1394091518\">\n\n\t<div id=\"col-723303800\" class=\"col small-12 large-12\"  >\n\t\t\t\t<div class=\"col-inner\"  >\n\t\t\t\n\t\t\t<div class=\"row newsstar\">\n\n    \n     <div class=\"col small-12 large-6\">\n         <div class=\"boxn\">\n             \n                 <div class=\"imgf\">\n                 <a  href=\"https:\/\/eemc.com.vn\/en\/thu-cam-on-nhan-dip-ky-niem-55-nam-ngay-truyen-thong-tong-cong-ty-thiet-bi-dien-dong-anh.html\">\n\n                                                                 <img loading=\"lazy\" decoding=\"async\" width=\"644\" height=\"436\" src=\"https:\/\/eemc.com.vn\/wp-content\/uploads\/2026\/03\/thum-55-nam-1.png\" class=\"attachment-original size-original\" alt=\"Letter of appreciation On the Occasion of the 55th Anniversary of the Traditional Day of Dong Anh Electrical Equipment Corporation (EEMC)\" >\n                      \n                       \n                                    <\/a>\n                <\/div>\n         \n                <div class=\"ct_tc-tintuc\">\n                     <div class=\"timepage\"><img decoding=\"async\" width=\"18\"  src=\"\/wp-content\/themes\/beit\/img\/calendar.png\" class=\"attachment-original size-original\" alt=\"Letter of appreciation On the Occasion of the 55th Anniversary of the Traditional Day of Dong Anh Electrical Equipment Corporation (EEMC)\" > 24.03.2026<\/div>\n                     <h3><a href=\"https:\/\/eemc.com.vn\/en\/thu-cam-on-nhan-dip-ky-niem-55-nam-ngay-truyen-thong-tong-cong-ty-thiet-bi-dien-dong-anh.html\">Letter of appreciation On the Occasion of the 55th Anniversary of the Traditional Day of Dong Anh Electrical Equipment Corporation (EEMC)<\/a><\/h3><div class=\"ctch\"><\/div>\n                    \n                 <\/div>\n            \n            \n         <\/div>\n<\/div>\n\n     <div class=\"col small-12 large-6\">\n         <div class=\"boxn\">\n             \n                 <div class=\"imgf\">\n                 <a  href=\"https:\/\/eemc.com.vn\/en\/dong-dien-thanh-cong-san-pham-khoa-hoc-cong-nghe-cap-quoc-gia-may-bien-ap-500-kv-900-mva-make-in-vietnam-dau-tien-tai-tram-500-kv-hoa-binh.html\">\n\n                                                                 <img loading=\"lazy\" decoding=\"async\" width=\"644\" height=\"436\" src=\"https:\/\/eemc.com.vn\/wp-content\/uploads\/2025\/12\/1-4.jpg\" class=\"attachment-original size-original\" alt=\"Successful energization of Vietnam\u2019s first \u201cMake in Vietnam\u201d 500 kV \u2013 3\u00d7300 MVA national-level scientific and technological transformer at the Hoa Binh 500 kV substation\" >\n                      \n                       \n                                    <\/a>\n                <\/div>\n         \n                <div class=\"ct_tc-tintuc\">\n                     <div class=\"timepage\"><img decoding=\"async\" width=\"18\"  src=\"\/wp-content\/themes\/beit\/img\/calendar.png\" class=\"attachment-original size-original\" alt=\"Successful energization of Vietnam\u2019s first \u201cMake in Vietnam\u201d 500 kV \u2013 3\u00d7300 MVA national-level scientific and technological transformer at the Hoa Binh 500 kV substation\" > 15.12.2025<\/div>\n                     <h3><a href=\"https:\/\/eemc.com.vn\/en\/dong-dien-thanh-cong-san-pham-khoa-hoc-cong-nghe-cap-quoc-gia-may-bien-ap-500-kv-900-mva-make-in-vietnam-dau-tien-tai-tram-500-kv-hoa-binh.html\">Successful energization of Vietnam\u2019s first \u201cMake in Vietnam\u201d 500 kV \u2013 3\u00d7300 MVA national-level scientific and technological transformer at the Hoa Binh 500 kV substation<\/a><\/h3><div class=\"ctch\"><p>At 22:45 on December 14, 2025, the National Power Transmission Corporation (EVNNPT) and Dong Anh Electrical Equipment Corporation (EEMC) successfully energized the 500 kV \u2013 3\u00d7300 MVA transformer unit at the Hoa Binh 500 kV [&#8230;]\n<\/div>\n                    \n                 <\/div>\n            \n            \n         <\/div>\n<\/div>\n<\/div>\n\n<div class=\"row\">\n    <div class=\"col small-12 large-12 fixpage\">\n        <div class=\"row cls_row_tin\">\n            <div class=\"col medium-6 small-12 large-3\">\n                <a  href=\"https:\/\/eemc.com.vn\/en\/dong-dien-may-bien-ap-70-mva-132-33-kv-dau-tien-tai-australia.html\">\n\n                                                     <img loading=\"lazy\" decoding=\"async\" width=\"644\" height=\"250\" src=\"https:\/\/eemc.com.vn\/wp-content\/uploads\/2025\/12\/1.jpg\" class=\"attachment-original size-original\" alt=\"ENERGIZATION OF THE FIRST 70 MVA \u2013 132\/33 kV TRANSFORMER IN AUSTRALIA\" >\n\n                                  \n                <\/a>\n            <\/div>\n             <div class=\"col medium-6 small-12 large-9\">\n                <div class=\"ct_tc-tintuc\">\n                  <div class=\"timepage\"><img decoding=\"async\" width=\"18\"  src=\"\/wp-content\/themes\/beit\/img\/calendar.png\" class=\"attachment-original size-original\" alt=\"ENERGIZATION OF THE FIRST 70 MVA \u2013 132\/33 kV TRANSFORMER IN AUSTRALIA\" > 09.12.2025<\/div>\n                     <h3><a href=\"https:\/\/eemc.com.vn\/en\/dong-dien-may-bien-ap-70-mva-132-33-kv-dau-tien-tai-australia.html\">ENERGIZATION OF THE FIRST 70 MVA \u2013 132\/33 kV TRANSFORMER IN AUSTRALIA<\/a><\/h3>\n                    \n                     <div class=\"ctch\"><p>On December 9, 2025, the 70 MVA \u2013 132\/33 kV power transformer and the medium-voltage transformers designed and manufactured by Dong Anh Electrical Equipment Corporation \u2013 JSC (EEMC) were successfully energized and put into operation [&#8230;]\n<\/div>\n                     \n                 <\/div>\n             <\/div>\n        <\/div>\n    <\/div>\n    <\/div>\n \n<div class=\"row\">\n    <div class=\"col small-12 large-12 fixpage\">\n        <div class=\"row cls_row_tin\">\n            <div class=\"col medium-6 small-12 large-3\">\n                <a  href=\"https:\/\/eemc.com.vn\/en\/eemc-dong-dien-nhieu-may-bien-ap-110-220-kv-dam-bao-tien-do-cac-du-an-cua-evnnpt-va-evnnpc.html\">\n\n                                                     <img loading=\"lazy\" decoding=\"async\" width=\"644\" height=\"250\" src=\"https:\/\/eemc.com.vn\/wp-content\/uploads\/2025\/11\/2.jpg\" class=\"attachment-original size-original\" alt=\"EEMC Energizes Multiple 110\u2013220 kV Power Transformers, Ensuring the Progress of EVNNPT and EVNNPC Projects\" >\n\n                                  \n                <\/a>\n            <\/div>\n             <div class=\"col medium-6 small-12 large-9\">\n                <div class=\"ct_tc-tintuc\">\n                  <div class=\"timepage\"><img decoding=\"async\" width=\"18\"  src=\"\/wp-content\/themes\/beit\/img\/calendar.png\" class=\"attachment-original size-original\" alt=\"EEMC Energizes Multiple 110\u2013220 kV Power Transformers, Ensuring the Progress of EVNNPT and EVNNPC Projects\" > 10.11.2025<\/div>\n                     <h3><a href=\"https:\/\/eemc.com.vn\/en\/eemc-dong-dien-nhieu-may-bien-ap-110-220-kv-dam-bao-tien-do-cac-du-an-cua-evnnpt-va-evnnpc.html\">EEMC Energizes Multiple 110\u2013220 kV Power Transformers, Ensuring the Progress of EVNNPT and EVNNPC Projects<\/a><\/h3>\n                    \n                     <div class=\"ctch\"><p>In October 2025 and early November 2025, Dong Anh Electrical Equipment Corporation \u2013 JSC (EEMC) successfully completed the manufacturing, supply, and commissioning of a series of 110\u2013220 kV power transformers for key projects of EVNNPT [&#8230;]\n<\/div>\n                     \n                 <\/div>\n             <\/div>\n        <\/div>\n    <\/div>\n    <\/div>\n \n<div class=\"row\">\n    <div class=\"col small-12 large-12 fixpage\">\n        <div class=\"row cls_row_tin\">\n            <div class=\"col medium-6 small-12 large-3\">\n                <a  href=\"https:\/\/eemc.com.vn\/en\/hoan-thanh-lap-dat-may-bien-ap-70-mva-132-33-kv-tai-clement-gap-south-australia.html\">\n\n                                                     <img loading=\"lazy\" decoding=\"async\" width=\"644\" height=\"250\" src=\"https:\/\/eemc.com.vn\/wp-content\/uploads\/2025\/10\/4.jpg\" class=\"attachment-original size-original\" alt=\"COMPLETION OF INSTALLATION OF 70 MVA \u2013 132\/33 KV TRANSFORMER AT CLEMENTS GAP, SOUTH AUSTRALIA\" >\n\n                                  \n                <\/a>\n            <\/div>\n             <div class=\"col medium-6 small-12 large-9\">\n                <div class=\"ct_tc-tintuc\">\n                  <div class=\"timepage\"><img decoding=\"async\" width=\"18\"  src=\"\/wp-content\/themes\/beit\/img\/calendar.png\" class=\"attachment-original size-original\" alt=\"COMPLETION OF INSTALLATION OF 70 MVA \u2013 132\/33 KV TRANSFORMER AT CLEMENTS GAP, SOUTH AUSTRALIA\" > 03.10.2025<\/div>\n                     <h3><a href=\"https:\/\/eemc.com.vn\/en\/hoan-thanh-lap-dat-may-bien-ap-70-mva-132-33-kv-tai-clement-gap-south-australia.html\">COMPLETION OF INSTALLATION OF 70 MVA \u2013 132\/33 KV TRANSFORMER AT CLEMENTS GAP, SOUTH AUSTRALIA<\/a><\/h3>\n                    \n                     <div class=\"ctch\"><p>Since its departure from Hai Phong Port to Australia on August 19, 2025, the 70 MVA \u2013 132\/33 kV transformer supplied by EEMC has been transported to the project site at Clements Gap, South Australia. [&#8230;]\n<\/div>\n                     \n                 <\/div>\n             <\/div>\n        <\/div>\n    <\/div>\n    <\/div>\n \n<div class=\"row\">\n    <div class=\"col small-12 large-12 fixpage\">\n        <div class=\"row cls_row_tin\">\n            <div class=\"col medium-6 small-12 large-3\">\n                <a  href=\"https:\/\/eemc.com.vn\/en\/may-bien-ap-70-mva-132-33-kv-dau-tien-len-tau-xuat-khau-sang-australia.html\">\n\n                                                     <img loading=\"lazy\" decoding=\"async\" width=\"644\" height=\"250\" src=\"https:\/\/eemc.com.vn\/wp-content\/uploads\/2025\/08\/1-2.jpg\" class=\"attachment-original size-original\" alt=\"Transformer 70 mva \u2013 132\/33 kv successfully shipped exported to Australia\" >\n\n                                  \n                <\/a>\n            <\/div>\n             <div class=\"col medium-6 small-12 large-9\">\n                <div class=\"ct_tc-tintuc\">\n                  <div class=\"timepage\"><img decoding=\"async\" width=\"18\"  src=\"\/wp-content\/themes\/beit\/img\/calendar.png\" class=\"attachment-original size-original\" alt=\"Transformer 70 mva \u2013 132\/33 kv successfully shipped exported to Australia\" > 19.08.2025<\/div>\n                     <h3><a href=\"https:\/\/eemc.com.vn\/en\/may-bien-ap-70-mva-132-33-kv-dau-tien-len-tau-xuat-khau-sang-australia.html\">Transformer 70 mva \u2013 132\/33 kv successfully shipped exported to Australia<\/a><\/h3>\n                    \n                     <div class=\"ctch\"><p>At 11:30 AM on August 19, 2025, the vessel Dalian Highway officially departed from Hai Phong Port, carrying the first 70 MVA \u2013 132\/33 kV power transformer manufactured by EEMC for export to Australia. Transportation [&#8230;]\n<\/div>\n                     \n                 <\/div>\n             <\/div>\n        <\/div>\n    <\/div>\n    <\/div>\n \n<div class=\"row\">\n    <div class=\"col small-12 large-12 fixpage\">\n        <div class=\"row cls_row_tin\">\n            <div class=\"col medium-6 small-12 large-3\">\n                <a  href=\"https:\/\/eemc.com.vn\/en\/eemc-proudly-delivering-australian-standard-power-transformers.html\">\n\n                                                     <img loading=\"lazy\" decoding=\"async\" width=\"644\" height=\"250\" src=\"https:\/\/eemc.com.vn\/wp-content\/uploads\/2025\/07\/1-2.jpg\" class=\"attachment-original size-original\" alt=\"EEMC \u2013 PROUDLY DELIVERING AUSTRALIAN-STANDARD POWER TRANSFORMERS\" >\n\n                                  \n                <\/a>\n            <\/div>\n             <div class=\"col medium-6 small-12 large-9\">\n                <div class=\"ct_tc-tintuc\">\n                  <div class=\"timepage\"><img decoding=\"async\" width=\"18\"  src=\"\/wp-content\/themes\/beit\/img\/calendar.png\" class=\"attachment-original size-original\" alt=\"EEMC \u2013 PROUDLY DELIVERING AUSTRALIAN-STANDARD POWER TRANSFORMERS\" > 08.07.2025<\/div>\n                     <h3><a href=\"https:\/\/eemc.com.vn\/en\/eemc-proudly-delivering-australian-standard-power-transformers.html\">EEMC \u2013 PROUDLY DELIVERING AUSTRALIAN-STANDARD POWER TRANSFORMERS<\/a><\/h3>\n                    \n                     <div class=\"ctch\"><p>In June 2025, EEMC (Dong Anh Electrical Equipment Corporation) successfully completed the Factory Acceptance Test (FAT) for a 70MVA \u2013 132\/33kV power transformer bound for Australia. This transformer, designed and manufactured by EEMC, will be [&#8230;]\n<\/div>\n                     \n                 <\/div>\n             <\/div>\n        <\/div>\n    <\/div>\n    <\/div>\n     <div class=\"col small-12 large-12\">\n        <div class=\"pagination\">\n             <span aria-label=\"Page 1\" aria-current=\"page\" class=\"page-numbers current\">1<\/span>\n<a aria-label=\"Page 2\" class=\"page-numbers\" href=\"https:\/\/eemc.com.vn\/en\/wp-json\/wp\/v2\/pages\/13259\/page\/2\">2<\/a>\n<a aria-label=\"Page 3\" class=\"page-numbers\" href=\"https:\/\/eemc.com.vn\/en\/wp-json\/wp\/v2\/pages\/13259\/page\/3\">3<\/a>\n<a class=\"next page-numbers\" href=\"https:\/\/eemc.com.vn\/en\/wp-json\/wp\/v2\/pages\/13259\/page\/2\"><i class=\"icon-angle-right\"><\/i><\/a>        <\/div>\n    <\/div>\n\n\n             \n\n\n\t\t<\/div>\n\t\t\t\t\t<\/div>\n\n\t\n<\/div>\n\t\t<\/div>\n\n\t\t\n<style>\n#section_1429189602 {\n  padding-top: 30px;\n  padding-bottom: 30px;\n}\n<\/style>\n\t<\/section>\n\t\n","protected":false},"excerpt":{"rendered":"","protected":false},"author":1,"featured_media":10430,"parent":0,"menu_order":0,"comment_status":"closed","ping_status":"closed","template":"page-blank.php","meta":{"footnotes":""},"class_list":["post-13259","page","type-page","status-publish","has-post-thumbnail","hentry"],"yoast_head":"<!-- This site is optimized with the Yoast SEO plugin v26.8 - https:\/\/yoast.com\/product\/yoast-seo-wordpress\/ -->\n<title>News - T\u1ed5ng c\u00f4ng ty Thi\u1ebft B\u1ecb \u0110i\u1ec7n \u0110\u00f4ng Anh<\/title>\n<meta name=\"robots\" content=\"index, follow, max-snippet:-1, max-image-preview:large, max-video-preview:-1\" \/>\n<link rel=\"canonical\" href=\"https:\/\/eemc.com.vn\/en\/news\" \/>\n<meta property=\"og:locale\" content=\"en_US\" \/>\n<meta property=\"og:type\" content=\"article\" \/>\n<meta property=\"og:title\" content=\"News - T\u1ed5ng c\u00f4ng ty Thi\u1ebft B\u1ecb \u0110i\u1ec7n \u0110\u00f4ng Anh\" \/>\n<meta property=\"og:url\" content=\"https:\/\/eemc.com.vn\/en\/news\" \/>\n<meta property=\"og:site_name\" content=\"T\u1ed5ng c\u00f4ng ty Thi\u1ebft B\u1ecb \u0110i\u1ec7n \u0110\u00f4ng Anh\" \/>\n<meta property=\"article:modified_time\" content=\"2025-03-24T01:59:56+00:00\" \/>\n<meta property=\"og:image\" content=\"https:\/\/eemc.com.vn\/wp-content\/uploads\/2025\/01\/thumb_doc.jpg\" \/>\n\t<meta property=\"og:image:width\" content=\"800\" \/>\n\t<meta property=\"og:image:height\" content=\"600\" \/>\n\t<meta property=\"og:image:type\" content=\"image\/jpeg\" \/>\n<meta name=\"twitter:card\" content=\"summary_large_image\" \/>\n<meta name=\"twitter:label1\" content=\"Est. reading time\" \/>\n\t<meta name=\"twitter:data1\" content=\"1 minute\" \/>\n<script type=\"application\/ld+json\" class=\"yoast-schema-graph\">{\"@context\":\"https:\/\/schema.org\",\"@graph\":[{\"@type\":\"WebPage\",\"@id\":\"https:\/\/eemc.com.vn\/en\/news\",\"url\":\"https:\/\/eemc.com.vn\/en\/news\",\"name\":\"News - T\u1ed5ng c\u00f4ng ty Thi\u1ebft B\u1ecb \u0110i\u1ec7n \u0110\u00f4ng Anh\",\"isPartOf\":{\"@id\":\"https:\/\/eemc.com.vn\/en#website\"},\"primaryImageOfPage\":{\"@id\":\"https:\/\/eemc.com.vn\/en\/news#primaryimage\"},\"image\":{\"@id\":\"https:\/\/eemc.com.vn\/en\/news#primaryimage\"},\"thumbnailUrl\":\"https:\/\/eemc.com.vn\/wp-content\/uploads\/2025\/01\/thumb_doc.jpg\",\"datePublished\":\"2025-01-01T17:57:05+00:00\",\"dateModified\":\"2025-03-24T01:59:56+00:00\",\"breadcrumb\":{\"@id\":\"https:\/\/eemc.com.vn\/en\/news#breadcrumb\"},\"inLanguage\":\"en-US\",\"potentialAction\":[{\"@type\":\"ReadAction\",\"target\":[\"https:\/\/eemc.com.vn\/en\/news\"]}]},{\"@type\":\"ImageObject\",\"inLanguage\":\"en-US\",\"@id\":\"https:\/\/eemc.com.vn\/en\/news#primaryimage\",\"url\":\"https:\/\/eemc.com.vn\/wp-content\/uploads\/2025\/01\/thumb_doc.jpg\",\"contentUrl\":\"https:\/\/eemc.com.vn\/wp-content\/uploads\/2025\/01\/thumb_doc.jpg\",\"width\":800,\"height\":600},{\"@type\":\"BreadcrumbList\",\"@id\":\"https:\/\/eemc.com.vn\/en\/news#breadcrumb\",\"itemListElement\":[{\"@type\":\"ListItem\",\"position\":1,\"name\":\"HomeTrang ch\u1ee7\",\"item\":\"https:\/\/eemc.com.vn\/en\"},{\"@type\":\"ListItem\",\"position\":2,\"name\":\"News\"}]},{\"@type\":\"WebSite\",\"@id\":\"https:\/\/eemc.com.vn\/en#website\",\"url\":\"https:\/\/eemc.com.vn\/en\",\"name\":\"T\u1ed5ng c\u00f4ng ty Thi\u1ebft B\u1ecb \u0110i\u1ec7n \u0110\u00f4ng Anh\",\"description\":\"m\u00e1y bi\u1ebfn \u00e1p \u0110\u00f4ng Anh\",\"publisher\":{\"@id\":\"https:\/\/eemc.com.vn\/en#organization\"},\"potentialAction\":[{\"@type\":\"SearchAction\",\"target\":{\"@type\":\"EntryPoint\",\"urlTemplate\":\"https:\/\/eemc.com.vn\/en?s={search_term_string}\"},\"query-input\":{\"@type\":\"PropertyValueSpecification\",\"valueRequired\":true,\"valueName\":\"search_term_string\"}}],\"inLanguage\":\"en-US\"},{\"@type\":\"Organization\",\"@id\":\"https:\/\/eemc.com.vn\/en#organization\",\"name\":\"T\u1ed5ng c\u00f4ng ty thi\u1ebft b\u1ecb \u0111i\u1ec7n \u0110\u00f4ng Anh\",\"alternateName\":\"EEMC\",\"url\":\"https:\/\/eemc.com.vn\/en\",\"logo\":{\"@type\":\"ImageObject\",\"inLanguage\":\"en-US\",\"@id\":\"https:\/\/eemc.com.vn\/en#\/schema\/logo\/image\/\",\"url\":\"https:\/\/eemc.com.vn\/wp-content\/uploads\/2025\/03\/logo-EEMC-2025-ng-TV-scaled.jpg\",\"contentUrl\":\"https:\/\/eemc.com.vn\/wp-content\/uploads\/2025\/03\/logo-EEMC-2025-ng-TV-scaled.jpg\",\"width\":2560,\"height\":1037,\"caption\":\"T\u1ed5ng c\u00f4ng ty thi\u1ebft b\u1ecb \u0111i\u1ec7n \u0110\u00f4ng Anh\"},\"image\":{\"@id\":\"https:\/\/eemc.com.vn\/en#\/schema\/logo\/image\/\"}}]}<\/script>\n<!-- \/ Yoast SEO plugin. -->","yoast_head_json":{"title":"News - T\u1ed5ng c\u00f4ng ty Thi\u1ebft B\u1ecb \u0110i\u1ec7n \u0110\u00f4ng Anh","robots":{"index":"index","follow":"follow","max-snippet":"max-snippet:-1","max-image-preview":"max-image-preview:large","max-video-preview":"max-video-preview:-1"},"canonical":"https:\/\/eemc.com.vn\/en\/news","og_locale":"en_US","og_type":"article","og_title":"News - T\u1ed5ng c\u00f4ng ty Thi\u1ebft B\u1ecb \u0110i\u1ec7n \u0110\u00f4ng Anh","og_url":"https:\/\/eemc.com.vn\/en\/news","og_site_name":"T\u1ed5ng c\u00f4ng ty Thi\u1ebft B\u1ecb \u0110i\u1ec7n \u0110\u00f4ng Anh","article_modified_time":"2025-03-24T01:59:56+00:00","og_image":[{"width":800,"height":600,"url":"https:\/\/eemc.com.vn\/wp-content\/uploads\/2025\/01\/thumb_doc.jpg","type":"image\/jpeg"}],"twitter_card":"summary_large_image","twitter_misc":{"Est. reading time":"1 minute"},"schema":{"@context":"https:\/\/schema.org","@graph":[{"@type":"WebPage","@id":"https:\/\/eemc.com.vn\/en\/news","url":"https:\/\/eemc.com.vn\/en\/news","name":"News - T\u1ed5ng c\u00f4ng ty Thi\u1ebft B\u1ecb \u0110i\u1ec7n \u0110\u00f4ng Anh","isPartOf":{"@id":"https:\/\/eemc.com.vn\/en#website"},"primaryImageOfPage":{"@id":"https:\/\/eemc.com.vn\/en\/news#primaryimage"},"image":{"@id":"https:\/\/eemc.com.vn\/en\/news#primaryimage"},"thumbnailUrl":"https:\/\/eemc.com.vn\/wp-content\/uploads\/2025\/01\/thumb_doc.jpg","datePublished":"2025-01-01T17:57:05+00:00","dateModified":"2025-03-24T01:59:56+00:00","breadcrumb":{"@id":"https:\/\/eemc.com.vn\/en\/news#breadcrumb"},"inLanguage":"en-US","potentialAction":[{"@type":"ReadAction","target":["https:\/\/eemc.com.vn\/en\/news"]}]},{"@type":"ImageObject","inLanguage":"en-US","@id":"https:\/\/eemc.com.vn\/en\/news#primaryimage","url":"https:\/\/eemc.com.vn\/wp-content\/uploads\/2025\/01\/thumb_doc.jpg","contentUrl":"https:\/\/eemc.com.vn\/wp-content\/uploads\/2025\/01\/thumb_doc.jpg","width":800,"height":600},{"@type":"BreadcrumbList","@id":"https:\/\/eemc.com.vn\/en\/news#breadcrumb","itemListElement":[{"@type":"ListItem","position":1,"name":"HomeTrang ch\u1ee7","item":"https:\/\/eemc.com.vn\/en"},{"@type":"ListItem","position":2,"name":"News"}]},{"@type":"WebSite","@id":"https:\/\/eemc.com.vn\/en#website","url":"https:\/\/eemc.com.vn\/en","name":"T\u1ed5ng c\u00f4ng ty Thi\u1ebft B\u1ecb \u0110i\u1ec7n \u0110\u00f4ng Anh","description":"m\u00e1y bi\u1ebfn \u00e1p \u0110\u00f4ng Anh","publisher":{"@id":"https:\/\/eemc.com.vn\/en#organization"},"potentialAction":[{"@type":"SearchAction","target":{"@type":"EntryPoint","urlTemplate":"https:\/\/eemc.com.vn\/en?s={search_term_string}"},"query-input":{"@type":"PropertyValueSpecification","valueRequired":true,"valueName":"search_term_string"}}],"inLanguage":"en-US"},{"@type":"Organization","@id":"https:\/\/eemc.com.vn\/en#organization","name":"T\u1ed5ng c\u00f4ng ty thi\u1ebft b\u1ecb \u0111i\u1ec7n \u0110\u00f4ng Anh","alternateName":"EEMC","url":"https:\/\/eemc.com.vn\/en","logo":{"@type":"ImageObject","inLanguage":"en-US","@id":"https:\/\/eemc.com.vn\/en#\/schema\/logo\/image\/","url":"https:\/\/eemc.com.vn\/wp-content\/uploads\/2025\/03\/logo-EEMC-2025-ng-TV-scaled.jpg","contentUrl":"https:\/\/eemc.com.vn\/wp-content\/uploads\/2025\/03\/logo-EEMC-2025-ng-TV-scaled.jpg","width":2560,"height":1037,"caption":"T\u1ed5ng c\u00f4ng ty thi\u1ebft b\u1ecb \u0111i\u1ec7n \u0110\u00f4ng Anh"},"image":{"@id":"https:\/\/eemc.com.vn\/en#\/schema\/logo\/image\/"}}]}},"_links":{"self":[{"href":"https:\/\/eemc.com.vn\/en\/wp-json\/wp\/v2\/pages\/13259","targetHints":{"allow":["GET"]}}],"collection":[{"href":"https:\/\/eemc.com.vn\/en\/wp-json\/wp\/v2\/pages"}],"about":[{"href":"https:\/\/eemc.com.vn\/en\/wp-json\/wp\/v2\/types\/page"}],"author":[{"embeddable":true,"href":"https:\/\/eemc.com.vn\/en\/wp-json\/wp\/v2\/users\/1"}],"replies":[{"embeddable":true,"href":"https:\/\/eemc.com.vn\/en\/wp-json\/wp\/v2\/comments?post=13259"}],"version-history":[{"count":2,"href":"https:\/\/eemc.com.vn\/en\/wp-json\/wp\/v2\/pages\/13259\/revisions"}],"predecessor-version":[{"id":16104,"href":"https:\/\/eemc.com.vn\/en\/wp-json\/wp\/v2\/pages\/13259\/revisions\/16104"}],"wp:featuredmedia":[{"embeddable":true,"href":"https:\/\/eemc.com.vn\/en\/wp-json\/wp\/v2\/media\/10430"}],"wp:attachment":[{"href":"https:\/\/eemc.com.vn\/en\/wp-json\/wp\/v2\/media?parent=13259"}],"curies":[{"name":"wp","href":"https:\/\/api.w.org\/{rel}","templated":true}]}}