{"id":13264,"date":"2024-12-31T16:51:04","date_gmt":"2024-12-31T09:51:04","guid":{"rendered":"https:\/\/eemc.com.vn\/dich-vu"},"modified":"2025-03-25T15:54:02","modified_gmt":"2025-03-25T08:54:02","slug":"services","status":"publish","type":"page","link":"https:\/\/eemc.com.vn\/en\/services","title":{"rendered":"Services"},"content":{"rendered":"\n  <div class=\"banner has-hover bn_subtop is-full-height\" id=\"banner-1205208219\">\n          <div class=\"banner-inner fill\">\n        <div class=\"banner-bg fill\" >\n            <div class=\"bg fill bg-fill \"><\/div>\n                                    \n                    <\/div>\n\t\t\n        <div class=\"banner-layers container\">\n            <div class=\"fill banner-link\"><\/div>            \n   <div id=\"text-box-465905959\" class=\"text-box banner-layer h1_bn x50 md-x50 lg-x50 y50 md-y50 lg-y50 res-text\">\n                                <div class=\"text-box-content text dark\">\n              \n              <div class=\"text-inner text-center\">\n                  \n<h1>Services<\/h1>\n              <\/div>\n           <\/div>\n                            \n<style>\n#text-box-465905959 {\n  width: 100%;\n}\n#text-box-465905959 .text-box-content {\n  font-size: 100%;\n}\n<\/style>\n    <\/div>\n \n        <\/div>\n      <\/div>\n\n            \n<style>\n#banner-1205208219 {\n  padding-top: 100%;\n}\n#banner-1205208219 .bg.bg-loaded {\n  background-image: url(https:\/\/eemc.com.vn\/wp-content\/uploads\/2025\/03\/dv-van-chuyen-1-1.jpg);\n}\n<\/style>\n  <\/div>\n\n\n\t<section class=\"section sec_dv_list fix1\" id=\"section_1549155539\">\n\t\t<div class=\"bg section-bg fill bg-fill  bg-loaded\" >\n\n\t\t\t\n\t\t\t\n\t\t\t\n\n\t\t<\/div>\n\n\t\t\n\n\t\t<div class=\"section-content relative\">\n\t\t\t\n<div class=\"row\"  id=\"row-1439066831\">\n\n\t<div id=\"col-1418940204\" class=\"col show-for-small medium-6 small-12 large-6\"  >\n\t\t\t\t<div class=\"col-inner\"  >\n\t\t\t\n\t\t\t\n\t<div class=\"img has-hover x md-x lg-x y md-y lg-y\" id=\"image_1251302071\">\n\t\t\t\t\t\t\t\t<div class=\"img-inner dark\" >\n\t\t\t<img decoding=\"async\" width=\"620\" height=\"300\" src=\"https:\/\/eemc.com.vn\/wp-content\/uploads\/2024\/12\/dvs_1.jpg\" class=\"attachment-original size-original\" alt=\"\" srcset=\"https:\/\/eemc.com.vn\/wp-content\/uploads\/2024\/12\/dvs_1.jpg 620w, https:\/\/eemc.com.vn\/wp-content\/uploads\/2024\/12\/dvs_1-600x290.jpg 600w\" sizes=\"(max-width: 620px) 100vw, 620px\" \/>\t\t\t\t\t\t\n\t\t\t\t\t<\/div>\n\t\t\t\t\t\t\t\t\n<style>\n#image_1251302071 {\n  width: 100%;\n}\n<\/style>\n\t<\/div>\n\t\n\t\t<\/div>\n\t\t\t\t\t<\/div>\n\n\t\n\n\t<div id=\"col-1781910428\" class=\"col cl_txt_dv medium-6 small-12 large-6\"  >\n\t\t\t\t<div class=\"col-inner\"  >\n\t\t\t\n\t\t\t\n<div class=\"container section-title-container title_sec fix24\" ><h3 class=\"section-title section-title-center\"><b><\/b><span class=\"section-title-main\" >ELECTRICAL EQUIPMENT CONSULTING<\/span><b><\/b><\/h3><\/div>\n<p>Expert advisory services to help you select the ideal electrical equipment and technical solutions tailored to your operational needs\u2014ensuring your project achieves peak efficiency and success.<\/p>\n<a href=\"\/en\/electrical-equipment-consulting\" class=\"button primary lowercase btn_xtdv\"  >\n    <span>Read more<\/span>\n  <\/a>\n\n\t\t<\/div>\n\t\t\t\t\t<\/div>\n\n\t\n\n\t<div id=\"col-131337227\" class=\"col hide-for-small medium-6 small-12 large-6\"  >\n\t\t\t\t<div class=\"col-inner\"  >\n\t\t\t\n\t\t\t\n\t<div class=\"img has-hover x md-x lg-x y md-y lg-y\" id=\"image_1334089881\">\n\t\t<a class=\"\" href=\"\/dich-vu-tu-van-ve-thiet-bi-dien\" >\t\t\t\t\t\t<div class=\"img-inner dark\" >\n\t\t\t<img decoding=\"async\" width=\"1080\" height=\"651\" src=\"https:\/\/eemc.com.vn\/wp-content\/uploads\/2025\/02\/Dien-Gio-Bac-Lieu-30.jpg\" class=\"attachment-original size-original\" alt=\"\" srcset=\"https:\/\/eemc.com.vn\/wp-content\/uploads\/2025\/02\/Dien-Gio-Bac-Lieu-30.jpg 1080w, https:\/\/eemc.com.vn\/wp-content\/uploads\/2025\/02\/Dien-Gio-Bac-Lieu-30-664x400.jpg 664w, https:\/\/eemc.com.vn\/wp-content\/uploads\/2025\/02\/Dien-Gio-Bac-Lieu-30-768x463.jpg 768w, https:\/\/eemc.com.vn\/wp-content\/uploads\/2025\/02\/Dien-Gio-Bac-Lieu-30-600x362.jpg 600w\" sizes=\"(max-width: 1080px) 100vw, 1080px\" \/>\t\t\t\t\t\t\n\t\t\t\t\t<\/div>\n\t\t\t\t\t\t<\/a>\t\t\n<style>\n#image_1334089881 {\n  width: 100%;\n}\n<\/style>\n\t<\/div>\n\t\n\t\t<\/div>\n\t\t\t\t\t<\/div>\n\n\t\n<\/div>\n\t\t<\/div>\n\n\t\t\n<style>\n#section_1549155539 {\n  padding-top: 30px;\n  padding-bottom: 30px;\n}\n<\/style>\n\t<\/section>\n\t\n\t<section class=\"section sec_dv_list\" id=\"section_2086281367\">\n\t\t<div class=\"bg section-bg fill bg-fill  bg-loaded\" >\n\n\t\t\t\n\t\t\t\n\t\t\t\n\n\t\t<\/div>\n\n\t\t\n\n\t\t<div class=\"section-content relative\">\n\t\t\t\n<div class=\"row\"  id=\"row-73533789\">\n\n\t<div id=\"col-1756973626\" class=\"col medium-6 small-12 large-6\"  >\n\t\t\t\t<div class=\"col-inner\"  >\n\t\t\t\n\t\t\t\n\t<div class=\"img has-hover x md-x lg-x y md-y lg-y\" id=\"image_796642734\">\n\t\t<a class=\"\" href=\"\/dich-vu-van-chuyen\" >\t\t\t\t\t\t<div class=\"img-inner dark\" >\n\t\t\t<img decoding=\"async\" width=\"1276\" height=\"956\" src=\"https:\/\/eemc.com.vn\/wp-content\/uploads\/2025\/03\/van-chuyen-MBA-PP.jpg\" class=\"attachment-original size-original\" alt=\"\" srcset=\"https:\/\/eemc.com.vn\/wp-content\/uploads\/2025\/03\/van-chuyen-MBA-PP.jpg 1276w, https:\/\/eemc.com.vn\/wp-content\/uploads\/2025\/03\/van-chuyen-MBA-PP-534x400.jpg 534w, https:\/\/eemc.com.vn\/wp-content\/uploads\/2025\/03\/van-chuyen-MBA-PP-1068x800.jpg 1068w, https:\/\/eemc.com.vn\/wp-content\/uploads\/2025\/03\/van-chuyen-MBA-PP-768x575.jpg 768w, https:\/\/eemc.com.vn\/wp-content\/uploads\/2025\/03\/van-chuyen-MBA-PP-600x450.jpg 600w\" sizes=\"(max-width: 1276px) 100vw, 1276px\" \/>\t\t\t\t\t\t\n\t\t\t\t\t<\/div>\n\t\t\t\t\t\t<\/a>\t\t\n<style>\n#image_796642734 {\n  width: 100%;\n}\n<\/style>\n\t<\/div>\n\t\n\t\t<\/div>\n\t\t\t\t\t<\/div>\n\n\t\n\n\t<div id=\"col-2081556482\" class=\"col cl_txt_dv medium-6 small-12 large-6\"  >\n\t\t\t\t<div class=\"col-inner\"  >\n\t\t\t\n\t\t\t\n<div class=\"container section-title-container title_sec fix24\" ><h3 class=\"section-title section-title-center\"><b><\/b><span class=\"section-title-main\" >TRANSPORTATION SERVICES<\/span><b><\/b><\/h3><\/div>\n<p>Experience professional, multi-modal transportation services that guarantee safe, on-time delivery to every project.<\/p>\n<a href=\"\/en\/transportation-service\" class=\"button primary lowercase btn_xtdv\"  >\n    <span>Read more<\/span>\n  <\/a>\n\n\t\t<\/div>\n\t\t\t\t\t<\/div>\n\n\t\n<\/div>\n\t\t<\/div>\n\n\t\t\n<style>\n#section_2086281367 {\n  padding-top: 30px;\n  padding-bottom: 30px;\n}\n<\/style>\n\t<\/section>\n\t\n\t<section class=\"section sec_dv_list\" id=\"section_1469324916\">\n\t\t<div class=\"bg section-bg fill bg-fill  bg-loaded\" >\n\n\t\t\t\n\t\t\t\n\t\t\t\n\n\t\t<\/div>\n\n\t\t\n\n\t\t<div class=\"section-content relative\">\n\t\t\t\n<div class=\"row\"  id=\"row-1619094686\">\n\n\t<div id=\"col-2108293532\" class=\"col show-for-small medium-6 small-12 large-6\"  >\n\t\t\t\t<div class=\"col-inner\"  >\n\t\t\t\n\t\t\t\n\t<div class=\"img has-hover x md-x lg-x y md-y lg-y\" id=\"image_1228587123\">\n\t\t\t\t\t\t\t\t<div class=\"img-inner dark\" >\n\t\t\t<img decoding=\"async\" width=\"620\" height=\"300\" src=\"https:\/\/eemc.com.vn\/wp-content\/uploads\/2024\/12\/dvs_3.jpg\" class=\"attachment-original size-original\" alt=\"\" srcset=\"https:\/\/eemc.com.vn\/wp-content\/uploads\/2024\/12\/dvs_3.jpg 620w, https:\/\/eemc.com.vn\/wp-content\/uploads\/2024\/12\/dvs_3-600x290.jpg 600w\" sizes=\"(max-width: 620px) 100vw, 620px\" \/>\t\t\t\t\t\t\n\t\t\t\t\t<\/div>\n\t\t\t\t\t\t\t\t\n<style>\n#image_1228587123 {\n  width: 100%;\n}\n<\/style>\n\t<\/div>\n\t\n\t\t<\/div>\n\t\t\t\t\t<\/div>\n\n\t\n\n\t<div id=\"col-1630958826\" class=\"col cl_txt_dv medium-6 small-12 large-6\"  >\n\t\t\t\t<div class=\"col-inner\"  >\n\t\t\t\n\t\t\t\n<div class=\"container section-title-container title_sec fix24\" ><h3 class=\"section-title section-title-center\"><b><\/b><span class=\"section-title-main\" >ELECTRICAL EQUIPMENT INSTALLATION AND REPAIR SERVICES<\/span><b><\/b><\/h3><\/div>\n<p>Providing expert electrical engineering services that ensure your equipment is commissioned on schedule and operates with unwavering stability.<\/p>\n<a href=\"\/en\/electrical-equipment-installation-and-repair-services\" class=\"button primary lowercase btn_xtdv\"  >\n    <span>Read more<\/span>\n  <\/a>\n\n\t\t<\/div>\n\t\t\t\t\t<\/div>\n\n\t\n\n\t<div id=\"col-1875769239\" class=\"col hide-for-small medium-6 small-12 large-6\"  >\n\t\t\t\t<div class=\"col-inner\"  >\n\t\t\t\n\t\t\t\n\t<div class=\"img has-hover x md-x lg-x y md-y lg-y\" id=\"image_1545608133\">\n\t\t<a class=\"\" href=\"\/dich-vu-lap-dat-va-sua-chua-thiet-bi-dien\" >\t\t\t\t\t\t<div class=\"img-inner dark\" >\n\t\t\t<img decoding=\"async\" width=\"2048\" height=\"1354\" src=\"https:\/\/eemc.com.vn\/wp-content\/uploads\/2025\/03\/lap-dat1111.jpg\" class=\"attachment-original size-original\" alt=\"\" srcset=\"https:\/\/eemc.com.vn\/wp-content\/uploads\/2025\/03\/lap-dat1111.jpg 2048w, https:\/\/eemc.com.vn\/wp-content\/uploads\/2025\/03\/lap-dat1111-605x400.jpg 605w, https:\/\/eemc.com.vn\/wp-content\/uploads\/2025\/03\/lap-dat1111-1210x800.jpg 1210w, https:\/\/eemc.com.vn\/wp-content\/uploads\/2025\/03\/lap-dat1111-768x508.jpg 768w, https:\/\/eemc.com.vn\/wp-content\/uploads\/2025\/03\/lap-dat1111-1536x1016.jpg 1536w, https:\/\/eemc.com.vn\/wp-content\/uploads\/2025\/03\/lap-dat1111-600x397.jpg 600w\" sizes=\"(max-width: 2048px) 100vw, 2048px\" \/>\t\t\t\t\t\t\n\t\t\t\t\t<\/div>\n\t\t\t\t\t\t<\/a>\t\t\n<style>\n#image_1545608133 {\n  width: 100%;\n}\n<\/style>\n\t<\/div>\n\t\n\t\t<\/div>\n\t\t\t\t\t<\/div>\n\n\t\n<\/div>\n\t\t<\/div>\n\n\t\t\n<style>\n#section_1469324916 {\n  padding-top: 30px;\n  padding-bottom: 30px;\n}\n<\/style>\n\t<\/section>\n\t\n\t<section class=\"section sec_dv_list fix4\" id=\"section_650447123\">\n\t\t<div class=\"bg section-bg fill bg-fill  bg-loaded\" >\n\n\t\t\t\n\t\t\t\n\t\t\t\n\n\t\t<\/div>\n\n\t\t\n\n\t\t<div class=\"section-content relative\">\n\t\t\t\n<div class=\"row\"  id=\"row-355556903\">\n\n\t<div id=\"col-1085331289\" class=\"col medium-6 small-12 large-6\"  >\n\t\t\t\t<div class=\"col-inner\"  >\n\t\t\t\n\t\t\t\n\t<div class=\"img has-hover x md-x lg-x y md-y lg-y\" id=\"image_388087818\">\n\t\t<a class=\"\" href=\"\/dich-vu-thi-nghiem\" >\t\t\t\t\t\t<div class=\"img-inner dark\" >\n\t\t\t<img decoding=\"async\" width=\"2560\" height=\"1849\" src=\"https:\/\/eemc.com.vn\/wp-content\/uploads\/2025\/03\/DV-thi-nghiem-1.jpg\" class=\"attachment-original size-original\" alt=\"\" srcset=\"https:\/\/eemc.com.vn\/wp-content\/uploads\/2025\/03\/DV-thi-nghiem-1.jpg 2560w, https:\/\/eemc.com.vn\/wp-content\/uploads\/2025\/03\/DV-thi-nghiem-1-554x400.jpg 554w, https:\/\/eemc.com.vn\/wp-content\/uploads\/2025\/03\/DV-thi-nghiem-1-1108x800.jpg 1108w, https:\/\/eemc.com.vn\/wp-content\/uploads\/2025\/03\/DV-thi-nghiem-1-768x555.jpg 768w, https:\/\/eemc.com.vn\/wp-content\/uploads\/2025\/03\/DV-thi-nghiem-1-1536x1109.jpg 1536w, https:\/\/eemc.com.vn\/wp-content\/uploads\/2025\/03\/DV-thi-nghiem-1-2048x1479.jpg 2048w, https:\/\/eemc.com.vn\/wp-content\/uploads\/2025\/03\/DV-thi-nghiem-1-600x433.jpg 600w\" sizes=\"(max-width: 2560px) 100vw, 2560px\" \/>\t\t\t\t\t\t\n\t\t\t\t\t<\/div>\n\t\t\t\t\t\t<\/a>\t\t\n<style>\n#image_388087818 {\n  width: 100%;\n}\n<\/style>\n\t<\/div>\n\t\n\t\t<\/div>\n\t\t\t\t\t<\/div>\n\n\t\n\n\t<div id=\"col-1455038301\" class=\"col cl_txt_dv medium-6 small-12 large-6\"  >\n\t\t\t\t<div class=\"col-inner\"  >\n\t\t\t\n\t\t\t\n<div class=\"container section-title-container title_sec fix24\" ><h3 class=\"section-title section-title-center\"><b><\/b><span class=\"section-title-main\" >TESTING AND INSPECTION SERVICES<\/span><b><\/b><\/h3><\/div>\n<p>Testing and calibration of electrical equipment on-site or in the ultra-high voltage laboratory.<\/p>\n<a href=\"\/en\/testing-services\" class=\"button primary lowercase btn_xtdv\"  >\n    <span>Read more<\/span>\n  <\/a>\n\n\t\t<\/div>\n\t\t\t\t\t<\/div>\n\n\t\n<\/div>\n\t\t<\/div>\n\n\t\t\n<style>\n#section_650447123 {\n  padding-top: 30px;\n  padding-bottom: 30px;\n}\n<\/style>\n\t<\/section>\n\t\n","protected":false},"excerpt":{"rendered":"","protected":false},"author":1,"featured_media":10430,"parent":0,"menu_order":0,"comment_status":"closed","ping_status":"closed","template":"page-blank.php","meta":{"footnotes":""},"class_list":["post-13264","page","type-page","status-publish","has-post-thumbnail","hentry"],"yoast_head":"<!-- This site is optimized with the Yoast SEO plugin v26.8 - https:\/\/yoast.com\/product\/yoast-seo-wordpress\/ -->\n<title>Services - T\u1ed5ng c\u00f4ng ty Thi\u1ebft B\u1ecb \u0110i\u1ec7n \u0110\u00f4ng Anh<\/title>\n<meta name=\"description\" content=\"EEMC cung c\u1ea5p c\u00e1c d\u1ecbch v\u1ee5 v\u00e0 gi\u1ea3i ph\u00e1p to\u00e0n di\u1ec7n trong l\u0129nh v\u1ef1c n\u0103ng l\u01b0\u1ee3ng\" \/>\n<meta name=\"robots\" content=\"index, follow, max-snippet:-1, max-image-preview:large, max-video-preview:-1\" \/>\n<link rel=\"canonical\" href=\"https:\/\/eemc.com.vn\/en\/services\" \/>\n<meta property=\"og:locale\" content=\"en_US\" \/>\n<meta property=\"og:type\" content=\"article\" \/>\n<meta property=\"og:title\" content=\"Services - T\u1ed5ng c\u00f4ng ty Thi\u1ebft B\u1ecb \u0110i\u1ec7n \u0110\u00f4ng Anh\" \/>\n<meta property=\"og:description\" content=\"EEMC cung c\u1ea5p c\u00e1c d\u1ecbch v\u1ee5 v\u00e0 gi\u1ea3i ph\u00e1p to\u00e0n di\u1ec7n trong l\u0129nh v\u1ef1c n\u0103ng l\u01b0\u1ee3ng\" \/>\n<meta property=\"og:url\" content=\"https:\/\/eemc.com.vn\/en\/services\" \/>\n<meta property=\"og:site_name\" content=\"T\u1ed5ng c\u00f4ng ty Thi\u1ebft B\u1ecb \u0110i\u1ec7n \u0110\u00f4ng Anh\" \/>\n<meta property=\"article:modified_time\" content=\"2025-03-25T08:54:02+00:00\" \/>\n<meta property=\"og:image\" content=\"https:\/\/eemc.com.vn\/wp-content\/uploads\/2025\/01\/thumb_doc.jpg\" \/>\n\t<meta property=\"og:image:width\" content=\"800\" \/>\n\t<meta property=\"og:image:height\" content=\"600\" \/>\n\t<meta property=\"og:image:type\" content=\"image\/jpeg\" \/>\n<meta name=\"twitter:card\" content=\"summary_large_image\" \/>\n<meta name=\"twitter:label1\" content=\"Est. reading time\" \/>\n\t<meta name=\"twitter:data1\" content=\"2 minutes\" \/>\n<script type=\"application\/ld+json\" class=\"yoast-schema-graph\">{\"@context\":\"https:\/\/schema.org\",\"@graph\":[{\"@type\":\"WebPage\",\"@id\":\"https:\/\/eemc.com.vn\/en\/services\",\"url\":\"https:\/\/eemc.com.vn\/en\/services\",\"name\":\"Services - T\u1ed5ng c\u00f4ng ty Thi\u1ebft B\u1ecb \u0110i\u1ec7n \u0110\u00f4ng Anh\",\"isPartOf\":{\"@id\":\"https:\/\/eemc.com.vn\/en#website\"},\"primaryImageOfPage\":{\"@id\":\"https:\/\/eemc.com.vn\/en\/services#primaryimage\"},\"image\":{\"@id\":\"https:\/\/eemc.com.vn\/en\/services#primaryimage\"},\"thumbnailUrl\":\"https:\/\/eemc.com.vn\/wp-content\/uploads\/2025\/01\/thumb_doc.jpg\",\"datePublished\":\"2024-12-31T09:51:04+00:00\",\"dateModified\":\"2025-03-25T08:54:02+00:00\",\"description\":\"EEMC cung c\u1ea5p c\u00e1c d\u1ecbch v\u1ee5 v\u00e0 gi\u1ea3i ph\u00e1p to\u00e0n di\u1ec7n trong l\u0129nh v\u1ef1c n\u0103ng l\u01b0\u1ee3ng\",\"breadcrumb\":{\"@id\":\"https:\/\/eemc.com.vn\/en\/services#breadcrumb\"},\"inLanguage\":\"en-US\",\"potentialAction\":[{\"@type\":\"ReadAction\",\"target\":[\"https:\/\/eemc.com.vn\/en\/services\"]}]},{\"@type\":\"ImageObject\",\"inLanguage\":\"en-US\",\"@id\":\"https:\/\/eemc.com.vn\/en\/services#primaryimage\",\"url\":\"https:\/\/eemc.com.vn\/wp-content\/uploads\/2025\/01\/thumb_doc.jpg\",\"contentUrl\":\"https:\/\/eemc.com.vn\/wp-content\/uploads\/2025\/01\/thumb_doc.jpg\",\"width\":800,\"height\":600},{\"@type\":\"BreadcrumbList\",\"@id\":\"https:\/\/eemc.com.vn\/en\/services#breadcrumb\",\"itemListElement\":[{\"@type\":\"ListItem\",\"position\":1,\"name\":\"HomeTrang ch\u1ee7\",\"item\":\"https:\/\/eemc.com.vn\/en\"},{\"@type\":\"ListItem\",\"position\":2,\"name\":\"Services\"}]},{\"@type\":\"WebSite\",\"@id\":\"https:\/\/eemc.com.vn\/en#website\",\"url\":\"https:\/\/eemc.com.vn\/en\",\"name\":\"T\u1ed5ng c\u00f4ng ty Thi\u1ebft B\u1ecb \u0110i\u1ec7n \u0110\u00f4ng Anh\",\"description\":\"m\u00e1y bi\u1ebfn \u00e1p \u0110\u00f4ng Anh\",\"publisher\":{\"@id\":\"https:\/\/eemc.com.vn\/en#organization\"},\"potentialAction\":[{\"@type\":\"SearchAction\",\"target\":{\"@type\":\"EntryPoint\",\"urlTemplate\":\"https:\/\/eemc.com.vn\/en?s={search_term_string}\"},\"query-input\":{\"@type\":\"PropertyValueSpecification\",\"valueRequired\":true,\"valueName\":\"search_term_string\"}}],\"inLanguage\":\"en-US\"},{\"@type\":\"Organization\",\"@id\":\"https:\/\/eemc.com.vn\/en#organization\",\"name\":\"T\u1ed5ng c\u00f4ng ty thi\u1ebft b\u1ecb \u0111i\u1ec7n \u0110\u00f4ng Anh\",\"alternateName\":\"EEMC\",\"url\":\"https:\/\/eemc.com.vn\/en\",\"logo\":{\"@type\":\"ImageObject\",\"inLanguage\":\"en-US\",\"@id\":\"https:\/\/eemc.com.vn\/en#\/schema\/logo\/image\/\",\"url\":\"https:\/\/eemc.com.vn\/wp-content\/uploads\/2025\/03\/logo-EEMC-2025-ng-TV-scaled.jpg\",\"contentUrl\":\"https:\/\/eemc.com.vn\/wp-content\/uploads\/2025\/03\/logo-EEMC-2025-ng-TV-scaled.jpg\",\"width\":2560,\"height\":1037,\"caption\":\"T\u1ed5ng c\u00f4ng ty thi\u1ebft b\u1ecb \u0111i\u1ec7n \u0110\u00f4ng Anh\"},\"image\":{\"@id\":\"https:\/\/eemc.com.vn\/en#\/schema\/logo\/image\/\"}}]}<\/script>\n<!-- \/ Yoast SEO plugin. -->","yoast_head_json":{"title":"Services - T\u1ed5ng c\u00f4ng ty Thi\u1ebft B\u1ecb \u0110i\u1ec7n \u0110\u00f4ng Anh","description":"EEMC cung c\u1ea5p c\u00e1c d\u1ecbch v\u1ee5 v\u00e0 gi\u1ea3i ph\u00e1p to\u00e0n di\u1ec7n trong l\u0129nh v\u1ef1c n\u0103ng l\u01b0\u1ee3ng","robots":{"index":"index","follow":"follow","max-snippet":"max-snippet:-1","max-image-preview":"max-image-preview:large","max-video-preview":"max-video-preview:-1"},"canonical":"https:\/\/eemc.com.vn\/en\/services","og_locale":"en_US","og_type":"article","og_title":"Services - T\u1ed5ng c\u00f4ng ty Thi\u1ebft B\u1ecb \u0110i\u1ec7n \u0110\u00f4ng Anh","og_description":"EEMC cung c\u1ea5p c\u00e1c d\u1ecbch v\u1ee5 v\u00e0 gi\u1ea3i ph\u00e1p to\u00e0n di\u1ec7n trong l\u0129nh v\u1ef1c n\u0103ng l\u01b0\u1ee3ng","og_url":"https:\/\/eemc.com.vn\/en\/services","og_site_name":"T\u1ed5ng c\u00f4ng ty Thi\u1ebft B\u1ecb \u0110i\u1ec7n \u0110\u00f4ng Anh","article_modified_time":"2025-03-25T08:54:02+00:00","og_image":[{"width":800,"height":600,"url":"https:\/\/eemc.com.vn\/wp-content\/uploads\/2025\/01\/thumb_doc.jpg","type":"image\/jpeg"}],"twitter_card":"summary_large_image","twitter_misc":{"Est. reading time":"2 minutes"},"schema":{"@context":"https:\/\/schema.org","@graph":[{"@type":"WebPage","@id":"https:\/\/eemc.com.vn\/en\/services","url":"https:\/\/eemc.com.vn\/en\/services","name":"Services - T\u1ed5ng c\u00f4ng ty Thi\u1ebft B\u1ecb \u0110i\u1ec7n \u0110\u00f4ng Anh","isPartOf":{"@id":"https:\/\/eemc.com.vn\/en#website"},"primaryImageOfPage":{"@id":"https:\/\/eemc.com.vn\/en\/services#primaryimage"},"image":{"@id":"https:\/\/eemc.com.vn\/en\/services#primaryimage"},"thumbnailUrl":"https:\/\/eemc.com.vn\/wp-content\/uploads\/2025\/01\/thumb_doc.jpg","datePublished":"2024-12-31T09:51:04+00:00","dateModified":"2025-03-25T08:54:02+00:00","description":"EEMC cung c\u1ea5p c\u00e1c d\u1ecbch v\u1ee5 v\u00e0 gi\u1ea3i ph\u00e1p to\u00e0n di\u1ec7n trong l\u0129nh v\u1ef1c n\u0103ng l\u01b0\u1ee3ng","breadcrumb":{"@id":"https:\/\/eemc.com.vn\/en\/services#breadcrumb"},"inLanguage":"en-US","potentialAction":[{"@type":"ReadAction","target":["https:\/\/eemc.com.vn\/en\/services"]}]},{"@type":"ImageObject","inLanguage":"en-US","@id":"https:\/\/eemc.com.vn\/en\/services#primaryimage","url":"https:\/\/eemc.com.vn\/wp-content\/uploads\/2025\/01\/thumb_doc.jpg","contentUrl":"https:\/\/eemc.com.vn\/wp-content\/uploads\/2025\/01\/thumb_doc.jpg","width":800,"height":600},{"@type":"BreadcrumbList","@id":"https:\/\/eemc.com.vn\/en\/services#breadcrumb","itemListElement":[{"@type":"ListItem","position":1,"name":"HomeTrang ch\u1ee7","item":"https:\/\/eemc.com.vn\/en"},{"@type":"ListItem","position":2,"name":"Services"}]},{"@type":"WebSite","@id":"https:\/\/eemc.com.vn\/en#website","url":"https:\/\/eemc.com.vn\/en","name":"T\u1ed5ng c\u00f4ng ty Thi\u1ebft B\u1ecb \u0110i\u1ec7n \u0110\u00f4ng Anh","description":"m\u00e1y bi\u1ebfn \u00e1p \u0110\u00f4ng Anh","publisher":{"@id":"https:\/\/eemc.com.vn\/en#organization"},"potentialAction":[{"@type":"SearchAction","target":{"@type":"EntryPoint","urlTemplate":"https:\/\/eemc.com.vn\/en?s={search_term_string}"},"query-input":{"@type":"PropertyValueSpecification","valueRequired":true,"valueName":"search_term_string"}}],"inLanguage":"en-US"},{"@type":"Organization","@id":"https:\/\/eemc.com.vn\/en#organization","name":"T\u1ed5ng c\u00f4ng ty thi\u1ebft b\u1ecb \u0111i\u1ec7n \u0110\u00f4ng Anh","alternateName":"EEMC","url":"https:\/\/eemc.com.vn\/en","logo":{"@type":"ImageObject","inLanguage":"en-US","@id":"https:\/\/eemc.com.vn\/en#\/schema\/logo\/image\/","url":"https:\/\/eemc.com.vn\/wp-content\/uploads\/2025\/03\/logo-EEMC-2025-ng-TV-scaled.jpg","contentUrl":"https:\/\/eemc.com.vn\/wp-content\/uploads\/2025\/03\/logo-EEMC-2025-ng-TV-scaled.jpg","width":2560,"height":1037,"caption":"T\u1ed5ng c\u00f4ng ty thi\u1ebft b\u1ecb \u0111i\u1ec7n \u0110\u00f4ng Anh"},"image":{"@id":"https:\/\/eemc.com.vn\/en#\/schema\/logo\/image\/"}}]}},"_links":{"self":[{"href":"https:\/\/eemc.com.vn\/en\/wp-json\/wp\/v2\/pages\/13264","targetHints":{"allow":["GET"]}}],"collection":[{"href":"https:\/\/eemc.com.vn\/en\/wp-json\/wp\/v2\/pages"}],"about":[{"href":"https:\/\/eemc.com.vn\/en\/wp-json\/wp\/v2\/types\/page"}],"author":[{"embeddable":true,"href":"https:\/\/eemc.com.vn\/en\/wp-json\/wp\/v2\/users\/1"}],"replies":[{"embeddable":true,"href":"https:\/\/eemc.com.vn\/en\/wp-json\/wp\/v2\/comments?post=13264"}],"version-history":[{"count":10,"href":"https:\/\/eemc.com.vn\/en\/wp-json\/wp\/v2\/pages\/13264\/revisions"}],"predecessor-version":[{"id":16222,"href":"https:\/\/eemc.com.vn\/en\/wp-json\/wp\/v2\/pages\/13264\/revisions\/16222"}],"wp:featuredmedia":[{"embeddable":true,"href":"https:\/\/eemc.com.vn\/en\/wp-json\/wp\/v2\/media\/10430"}],"wp:attachment":[{"href":"https:\/\/eemc.com.vn\/en\/wp-json\/wp\/v2\/media?parent=13264"}],"curies":[{"name":"wp","href":"https:\/\/api.w.org\/{rel}","templated":true}]}}