{"id":13273,"date":"2018-03-25T11:48:19","date_gmt":"2018-03-25T11:48:19","guid":{"rendered":"https:\/\/eemc.com.vn\/dai-ly-phan-phoi-cua-eemc"},"modified":"2018-03-25T11:48:19","modified_gmt":"2018-03-25T11:48:19","slug":"dai-ly-phan-phoi-cua-eemc","status":"publish","type":"page","link":"https:\/\/eemc.com.vn\/en\/dai-ly-phan-phoi-cua-eemc","title":{"rendered":"\u0110\u1ea1i l\u00fd ph\u00e2n ph\u1ed1i c\u1ee7a EEMC"},"content":{"rendered":"<div class=\"daily\">\n<div class=\"row\">\n<div class=\"list-add\">\n<p>&nbsp;<\/p>\n<table style=\"width: 909px; height: 1169px;\">\n<tbody>\n<tr>\n<td style=\"width: 426.563px;\">\n<p style=\"text-align: justify;\"><strong>C\u00f4ng ty C\u1ed5 ph\u1ea7n C\u01a1 \u0111i\u1ec7n \u0110\u00f4ng Anh<\/strong><\/p>\n<p style=\"text-align: justify;\"><strong>\u0110\u1ecba ch\u1ec9<\/strong>: Th\u00f4n S\u00e1p Mai &#8211; X\u00e3 V\u00f5ng La &#8211; Huy\u1ec7n \u0110\u00f4ng Anh &#8211; H\u00e0 N\u1ed9i<\/p>\n<p style=\"text-align: justify;\"><strong>\u0110i\u1ec7n tho\u1ea1i<\/strong>: <a href=\"tel:(024) 39517796\">(024) 39517796<\/a>\/<a href=\"tel:(024) 38811573\">(024) 38811573<\/a><\/p>\n<p style=\"text-align: justify;\"><strong>Fax<\/strong>: <a href=\"fax:(024) 39517709\">(024) 39517709<\/a><\/p>\n<p style=\"text-align: justify;\"><strong>Email<\/strong>: <a href=\"mailto:codiendonganh1@gmail.com\">codiendonganh1@gmail.com<\/a><\/p>\n<p style=\"text-align: justify;\"><strong>M\u00e3 s\u1ed1 thu\u1ebf<\/strong>: 0101508752<\/p>\n<\/td>\n<td style=\"width: 14.0625px; text-align: justify;\">&nbsp;<\/p>\n<p>&nbsp;<\/p>\n<p>&nbsp;<\/p>\n<p>&nbsp;<\/p>\n<p>&nbsp;<\/p>\n<p>&nbsp;<\/p>\n<p>&nbsp;<\/p>\n<p>&nbsp;<\/td>\n<td style=\"width: 450.563px; text-align: justify;\"><strong>C\u00f4ng ty C\u1ed5 ph\u1ea7n Thi\u1ebft b\u1ecb \u0111i\u1ec7n Hi\u1ebfu H\u01b0ng<\/strong><\/p>\n<p><strong>\u0110\u1ecba ch\u1ec9<\/strong>: CS1: 23B Phan \u0110\u00ecnh Gi\u00f3t &#8211; Quang Trung &#8211; H\u00e0 \u0110\u00f4ng &#8211; H\u00e0 N\u1ed9i<\/p>\n<p>CS2: 26 L\u00ea Tr\u1ecdng T\u1ea5n &#8211; La Kh\u00ea &#8211; H\u00e0 \u0110\u00f4ng<\/p>\n<p><strong>\u0110i\u1ec7n tho\u1ea1i<\/strong>:\u00a0<a href=\"tel:0912%20377167\">0912 377167 <\/a><\/p>\n<p><strong>Fax<\/strong>: <a href=\"fax:(024) 35510976\">(024) 35510976<\/a><\/p>\n<p><strong>Email<\/strong>: <a href=\"mailto:conghung64@yahoo.com\">conghung64@yahoo.com<\/a><\/p>\n<p><strong>M\u00e3 s\u1ed1 thu\u1ebf<\/strong>: 0500460855<\/td>\n<\/tr>\n<tr style=\"text-align: justify;\">\n<td style=\"width: 426.563px;\"><strong>C\u00f4ng ty C\u1ed5 ph\u1ea7n Ho\u00e0ng Th\u00e1i<\/strong><\/p>\n<p><strong>\u0110\u1ecba ch\u1ec9<\/strong>: C\u1ee5m CN s\u1ed1 2 &#8211; Ph\u01b0\u1eddng T\u00e2n L\u1eadp &#8211; TP Th\u00e1i Nguy\u00ean<\/p>\n<p><strong>\u0110i\u1ec7n tho\u1ea1i<\/strong>:\u00a0<a href=\"tel:(0280)%203855827\">(0280) 3855827<\/a>\u00a0&#8211; Ch\u1ecb Thu\u00fd: <a href=\"tel:0913286315\">0913.286315<\/a>; Anh Th\u00e1i : <a href=\"tel:0913256882\">0913.256882<\/a><\/p>\n<p><strong>Fax<\/strong>: <a href=\"fax:(0280) 3753746\">(0280) 3753746<\/a><\/p>\n<p><strong>Email<\/strong>: hoangthaitbd@gmail.com<\/p>\n<p><strong>M\u00e3 s\u1ed1 thu\u1ebf<\/strong>: 4600412757<\/td>\n<td style=\"width: 14.0625px;\"><\/td>\n<td style=\"width: 450.563px;\"><strong>C\u00f4ng ty TNHH Vi\u1ec7t H\u00e0n<\/strong><\/p>\n<p><strong>\u0110\u1ecba ch\u1ec9<\/strong>: T\u1ed5 9 &#8211; Khu 5 &#8211; P.Gia C\u1ea9m &#8211; TP. Vi\u1ec7t Tr\u00ec &#8211; Ph\u00fa Th\u1ecd<\/p>\n<p><strong>\u0110i\u1ec7n tho\u1ea1i<\/strong>: (<a href=\"tel:(0210)3.847892\">0210) 3.847892<\/a>\u00a0&#8211; A.H\u00e0o : <a href=\"tel:0989748568\">0989.748568<\/a>;<\/p>\n<p>C. H\u00e0n: <a href=\"tel:0913282164\">0913.282164<\/a>; C.Tuy\u1ebft : <a href=\"tel:0912908669\">0912.908669<\/a><\/p>\n<p><strong>Fax<\/strong>: <a href=\"fax:(0210) 3817269\">(0210) 3.817269<\/a><\/p>\n<p><strong>Email<\/strong>: <a href=\"mailto:viethandcd@gmail.com\">viethandcd@gmail.com<\/a><\/p>\n<p><strong>M\u00e3 s\u1ed1 thu\u1ebf<\/strong>: 2600195509<\/td>\n<\/tr>\n<tr style=\"text-align: justify;\">\n<td style=\"width: 426.563px;\"><strong>C\u00f4ng ty C\u1ed5 ph\u1ea7n \u0110\u1ea7u t\u01b0 v\u00e0 Kinh doanh N\u0103ng l\u01b0\u1ee3ng<\/strong><\/p>\n<p><strong>Tr\u1ee5 s\u1edf<\/strong>: s\u1ed1 19, ng\u00f5 179\/64\/25 V\u0129nh H\u01b0ng, ph\u01b0\u1eddng V\u0129nh H\u01b0ng, qu\u1eadn Ho\u00e0ng Mai, H\u00e0 N\u1ed9i<\/p>\n<p><strong>V\u0103n ph\u00f2ng GD<\/strong>: T\u1ea7ng 9, s\u1ed1 60 ph\u1ed1 Trung K\u00ednh, ph\u01b0\u1eddng Trung Ho\u00e0, qu\u1eadn C\u1ea7u Gi\u1ea5y, H\u00e0 N\u1ed9i<\/p>\n<p><strong>\u0110i\u1ec7n tho\u1ea1i<\/strong>:<a href=\"tel:%20024%2062533002%20\"> 024 62533002 <\/a><\/p>\n<p><strong>Fax<\/strong>: <a href=\"fax:024 35690408\">024 35690408<\/a><\/p>\n<p><strong>M\u00e3 s\u1ed1 thu\u1ebf<\/strong>: 0101950569<\/p>\n<p><strong>E-mail<\/strong>: <a href=\"mailto:einc.jsc@gmail.com\">einc.jsc@gmail.com<\/a><\/p>\n<p><strong>Website<\/strong>: <a href=\"http:\/\/www.einc-vietnam.com\">www.einc-vietnam.com<\/a><\/p>\n<p>&nbsp;<\/p>\n<p>&nbsp;<\/p>\n<p>&nbsp;<\/td>\n<td style=\"width: 14.0625px;\">&nbsp;<\/p>\n<p>&nbsp;<\/p>\n<p>&nbsp;<\/p>\n<p>&nbsp;<\/p>\n<p>&nbsp;<\/p>\n<p>&nbsp;<\/p>\n<p>&nbsp;<\/p>\n<p>&nbsp;<\/p>\n<p>&nbsp;<\/p>\n<p>&nbsp;<\/p>\n<p>&nbsp;<\/p>\n<p>&nbsp;<\/p>\n<p>&nbsp;<\/p>\n<p>&nbsp;<\/td>\n<td style=\"width: 450.563px;\"><\/td>\n<\/tr>\n<\/tbody>\n<\/table>\n<p style=\"text-align: justify;\">\n<\/div>\n<\/div>\n<\/div>\n","protected":false},"excerpt":{"rendered":"<p>&nbsp; C\u00f4ng ty C\u1ed5 ph\u1ea7n C\u01a1 \u0111i\u1ec7n \u0110\u00f4ng Anh \u0110\u1ecba ch\u1ec9: Th\u00f4n S\u00e1p Mai &#8211; X\u00e3 V\u00f5ng La &#8211; Huy\u1ec7n \u0110\u00f4ng Anh &#8211; H\u00e0 N\u1ed9i \u0110i\u1ec7n tho\u1ea1i: (024) 39517796\/(024) 38811573 Fax: (024) 39517709 Email: codiendonganh1@gmail.com [&#8230;]\n","protected":false},"author":1,"featured_media":13239,"parent":0,"menu_order":0,"comment_status":"closed","ping_status":"closed","template":"","meta":{"footnotes":""},"class_list":["post-13273","page","type-page","status-publish","has-post-thumbnail","hentry"],"yoast_head":"<!-- This site is optimized with the Yoast SEO plugin v26.8 - https:\/\/yoast.com\/product\/yoast-seo-wordpress\/ -->\n<title>\u0110\u1ea1i l\u00fd ph\u00e2n ph\u1ed1i c\u1ee7a EEMC - T\u1ed5ng c\u00f4ng ty Thi\u1ebft B\u1ecb \u0110i\u1ec7n \u0110\u00f4ng Anh<\/title>\n<meta name=\"robots\" content=\"index, follow, max-snippet:-1, max-image-preview:large, max-video-preview:-1\" \/>\n<link rel=\"canonical\" href=\"https:\/\/eemc.com.vn\/en\/dai-ly-phan-phoi-cua-eemc\" \/>\n<meta property=\"og:locale\" content=\"en_US\" \/>\n<meta property=\"og:type\" content=\"article\" \/>\n<meta property=\"og:title\" content=\"\u0110\u1ea1i l\u00fd ph\u00e2n ph\u1ed1i c\u1ee7a EEMC - T\u1ed5ng c\u00f4ng ty Thi\u1ebft B\u1ecb \u0110i\u1ec7n \u0110\u00f4ng Anh\" \/>\n<meta property=\"og:description\" content=\"&nbsp; C\u00f4ng ty C\u1ed5 ph\u1ea7n C\u01a1 \u0111i\u1ec7n \u0110\u00f4ng Anh \u0110\u1ecba ch\u1ec9: Th\u00f4n S\u00e1p Mai &#8211; X\u00e3 V\u00f5ng La &#8211; Huy\u1ec7n \u0110\u00f4ng Anh &#8211; H\u00e0 N\u1ed9i \u0110i\u1ec7n tho\u1ea1i: (024) 39517796\/(024) 38811573 Fax: (024) 39517709 Email: codiendonganh1@gmail.com [...]\" \/>\n<meta property=\"og:url\" content=\"https:\/\/eemc.com.vn\/en\/dai-ly-phan-phoi-cua-eemc\" \/>\n<meta property=\"og:site_name\" content=\"T\u1ed5ng c\u00f4ng ty Thi\u1ebft B\u1ecb \u0110i\u1ec7n \u0110\u00f4ng Anh\" \/>\n<meta property=\"og:image\" content=\"https:\/\/eemc.com.vn\/wp-content\/uploads\/2025\/01\/thumb_doc.jpg\" \/>\n\t<meta property=\"og:image:width\" content=\"800\" \/>\n\t<meta property=\"og:image:height\" content=\"600\" \/>\n\t<meta property=\"og:image:type\" content=\"image\/jpeg\" \/>\n<meta name=\"twitter:card\" content=\"summary_large_image\" \/>\n<meta name=\"twitter:label1\" content=\"Est. reading time\" \/>\n\t<meta name=\"twitter:data1\" content=\"2 minutes\" \/>\n<script type=\"application\/ld+json\" class=\"yoast-schema-graph\">{\"@context\":\"https:\/\/schema.org\",\"@graph\":[{\"@type\":\"WebPage\",\"@id\":\"https:\/\/eemc.com.vn\/en\/dai-ly-phan-phoi-cua-eemc\",\"url\":\"https:\/\/eemc.com.vn\/en\/dai-ly-phan-phoi-cua-eemc\",\"name\":\"\u0110\u1ea1i l\u00fd ph\u00e2n ph\u1ed1i c\u1ee7a EEMC - T\u1ed5ng c\u00f4ng ty Thi\u1ebft B\u1ecb \u0110i\u1ec7n \u0110\u00f4ng Anh\",\"isPartOf\":{\"@id\":\"https:\/\/eemc.com.vn\/en#website\"},\"primaryImageOfPage\":{\"@id\":\"https:\/\/eemc.com.vn\/en\/dai-ly-phan-phoi-cua-eemc#primaryimage\"},\"image\":{\"@id\":\"https:\/\/eemc.com.vn\/en\/dai-ly-phan-phoi-cua-eemc#primaryimage\"},\"thumbnailUrl\":\"https:\/\/eemc.com.vn\/wp-content\/uploads\/2025\/01\/thumb_doc.jpg\",\"datePublished\":\"2018-03-25T11:48:19+00:00\",\"breadcrumb\":{\"@id\":\"https:\/\/eemc.com.vn\/en\/dai-ly-phan-phoi-cua-eemc#breadcrumb\"},\"inLanguage\":\"en-US\",\"potentialAction\":[{\"@type\":\"ReadAction\",\"target\":[\"https:\/\/eemc.com.vn\/en\/dai-ly-phan-phoi-cua-eemc\"]}]},{\"@type\":\"ImageObject\",\"inLanguage\":\"en-US\",\"@id\":\"https:\/\/eemc.com.vn\/en\/dai-ly-phan-phoi-cua-eemc#primaryimage\",\"url\":\"https:\/\/eemc.com.vn\/wp-content\/uploads\/2025\/01\/thumb_doc.jpg\",\"contentUrl\":\"https:\/\/eemc.com.vn\/wp-content\/uploads\/2025\/01\/thumb_doc.jpg\",\"width\":800,\"height\":600},{\"@type\":\"BreadcrumbList\",\"@id\":\"https:\/\/eemc.com.vn\/en\/dai-ly-phan-phoi-cua-eemc#breadcrumb\",\"itemListElement\":[{\"@type\":\"ListItem\",\"position\":1,\"name\":\"HomeTrang ch\u1ee7\",\"item\":\"https:\/\/eemc.com.vn\/en\"},{\"@type\":\"ListItem\",\"position\":2,\"name\":\"\u0110\u1ea1i l\u00fd ph\u00e2n ph\u1ed1i c\u1ee7a EEMC\"}]},{\"@type\":\"WebSite\",\"@id\":\"https:\/\/eemc.com.vn\/en#website\",\"url\":\"https:\/\/eemc.com.vn\/en\",\"name\":\"T\u1ed5ng c\u00f4ng ty Thi\u1ebft B\u1ecb \u0110i\u1ec7n \u0110\u00f4ng Anh\",\"description\":\"m\u00e1y bi\u1ebfn \u00e1p \u0110\u00f4ng Anh\",\"publisher\":{\"@id\":\"https:\/\/eemc.com.vn\/en#organization\"},\"potentialAction\":[{\"@type\":\"SearchAction\",\"target\":{\"@type\":\"EntryPoint\",\"urlTemplate\":\"https:\/\/eemc.com.vn\/en?s={search_term_string}\"},\"query-input\":{\"@type\":\"PropertyValueSpecification\",\"valueRequired\":true,\"valueName\":\"search_term_string\"}}],\"inLanguage\":\"en-US\"},{\"@type\":\"Organization\",\"@id\":\"https:\/\/eemc.com.vn\/en#organization\",\"name\":\"T\u1ed5ng c\u00f4ng ty thi\u1ebft b\u1ecb \u0111i\u1ec7n \u0110\u00f4ng Anh\",\"alternateName\":\"EEMC\",\"url\":\"https:\/\/eemc.com.vn\/en\",\"logo\":{\"@type\":\"ImageObject\",\"inLanguage\":\"en-US\",\"@id\":\"https:\/\/eemc.com.vn\/en#\/schema\/logo\/image\/\",\"url\":\"https:\/\/eemc.com.vn\/wp-content\/uploads\/2025\/03\/logo-EEMC-2025-ng-TV-scaled.jpg\",\"contentUrl\":\"https:\/\/eemc.com.vn\/wp-content\/uploads\/2025\/03\/logo-EEMC-2025-ng-TV-scaled.jpg\",\"width\":2560,\"height\":1037,\"caption\":\"T\u1ed5ng c\u00f4ng ty thi\u1ebft b\u1ecb \u0111i\u1ec7n \u0110\u00f4ng Anh\"},\"image\":{\"@id\":\"https:\/\/eemc.com.vn\/en#\/schema\/logo\/image\/\"}}]}<\/script>\n<!-- \/ Yoast SEO plugin. -->","yoast_head_json":{"title":"\u0110\u1ea1i l\u00fd ph\u00e2n ph\u1ed1i c\u1ee7a EEMC - T\u1ed5ng c\u00f4ng ty Thi\u1ebft B\u1ecb \u0110i\u1ec7n \u0110\u00f4ng Anh","robots":{"index":"index","follow":"follow","max-snippet":"max-snippet:-1","max-image-preview":"max-image-preview:large","max-video-preview":"max-video-preview:-1"},"canonical":"https:\/\/eemc.com.vn\/en\/dai-ly-phan-phoi-cua-eemc","og_locale":"en_US","og_type":"article","og_title":"\u0110\u1ea1i l\u00fd ph\u00e2n ph\u1ed1i c\u1ee7a EEMC - T\u1ed5ng c\u00f4ng ty Thi\u1ebft B\u1ecb \u0110i\u1ec7n \u0110\u00f4ng Anh","og_description":"&nbsp; C\u00f4ng ty C\u1ed5 ph\u1ea7n C\u01a1 \u0111i\u1ec7n \u0110\u00f4ng Anh \u0110\u1ecba ch\u1ec9: Th\u00f4n S\u00e1p Mai &#8211; X\u00e3 V\u00f5ng La &#8211; Huy\u1ec7n \u0110\u00f4ng Anh &#8211; H\u00e0 N\u1ed9i \u0110i\u1ec7n tho\u1ea1i: (024) 39517796\/(024) 38811573 Fax: (024) 39517709 Email: codiendonganh1@gmail.com [...]","og_url":"https:\/\/eemc.com.vn\/en\/dai-ly-phan-phoi-cua-eemc","og_site_name":"T\u1ed5ng c\u00f4ng ty Thi\u1ebft B\u1ecb \u0110i\u1ec7n \u0110\u00f4ng Anh","og_image":[{"width":800,"height":600,"url":"https:\/\/eemc.com.vn\/wp-content\/uploads\/2025\/01\/thumb_doc.jpg","type":"image\/jpeg"}],"twitter_card":"summary_large_image","twitter_misc":{"Est. reading time":"2 minutes"},"schema":{"@context":"https:\/\/schema.org","@graph":[{"@type":"WebPage","@id":"https:\/\/eemc.com.vn\/en\/dai-ly-phan-phoi-cua-eemc","url":"https:\/\/eemc.com.vn\/en\/dai-ly-phan-phoi-cua-eemc","name":"\u0110\u1ea1i l\u00fd ph\u00e2n ph\u1ed1i c\u1ee7a EEMC - T\u1ed5ng c\u00f4ng ty Thi\u1ebft B\u1ecb \u0110i\u1ec7n \u0110\u00f4ng Anh","isPartOf":{"@id":"https:\/\/eemc.com.vn\/en#website"},"primaryImageOfPage":{"@id":"https:\/\/eemc.com.vn\/en\/dai-ly-phan-phoi-cua-eemc#primaryimage"},"image":{"@id":"https:\/\/eemc.com.vn\/en\/dai-ly-phan-phoi-cua-eemc#primaryimage"},"thumbnailUrl":"https:\/\/eemc.com.vn\/wp-content\/uploads\/2025\/01\/thumb_doc.jpg","datePublished":"2018-03-25T11:48:19+00:00","breadcrumb":{"@id":"https:\/\/eemc.com.vn\/en\/dai-ly-phan-phoi-cua-eemc#breadcrumb"},"inLanguage":"en-US","potentialAction":[{"@type":"ReadAction","target":["https:\/\/eemc.com.vn\/en\/dai-ly-phan-phoi-cua-eemc"]}]},{"@type":"ImageObject","inLanguage":"en-US","@id":"https:\/\/eemc.com.vn\/en\/dai-ly-phan-phoi-cua-eemc#primaryimage","url":"https:\/\/eemc.com.vn\/wp-content\/uploads\/2025\/01\/thumb_doc.jpg","contentUrl":"https:\/\/eemc.com.vn\/wp-content\/uploads\/2025\/01\/thumb_doc.jpg","width":800,"height":600},{"@type":"BreadcrumbList","@id":"https:\/\/eemc.com.vn\/en\/dai-ly-phan-phoi-cua-eemc#breadcrumb","itemListElement":[{"@type":"ListItem","position":1,"name":"HomeTrang ch\u1ee7","item":"https:\/\/eemc.com.vn\/en"},{"@type":"ListItem","position":2,"name":"\u0110\u1ea1i l\u00fd ph\u00e2n ph\u1ed1i c\u1ee7a EEMC"}]},{"@type":"WebSite","@id":"https:\/\/eemc.com.vn\/en#website","url":"https:\/\/eemc.com.vn\/en","name":"T\u1ed5ng c\u00f4ng ty Thi\u1ebft B\u1ecb \u0110i\u1ec7n \u0110\u00f4ng Anh","description":"m\u00e1y bi\u1ebfn \u00e1p \u0110\u00f4ng Anh","publisher":{"@id":"https:\/\/eemc.com.vn\/en#organization"},"potentialAction":[{"@type":"SearchAction","target":{"@type":"EntryPoint","urlTemplate":"https:\/\/eemc.com.vn\/en?s={search_term_string}"},"query-input":{"@type":"PropertyValueSpecification","valueRequired":true,"valueName":"search_term_string"}}],"inLanguage":"en-US"},{"@type":"Organization","@id":"https:\/\/eemc.com.vn\/en#organization","name":"T\u1ed5ng c\u00f4ng ty thi\u1ebft b\u1ecb \u0111i\u1ec7n \u0110\u00f4ng Anh","alternateName":"EEMC","url":"https:\/\/eemc.com.vn\/en","logo":{"@type":"ImageObject","inLanguage":"en-US","@id":"https:\/\/eemc.com.vn\/en#\/schema\/logo\/image\/","url":"https:\/\/eemc.com.vn\/wp-content\/uploads\/2025\/03\/logo-EEMC-2025-ng-TV-scaled.jpg","contentUrl":"https:\/\/eemc.com.vn\/wp-content\/uploads\/2025\/03\/logo-EEMC-2025-ng-TV-scaled.jpg","width":2560,"height":1037,"caption":"T\u1ed5ng c\u00f4ng ty thi\u1ebft b\u1ecb \u0111i\u1ec7n \u0110\u00f4ng Anh"},"image":{"@id":"https:\/\/eemc.com.vn\/en#\/schema\/logo\/image\/"}}]}},"_links":{"self":[{"href":"https:\/\/eemc.com.vn\/en\/wp-json\/wp\/v2\/pages\/13273","targetHints":{"allow":["GET"]}}],"collection":[{"href":"https:\/\/eemc.com.vn\/en\/wp-json\/wp\/v2\/pages"}],"about":[{"href":"https:\/\/eemc.com.vn\/en\/wp-json\/wp\/v2\/types\/page"}],"author":[{"embeddable":true,"href":"https:\/\/eemc.com.vn\/en\/wp-json\/wp\/v2\/users\/1"}],"replies":[{"embeddable":true,"href":"https:\/\/eemc.com.vn\/en\/wp-json\/wp\/v2\/comments?post=13273"}],"version-history":[{"count":0,"href":"https:\/\/eemc.com.vn\/en\/wp-json\/wp\/v2\/pages\/13273\/revisions"}],"wp:featuredmedia":[{"embeddable":true,"href":"https:\/\/eemc.com.vn\/en\/wp-json\/wp\/v2\/media\/13239"}],"wp:attachment":[{"href":"https:\/\/eemc.com.vn\/en\/wp-json\/wp\/v2\/media?parent=13273"}],"curies":[{"name":"wp","href":"https:\/\/api.w.org\/{rel}","templated":true}]}}