{"id":15818,"date":"2025-03-06T10:24:00","date_gmt":"2025-03-06T03:24:00","guid":{"rendered":"https:\/\/eemc.com.vn\/product\/lbs-38kv"},"modified":"2025-03-19T16:24:33","modified_gmt":"2025-03-19T09:24:33","slug":"lbs-38kv","status":"publish","type":"product","link":"https:\/\/eemc.com.vn\/en\/product\/lbs-38kv","title":{"rendered":"LBS 38kV"},"content":{"rendered":"<p>&nbsp;<\/p>\n<table class=\"NormalTable\" style=\"width: 89.0651%;\">\n<tbody>\n<tr>\n<td style=\"width: 662.875px;\"><span class=\"fontstyle0\">Type of Products <\/span><\/td>\n<td style=\"width: 183.538px; text-align: center;\"><span class=\"fontstyle0\">SPGAS-36-A<\/span><\/td>\n<\/tr>\n<tr>\n<td style=\"width: 662.875px;\"><span class=\"fontstyle0\">Maximum System Voltage <\/span><\/td>\n<td style=\"width: 183.538px; text-align: center;\"><span class=\"fontstyle2\">38 kV<\/span><\/td>\n<\/tr>\n<tr>\n<td style=\"width: 662.875px;\"><span class=\"fontstyle0\">Rated Continuous Current <\/span><\/td>\n<td style=\"width: 183.538px; text-align: center;\"><span class=\"fontstyle2\">630 A<\/span><\/td>\n<\/tr>\n<tr>\n<td style=\"width: 662.875px;\"><span class=\"fontstyle0\">Rated Frequency <\/span><\/td>\n<td style=\"width: 183.538px; text-align: center;\"><span class=\"fontstyle2\">50\/60 Hz<\/span><\/td>\n<\/tr>\n<tr>\n<td style=\"width: 662.875px;\"><span class=\"fontstyle0\">Short Time Withstand Current ( rms) <\/span><\/td>\n<td style=\"width: 183.538px; text-align: center;\"><span class=\"fontstyle2\">25kA\/1sec<\/span><\/td>\n<\/tr>\n<\/tbody>\n<\/table>\n<p><span class=\"fontstyle3\">SPG-15-6, SPGAS-26 and SPGAS-36 have the contacts of the same material, isolating distance and structure.<br \/>\nElectrical and mechanical specifications and ratings of AUTOMATIC, MANUAL Type Products are all the same if a Switch belongs to the same<br \/>\nltage class.<\/span><\/p>\n<p>&nbsp;<\/p>\n","protected":false},"excerpt":{"rendered":"<p>Dao c\u1eaft ph\u1ee5 t\u1ea3i l\u00e0 lo\u1ea1i kh\u00ed c\u1ee5 \u0111i\u1ec7n \u0111\u01b0\u1ee3c s\u1eed d\u1ee5ng \u0111\u1ec3 c\u1eaft \u0111\u01b0\u1eddng d\u00e2y trung th\u1ebf \u0111ang mang t\u1ea3i. Kh\u00e1c v\u1edbi c\u1ea7u dao ph\u1ee5 t\u1ea3i, dao c\u1eaft ph\u1ee5 t\u1ea3i c\u00f3 kh\u1ea3 n\u0103ng c\u1eaft c\u00f3 t\u1ea3i nh\u1edd c\u00f3 bu\u1ed3ng d\u1eadp h\u1ed3 quang ch\u1ee9a kh\u00ed SF6. Dao c\u1eaft ph\u1ee5 t\u1ea3i th\u01b0\u1eddng \u0111\u01b0\u1ee3c l\u1eafp \u0111\u1eb7t \u0111\u1ec3 ph\u1ed1i h\u1ee3p ch\u1ee9c n\u0103ng v\u1edbi c\u00e1c Recloser \u0111\u1ec3 ph\u00e2n v\u00f9ng s\u1ef1 c\u1ed1 tr\u00ean l\u01b0\u1edbi \u0111i\u1ec7n, t\u1eeb \u0111\u00f3 n\u00e2ng cao \u0111\u1ed9 tin c\u1eady c\u1ee7a l\u01b0\u1edbi \u0111i\u1ec7n.<\/p>\n","protected":false},"featured_media":15001,"template":"","meta":[],"product_brand":[],"product_cat":[1681,1768],"product_tag":[],"class_list":{"0":"post-15818","1":"product","2":"type-product","3":"status-publish","4":"has-post-thumbnail","6":"product_cat-shinsung-product","7":"product_cat-dao-cat-phu-tai-lbs-en","8":"pa_loai-thiet-bi-lbs-en","9":"pa_thuong-hieu-shinsung-en","11":"first","12":"instock","13":"shipping-taxable","14":"product-type-simple"},"yoast_head":"<!-- This site is optimized with the Yoast SEO plugin v26.8 - https:\/\/yoast.com\/product\/yoast-seo-wordpress\/ -->\n<title>LBS 38kV - T\u1ed5ng c\u00f4ng ty Thi\u1ebft B\u1ecb \u0110i\u1ec7n \u0110\u00f4ng Anh<\/title>\n<meta name=\"robots\" content=\"index, follow, max-snippet:-1, max-image-preview:large, max-video-preview:-1\" \/>\n<link rel=\"canonical\" href=\"https:\/\/eemc.com.vn\/en\/product\/lbs-38kv\" \/>\n<meta property=\"og:locale\" content=\"en_US\" \/>\n<meta property=\"og:type\" content=\"article\" \/>\n<meta property=\"og:title\" content=\"LBS 38kV - T\u1ed5ng c\u00f4ng ty Thi\u1ebft B\u1ecb \u0110i\u1ec7n \u0110\u00f4ng Anh\" \/>\n<meta property=\"og:description\" content=\"Dao c\u1eaft ph\u1ee5 t\u1ea3i l\u00e0 lo\u1ea1i kh\u00ed c\u1ee5 \u0111i\u1ec7n \u0111\u01b0\u1ee3c s\u1eed d\u1ee5ng \u0111\u1ec3 c\u1eaft \u0111\u01b0\u1eddng d\u00e2y trung th\u1ebf \u0111ang mang t\u1ea3i. Kh\u00e1c v\u1edbi c\u1ea7u dao ph\u1ee5 t\u1ea3i, dao c\u1eaft ph\u1ee5 t\u1ea3i c\u00f3 kh\u1ea3 n\u0103ng c\u1eaft c\u00f3 t\u1ea3i nh\u1edd c\u00f3 bu\u1ed3ng d\u1eadp h\u1ed3 quang ch\u1ee9a kh\u00ed SF6. Dao c\u1eaft ph\u1ee5 t\u1ea3i th\u01b0\u1eddng \u0111\u01b0\u1ee3c l\u1eafp \u0111\u1eb7t \u0111\u1ec3 ph\u1ed1i h\u1ee3p ch\u1ee9c n\u0103ng v\u1edbi c\u00e1c Recloser \u0111\u1ec3 ph\u00e2n v\u00f9ng s\u1ef1 c\u1ed1 tr\u00ean l\u01b0\u1edbi \u0111i\u1ec7n, t\u1eeb \u0111\u00f3 n\u00e2ng cao \u0111\u1ed9 tin c\u1eady c\u1ee7a l\u01b0\u1edbi \u0111i\u1ec7n.\" \/>\n<meta property=\"og:url\" content=\"https:\/\/eemc.com.vn\/en\/product\/lbs-38kv\" \/>\n<meta property=\"og:site_name\" content=\"T\u1ed5ng c\u00f4ng ty Thi\u1ebft B\u1ecb \u0110i\u1ec7n \u0110\u00f4ng Anh\" \/>\n<meta property=\"article:modified_time\" content=\"2025-03-19T09:24:33+00:00\" \/>\n<meta property=\"og:image\" content=\"https:\/\/eemc.com.vn\/wp-content\/uploads\/2025\/03\/Than-LBS.jpg\" \/>\n\t<meta property=\"og:image:width\" content=\"2560\" \/>\n\t<meta property=\"og:image:height\" content=\"1659\" \/>\n\t<meta property=\"og:image:type\" content=\"image\/jpeg\" \/>\n<meta name=\"twitter:card\" content=\"summary_large_image\" \/>\n<meta name=\"twitter:label1\" content=\"Est. reading time\" \/>\n\t<meta name=\"twitter:data1\" content=\"1 minute\" \/>\n<script type=\"application\/ld+json\" class=\"yoast-schema-graph\">{\"@context\":\"https:\/\/schema.org\",\"@graph\":[{\"@type\":\"WebPage\",\"@id\":\"https:\/\/eemc.com.vn\/en\/product\/lbs-38kv\",\"url\":\"https:\/\/eemc.com.vn\/en\/product\/lbs-38kv\",\"name\":\"LBS 38kV - T\u1ed5ng c\u00f4ng ty Thi\u1ebft B\u1ecb \u0110i\u1ec7n \u0110\u00f4ng Anh\",\"isPartOf\":{\"@id\":\"https:\/\/eemc.com.vn\/en#website\"},\"primaryImageOfPage\":{\"@id\":\"https:\/\/eemc.com.vn\/en\/product\/lbs-38kv#primaryimage\"},\"image\":{\"@id\":\"https:\/\/eemc.com.vn\/en\/product\/lbs-38kv#primaryimage\"},\"thumbnailUrl\":\"https:\/\/eemc.com.vn\/wp-content\/uploads\/2025\/03\/Than-LBS.jpg\",\"datePublished\":\"2025-03-06T03:24:00+00:00\",\"dateModified\":\"2025-03-19T09:24:33+00:00\",\"breadcrumb\":{\"@id\":\"https:\/\/eemc.com.vn\/en\/product\/lbs-38kv#breadcrumb\"},\"inLanguage\":\"en-US\",\"potentialAction\":[{\"@type\":\"ReadAction\",\"target\":[\"https:\/\/eemc.com.vn\/en\/product\/lbs-38kv\"]}]},{\"@type\":\"ImageObject\",\"inLanguage\":\"en-US\",\"@id\":\"https:\/\/eemc.com.vn\/en\/product\/lbs-38kv#primaryimage\",\"url\":\"https:\/\/eemc.com.vn\/wp-content\/uploads\/2025\/03\/Than-LBS.jpg\",\"contentUrl\":\"https:\/\/eemc.com.vn\/wp-content\/uploads\/2025\/03\/Than-LBS.jpg\",\"width\":2560,\"height\":1659},{\"@type\":\"BreadcrumbList\",\"@id\":\"https:\/\/eemc.com.vn\/en\/product\/lbs-38kv#breadcrumb\",\"itemListElement\":[{\"@type\":\"ListItem\",\"position\":1,\"name\":\"HomeTrang ch\u1ee7\",\"item\":\"https:\/\/eemc.com.vn\/en\"},{\"@type\":\"ListItem\",\"position\":2,\"name\":\"Shop\",\"item\":\"https:\/\/eemc.com.vn\/en\/shop\"},{\"@type\":\"ListItem\",\"position\":3,\"name\":\"LBS 38kV\"}]},{\"@type\":\"WebSite\",\"@id\":\"https:\/\/eemc.com.vn\/en#website\",\"url\":\"https:\/\/eemc.com.vn\/en\",\"name\":\"T\u1ed5ng c\u00f4ng ty Thi\u1ebft B\u1ecb \u0110i\u1ec7n \u0110\u00f4ng Anh\",\"description\":\"m\u00e1y bi\u1ebfn \u00e1p \u0110\u00f4ng Anh\",\"publisher\":{\"@id\":\"https:\/\/eemc.com.vn\/en#organization\"},\"potentialAction\":[{\"@type\":\"SearchAction\",\"target\":{\"@type\":\"EntryPoint\",\"urlTemplate\":\"https:\/\/eemc.com.vn\/en?s={search_term_string}\"},\"query-input\":{\"@type\":\"PropertyValueSpecification\",\"valueRequired\":true,\"valueName\":\"search_term_string\"}}],\"inLanguage\":\"en-US\"},{\"@type\":\"Organization\",\"@id\":\"https:\/\/eemc.com.vn\/en#organization\",\"name\":\"T\u1ed5ng c\u00f4ng ty thi\u1ebft b\u1ecb \u0111i\u1ec7n \u0110\u00f4ng Anh\",\"alternateName\":\"EEMC\",\"url\":\"https:\/\/eemc.com.vn\/en\",\"logo\":{\"@type\":\"ImageObject\",\"inLanguage\":\"en-US\",\"@id\":\"https:\/\/eemc.com.vn\/en#\/schema\/logo\/image\/\",\"url\":\"https:\/\/eemc.com.vn\/wp-content\/uploads\/2025\/03\/logo-EEMC-2025-ng-TV-scaled.jpg\",\"contentUrl\":\"https:\/\/eemc.com.vn\/wp-content\/uploads\/2025\/03\/logo-EEMC-2025-ng-TV-scaled.jpg\",\"width\":2560,\"height\":1037,\"caption\":\"T\u1ed5ng c\u00f4ng ty thi\u1ebft b\u1ecb \u0111i\u1ec7n \u0110\u00f4ng Anh\"},\"image\":{\"@id\":\"https:\/\/eemc.com.vn\/en#\/schema\/logo\/image\/\"}}]}<\/script>\n<!-- \/ Yoast SEO plugin. -->","yoast_head_json":{"title":"LBS 38kV - T\u1ed5ng c\u00f4ng ty Thi\u1ebft B\u1ecb \u0110i\u1ec7n \u0110\u00f4ng Anh","robots":{"index":"index","follow":"follow","max-snippet":"max-snippet:-1","max-image-preview":"max-image-preview:large","max-video-preview":"max-video-preview:-1"},"canonical":"https:\/\/eemc.com.vn\/en\/product\/lbs-38kv","og_locale":"en_US","og_type":"article","og_title":"LBS 38kV - T\u1ed5ng c\u00f4ng ty Thi\u1ebft B\u1ecb \u0110i\u1ec7n \u0110\u00f4ng Anh","og_description":"Dao c\u1eaft ph\u1ee5 t\u1ea3i l\u00e0 lo\u1ea1i kh\u00ed c\u1ee5 \u0111i\u1ec7n \u0111\u01b0\u1ee3c s\u1eed d\u1ee5ng \u0111\u1ec3 c\u1eaft \u0111\u01b0\u1eddng d\u00e2y trung th\u1ebf \u0111ang mang t\u1ea3i. Kh\u00e1c v\u1edbi c\u1ea7u dao ph\u1ee5 t\u1ea3i, dao c\u1eaft ph\u1ee5 t\u1ea3i c\u00f3 kh\u1ea3 n\u0103ng c\u1eaft c\u00f3 t\u1ea3i nh\u1edd c\u00f3 bu\u1ed3ng d\u1eadp h\u1ed3 quang ch\u1ee9a kh\u00ed SF6. Dao c\u1eaft ph\u1ee5 t\u1ea3i th\u01b0\u1eddng \u0111\u01b0\u1ee3c l\u1eafp \u0111\u1eb7t \u0111\u1ec3 ph\u1ed1i h\u1ee3p ch\u1ee9c n\u0103ng v\u1edbi c\u00e1c Recloser \u0111\u1ec3 ph\u00e2n v\u00f9ng s\u1ef1 c\u1ed1 tr\u00ean l\u01b0\u1edbi \u0111i\u1ec7n, t\u1eeb \u0111\u00f3 n\u00e2ng cao \u0111\u1ed9 tin c\u1eady c\u1ee7a l\u01b0\u1edbi \u0111i\u1ec7n.","og_url":"https:\/\/eemc.com.vn\/en\/product\/lbs-38kv","og_site_name":"T\u1ed5ng c\u00f4ng ty Thi\u1ebft B\u1ecb \u0110i\u1ec7n \u0110\u00f4ng Anh","article_modified_time":"2025-03-19T09:24:33+00:00","og_image":[{"width":2560,"height":1659,"url":"https:\/\/eemc.com.vn\/wp-content\/uploads\/2025\/03\/Than-LBS.jpg","type":"image\/jpeg"}],"twitter_card":"summary_large_image","twitter_misc":{"Est. reading time":"1 minute"},"schema":{"@context":"https:\/\/schema.org","@graph":[{"@type":"WebPage","@id":"https:\/\/eemc.com.vn\/en\/product\/lbs-38kv","url":"https:\/\/eemc.com.vn\/en\/product\/lbs-38kv","name":"LBS 38kV - T\u1ed5ng c\u00f4ng ty Thi\u1ebft B\u1ecb \u0110i\u1ec7n \u0110\u00f4ng Anh","isPartOf":{"@id":"https:\/\/eemc.com.vn\/en#website"},"primaryImageOfPage":{"@id":"https:\/\/eemc.com.vn\/en\/product\/lbs-38kv#primaryimage"},"image":{"@id":"https:\/\/eemc.com.vn\/en\/product\/lbs-38kv#primaryimage"},"thumbnailUrl":"https:\/\/eemc.com.vn\/wp-content\/uploads\/2025\/03\/Than-LBS.jpg","datePublished":"2025-03-06T03:24:00+00:00","dateModified":"2025-03-19T09:24:33+00:00","breadcrumb":{"@id":"https:\/\/eemc.com.vn\/en\/product\/lbs-38kv#breadcrumb"},"inLanguage":"en-US","potentialAction":[{"@type":"ReadAction","target":["https:\/\/eemc.com.vn\/en\/product\/lbs-38kv"]}]},{"@type":"ImageObject","inLanguage":"en-US","@id":"https:\/\/eemc.com.vn\/en\/product\/lbs-38kv#primaryimage","url":"https:\/\/eemc.com.vn\/wp-content\/uploads\/2025\/03\/Than-LBS.jpg","contentUrl":"https:\/\/eemc.com.vn\/wp-content\/uploads\/2025\/03\/Than-LBS.jpg","width":2560,"height":1659},{"@type":"BreadcrumbList","@id":"https:\/\/eemc.com.vn\/en\/product\/lbs-38kv#breadcrumb","itemListElement":[{"@type":"ListItem","position":1,"name":"HomeTrang ch\u1ee7","item":"https:\/\/eemc.com.vn\/en"},{"@type":"ListItem","position":2,"name":"Shop","item":"https:\/\/eemc.com.vn\/en\/shop"},{"@type":"ListItem","position":3,"name":"LBS 38kV"}]},{"@type":"WebSite","@id":"https:\/\/eemc.com.vn\/en#website","url":"https:\/\/eemc.com.vn\/en","name":"T\u1ed5ng c\u00f4ng ty Thi\u1ebft B\u1ecb \u0110i\u1ec7n \u0110\u00f4ng Anh","description":"m\u00e1y bi\u1ebfn \u00e1p \u0110\u00f4ng Anh","publisher":{"@id":"https:\/\/eemc.com.vn\/en#organization"},"potentialAction":[{"@type":"SearchAction","target":{"@type":"EntryPoint","urlTemplate":"https:\/\/eemc.com.vn\/en?s={search_term_string}"},"query-input":{"@type":"PropertyValueSpecification","valueRequired":true,"valueName":"search_term_string"}}],"inLanguage":"en-US"},{"@type":"Organization","@id":"https:\/\/eemc.com.vn\/en#organization","name":"T\u1ed5ng c\u00f4ng ty thi\u1ebft b\u1ecb \u0111i\u1ec7n \u0110\u00f4ng Anh","alternateName":"EEMC","url":"https:\/\/eemc.com.vn\/en","logo":{"@type":"ImageObject","inLanguage":"en-US","@id":"https:\/\/eemc.com.vn\/en#\/schema\/logo\/image\/","url":"https:\/\/eemc.com.vn\/wp-content\/uploads\/2025\/03\/logo-EEMC-2025-ng-TV-scaled.jpg","contentUrl":"https:\/\/eemc.com.vn\/wp-content\/uploads\/2025\/03\/logo-EEMC-2025-ng-TV-scaled.jpg","width":2560,"height":1037,"caption":"T\u1ed5ng c\u00f4ng ty thi\u1ebft b\u1ecb \u0111i\u1ec7n \u0110\u00f4ng Anh"},"image":{"@id":"https:\/\/eemc.com.vn\/en#\/schema\/logo\/image\/"}}]}},"_links":{"self":[{"href":"https:\/\/eemc.com.vn\/en\/wp-json\/wp\/v2\/product\/15818","targetHints":{"allow":["GET"]}}],"collection":[{"href":"https:\/\/eemc.com.vn\/en\/wp-json\/wp\/v2\/product"}],"about":[{"href":"https:\/\/eemc.com.vn\/en\/wp-json\/wp\/v2\/types\/product"}],"wp:featuredmedia":[{"embeddable":true,"href":"https:\/\/eemc.com.vn\/en\/wp-json\/wp\/v2\/media\/15001"}],"wp:attachment":[{"href":"https:\/\/eemc.com.vn\/en\/wp-json\/wp\/v2\/media?parent=15818"}],"wp:term":[{"taxonomy":"product_brand","embeddable":true,"href":"https:\/\/eemc.com.vn\/en\/wp-json\/wp\/v2\/product_brand?post=15818"},{"taxonomy":"product_cat","embeddable":true,"href":"https:\/\/eemc.com.vn\/en\/wp-json\/wp\/v2\/product_cat?post=15818"},{"taxonomy":"product_tag","embeddable":true,"href":"https:\/\/eemc.com.vn\/en\/wp-json\/wp\/v2\/product_tag?post=15818"}],"curies":[{"name":"wp","href":"https:\/\/api.w.org\/{rel}","templated":true}]}}