{"id":15822,"date":"2025-03-06T10:10:58","date_gmt":"2025-03-06T03:10:58","guid":{"rendered":"https:\/\/eemc.com.vn\/product\/recloser-27kv"},"modified":"2025-03-19T16:28:49","modified_gmt":"2025-03-19T09:28:49","slug":"recloser-27kv","status":"publish","type":"product","link":"https:\/\/eemc.com.vn\/en\/product\/recloser-27kv","title":{"rendered":"Recloser 27kV"},"content":{"rendered":"<p>&nbsp;<\/p>\n<p><span class=\"fontstyle0\">Technical Specification<br \/>\n<\/span><\/p>\n<table class=\"NormalTable\" style=\"width: 92.8956%;\">\n<tbody>\n<tr>\n<td style=\"width: 554px;\" width=\"234\"><span class=\"fontstyle0\">Description <\/span><\/td>\n<td style=\"width: 343px; text-align: center;\" width=\"339\"><span class=\"fontstyle0\">Guaranteed Value<br \/>\nIEC62271-111<\/span><\/td>\n<\/tr>\n<tr>\n<td style=\"width: 554px;\" width=\"162\"><span class=\"fontstyle0\">Type <\/span><\/td>\n<td style=\"width: 343px; text-align: center;\" width=\"140\"><span class=\"fontstyle0\">SIREC <\/span><\/td>\n<\/tr>\n<tr>\n<td style=\"width: 554px;\" width=\"162\"><span class=\"fontstyle0\">Ratings<\/span><\/td>\n<td style=\"width: 343px; text-align: center;\"><\/td>\n<\/tr>\n<tr>\n<td style=\"width: 554px;\" width=\"162\"><span class=\"fontstyle2\">Maximum Voltage <\/span><\/td>\n<td style=\"width: 343px; text-align: center;\" width=\"140\"><span class=\"fontstyle2\">27kV <\/span><\/td>\n<\/tr>\n<tr>\n<td style=\"width: 554px;\" width=\"396\"><span class=\"fontstyle2\">Rated Continuous Current <\/span><\/td>\n<td style=\"width: 343px; text-align: center;\" width=\"140\"><span class=\"fontstyle2\">630A <\/span><\/td>\n<\/tr>\n<tr>\n<td style=\"width: 554px;\" width=\"162\"><span class=\"fontstyle2\">Rated Frequency <\/span><\/td>\n<td style=\"width: 343px; text-align: center;\" width=\"140\"><span class=\"fontstyle2\">50\/60Hz <\/span><\/td>\n<\/tr>\n<tr>\n<td style=\"width: 554px;\" width=\"396\"><span class=\"fontstyle2\">Mechanical Operations <\/span><\/td>\n<td style=\"width: 343px; text-align: center;\" width=\"140\"><span class=\"fontstyle2\">10,000times <\/span><\/td>\n<\/tr>\n<\/tbody>\n<\/table>\n<p><span class=\"fontstyle2\">* Other ratings are available upon request<\/span><\/p>\n<p>&nbsp;<\/p>\n","protected":false},"excerpt":{"rendered":"<p>M\u00e1y c\u1eaft t\u1ef1 \u0111\u1ed9ng \u0111\u00f3ng l\u1ea1i (Recloser) l\u00e0 lo\u1ea1i kh\u00ed c\u1ee5 \u0111i\u1ec7n \u0111\u01b0\u1ee3c s\u1eed d\u1ee5ng \u0111\u1ec3 b\u1ea3o v\u1ec7, \u0111\u00f3ng c\u1eaft \u0111\u01b0\u1eddng d\u00e2y trung th\u1ebf, n\u00f3 c\u00f3 ch\u1ee9c n\u0103ng t\u1ef1 \u0111\u00f3ng l\u1ea1i sau s\u1ef1 c\u1ed1, t\u1eeb \u0111\u00f3 gi\u1ea3m thi\u1ec3u c\u00e1c s\u1ef1 c\u1ed1 c\u1eaft \u0111i\u1ec7n nh\u1ea7m do c\u00e1c s\u1ef1 c\u1ed1 tho\u00e1ng qua. Recloser th\u01b0\u1eddng \u0111\u01b0\u1ee3c l\u1eafp \u0111\u1eb7t c\u00f9ng \u0111\u01b0\u1eddng d\u00e2y v\u1edbi c\u00e1c dao c\u1eaft ph\u1ee5 t\u1ea3i \u0111\u1ec3 t\u1ed1i \u0111a ho\u00e1 kh\u1ea3 n\u0103ng ph\u00e2n v\u00f9ng s\u1ef1 c\u1ed1 tr\u00ean l\u01b0\u1edbi \u0111i\u1ec7n.<\/p>\n<p>&nbsp;<\/p>\n","protected":false},"featured_media":14990,"template":"","meta":[],"product_brand":[],"product_cat":[1729],"product_tag":[],"class_list":{"0":"post-15822","1":"product","2":"type-product","3":"status-publish","4":"has-post-thumbnail","6":"product_cat-may-cat-tu-dong-lap-lai-recloser-en","7":"pa_loai-thiet-bi-recloser-en","8":"pa_thuong-hieu-shinsung-en","10":"first","11":"instock","12":"shipping-taxable","13":"product-type-simple"},"yoast_head":"<!-- This site is optimized with the Yoast SEO plugin v26.8 - https:\/\/yoast.com\/product\/yoast-seo-wordpress\/ -->\n<title>Recloser 27kV - T\u1ed5ng c\u00f4ng ty Thi\u1ebft B\u1ecb \u0110i\u1ec7n \u0110\u00f4ng Anh<\/title>\n<meta name=\"robots\" content=\"index, follow, max-snippet:-1, max-image-preview:large, max-video-preview:-1\" \/>\n<link rel=\"canonical\" href=\"https:\/\/eemc.com.vn\/en\/product\/recloser-27kv\" \/>\n<meta property=\"og:locale\" content=\"en_US\" \/>\n<meta property=\"og:type\" content=\"article\" \/>\n<meta property=\"og:title\" content=\"Recloser 27kV - T\u1ed5ng c\u00f4ng ty Thi\u1ebft B\u1ecb \u0110i\u1ec7n \u0110\u00f4ng Anh\" \/>\n<meta property=\"og:description\" content=\"M\u00e1y c\u1eaft t\u1ef1 \u0111\u1ed9ng \u0111\u00f3ng l\u1ea1i (Recloser) l\u00e0 lo\u1ea1i kh\u00ed c\u1ee5 \u0111i\u1ec7n \u0111\u01b0\u1ee3c s\u1eed d\u1ee5ng \u0111\u1ec3 b\u1ea3o v\u1ec7, \u0111\u00f3ng c\u1eaft \u0111\u01b0\u1eddng d\u00e2y trung th\u1ebf, n\u00f3 c\u00f3 ch\u1ee9c n\u0103ng t\u1ef1 \u0111\u00f3ng l\u1ea1i sau s\u1ef1 c\u1ed1, t\u1eeb \u0111\u00f3 gi\u1ea3m thi\u1ec3u c\u00e1c s\u1ef1 c\u1ed1 c\u1eaft \u0111i\u1ec7n nh\u1ea7m do c\u00e1c s\u1ef1 c\u1ed1 tho\u00e1ng qua. Recloser th\u01b0\u1eddng \u0111\u01b0\u1ee3c l\u1eafp \u0111\u1eb7t c\u00f9ng \u0111\u01b0\u1eddng d\u00e2y v\u1edbi c\u00e1c dao c\u1eaft ph\u1ee5 t\u1ea3i \u0111\u1ec3 t\u1ed1i \u0111a ho\u00e1 kh\u1ea3 n\u0103ng ph\u00e2n v\u00f9ng s\u1ef1 c\u1ed1 tr\u00ean l\u01b0\u1edbi \u0111i\u1ec7n.  &nbsp;\" \/>\n<meta property=\"og:url\" content=\"https:\/\/eemc.com.vn\/en\/product\/recloser-27kv\" \/>\n<meta property=\"og:site_name\" content=\"T\u1ed5ng c\u00f4ng ty Thi\u1ebft B\u1ecb \u0110i\u1ec7n \u0110\u00f4ng Anh\" \/>\n<meta property=\"article:modified_time\" content=\"2025-03-19T09:28:49+00:00\" \/>\n<meta property=\"og:image\" content=\"https:\/\/eemc.com.vn\/wp-content\/uploads\/2025\/03\/Than-Recloser.jpg\" \/>\n\t<meta property=\"og:image:width\" content=\"2560\" \/>\n\t<meta property=\"og:image:height\" content=\"1659\" \/>\n\t<meta property=\"og:image:type\" content=\"image\/jpeg\" \/>\n<meta name=\"twitter:card\" content=\"summary_large_image\" \/>\n<meta name=\"twitter:label1\" content=\"Est. reading time\" \/>\n\t<meta name=\"twitter:data1\" content=\"1 minute\" \/>\n<script type=\"application\/ld+json\" class=\"yoast-schema-graph\">{\"@context\":\"https:\/\/schema.org\",\"@graph\":[{\"@type\":\"WebPage\",\"@id\":\"https:\/\/eemc.com.vn\/en\/product\/recloser-27kv\",\"url\":\"https:\/\/eemc.com.vn\/en\/product\/recloser-27kv\",\"name\":\"Recloser 27kV - T\u1ed5ng c\u00f4ng ty Thi\u1ebft B\u1ecb \u0110i\u1ec7n \u0110\u00f4ng Anh\",\"isPartOf\":{\"@id\":\"https:\/\/eemc.com.vn\/en#website\"},\"primaryImageOfPage\":{\"@id\":\"https:\/\/eemc.com.vn\/en\/product\/recloser-27kv#primaryimage\"},\"image\":{\"@id\":\"https:\/\/eemc.com.vn\/en\/product\/recloser-27kv#primaryimage\"},\"thumbnailUrl\":\"https:\/\/eemc.com.vn\/wp-content\/uploads\/2025\/03\/Than-Recloser.jpg\",\"datePublished\":\"2025-03-06T03:10:58+00:00\",\"dateModified\":\"2025-03-19T09:28:49+00:00\",\"breadcrumb\":{\"@id\":\"https:\/\/eemc.com.vn\/en\/product\/recloser-27kv#breadcrumb\"},\"inLanguage\":\"en-US\",\"potentialAction\":[{\"@type\":\"ReadAction\",\"target\":[\"https:\/\/eemc.com.vn\/en\/product\/recloser-27kv\"]}]},{\"@type\":\"ImageObject\",\"inLanguage\":\"en-US\",\"@id\":\"https:\/\/eemc.com.vn\/en\/product\/recloser-27kv#primaryimage\",\"url\":\"https:\/\/eemc.com.vn\/wp-content\/uploads\/2025\/03\/Than-Recloser.jpg\",\"contentUrl\":\"https:\/\/eemc.com.vn\/wp-content\/uploads\/2025\/03\/Than-Recloser.jpg\",\"width\":2560,\"height\":1659},{\"@type\":\"BreadcrumbList\",\"@id\":\"https:\/\/eemc.com.vn\/en\/product\/recloser-27kv#breadcrumb\",\"itemListElement\":[{\"@type\":\"ListItem\",\"position\":1,\"name\":\"HomeTrang ch\u1ee7\",\"item\":\"https:\/\/eemc.com.vn\/en\"},{\"@type\":\"ListItem\",\"position\":2,\"name\":\"Shop\",\"item\":\"https:\/\/eemc.com.vn\/en\/shop\"},{\"@type\":\"ListItem\",\"position\":3,\"name\":\"Recloser 27kV\"}]},{\"@type\":\"WebSite\",\"@id\":\"https:\/\/eemc.com.vn\/en#website\",\"url\":\"https:\/\/eemc.com.vn\/en\",\"name\":\"T\u1ed5ng c\u00f4ng ty Thi\u1ebft B\u1ecb \u0110i\u1ec7n \u0110\u00f4ng Anh\",\"description\":\"m\u00e1y bi\u1ebfn \u00e1p \u0110\u00f4ng Anh\",\"publisher\":{\"@id\":\"https:\/\/eemc.com.vn\/en#organization\"},\"potentialAction\":[{\"@type\":\"SearchAction\",\"target\":{\"@type\":\"EntryPoint\",\"urlTemplate\":\"https:\/\/eemc.com.vn\/en?s={search_term_string}\"},\"query-input\":{\"@type\":\"PropertyValueSpecification\",\"valueRequired\":true,\"valueName\":\"search_term_string\"}}],\"inLanguage\":\"en-US\"},{\"@type\":\"Organization\",\"@id\":\"https:\/\/eemc.com.vn\/en#organization\",\"name\":\"T\u1ed5ng c\u00f4ng ty thi\u1ebft b\u1ecb \u0111i\u1ec7n \u0110\u00f4ng Anh\",\"alternateName\":\"EEMC\",\"url\":\"https:\/\/eemc.com.vn\/en\",\"logo\":{\"@type\":\"ImageObject\",\"inLanguage\":\"en-US\",\"@id\":\"https:\/\/eemc.com.vn\/en#\/schema\/logo\/image\/\",\"url\":\"https:\/\/eemc.com.vn\/wp-content\/uploads\/2025\/03\/logo-EEMC-2025-ng-TV-scaled.jpg\",\"contentUrl\":\"https:\/\/eemc.com.vn\/wp-content\/uploads\/2025\/03\/logo-EEMC-2025-ng-TV-scaled.jpg\",\"width\":2560,\"height\":1037,\"caption\":\"T\u1ed5ng c\u00f4ng ty thi\u1ebft b\u1ecb \u0111i\u1ec7n \u0110\u00f4ng Anh\"},\"image\":{\"@id\":\"https:\/\/eemc.com.vn\/en#\/schema\/logo\/image\/\"}}]}<\/script>\n<!-- \/ Yoast SEO plugin. -->","yoast_head_json":{"title":"Recloser 27kV - T\u1ed5ng c\u00f4ng ty Thi\u1ebft B\u1ecb \u0110i\u1ec7n \u0110\u00f4ng Anh","robots":{"index":"index","follow":"follow","max-snippet":"max-snippet:-1","max-image-preview":"max-image-preview:large","max-video-preview":"max-video-preview:-1"},"canonical":"https:\/\/eemc.com.vn\/en\/product\/recloser-27kv","og_locale":"en_US","og_type":"article","og_title":"Recloser 27kV - T\u1ed5ng c\u00f4ng ty Thi\u1ebft B\u1ecb \u0110i\u1ec7n \u0110\u00f4ng Anh","og_description":"M\u00e1y c\u1eaft t\u1ef1 \u0111\u1ed9ng \u0111\u00f3ng l\u1ea1i (Recloser) l\u00e0 lo\u1ea1i kh\u00ed c\u1ee5 \u0111i\u1ec7n \u0111\u01b0\u1ee3c s\u1eed d\u1ee5ng \u0111\u1ec3 b\u1ea3o v\u1ec7, \u0111\u00f3ng c\u1eaft \u0111\u01b0\u1eddng d\u00e2y trung th\u1ebf, n\u00f3 c\u00f3 ch\u1ee9c n\u0103ng t\u1ef1 \u0111\u00f3ng l\u1ea1i sau s\u1ef1 c\u1ed1, t\u1eeb \u0111\u00f3 gi\u1ea3m thi\u1ec3u c\u00e1c s\u1ef1 c\u1ed1 c\u1eaft \u0111i\u1ec7n nh\u1ea7m do c\u00e1c s\u1ef1 c\u1ed1 tho\u00e1ng qua. Recloser th\u01b0\u1eddng \u0111\u01b0\u1ee3c l\u1eafp \u0111\u1eb7t c\u00f9ng \u0111\u01b0\u1eddng d\u00e2y v\u1edbi c\u00e1c dao c\u1eaft ph\u1ee5 t\u1ea3i \u0111\u1ec3 t\u1ed1i \u0111a ho\u00e1 kh\u1ea3 n\u0103ng ph\u00e2n v\u00f9ng s\u1ef1 c\u1ed1 tr\u00ean l\u01b0\u1edbi \u0111i\u1ec7n.  &nbsp;","og_url":"https:\/\/eemc.com.vn\/en\/product\/recloser-27kv","og_site_name":"T\u1ed5ng c\u00f4ng ty Thi\u1ebft B\u1ecb \u0110i\u1ec7n \u0110\u00f4ng Anh","article_modified_time":"2025-03-19T09:28:49+00:00","og_image":[{"width":2560,"height":1659,"url":"https:\/\/eemc.com.vn\/wp-content\/uploads\/2025\/03\/Than-Recloser.jpg","type":"image\/jpeg"}],"twitter_card":"summary_large_image","twitter_misc":{"Est. reading time":"1 minute"},"schema":{"@context":"https:\/\/schema.org","@graph":[{"@type":"WebPage","@id":"https:\/\/eemc.com.vn\/en\/product\/recloser-27kv","url":"https:\/\/eemc.com.vn\/en\/product\/recloser-27kv","name":"Recloser 27kV - T\u1ed5ng c\u00f4ng ty Thi\u1ebft B\u1ecb \u0110i\u1ec7n \u0110\u00f4ng Anh","isPartOf":{"@id":"https:\/\/eemc.com.vn\/en#website"},"primaryImageOfPage":{"@id":"https:\/\/eemc.com.vn\/en\/product\/recloser-27kv#primaryimage"},"image":{"@id":"https:\/\/eemc.com.vn\/en\/product\/recloser-27kv#primaryimage"},"thumbnailUrl":"https:\/\/eemc.com.vn\/wp-content\/uploads\/2025\/03\/Than-Recloser.jpg","datePublished":"2025-03-06T03:10:58+00:00","dateModified":"2025-03-19T09:28:49+00:00","breadcrumb":{"@id":"https:\/\/eemc.com.vn\/en\/product\/recloser-27kv#breadcrumb"},"inLanguage":"en-US","potentialAction":[{"@type":"ReadAction","target":["https:\/\/eemc.com.vn\/en\/product\/recloser-27kv"]}]},{"@type":"ImageObject","inLanguage":"en-US","@id":"https:\/\/eemc.com.vn\/en\/product\/recloser-27kv#primaryimage","url":"https:\/\/eemc.com.vn\/wp-content\/uploads\/2025\/03\/Than-Recloser.jpg","contentUrl":"https:\/\/eemc.com.vn\/wp-content\/uploads\/2025\/03\/Than-Recloser.jpg","width":2560,"height":1659},{"@type":"BreadcrumbList","@id":"https:\/\/eemc.com.vn\/en\/product\/recloser-27kv#breadcrumb","itemListElement":[{"@type":"ListItem","position":1,"name":"HomeTrang ch\u1ee7","item":"https:\/\/eemc.com.vn\/en"},{"@type":"ListItem","position":2,"name":"Shop","item":"https:\/\/eemc.com.vn\/en\/shop"},{"@type":"ListItem","position":3,"name":"Recloser 27kV"}]},{"@type":"WebSite","@id":"https:\/\/eemc.com.vn\/en#website","url":"https:\/\/eemc.com.vn\/en","name":"T\u1ed5ng c\u00f4ng ty Thi\u1ebft B\u1ecb \u0110i\u1ec7n \u0110\u00f4ng Anh","description":"m\u00e1y bi\u1ebfn \u00e1p \u0110\u00f4ng Anh","publisher":{"@id":"https:\/\/eemc.com.vn\/en#organization"},"potentialAction":[{"@type":"SearchAction","target":{"@type":"EntryPoint","urlTemplate":"https:\/\/eemc.com.vn\/en?s={search_term_string}"},"query-input":{"@type":"PropertyValueSpecification","valueRequired":true,"valueName":"search_term_string"}}],"inLanguage":"en-US"},{"@type":"Organization","@id":"https:\/\/eemc.com.vn\/en#organization","name":"T\u1ed5ng c\u00f4ng ty thi\u1ebft b\u1ecb \u0111i\u1ec7n \u0110\u00f4ng Anh","alternateName":"EEMC","url":"https:\/\/eemc.com.vn\/en","logo":{"@type":"ImageObject","inLanguage":"en-US","@id":"https:\/\/eemc.com.vn\/en#\/schema\/logo\/image\/","url":"https:\/\/eemc.com.vn\/wp-content\/uploads\/2025\/03\/logo-EEMC-2025-ng-TV-scaled.jpg","contentUrl":"https:\/\/eemc.com.vn\/wp-content\/uploads\/2025\/03\/logo-EEMC-2025-ng-TV-scaled.jpg","width":2560,"height":1037,"caption":"T\u1ed5ng c\u00f4ng ty thi\u1ebft b\u1ecb \u0111i\u1ec7n \u0110\u00f4ng Anh"},"image":{"@id":"https:\/\/eemc.com.vn\/en#\/schema\/logo\/image\/"}}]}},"_links":{"self":[{"href":"https:\/\/eemc.com.vn\/en\/wp-json\/wp\/v2\/product\/15822","targetHints":{"allow":["GET"]}}],"collection":[{"href":"https:\/\/eemc.com.vn\/en\/wp-json\/wp\/v2\/product"}],"about":[{"href":"https:\/\/eemc.com.vn\/en\/wp-json\/wp\/v2\/types\/product"}],"wp:featuredmedia":[{"embeddable":true,"href":"https:\/\/eemc.com.vn\/en\/wp-json\/wp\/v2\/media\/14990"}],"wp:attachment":[{"href":"https:\/\/eemc.com.vn\/en\/wp-json\/wp\/v2\/media?parent=15822"}],"wp:term":[{"taxonomy":"product_brand","embeddable":true,"href":"https:\/\/eemc.com.vn\/en\/wp-json\/wp\/v2\/product_brand?post=15822"},{"taxonomy":"product_cat","embeddable":true,"href":"https:\/\/eemc.com.vn\/en\/wp-json\/wp\/v2\/product_cat?post=15822"},{"taxonomy":"product_tag","embeddable":true,"href":"https:\/\/eemc.com.vn\/en\/wp-json\/wp\/v2\/product_tag?post=15822"}],"curies":[{"name":"wp","href":"https:\/\/api.w.org\/{rel}","templated":true}]}}