{"id":15823,"date":"2025-02-20T15:15:18","date_gmt":"2025-02-20T08:15:18","guid":{"rendered":"https:\/\/eemc.com.vn\/product\/relay-ied-ro-le-bao-ve"},"modified":"2025-03-19T16:29:46","modified_gmt":"2025-03-19T09:29:46","slug":"relay-ied-ro-le-bao-ve","status":"publish","type":"product","link":"https:\/\/eemc.com.vn\/en\/product\/relay-ied-ro-le-bao-ve","title":{"rendered":"RELAY &#038; IED"},"content":{"rendered":"<p>R\u01a1 le b\u1ea3o v\u1ec7 k\u1ef9 thu\u1eadt s\u1ed1 cho ph\u00e9p \u0111o l\u01b0\u1eddng c\u00e1c th\u00f4ng s\u1ed1 \u0111i\u1ec7n v\u00e0 ch\u1ee9c n\u0103ng r\u01a1le b\u1ea3o v\u1ec7 c\u00f3 \u0111\u1ed9 ch\u00ednh x\u00e1c cao cho c\u00e1c thi\u1ebft b\u1ecb \u0111i\u1ec7n \u0111\u00f3ng c\u1eaft.<br \/>\nThi\u1ebft b\u1ecb c\u00f3 t\u00edch h\u1ee3p m\u00e0n h\u00ecnh hi\u1ec3n th\u1ecb c\u00f3 th\u1ec3 l\u1eadp tr\u00ecnh \u0111i\u1ec1u khi\u1ec3n, gi\u00e1m s\u00e1t, ch\u1ee9c n\u0103ng b\u1ea3o v\u1ec7.<br \/>\nBao g\u1ed3m c\u00e1c lo\u1ea1i r\u01a1 le b\u1ea3o v\u1ec7 k\u1ef9 thu\u1eadt s\u1ed1 (VIPAM) v\u00e0 c\u00e1c lo\u1ea1i \u0111\u1ed3ng h\u1ed3 \u0111o t\u00edch h\u1ee3p \u0111a ch\u1ee9c n\u0103ng k\u1ef9 thu\u1eadt s\u1ed1 (VIMAC).<\/p>\n","protected":false},"excerpt":{"rendered":"<p>R\u01a1 le b\u1ea3o v\u1ec7 k\u1ef9 thu\u1eadt s\u1ed1 cho ph\u00e9p \u0111o l\u01b0\u1eddng c\u00e1c th\u00f4ng s\u1ed1 \u0111i\u1ec7n v\u00e0 ch\u1ee9c n\u0103ng r\u01a1le b\u1ea3o v\u1ec7 c\u00f3 \u0111\u1ed9 ch\u00ednh x\u00e1c cao cho c\u00e1c thi\u1ebft b\u1ecb \u0111i\u1ec7n \u0111\u00f3ng c\u1eaft. Thi\u1ebft b\u1ecb [&#8230;]\n","protected":false},"featured_media":14320,"template":"","meta":[],"product_brand":[],"product_cat":[1674,1770],"product_tag":[],"class_list":{"0":"post-15823","1":"product","2":"type-product","3":"status-publish","4":"has-post-thumbnail","6":"product_cat-vitzro-product","7":"product_cat-thiet-bi-bao-ve-en","8":"pa_loai-thiet-bi-thiet-bi-bao-ve-en","9":"pa_thuong-hieu-vitzro-en","11":"first","12":"instock","13":"shipping-taxable","14":"product-type-simple"},"yoast_head":"<!-- This site is optimized with the Yoast SEO plugin v26.8 - https:\/\/yoast.com\/product\/yoast-seo-wordpress\/ -->\n<title>RELAY &amp; IED - T\u1ed5ng c\u00f4ng ty Thi\u1ebft B\u1ecb \u0110i\u1ec7n \u0110\u00f4ng Anh<\/title>\n<meta name=\"robots\" content=\"index, follow, max-snippet:-1, max-image-preview:large, max-video-preview:-1\" \/>\n<link rel=\"canonical\" href=\"https:\/\/eemc.com.vn\/en\/product\/relay-ied-ro-le-bao-ve\" \/>\n<meta property=\"og:locale\" content=\"en_US\" \/>\n<meta property=\"og:type\" content=\"article\" \/>\n<meta property=\"og:title\" content=\"RELAY &amp; IED - T\u1ed5ng c\u00f4ng ty Thi\u1ebft B\u1ecb \u0110i\u1ec7n \u0110\u00f4ng Anh\" \/>\n<meta property=\"og:description\" content=\"R\u01a1 le b\u1ea3o v\u1ec7 k\u1ef9 thu\u1eadt s\u1ed1 cho ph\u00e9p \u0111o l\u01b0\u1eddng c\u00e1c th\u00f4ng s\u1ed1 \u0111i\u1ec7n v\u00e0 ch\u1ee9c n\u0103ng r\u01a1le b\u1ea3o v\u1ec7 c\u00f3 \u0111\u1ed9 ch\u00ednh x\u00e1c cao cho c\u00e1c thi\u1ebft b\u1ecb \u0111i\u1ec7n \u0111\u00f3ng c\u1eaft. Thi\u1ebft b\u1ecb [...]\" \/>\n<meta property=\"og:url\" content=\"https:\/\/eemc.com.vn\/en\/product\/relay-ied-ro-le-bao-ve\" \/>\n<meta property=\"og:site_name\" content=\"T\u1ed5ng c\u00f4ng ty Thi\u1ebft B\u1ecb \u0110i\u1ec7n \u0110\u00f4ng Anh\" \/>\n<meta property=\"article:modified_time\" content=\"2025-03-19T09:29:46+00:00\" \/>\n<meta property=\"og:image\" content=\"https:\/\/eemc.com.vn\/wp-content\/uploads\/2025\/02\/RELAY-IED2.jpg\" \/>\n\t<meta property=\"og:image:width\" content=\"741\" \/>\n\t<meta property=\"og:image:height\" content=\"540\" \/>\n\t<meta property=\"og:image:type\" content=\"image\/jpeg\" \/>\n<meta name=\"twitter:card\" content=\"summary_large_image\" \/>\n<meta name=\"twitter:label1\" content=\"Est. reading time\" \/>\n\t<meta name=\"twitter:data1\" content=\"1 minute\" \/>\n<script type=\"application\/ld+json\" class=\"yoast-schema-graph\">{\"@context\":\"https:\/\/schema.org\",\"@graph\":[{\"@type\":\"WebPage\",\"@id\":\"https:\/\/eemc.com.vn\/en\/product\/relay-ied-ro-le-bao-ve\",\"url\":\"https:\/\/eemc.com.vn\/en\/product\/relay-ied-ro-le-bao-ve\",\"name\":\"RELAY & IED - T\u1ed5ng c\u00f4ng ty Thi\u1ebft B\u1ecb \u0110i\u1ec7n \u0110\u00f4ng Anh\",\"isPartOf\":{\"@id\":\"https:\/\/eemc.com.vn\/en#website\"},\"primaryImageOfPage\":{\"@id\":\"https:\/\/eemc.com.vn\/en\/product\/relay-ied-ro-le-bao-ve#primaryimage\"},\"image\":{\"@id\":\"https:\/\/eemc.com.vn\/en\/product\/relay-ied-ro-le-bao-ve#primaryimage\"},\"thumbnailUrl\":\"https:\/\/eemc.com.vn\/wp-content\/uploads\/2025\/02\/RELAY-IED2.jpg\",\"datePublished\":\"2025-02-20T08:15:18+00:00\",\"dateModified\":\"2025-03-19T09:29:46+00:00\",\"breadcrumb\":{\"@id\":\"https:\/\/eemc.com.vn\/en\/product\/relay-ied-ro-le-bao-ve#breadcrumb\"},\"inLanguage\":\"en-US\",\"potentialAction\":[{\"@type\":\"ReadAction\",\"target\":[\"https:\/\/eemc.com.vn\/en\/product\/relay-ied-ro-le-bao-ve\"]}]},{\"@type\":\"ImageObject\",\"inLanguage\":\"en-US\",\"@id\":\"https:\/\/eemc.com.vn\/en\/product\/relay-ied-ro-le-bao-ve#primaryimage\",\"url\":\"https:\/\/eemc.com.vn\/wp-content\/uploads\/2025\/02\/RELAY-IED2.jpg\",\"contentUrl\":\"https:\/\/eemc.com.vn\/wp-content\/uploads\/2025\/02\/RELAY-IED2.jpg\",\"width\":741,\"height\":540},{\"@type\":\"BreadcrumbList\",\"@id\":\"https:\/\/eemc.com.vn\/en\/product\/relay-ied-ro-le-bao-ve#breadcrumb\",\"itemListElement\":[{\"@type\":\"ListItem\",\"position\":1,\"name\":\"HomeTrang ch\u1ee7\",\"item\":\"https:\/\/eemc.com.vn\/en\"},{\"@type\":\"ListItem\",\"position\":2,\"name\":\"Shop\",\"item\":\"https:\/\/eemc.com.vn\/en\/shop\"},{\"@type\":\"ListItem\",\"position\":3,\"name\":\"RELAY &#038; IED\"}]},{\"@type\":\"WebSite\",\"@id\":\"https:\/\/eemc.com.vn\/en#website\",\"url\":\"https:\/\/eemc.com.vn\/en\",\"name\":\"T\u1ed5ng c\u00f4ng ty Thi\u1ebft B\u1ecb \u0110i\u1ec7n \u0110\u00f4ng Anh\",\"description\":\"m\u00e1y bi\u1ebfn \u00e1p \u0110\u00f4ng Anh\",\"publisher\":{\"@id\":\"https:\/\/eemc.com.vn\/en#organization\"},\"potentialAction\":[{\"@type\":\"SearchAction\",\"target\":{\"@type\":\"EntryPoint\",\"urlTemplate\":\"https:\/\/eemc.com.vn\/en?s={search_term_string}\"},\"query-input\":{\"@type\":\"PropertyValueSpecification\",\"valueRequired\":true,\"valueName\":\"search_term_string\"}}],\"inLanguage\":\"en-US\"},{\"@type\":\"Organization\",\"@id\":\"https:\/\/eemc.com.vn\/en#organization\",\"name\":\"T\u1ed5ng c\u00f4ng ty thi\u1ebft b\u1ecb \u0111i\u1ec7n \u0110\u00f4ng Anh\",\"alternateName\":\"EEMC\",\"url\":\"https:\/\/eemc.com.vn\/en\",\"logo\":{\"@type\":\"ImageObject\",\"inLanguage\":\"en-US\",\"@id\":\"https:\/\/eemc.com.vn\/en#\/schema\/logo\/image\/\",\"url\":\"https:\/\/eemc.com.vn\/wp-content\/uploads\/2025\/03\/logo-EEMC-2025-ng-TV-scaled.jpg\",\"contentUrl\":\"https:\/\/eemc.com.vn\/wp-content\/uploads\/2025\/03\/logo-EEMC-2025-ng-TV-scaled.jpg\",\"width\":2560,\"height\":1037,\"caption\":\"T\u1ed5ng c\u00f4ng ty thi\u1ebft b\u1ecb \u0111i\u1ec7n \u0110\u00f4ng Anh\"},\"image\":{\"@id\":\"https:\/\/eemc.com.vn\/en#\/schema\/logo\/image\/\"}}]}<\/script>\n<!-- \/ Yoast SEO plugin. -->","yoast_head_json":{"title":"RELAY & IED - T\u1ed5ng c\u00f4ng ty Thi\u1ebft B\u1ecb \u0110i\u1ec7n \u0110\u00f4ng Anh","robots":{"index":"index","follow":"follow","max-snippet":"max-snippet:-1","max-image-preview":"max-image-preview:large","max-video-preview":"max-video-preview:-1"},"canonical":"https:\/\/eemc.com.vn\/en\/product\/relay-ied-ro-le-bao-ve","og_locale":"en_US","og_type":"article","og_title":"RELAY & IED - T\u1ed5ng c\u00f4ng ty Thi\u1ebft B\u1ecb \u0110i\u1ec7n \u0110\u00f4ng Anh","og_description":"R\u01a1 le b\u1ea3o v\u1ec7 k\u1ef9 thu\u1eadt s\u1ed1 cho ph\u00e9p \u0111o l\u01b0\u1eddng c\u00e1c th\u00f4ng s\u1ed1 \u0111i\u1ec7n v\u00e0 ch\u1ee9c n\u0103ng r\u01a1le b\u1ea3o v\u1ec7 c\u00f3 \u0111\u1ed9 ch\u00ednh x\u00e1c cao cho c\u00e1c thi\u1ebft b\u1ecb \u0111i\u1ec7n \u0111\u00f3ng c\u1eaft. Thi\u1ebft b\u1ecb [...]","og_url":"https:\/\/eemc.com.vn\/en\/product\/relay-ied-ro-le-bao-ve","og_site_name":"T\u1ed5ng c\u00f4ng ty Thi\u1ebft B\u1ecb \u0110i\u1ec7n \u0110\u00f4ng Anh","article_modified_time":"2025-03-19T09:29:46+00:00","og_image":[{"width":741,"height":540,"url":"https:\/\/eemc.com.vn\/wp-content\/uploads\/2025\/02\/RELAY-IED2.jpg","type":"image\/jpeg"}],"twitter_card":"summary_large_image","twitter_misc":{"Est. reading time":"1 minute"},"schema":{"@context":"https:\/\/schema.org","@graph":[{"@type":"WebPage","@id":"https:\/\/eemc.com.vn\/en\/product\/relay-ied-ro-le-bao-ve","url":"https:\/\/eemc.com.vn\/en\/product\/relay-ied-ro-le-bao-ve","name":"RELAY & IED - T\u1ed5ng c\u00f4ng ty Thi\u1ebft B\u1ecb \u0110i\u1ec7n \u0110\u00f4ng Anh","isPartOf":{"@id":"https:\/\/eemc.com.vn\/en#website"},"primaryImageOfPage":{"@id":"https:\/\/eemc.com.vn\/en\/product\/relay-ied-ro-le-bao-ve#primaryimage"},"image":{"@id":"https:\/\/eemc.com.vn\/en\/product\/relay-ied-ro-le-bao-ve#primaryimage"},"thumbnailUrl":"https:\/\/eemc.com.vn\/wp-content\/uploads\/2025\/02\/RELAY-IED2.jpg","datePublished":"2025-02-20T08:15:18+00:00","dateModified":"2025-03-19T09:29:46+00:00","breadcrumb":{"@id":"https:\/\/eemc.com.vn\/en\/product\/relay-ied-ro-le-bao-ve#breadcrumb"},"inLanguage":"en-US","potentialAction":[{"@type":"ReadAction","target":["https:\/\/eemc.com.vn\/en\/product\/relay-ied-ro-le-bao-ve"]}]},{"@type":"ImageObject","inLanguage":"en-US","@id":"https:\/\/eemc.com.vn\/en\/product\/relay-ied-ro-le-bao-ve#primaryimage","url":"https:\/\/eemc.com.vn\/wp-content\/uploads\/2025\/02\/RELAY-IED2.jpg","contentUrl":"https:\/\/eemc.com.vn\/wp-content\/uploads\/2025\/02\/RELAY-IED2.jpg","width":741,"height":540},{"@type":"BreadcrumbList","@id":"https:\/\/eemc.com.vn\/en\/product\/relay-ied-ro-le-bao-ve#breadcrumb","itemListElement":[{"@type":"ListItem","position":1,"name":"HomeTrang ch\u1ee7","item":"https:\/\/eemc.com.vn\/en"},{"@type":"ListItem","position":2,"name":"Shop","item":"https:\/\/eemc.com.vn\/en\/shop"},{"@type":"ListItem","position":3,"name":"RELAY &#038; IED"}]},{"@type":"WebSite","@id":"https:\/\/eemc.com.vn\/en#website","url":"https:\/\/eemc.com.vn\/en","name":"T\u1ed5ng c\u00f4ng ty Thi\u1ebft B\u1ecb \u0110i\u1ec7n \u0110\u00f4ng Anh","description":"m\u00e1y bi\u1ebfn \u00e1p \u0110\u00f4ng Anh","publisher":{"@id":"https:\/\/eemc.com.vn\/en#organization"},"potentialAction":[{"@type":"SearchAction","target":{"@type":"EntryPoint","urlTemplate":"https:\/\/eemc.com.vn\/en?s={search_term_string}"},"query-input":{"@type":"PropertyValueSpecification","valueRequired":true,"valueName":"search_term_string"}}],"inLanguage":"en-US"},{"@type":"Organization","@id":"https:\/\/eemc.com.vn\/en#organization","name":"T\u1ed5ng c\u00f4ng ty thi\u1ebft b\u1ecb \u0111i\u1ec7n \u0110\u00f4ng Anh","alternateName":"EEMC","url":"https:\/\/eemc.com.vn\/en","logo":{"@type":"ImageObject","inLanguage":"en-US","@id":"https:\/\/eemc.com.vn\/en#\/schema\/logo\/image\/","url":"https:\/\/eemc.com.vn\/wp-content\/uploads\/2025\/03\/logo-EEMC-2025-ng-TV-scaled.jpg","contentUrl":"https:\/\/eemc.com.vn\/wp-content\/uploads\/2025\/03\/logo-EEMC-2025-ng-TV-scaled.jpg","width":2560,"height":1037,"caption":"T\u1ed5ng c\u00f4ng ty thi\u1ebft b\u1ecb \u0111i\u1ec7n \u0110\u00f4ng Anh"},"image":{"@id":"https:\/\/eemc.com.vn\/en#\/schema\/logo\/image\/"}}]}},"_links":{"self":[{"href":"https:\/\/eemc.com.vn\/en\/wp-json\/wp\/v2\/product\/15823","targetHints":{"allow":["GET"]}}],"collection":[{"href":"https:\/\/eemc.com.vn\/en\/wp-json\/wp\/v2\/product"}],"about":[{"href":"https:\/\/eemc.com.vn\/en\/wp-json\/wp\/v2\/types\/product"}],"wp:featuredmedia":[{"embeddable":true,"href":"https:\/\/eemc.com.vn\/en\/wp-json\/wp\/v2\/media\/14320"}],"wp:attachment":[{"href":"https:\/\/eemc.com.vn\/en\/wp-json\/wp\/v2\/media?parent=15823"}],"wp:term":[{"taxonomy":"product_brand","embeddable":true,"href":"https:\/\/eemc.com.vn\/en\/wp-json\/wp\/v2\/product_brand?post=15823"},{"taxonomy":"product_cat","embeddable":true,"href":"https:\/\/eemc.com.vn\/en\/wp-json\/wp\/v2\/product_cat?post=15823"},{"taxonomy":"product_tag","embeddable":true,"href":"https:\/\/eemc.com.vn\/en\/wp-json\/wp\/v2\/product_tag?post=15823"}],"curies":[{"name":"wp","href":"https:\/\/api.w.org\/{rel}","templated":true}]}}