{"id":15824,"date":"2025-02-20T15:13:17","date_gmt":"2025-02-20T08:13:17","guid":{"rendered":"https:\/\/eemc.com.vn\/product\/la-lightning-arresters-sa-surge-absorbers-thiet-bi-chong-set"},"modified":"2025-03-19T16:30:56","modified_gmt":"2025-03-19T09:30:56","slug":"la-lightning-arresters-sa-surge-absorbers-thiet-bi-chong-set","status":"publish","type":"product","link":"https:\/\/eemc.com.vn\/en\/product\/la-lightning-arresters-sa-surge-absorbers-thiet-bi-chong-set","title":{"rendered":"LA (LIGHTNING ARRESTERS)\/ SA (SURGE ABSORBERS)"},"content":{"rendered":"<p>Thi\u1ebft b\u1ecb s\u1eed d\u1ee5ng tr\u00ean l\u01b0\u1edbi \u0111i\u1ec7n \u0111\u1ec3 b\u1ea3o v\u1ec7 h\u1ec7 th\u1ed1ng \u0111i\u1ec7n tr\u00e1nh c\u00e1c t\u00e1c \u0111\u1ed9ng c\u1ee7a xung s\u00e9t.<br \/>\nCh\u1ed1ng s\u00e9t \u0111i\u1ec3n h\u00ecnh c\u00f3 m\u1ed9t \u0111\u1ea7u n\u1ed1i v\u1edbi \u0111\u01b0\u1eddng d\u00e2y, \u0111\u1ea7u c\u00f2n l\u1ea1i n\u1ed1i v\u1edbi \u0111\u1ea5t. Khi c\u00f3 tia s\u00e9t ho\u1eb7c qu\u00e1 \u0111i\u1ec7n \u00e1p do thao t\u00e1c (Switching surge) lan truy\u1ec1n d\u1ecdc \u0111\u01b0\u1eddng d\u00e2y \u0111\u1ebfn b\u1ed9 ch\u1ed1ng s\u00e9t, d\u00f2ng \u0111i\u1ec7n chuy\u1ec3n h\u01b0\u1edbng theo b\u1ed9 ch\u1ed1ng s\u00e9t, \u0111i xu\u1ed1ng \u0111\u1ea5t.<\/p>\n","protected":false},"excerpt":{"rendered":"<p>Thi\u1ebft b\u1ecb s\u1eed d\u1ee5ng tr\u00ean l\u01b0\u1edbi \u0111i\u1ec7n \u0111\u1ec3 b\u1ea3o v\u1ec7 h\u1ec7 th\u1ed1ng \u0111i\u1ec7n tr\u00e1nh c\u00e1c t\u00e1c \u0111\u1ed9ng c\u1ee7a xung s\u00e9t. Ch\u1ed1ng s\u00e9t \u0111i\u1ec3n h\u00ecnh c\u00f3 m\u1ed9t \u0111\u1ea7u n\u1ed1i v\u1edbi \u0111\u01b0\u1eddng d\u00e2y, \u0111\u1ea7u c\u00f2n l\u1ea1i n\u1ed1i [&#8230;]\n","protected":false},"featured_media":14309,"template":"","meta":[],"product_brand":[],"product_cat":[1674,1770],"product_tag":[],"class_list":{"0":"post-15824","1":"product","2":"type-product","3":"status-publish","4":"has-post-thumbnail","6":"product_cat-vitzro-product","7":"product_cat-thiet-bi-bao-ve-en","8":"pa_loai-thiet-bi-thiet-bi-bao-ve-en","9":"pa_thuong-hieu-shinsung-en","11":"first","12":"instock","13":"shipping-taxable","14":"product-type-simple"},"yoast_head":"<!-- This site is optimized with the Yoast SEO plugin v26.8 - https:\/\/yoast.com\/product\/yoast-seo-wordpress\/ -->\n<title>LA (LIGHTNING ARRESTERS)\/ SA (SURGE ABSORBERS) - T\u1ed5ng c\u00f4ng ty Thi\u1ebft B\u1ecb \u0110i\u1ec7n \u0110\u00f4ng Anh<\/title>\n<meta name=\"robots\" content=\"index, follow, max-snippet:-1, max-image-preview:large, max-video-preview:-1\" \/>\n<link rel=\"canonical\" href=\"https:\/\/eemc.com.vn\/en\/product\/la-lightning-arresters-sa-surge-absorbers-thiet-bi-chong-set\" \/>\n<meta property=\"og:locale\" content=\"en_US\" \/>\n<meta property=\"og:type\" content=\"article\" \/>\n<meta property=\"og:title\" content=\"LA (LIGHTNING ARRESTERS)\/ SA (SURGE ABSORBERS) - T\u1ed5ng c\u00f4ng ty Thi\u1ebft B\u1ecb \u0110i\u1ec7n \u0110\u00f4ng Anh\" \/>\n<meta property=\"og:description\" content=\"Thi\u1ebft b\u1ecb s\u1eed d\u1ee5ng tr\u00ean l\u01b0\u1edbi \u0111i\u1ec7n \u0111\u1ec3 b\u1ea3o v\u1ec7 h\u1ec7 th\u1ed1ng \u0111i\u1ec7n tr\u00e1nh c\u00e1c t\u00e1c \u0111\u1ed9ng c\u1ee7a xung s\u00e9t. Ch\u1ed1ng s\u00e9t \u0111i\u1ec3n h\u00ecnh c\u00f3 m\u1ed9t \u0111\u1ea7u n\u1ed1i v\u1edbi \u0111\u01b0\u1eddng d\u00e2y, \u0111\u1ea7u c\u00f2n l\u1ea1i n\u1ed1i [...]\" \/>\n<meta property=\"og:url\" content=\"https:\/\/eemc.com.vn\/en\/product\/la-lightning-arresters-sa-surge-absorbers-thiet-bi-chong-set\" \/>\n<meta property=\"og:site_name\" content=\"T\u1ed5ng c\u00f4ng ty Thi\u1ebft B\u1ecb \u0110i\u1ec7n \u0110\u00f4ng Anh\" \/>\n<meta property=\"article:modified_time\" content=\"2025-03-19T09:30:56+00:00\" \/>\n<meta property=\"og:image\" content=\"https:\/\/eemc.com.vn\/wp-content\/uploads\/2025\/02\/thiet-bi-chong-set2.jpg\" \/>\n\t<meta property=\"og:image:width\" content=\"590\" \/>\n\t<meta property=\"og:image:height\" content=\"768\" \/>\n\t<meta property=\"og:image:type\" content=\"image\/jpeg\" \/>\n<meta name=\"twitter:card\" content=\"summary_large_image\" \/>\n<meta name=\"twitter:label1\" content=\"Est. reading time\" \/>\n\t<meta name=\"twitter:data1\" content=\"1 minute\" \/>\n<script type=\"application\/ld+json\" class=\"yoast-schema-graph\">{\"@context\":\"https:\/\/schema.org\",\"@graph\":[{\"@type\":\"WebPage\",\"@id\":\"https:\/\/eemc.com.vn\/en\/product\/la-lightning-arresters-sa-surge-absorbers-thiet-bi-chong-set\",\"url\":\"https:\/\/eemc.com.vn\/en\/product\/la-lightning-arresters-sa-surge-absorbers-thiet-bi-chong-set\",\"name\":\"LA (LIGHTNING ARRESTERS)\/ SA (SURGE ABSORBERS) - T\u1ed5ng c\u00f4ng ty Thi\u1ebft B\u1ecb \u0110i\u1ec7n \u0110\u00f4ng Anh\",\"isPartOf\":{\"@id\":\"https:\/\/eemc.com.vn\/en#website\"},\"primaryImageOfPage\":{\"@id\":\"https:\/\/eemc.com.vn\/en\/product\/la-lightning-arresters-sa-surge-absorbers-thiet-bi-chong-set#primaryimage\"},\"image\":{\"@id\":\"https:\/\/eemc.com.vn\/en\/product\/la-lightning-arresters-sa-surge-absorbers-thiet-bi-chong-set#primaryimage\"},\"thumbnailUrl\":\"https:\/\/eemc.com.vn\/wp-content\/uploads\/2025\/02\/thiet-bi-chong-set2.jpg\",\"datePublished\":\"2025-02-20T08:13:17+00:00\",\"dateModified\":\"2025-03-19T09:30:56+00:00\",\"breadcrumb\":{\"@id\":\"https:\/\/eemc.com.vn\/en\/product\/la-lightning-arresters-sa-surge-absorbers-thiet-bi-chong-set#breadcrumb\"},\"inLanguage\":\"en-US\",\"potentialAction\":[{\"@type\":\"ReadAction\",\"target\":[\"https:\/\/eemc.com.vn\/en\/product\/la-lightning-arresters-sa-surge-absorbers-thiet-bi-chong-set\"]}]},{\"@type\":\"ImageObject\",\"inLanguage\":\"en-US\",\"@id\":\"https:\/\/eemc.com.vn\/en\/product\/la-lightning-arresters-sa-surge-absorbers-thiet-bi-chong-set#primaryimage\",\"url\":\"https:\/\/eemc.com.vn\/wp-content\/uploads\/2025\/02\/thiet-bi-chong-set2.jpg\",\"contentUrl\":\"https:\/\/eemc.com.vn\/wp-content\/uploads\/2025\/02\/thiet-bi-chong-set2.jpg\",\"width\":590,\"height\":768},{\"@type\":\"BreadcrumbList\",\"@id\":\"https:\/\/eemc.com.vn\/en\/product\/la-lightning-arresters-sa-surge-absorbers-thiet-bi-chong-set#breadcrumb\",\"itemListElement\":[{\"@type\":\"ListItem\",\"position\":1,\"name\":\"HomeTrang ch\u1ee7\",\"item\":\"https:\/\/eemc.com.vn\/en\"},{\"@type\":\"ListItem\",\"position\":2,\"name\":\"Shop\",\"item\":\"https:\/\/eemc.com.vn\/en\/shop\"},{\"@type\":\"ListItem\",\"position\":3,\"name\":\"LA (LIGHTNING ARRESTERS)\/ SA (SURGE ABSORBERS)\"}]},{\"@type\":\"WebSite\",\"@id\":\"https:\/\/eemc.com.vn\/en#website\",\"url\":\"https:\/\/eemc.com.vn\/en\",\"name\":\"T\u1ed5ng c\u00f4ng ty Thi\u1ebft B\u1ecb \u0110i\u1ec7n \u0110\u00f4ng Anh\",\"description\":\"m\u00e1y bi\u1ebfn \u00e1p \u0110\u00f4ng Anh\",\"publisher\":{\"@id\":\"https:\/\/eemc.com.vn\/en#organization\"},\"potentialAction\":[{\"@type\":\"SearchAction\",\"target\":{\"@type\":\"EntryPoint\",\"urlTemplate\":\"https:\/\/eemc.com.vn\/en?s={search_term_string}\"},\"query-input\":{\"@type\":\"PropertyValueSpecification\",\"valueRequired\":true,\"valueName\":\"search_term_string\"}}],\"inLanguage\":\"en-US\"},{\"@type\":\"Organization\",\"@id\":\"https:\/\/eemc.com.vn\/en#organization\",\"name\":\"T\u1ed5ng c\u00f4ng ty thi\u1ebft b\u1ecb \u0111i\u1ec7n \u0110\u00f4ng Anh\",\"alternateName\":\"EEMC\",\"url\":\"https:\/\/eemc.com.vn\/en\",\"logo\":{\"@type\":\"ImageObject\",\"inLanguage\":\"en-US\",\"@id\":\"https:\/\/eemc.com.vn\/en#\/schema\/logo\/image\/\",\"url\":\"https:\/\/eemc.com.vn\/wp-content\/uploads\/2025\/03\/logo-EEMC-2025-ng-TV-scaled.jpg\",\"contentUrl\":\"https:\/\/eemc.com.vn\/wp-content\/uploads\/2025\/03\/logo-EEMC-2025-ng-TV-scaled.jpg\",\"width\":2560,\"height\":1037,\"caption\":\"T\u1ed5ng c\u00f4ng ty thi\u1ebft b\u1ecb \u0111i\u1ec7n \u0110\u00f4ng Anh\"},\"image\":{\"@id\":\"https:\/\/eemc.com.vn\/en#\/schema\/logo\/image\/\"}}]}<\/script>\n<!-- \/ Yoast SEO plugin. -->","yoast_head_json":{"title":"LA (LIGHTNING ARRESTERS)\/ SA (SURGE ABSORBERS) - T\u1ed5ng c\u00f4ng ty Thi\u1ebft B\u1ecb \u0110i\u1ec7n \u0110\u00f4ng Anh","robots":{"index":"index","follow":"follow","max-snippet":"max-snippet:-1","max-image-preview":"max-image-preview:large","max-video-preview":"max-video-preview:-1"},"canonical":"https:\/\/eemc.com.vn\/en\/product\/la-lightning-arresters-sa-surge-absorbers-thiet-bi-chong-set","og_locale":"en_US","og_type":"article","og_title":"LA (LIGHTNING ARRESTERS)\/ SA (SURGE ABSORBERS) - T\u1ed5ng c\u00f4ng ty Thi\u1ebft B\u1ecb \u0110i\u1ec7n \u0110\u00f4ng Anh","og_description":"Thi\u1ebft b\u1ecb s\u1eed d\u1ee5ng tr\u00ean l\u01b0\u1edbi \u0111i\u1ec7n \u0111\u1ec3 b\u1ea3o v\u1ec7 h\u1ec7 th\u1ed1ng \u0111i\u1ec7n tr\u00e1nh c\u00e1c t\u00e1c \u0111\u1ed9ng c\u1ee7a xung s\u00e9t. Ch\u1ed1ng s\u00e9t \u0111i\u1ec3n h\u00ecnh c\u00f3 m\u1ed9t \u0111\u1ea7u n\u1ed1i v\u1edbi \u0111\u01b0\u1eddng d\u00e2y, \u0111\u1ea7u c\u00f2n l\u1ea1i n\u1ed1i [...]","og_url":"https:\/\/eemc.com.vn\/en\/product\/la-lightning-arresters-sa-surge-absorbers-thiet-bi-chong-set","og_site_name":"T\u1ed5ng c\u00f4ng ty Thi\u1ebft B\u1ecb \u0110i\u1ec7n \u0110\u00f4ng Anh","article_modified_time":"2025-03-19T09:30:56+00:00","og_image":[{"width":590,"height":768,"url":"https:\/\/eemc.com.vn\/wp-content\/uploads\/2025\/02\/thiet-bi-chong-set2.jpg","type":"image\/jpeg"}],"twitter_card":"summary_large_image","twitter_misc":{"Est. reading time":"1 minute"},"schema":{"@context":"https:\/\/schema.org","@graph":[{"@type":"WebPage","@id":"https:\/\/eemc.com.vn\/en\/product\/la-lightning-arresters-sa-surge-absorbers-thiet-bi-chong-set","url":"https:\/\/eemc.com.vn\/en\/product\/la-lightning-arresters-sa-surge-absorbers-thiet-bi-chong-set","name":"LA (LIGHTNING ARRESTERS)\/ SA (SURGE ABSORBERS) - T\u1ed5ng c\u00f4ng ty Thi\u1ebft B\u1ecb \u0110i\u1ec7n \u0110\u00f4ng Anh","isPartOf":{"@id":"https:\/\/eemc.com.vn\/en#website"},"primaryImageOfPage":{"@id":"https:\/\/eemc.com.vn\/en\/product\/la-lightning-arresters-sa-surge-absorbers-thiet-bi-chong-set#primaryimage"},"image":{"@id":"https:\/\/eemc.com.vn\/en\/product\/la-lightning-arresters-sa-surge-absorbers-thiet-bi-chong-set#primaryimage"},"thumbnailUrl":"https:\/\/eemc.com.vn\/wp-content\/uploads\/2025\/02\/thiet-bi-chong-set2.jpg","datePublished":"2025-02-20T08:13:17+00:00","dateModified":"2025-03-19T09:30:56+00:00","breadcrumb":{"@id":"https:\/\/eemc.com.vn\/en\/product\/la-lightning-arresters-sa-surge-absorbers-thiet-bi-chong-set#breadcrumb"},"inLanguage":"en-US","potentialAction":[{"@type":"ReadAction","target":["https:\/\/eemc.com.vn\/en\/product\/la-lightning-arresters-sa-surge-absorbers-thiet-bi-chong-set"]}]},{"@type":"ImageObject","inLanguage":"en-US","@id":"https:\/\/eemc.com.vn\/en\/product\/la-lightning-arresters-sa-surge-absorbers-thiet-bi-chong-set#primaryimage","url":"https:\/\/eemc.com.vn\/wp-content\/uploads\/2025\/02\/thiet-bi-chong-set2.jpg","contentUrl":"https:\/\/eemc.com.vn\/wp-content\/uploads\/2025\/02\/thiet-bi-chong-set2.jpg","width":590,"height":768},{"@type":"BreadcrumbList","@id":"https:\/\/eemc.com.vn\/en\/product\/la-lightning-arresters-sa-surge-absorbers-thiet-bi-chong-set#breadcrumb","itemListElement":[{"@type":"ListItem","position":1,"name":"HomeTrang ch\u1ee7","item":"https:\/\/eemc.com.vn\/en"},{"@type":"ListItem","position":2,"name":"Shop","item":"https:\/\/eemc.com.vn\/en\/shop"},{"@type":"ListItem","position":3,"name":"LA (LIGHTNING ARRESTERS)\/ SA (SURGE ABSORBERS)"}]},{"@type":"WebSite","@id":"https:\/\/eemc.com.vn\/en#website","url":"https:\/\/eemc.com.vn\/en","name":"T\u1ed5ng c\u00f4ng ty Thi\u1ebft B\u1ecb \u0110i\u1ec7n \u0110\u00f4ng Anh","description":"m\u00e1y bi\u1ebfn \u00e1p \u0110\u00f4ng Anh","publisher":{"@id":"https:\/\/eemc.com.vn\/en#organization"},"potentialAction":[{"@type":"SearchAction","target":{"@type":"EntryPoint","urlTemplate":"https:\/\/eemc.com.vn\/en?s={search_term_string}"},"query-input":{"@type":"PropertyValueSpecification","valueRequired":true,"valueName":"search_term_string"}}],"inLanguage":"en-US"},{"@type":"Organization","@id":"https:\/\/eemc.com.vn\/en#organization","name":"T\u1ed5ng c\u00f4ng ty thi\u1ebft b\u1ecb \u0111i\u1ec7n \u0110\u00f4ng Anh","alternateName":"EEMC","url":"https:\/\/eemc.com.vn\/en","logo":{"@type":"ImageObject","inLanguage":"en-US","@id":"https:\/\/eemc.com.vn\/en#\/schema\/logo\/image\/","url":"https:\/\/eemc.com.vn\/wp-content\/uploads\/2025\/03\/logo-EEMC-2025-ng-TV-scaled.jpg","contentUrl":"https:\/\/eemc.com.vn\/wp-content\/uploads\/2025\/03\/logo-EEMC-2025-ng-TV-scaled.jpg","width":2560,"height":1037,"caption":"T\u1ed5ng c\u00f4ng ty thi\u1ebft b\u1ecb \u0111i\u1ec7n \u0110\u00f4ng Anh"},"image":{"@id":"https:\/\/eemc.com.vn\/en#\/schema\/logo\/image\/"}}]}},"_links":{"self":[{"href":"https:\/\/eemc.com.vn\/en\/wp-json\/wp\/v2\/product\/15824","targetHints":{"allow":["GET"]}}],"collection":[{"href":"https:\/\/eemc.com.vn\/en\/wp-json\/wp\/v2\/product"}],"about":[{"href":"https:\/\/eemc.com.vn\/en\/wp-json\/wp\/v2\/types\/product"}],"wp:featuredmedia":[{"embeddable":true,"href":"https:\/\/eemc.com.vn\/en\/wp-json\/wp\/v2\/media\/14309"}],"wp:attachment":[{"href":"https:\/\/eemc.com.vn\/en\/wp-json\/wp\/v2\/media?parent=15824"}],"wp:term":[{"taxonomy":"product_brand","embeddable":true,"href":"https:\/\/eemc.com.vn\/en\/wp-json\/wp\/v2\/product_brand?post=15824"},{"taxonomy":"product_cat","embeddable":true,"href":"https:\/\/eemc.com.vn\/en\/wp-json\/wp\/v2\/product_cat?post=15824"},{"taxonomy":"product_tag","embeddable":true,"href":"https:\/\/eemc.com.vn\/en\/wp-json\/wp\/v2\/product_tag?post=15824"}],"curies":[{"name":"wp","href":"https:\/\/api.w.org\/{rel}","templated":true}]}}