{"id":15825,"date":"2025-02-20T15:10:56","date_gmt":"2025-02-20T08:10:56","guid":{"rendered":"https:\/\/eemc.com.vn\/product\/surge-protective-devicespd-thiet-bi-chong-set-lan-truyen"},"modified":"2025-03-19T16:37:47","modified_gmt":"2025-03-19T09:37:47","slug":"surge-protective-devicespd-thiet-bi-chong-set-lan-truyen","status":"publish","type":"product","link":"https:\/\/eemc.com.vn\/en\/product\/surge-protective-devicespd-thiet-bi-chong-set-lan-truyen","title":{"rendered":"SURGE PROTECTIVE DEVICE(SPD)"},"content":{"rendered":"<p>H\u1ea1n ch\u1ebf xung \u0111i\u1ec7n \u00e1p tho\u00e1ng qua b\u1eb1ng c\u00e1ch chuy\u1ec3n h\u01b0\u1edbng ho\u1eb7c h\u1ea1n ch\u1ebf d\u00f2ng \u0111i\u1ec7n \u0111\u1ed9t<br \/>\nbi\u1ebfn v\u00e0 c\u00f3 kh\u1ea3 n\u0103ng l\u1eb7p l\u1ea1i c\u00e1c ch\u1ee9c n\u0103ng n\u00e0y theo quy \u0111\u1ecbnh.<br \/>\nCh\u1ea5t l\u01b0\u1ee3ng theo ti\u00eau chu\u1ea9n IEC v\u00e0 KS.<br \/>\nC\u1ea7u ch\u00ec t\u00edch h\u1ee3p v\u1edbi ch\u1ee9c n\u0103ng c\u1eaft ph\u1ee5 t\u1ea3i.<br \/>\nT\u00ednh n\u0103ng b\u00e1o s\u1ef1 c\u1ed1 qu\u00e1 \u00e1p.<br \/>\n\u0110\u00e8n hi\u1ec3n th\u1ecb tr\u1ea1ng th\u00e1i ho\u1ea1t \u0111\u1ed9ng (\u0111\u00e8n LED).<br \/>\nD\u1ec5 d\u00e0ng l\u1eafp \u0111\u1eb7t, s\u1eed d\u1ee5ng v\u1edbi c\u1ea5u t\u1ea1o Plug In<\/p>\n","protected":false},"excerpt":{"rendered":"<p>H\u1ea1n ch\u1ebf xung \u0111i\u1ec7n \u00e1p tho\u00e1ng qua b\u1eb1ng c\u00e1ch chuy\u1ec3n h\u01b0\u1edbng ho\u1eb7c h\u1ea1n ch\u1ebf d\u00f2ng \u0111i\u1ec7n \u0111\u1ed9t bi\u1ebfn v\u00e0 c\u00f3 kh\u1ea3 n\u0103ng l\u1eb7p l\u1ea1i c\u00e1c ch\u1ee9c n\u0103ng n\u00e0y theo quy \u0111\u1ecbnh. Ch\u1ea5t l\u01b0\u1ee3ng theo ti\u00eau [&#8230;]\n","protected":false},"featured_media":14306,"template":"","meta":[],"product_brand":[],"product_cat":[1674,1770],"product_tag":[],"class_list":{"0":"post-15825","1":"product","2":"type-product","3":"status-publish","4":"has-post-thumbnail","6":"product_cat-vitzro-product","7":"product_cat-thiet-bi-bao-ve-en","8":"pa_loai-thiet-bi-thiet-bi-bao-ve-en","9":"pa_thuong-hieu-vitzro-en","11":"first","12":"instock","13":"shipping-taxable","14":"product-type-simple"},"yoast_head":"<!-- This site is optimized with the Yoast SEO plugin v26.8 - https:\/\/yoast.com\/product\/yoast-seo-wordpress\/ -->\n<title>SURGE PROTECTIVE DEVICE(SPD) - T\u1ed5ng c\u00f4ng ty Thi\u1ebft B\u1ecb \u0110i\u1ec7n \u0110\u00f4ng Anh<\/title>\n<meta name=\"robots\" content=\"index, follow, max-snippet:-1, max-image-preview:large, max-video-preview:-1\" \/>\n<link rel=\"canonical\" href=\"https:\/\/eemc.com.vn\/en\/product\/surge-protective-devicespd-thiet-bi-chong-set-lan-truyen\" \/>\n<meta property=\"og:locale\" content=\"en_US\" \/>\n<meta property=\"og:type\" content=\"article\" \/>\n<meta property=\"og:title\" content=\"SURGE PROTECTIVE DEVICE(SPD) - T\u1ed5ng c\u00f4ng ty Thi\u1ebft B\u1ecb \u0110i\u1ec7n \u0110\u00f4ng Anh\" \/>\n<meta property=\"og:description\" content=\"H\u1ea1n ch\u1ebf xung \u0111i\u1ec7n \u00e1p tho\u00e1ng qua b\u1eb1ng c\u00e1ch chuy\u1ec3n h\u01b0\u1edbng ho\u1eb7c h\u1ea1n ch\u1ebf d\u00f2ng \u0111i\u1ec7n \u0111\u1ed9t bi\u1ebfn v\u00e0 c\u00f3 kh\u1ea3 n\u0103ng l\u1eb7p l\u1ea1i c\u00e1c ch\u1ee9c n\u0103ng n\u00e0y theo quy \u0111\u1ecbnh. Ch\u1ea5t l\u01b0\u1ee3ng theo ti\u00eau [...]\" \/>\n<meta property=\"og:url\" content=\"https:\/\/eemc.com.vn\/en\/product\/surge-protective-devicespd-thiet-bi-chong-set-lan-truyen\" \/>\n<meta property=\"og:site_name\" content=\"T\u1ed5ng c\u00f4ng ty Thi\u1ebft B\u1ecb \u0110i\u1ec7n \u0110\u00f4ng Anh\" \/>\n<meta property=\"article:modified_time\" content=\"2025-03-19T09:37:47+00:00\" \/>\n<meta property=\"og:image\" content=\"https:\/\/eemc.com.vn\/wp-content\/uploads\/2025\/02\/thiet-bi-chong-set-lan-truyen.jpg\" \/>\n\t<meta property=\"og:image:width\" content=\"709\" \/>\n\t<meta property=\"og:image:height\" content=\"614\" \/>\n\t<meta property=\"og:image:type\" content=\"image\/jpeg\" \/>\n<meta name=\"twitter:card\" content=\"summary_large_image\" \/>\n<meta name=\"twitter:label1\" content=\"Est. reading time\" \/>\n\t<meta name=\"twitter:data1\" content=\"1 minute\" \/>\n<script type=\"application\/ld+json\" class=\"yoast-schema-graph\">{\"@context\":\"https:\/\/schema.org\",\"@graph\":[{\"@type\":\"WebPage\",\"@id\":\"https:\/\/eemc.com.vn\/en\/product\/surge-protective-devicespd-thiet-bi-chong-set-lan-truyen\",\"url\":\"https:\/\/eemc.com.vn\/en\/product\/surge-protective-devicespd-thiet-bi-chong-set-lan-truyen\",\"name\":\"SURGE PROTECTIVE DEVICE(SPD) - T\u1ed5ng c\u00f4ng ty Thi\u1ebft B\u1ecb \u0110i\u1ec7n \u0110\u00f4ng Anh\",\"isPartOf\":{\"@id\":\"https:\/\/eemc.com.vn\/en#website\"},\"primaryImageOfPage\":{\"@id\":\"https:\/\/eemc.com.vn\/en\/product\/surge-protective-devicespd-thiet-bi-chong-set-lan-truyen#primaryimage\"},\"image\":{\"@id\":\"https:\/\/eemc.com.vn\/en\/product\/surge-protective-devicespd-thiet-bi-chong-set-lan-truyen#primaryimage\"},\"thumbnailUrl\":\"https:\/\/eemc.com.vn\/wp-content\/uploads\/2025\/02\/thiet-bi-chong-set-lan-truyen.jpg\",\"datePublished\":\"2025-02-20T08:10:56+00:00\",\"dateModified\":\"2025-03-19T09:37:47+00:00\",\"breadcrumb\":{\"@id\":\"https:\/\/eemc.com.vn\/en\/product\/surge-protective-devicespd-thiet-bi-chong-set-lan-truyen#breadcrumb\"},\"inLanguage\":\"en-US\",\"potentialAction\":[{\"@type\":\"ReadAction\",\"target\":[\"https:\/\/eemc.com.vn\/en\/product\/surge-protective-devicespd-thiet-bi-chong-set-lan-truyen\"]}]},{\"@type\":\"ImageObject\",\"inLanguage\":\"en-US\",\"@id\":\"https:\/\/eemc.com.vn\/en\/product\/surge-protective-devicespd-thiet-bi-chong-set-lan-truyen#primaryimage\",\"url\":\"https:\/\/eemc.com.vn\/wp-content\/uploads\/2025\/02\/thiet-bi-chong-set-lan-truyen.jpg\",\"contentUrl\":\"https:\/\/eemc.com.vn\/wp-content\/uploads\/2025\/02\/thiet-bi-chong-set-lan-truyen.jpg\",\"width\":709,\"height\":614},{\"@type\":\"BreadcrumbList\",\"@id\":\"https:\/\/eemc.com.vn\/en\/product\/surge-protective-devicespd-thiet-bi-chong-set-lan-truyen#breadcrumb\",\"itemListElement\":[{\"@type\":\"ListItem\",\"position\":1,\"name\":\"HomeTrang ch\u1ee7\",\"item\":\"https:\/\/eemc.com.vn\/en\"},{\"@type\":\"ListItem\",\"position\":2,\"name\":\"Shop\",\"item\":\"https:\/\/eemc.com.vn\/en\/shop\"},{\"@type\":\"ListItem\",\"position\":3,\"name\":\"SURGE PROTECTIVE DEVICE(SPD)\"}]},{\"@type\":\"WebSite\",\"@id\":\"https:\/\/eemc.com.vn\/en#website\",\"url\":\"https:\/\/eemc.com.vn\/en\",\"name\":\"T\u1ed5ng c\u00f4ng ty Thi\u1ebft B\u1ecb \u0110i\u1ec7n \u0110\u00f4ng Anh\",\"description\":\"m\u00e1y bi\u1ebfn \u00e1p \u0110\u00f4ng Anh\",\"publisher\":{\"@id\":\"https:\/\/eemc.com.vn\/en#organization\"},\"potentialAction\":[{\"@type\":\"SearchAction\",\"target\":{\"@type\":\"EntryPoint\",\"urlTemplate\":\"https:\/\/eemc.com.vn\/en?s={search_term_string}\"},\"query-input\":{\"@type\":\"PropertyValueSpecification\",\"valueRequired\":true,\"valueName\":\"search_term_string\"}}],\"inLanguage\":\"en-US\"},{\"@type\":\"Organization\",\"@id\":\"https:\/\/eemc.com.vn\/en#organization\",\"name\":\"T\u1ed5ng c\u00f4ng ty thi\u1ebft b\u1ecb \u0111i\u1ec7n \u0110\u00f4ng Anh\",\"alternateName\":\"EEMC\",\"url\":\"https:\/\/eemc.com.vn\/en\",\"logo\":{\"@type\":\"ImageObject\",\"inLanguage\":\"en-US\",\"@id\":\"https:\/\/eemc.com.vn\/en#\/schema\/logo\/image\/\",\"url\":\"https:\/\/eemc.com.vn\/wp-content\/uploads\/2025\/03\/logo-EEMC-2025-ng-TV-scaled.jpg\",\"contentUrl\":\"https:\/\/eemc.com.vn\/wp-content\/uploads\/2025\/03\/logo-EEMC-2025-ng-TV-scaled.jpg\",\"width\":2560,\"height\":1037,\"caption\":\"T\u1ed5ng c\u00f4ng ty thi\u1ebft b\u1ecb \u0111i\u1ec7n \u0110\u00f4ng Anh\"},\"image\":{\"@id\":\"https:\/\/eemc.com.vn\/en#\/schema\/logo\/image\/\"}}]}<\/script>\n<!-- \/ Yoast SEO plugin. -->","yoast_head_json":{"title":"SURGE PROTECTIVE DEVICE(SPD) - T\u1ed5ng c\u00f4ng ty Thi\u1ebft B\u1ecb \u0110i\u1ec7n \u0110\u00f4ng Anh","robots":{"index":"index","follow":"follow","max-snippet":"max-snippet:-1","max-image-preview":"max-image-preview:large","max-video-preview":"max-video-preview:-1"},"canonical":"https:\/\/eemc.com.vn\/en\/product\/surge-protective-devicespd-thiet-bi-chong-set-lan-truyen","og_locale":"en_US","og_type":"article","og_title":"SURGE PROTECTIVE DEVICE(SPD) - T\u1ed5ng c\u00f4ng ty Thi\u1ebft B\u1ecb \u0110i\u1ec7n \u0110\u00f4ng Anh","og_description":"H\u1ea1n ch\u1ebf xung \u0111i\u1ec7n \u00e1p tho\u00e1ng qua b\u1eb1ng c\u00e1ch chuy\u1ec3n h\u01b0\u1edbng ho\u1eb7c h\u1ea1n ch\u1ebf d\u00f2ng \u0111i\u1ec7n \u0111\u1ed9t bi\u1ebfn v\u00e0 c\u00f3 kh\u1ea3 n\u0103ng l\u1eb7p l\u1ea1i c\u00e1c ch\u1ee9c n\u0103ng n\u00e0y theo quy \u0111\u1ecbnh. Ch\u1ea5t l\u01b0\u1ee3ng theo ti\u00eau [...]","og_url":"https:\/\/eemc.com.vn\/en\/product\/surge-protective-devicespd-thiet-bi-chong-set-lan-truyen","og_site_name":"T\u1ed5ng c\u00f4ng ty Thi\u1ebft B\u1ecb \u0110i\u1ec7n \u0110\u00f4ng Anh","article_modified_time":"2025-03-19T09:37:47+00:00","og_image":[{"width":709,"height":614,"url":"https:\/\/eemc.com.vn\/wp-content\/uploads\/2025\/02\/thiet-bi-chong-set-lan-truyen.jpg","type":"image\/jpeg"}],"twitter_card":"summary_large_image","twitter_misc":{"Est. reading time":"1 minute"},"schema":{"@context":"https:\/\/schema.org","@graph":[{"@type":"WebPage","@id":"https:\/\/eemc.com.vn\/en\/product\/surge-protective-devicespd-thiet-bi-chong-set-lan-truyen","url":"https:\/\/eemc.com.vn\/en\/product\/surge-protective-devicespd-thiet-bi-chong-set-lan-truyen","name":"SURGE PROTECTIVE DEVICE(SPD) - T\u1ed5ng c\u00f4ng ty Thi\u1ebft B\u1ecb \u0110i\u1ec7n \u0110\u00f4ng Anh","isPartOf":{"@id":"https:\/\/eemc.com.vn\/en#website"},"primaryImageOfPage":{"@id":"https:\/\/eemc.com.vn\/en\/product\/surge-protective-devicespd-thiet-bi-chong-set-lan-truyen#primaryimage"},"image":{"@id":"https:\/\/eemc.com.vn\/en\/product\/surge-protective-devicespd-thiet-bi-chong-set-lan-truyen#primaryimage"},"thumbnailUrl":"https:\/\/eemc.com.vn\/wp-content\/uploads\/2025\/02\/thiet-bi-chong-set-lan-truyen.jpg","datePublished":"2025-02-20T08:10:56+00:00","dateModified":"2025-03-19T09:37:47+00:00","breadcrumb":{"@id":"https:\/\/eemc.com.vn\/en\/product\/surge-protective-devicespd-thiet-bi-chong-set-lan-truyen#breadcrumb"},"inLanguage":"en-US","potentialAction":[{"@type":"ReadAction","target":["https:\/\/eemc.com.vn\/en\/product\/surge-protective-devicespd-thiet-bi-chong-set-lan-truyen"]}]},{"@type":"ImageObject","inLanguage":"en-US","@id":"https:\/\/eemc.com.vn\/en\/product\/surge-protective-devicespd-thiet-bi-chong-set-lan-truyen#primaryimage","url":"https:\/\/eemc.com.vn\/wp-content\/uploads\/2025\/02\/thiet-bi-chong-set-lan-truyen.jpg","contentUrl":"https:\/\/eemc.com.vn\/wp-content\/uploads\/2025\/02\/thiet-bi-chong-set-lan-truyen.jpg","width":709,"height":614},{"@type":"BreadcrumbList","@id":"https:\/\/eemc.com.vn\/en\/product\/surge-protective-devicespd-thiet-bi-chong-set-lan-truyen#breadcrumb","itemListElement":[{"@type":"ListItem","position":1,"name":"HomeTrang ch\u1ee7","item":"https:\/\/eemc.com.vn\/en"},{"@type":"ListItem","position":2,"name":"Shop","item":"https:\/\/eemc.com.vn\/en\/shop"},{"@type":"ListItem","position":3,"name":"SURGE PROTECTIVE DEVICE(SPD)"}]},{"@type":"WebSite","@id":"https:\/\/eemc.com.vn\/en#website","url":"https:\/\/eemc.com.vn\/en","name":"T\u1ed5ng c\u00f4ng ty Thi\u1ebft B\u1ecb \u0110i\u1ec7n \u0110\u00f4ng Anh","description":"m\u00e1y bi\u1ebfn \u00e1p \u0110\u00f4ng Anh","publisher":{"@id":"https:\/\/eemc.com.vn\/en#organization"},"potentialAction":[{"@type":"SearchAction","target":{"@type":"EntryPoint","urlTemplate":"https:\/\/eemc.com.vn\/en?s={search_term_string}"},"query-input":{"@type":"PropertyValueSpecification","valueRequired":true,"valueName":"search_term_string"}}],"inLanguage":"en-US"},{"@type":"Organization","@id":"https:\/\/eemc.com.vn\/en#organization","name":"T\u1ed5ng c\u00f4ng ty thi\u1ebft b\u1ecb \u0111i\u1ec7n \u0110\u00f4ng Anh","alternateName":"EEMC","url":"https:\/\/eemc.com.vn\/en","logo":{"@type":"ImageObject","inLanguage":"en-US","@id":"https:\/\/eemc.com.vn\/en#\/schema\/logo\/image\/","url":"https:\/\/eemc.com.vn\/wp-content\/uploads\/2025\/03\/logo-EEMC-2025-ng-TV-scaled.jpg","contentUrl":"https:\/\/eemc.com.vn\/wp-content\/uploads\/2025\/03\/logo-EEMC-2025-ng-TV-scaled.jpg","width":2560,"height":1037,"caption":"T\u1ed5ng c\u00f4ng ty thi\u1ebft b\u1ecb \u0111i\u1ec7n \u0110\u00f4ng Anh"},"image":{"@id":"https:\/\/eemc.com.vn\/en#\/schema\/logo\/image\/"}}]}},"_links":{"self":[{"href":"https:\/\/eemc.com.vn\/en\/wp-json\/wp\/v2\/product\/15825","targetHints":{"allow":["GET"]}}],"collection":[{"href":"https:\/\/eemc.com.vn\/en\/wp-json\/wp\/v2\/product"}],"about":[{"href":"https:\/\/eemc.com.vn\/en\/wp-json\/wp\/v2\/types\/product"}],"wp:featuredmedia":[{"embeddable":true,"href":"https:\/\/eemc.com.vn\/en\/wp-json\/wp\/v2\/media\/14306"}],"wp:attachment":[{"href":"https:\/\/eemc.com.vn\/en\/wp-json\/wp\/v2\/media?parent=15825"}],"wp:term":[{"taxonomy":"product_brand","embeddable":true,"href":"https:\/\/eemc.com.vn\/en\/wp-json\/wp\/v2\/product_brand?post=15825"},{"taxonomy":"product_cat","embeddable":true,"href":"https:\/\/eemc.com.vn\/en\/wp-json\/wp\/v2\/product_cat?post=15825"},{"taxonomy":"product_tag","embeddable":true,"href":"https:\/\/eemc.com.vn\/en\/wp-json\/wp\/v2\/product_tag?post=15825"}],"curies":[{"name":"wp","href":"https:\/\/api.w.org\/{rel}","templated":true}]}}