{"id":15826,"date":"2025-02-20T15:08:31","date_gmt":"2025-02-20T08:08:31","guid":{"rendered":"https:\/\/eemc.com.vn\/product\/clpf-current-limiting-power-fuse-cau-chi-trung-the"},"modified":"2025-03-19T16:39:01","modified_gmt":"2025-03-19T09:39:01","slug":"clpf-current-limiting-power-fuse-cau-chi-trung-the","status":"publish","type":"product","link":"https:\/\/eemc.com.vn\/en\/product\/clpf-current-limiting-power-fuse-cau-chi-trung-the","title":{"rendered":"CLPF (CURRENT LIMITING POWER FUSE)"},"content":{"rendered":"<p>K\u00edch th\u01b0\u1edbc b\u00ean ngo\u00e0i \u0111\u01b0\u1ee3c ti\u00eau chu\u1ea9n h\u00f3a v\u1edbi ti\u00eau chu\u1ea9n IEC &amp; DIN.<br \/>\nC\u1ea7u ch\u00ec gi\u1edbi h\u1ea1n d\u00f2ng \u0111i\u1ec7n c\u1ea5p 25,8kV, c\u00f3 th\u1ec3 l\u1eafp \u0111\u1eb7t ngo\u00e0i tr\u1eddi<br \/>\nD\u1ec5 d\u00e0ng \u00e1p d\u1ee5ng v\u00e0o GIS (l\u00e0 lo\u1ea1i k\u00edn, th\u00edch h\u1ee3p cho nh\u1eefng n\u01a1i c\u00f3 di\u1ec7n t\u00edch nh\u1ecf)<br \/>\nKh\u1ea3 n\u0103ng ng\u1eaft d\u00f2ng \u0111i\u1ec7n nh\u1ecf v\u00e0 \u0111i\u1ec7n \u00e1p ho\u1ea1t \u0111\u1ed9ng th\u1ea5p.<\/p>\n","protected":false},"excerpt":{"rendered":"<p>K\u00edch th\u01b0\u1edbc b\u00ean ngo\u00e0i \u0111\u01b0\u1ee3c ti\u00eau chu\u1ea9n h\u00f3a v\u1edbi ti\u00eau chu\u1ea9n IEC &amp; DIN. C\u1ea7u ch\u00ec gi\u1edbi h\u1ea1n d\u00f2ng \u0111i\u1ec7n c\u1ea5p 25,8kV, c\u00f3 th\u1ec3 l\u1eafp \u0111\u1eb7t ngo\u00e0i tr\u1eddi D\u1ec5 d\u00e0ng \u00e1p d\u1ee5ng v\u00e0o GIS (l\u00e0 [&#8230;]\n","protected":false},"featured_media":14303,"template":"","meta":[],"product_brand":[],"product_cat":[1674,1772],"product_tag":[],"class_list":{"0":"post-15826","1":"product","2":"type-product","3":"status-publish","4":"has-post-thumbnail","6":"product_cat-vitzro-product","7":"product_cat-medium-voltage-equipment","8":"pa_loai-thiet-bi-san-pham-trung-the-en","9":"pa_thuong-hieu-vitzro-en","11":"first","12":"instock","13":"shipping-taxable","14":"product-type-simple"},"yoast_head":"<!-- This site is optimized with the Yoast SEO plugin v26.8 - https:\/\/yoast.com\/product\/yoast-seo-wordpress\/ -->\n<title>CLPF (CURRENT LIMITING POWER FUSE) - T\u1ed5ng c\u00f4ng ty Thi\u1ebft B\u1ecb \u0110i\u1ec7n \u0110\u00f4ng Anh<\/title>\n<meta name=\"robots\" content=\"index, follow, max-snippet:-1, max-image-preview:large, max-video-preview:-1\" \/>\n<link rel=\"canonical\" href=\"https:\/\/eemc.com.vn\/en\/product\/clpf-current-limiting-power-fuse-cau-chi-trung-the\" \/>\n<meta property=\"og:locale\" content=\"en_US\" \/>\n<meta property=\"og:type\" content=\"article\" \/>\n<meta property=\"og:title\" content=\"CLPF (CURRENT LIMITING POWER FUSE) - T\u1ed5ng c\u00f4ng ty Thi\u1ebft B\u1ecb \u0110i\u1ec7n \u0110\u00f4ng Anh\" \/>\n<meta property=\"og:description\" content=\"K\u00edch th\u01b0\u1edbc b\u00ean ngo\u00e0i \u0111\u01b0\u1ee3c ti\u00eau chu\u1ea9n h\u00f3a v\u1edbi ti\u00eau chu\u1ea9n IEC &amp; DIN. C\u1ea7u ch\u00ec gi\u1edbi h\u1ea1n d\u00f2ng \u0111i\u1ec7n c\u1ea5p 25,8kV, c\u00f3 th\u1ec3 l\u1eafp \u0111\u1eb7t ngo\u00e0i tr\u1eddi D\u1ec5 d\u00e0ng \u00e1p d\u1ee5ng v\u00e0o GIS (l\u00e0 [...]\" \/>\n<meta property=\"og:url\" content=\"https:\/\/eemc.com.vn\/en\/product\/clpf-current-limiting-power-fuse-cau-chi-trung-the\" \/>\n<meta property=\"og:site_name\" content=\"T\u1ed5ng c\u00f4ng ty Thi\u1ebft B\u1ecb \u0110i\u1ec7n \u0110\u00f4ng Anh\" \/>\n<meta property=\"article:modified_time\" content=\"2025-03-19T09:39:01+00:00\" \/>\n<meta property=\"og:image\" content=\"https:\/\/eemc.com.vn\/wp-content\/uploads\/2025\/02\/cau-chi-trung-the.jpg\" \/>\n\t<meta property=\"og:image:width\" content=\"278\" \/>\n\t<meta property=\"og:image:height\" content=\"312\" \/>\n\t<meta property=\"og:image:type\" content=\"image\/jpeg\" \/>\n<meta name=\"twitter:card\" content=\"summary_large_image\" \/>\n<meta name=\"twitter:label1\" content=\"Est. reading time\" \/>\n\t<meta name=\"twitter:data1\" content=\"1 minute\" \/>\n<script type=\"application\/ld+json\" class=\"yoast-schema-graph\">{\"@context\":\"https:\/\/schema.org\",\"@graph\":[{\"@type\":\"WebPage\",\"@id\":\"https:\/\/eemc.com.vn\/en\/product\/clpf-current-limiting-power-fuse-cau-chi-trung-the\",\"url\":\"https:\/\/eemc.com.vn\/en\/product\/clpf-current-limiting-power-fuse-cau-chi-trung-the\",\"name\":\"CLPF (CURRENT LIMITING POWER FUSE) - T\u1ed5ng c\u00f4ng ty Thi\u1ebft B\u1ecb \u0110i\u1ec7n \u0110\u00f4ng Anh\",\"isPartOf\":{\"@id\":\"https:\/\/eemc.com.vn\/en#website\"},\"primaryImageOfPage\":{\"@id\":\"https:\/\/eemc.com.vn\/en\/product\/clpf-current-limiting-power-fuse-cau-chi-trung-the#primaryimage\"},\"image\":{\"@id\":\"https:\/\/eemc.com.vn\/en\/product\/clpf-current-limiting-power-fuse-cau-chi-trung-the#primaryimage\"},\"thumbnailUrl\":\"https:\/\/eemc.com.vn\/wp-content\/uploads\/2025\/02\/cau-chi-trung-the.jpg\",\"datePublished\":\"2025-02-20T08:08:31+00:00\",\"dateModified\":\"2025-03-19T09:39:01+00:00\",\"breadcrumb\":{\"@id\":\"https:\/\/eemc.com.vn\/en\/product\/clpf-current-limiting-power-fuse-cau-chi-trung-the#breadcrumb\"},\"inLanguage\":\"en-US\",\"potentialAction\":[{\"@type\":\"ReadAction\",\"target\":[\"https:\/\/eemc.com.vn\/en\/product\/clpf-current-limiting-power-fuse-cau-chi-trung-the\"]}]},{\"@type\":\"ImageObject\",\"inLanguage\":\"en-US\",\"@id\":\"https:\/\/eemc.com.vn\/en\/product\/clpf-current-limiting-power-fuse-cau-chi-trung-the#primaryimage\",\"url\":\"https:\/\/eemc.com.vn\/wp-content\/uploads\/2025\/02\/cau-chi-trung-the.jpg\",\"contentUrl\":\"https:\/\/eemc.com.vn\/wp-content\/uploads\/2025\/02\/cau-chi-trung-the.jpg\",\"width\":278,\"height\":312},{\"@type\":\"BreadcrumbList\",\"@id\":\"https:\/\/eemc.com.vn\/en\/product\/clpf-current-limiting-power-fuse-cau-chi-trung-the#breadcrumb\",\"itemListElement\":[{\"@type\":\"ListItem\",\"position\":1,\"name\":\"HomeTrang ch\u1ee7\",\"item\":\"https:\/\/eemc.com.vn\/en\"},{\"@type\":\"ListItem\",\"position\":2,\"name\":\"Shop\",\"item\":\"https:\/\/eemc.com.vn\/en\/shop\"},{\"@type\":\"ListItem\",\"position\":3,\"name\":\"CLPF (CURRENT LIMITING POWER FUSE)\"}]},{\"@type\":\"WebSite\",\"@id\":\"https:\/\/eemc.com.vn\/en#website\",\"url\":\"https:\/\/eemc.com.vn\/en\",\"name\":\"T\u1ed5ng c\u00f4ng ty Thi\u1ebft B\u1ecb \u0110i\u1ec7n \u0110\u00f4ng Anh\",\"description\":\"m\u00e1y bi\u1ebfn \u00e1p \u0110\u00f4ng Anh\",\"publisher\":{\"@id\":\"https:\/\/eemc.com.vn\/en#organization\"},\"potentialAction\":[{\"@type\":\"SearchAction\",\"target\":{\"@type\":\"EntryPoint\",\"urlTemplate\":\"https:\/\/eemc.com.vn\/en?s={search_term_string}\"},\"query-input\":{\"@type\":\"PropertyValueSpecification\",\"valueRequired\":true,\"valueName\":\"search_term_string\"}}],\"inLanguage\":\"en-US\"},{\"@type\":\"Organization\",\"@id\":\"https:\/\/eemc.com.vn\/en#organization\",\"name\":\"T\u1ed5ng c\u00f4ng ty thi\u1ebft b\u1ecb \u0111i\u1ec7n \u0110\u00f4ng Anh\",\"alternateName\":\"EEMC\",\"url\":\"https:\/\/eemc.com.vn\/en\",\"logo\":{\"@type\":\"ImageObject\",\"inLanguage\":\"en-US\",\"@id\":\"https:\/\/eemc.com.vn\/en#\/schema\/logo\/image\/\",\"url\":\"https:\/\/eemc.com.vn\/wp-content\/uploads\/2025\/03\/logo-EEMC-2025-ng-TV-scaled.jpg\",\"contentUrl\":\"https:\/\/eemc.com.vn\/wp-content\/uploads\/2025\/03\/logo-EEMC-2025-ng-TV-scaled.jpg\",\"width\":2560,\"height\":1037,\"caption\":\"T\u1ed5ng c\u00f4ng ty thi\u1ebft b\u1ecb \u0111i\u1ec7n \u0110\u00f4ng Anh\"},\"image\":{\"@id\":\"https:\/\/eemc.com.vn\/en#\/schema\/logo\/image\/\"}}]}<\/script>\n<!-- \/ Yoast SEO plugin. -->","yoast_head_json":{"title":"CLPF (CURRENT LIMITING POWER FUSE) - T\u1ed5ng c\u00f4ng ty Thi\u1ebft B\u1ecb \u0110i\u1ec7n \u0110\u00f4ng Anh","robots":{"index":"index","follow":"follow","max-snippet":"max-snippet:-1","max-image-preview":"max-image-preview:large","max-video-preview":"max-video-preview:-1"},"canonical":"https:\/\/eemc.com.vn\/en\/product\/clpf-current-limiting-power-fuse-cau-chi-trung-the","og_locale":"en_US","og_type":"article","og_title":"CLPF (CURRENT LIMITING POWER FUSE) - T\u1ed5ng c\u00f4ng ty Thi\u1ebft B\u1ecb \u0110i\u1ec7n \u0110\u00f4ng Anh","og_description":"K\u00edch th\u01b0\u1edbc b\u00ean ngo\u00e0i \u0111\u01b0\u1ee3c ti\u00eau chu\u1ea9n h\u00f3a v\u1edbi ti\u00eau chu\u1ea9n IEC &amp; DIN. C\u1ea7u ch\u00ec gi\u1edbi h\u1ea1n d\u00f2ng \u0111i\u1ec7n c\u1ea5p 25,8kV, c\u00f3 th\u1ec3 l\u1eafp \u0111\u1eb7t ngo\u00e0i tr\u1eddi D\u1ec5 d\u00e0ng \u00e1p d\u1ee5ng v\u00e0o GIS (l\u00e0 [...]","og_url":"https:\/\/eemc.com.vn\/en\/product\/clpf-current-limiting-power-fuse-cau-chi-trung-the","og_site_name":"T\u1ed5ng c\u00f4ng ty Thi\u1ebft B\u1ecb \u0110i\u1ec7n \u0110\u00f4ng Anh","article_modified_time":"2025-03-19T09:39:01+00:00","og_image":[{"width":278,"height":312,"url":"https:\/\/eemc.com.vn\/wp-content\/uploads\/2025\/02\/cau-chi-trung-the.jpg","type":"image\/jpeg"}],"twitter_card":"summary_large_image","twitter_misc":{"Est. reading time":"1 minute"},"schema":{"@context":"https:\/\/schema.org","@graph":[{"@type":"WebPage","@id":"https:\/\/eemc.com.vn\/en\/product\/clpf-current-limiting-power-fuse-cau-chi-trung-the","url":"https:\/\/eemc.com.vn\/en\/product\/clpf-current-limiting-power-fuse-cau-chi-trung-the","name":"CLPF (CURRENT LIMITING POWER FUSE) - T\u1ed5ng c\u00f4ng ty Thi\u1ebft B\u1ecb \u0110i\u1ec7n \u0110\u00f4ng Anh","isPartOf":{"@id":"https:\/\/eemc.com.vn\/en#website"},"primaryImageOfPage":{"@id":"https:\/\/eemc.com.vn\/en\/product\/clpf-current-limiting-power-fuse-cau-chi-trung-the#primaryimage"},"image":{"@id":"https:\/\/eemc.com.vn\/en\/product\/clpf-current-limiting-power-fuse-cau-chi-trung-the#primaryimage"},"thumbnailUrl":"https:\/\/eemc.com.vn\/wp-content\/uploads\/2025\/02\/cau-chi-trung-the.jpg","datePublished":"2025-02-20T08:08:31+00:00","dateModified":"2025-03-19T09:39:01+00:00","breadcrumb":{"@id":"https:\/\/eemc.com.vn\/en\/product\/clpf-current-limiting-power-fuse-cau-chi-trung-the#breadcrumb"},"inLanguage":"en-US","potentialAction":[{"@type":"ReadAction","target":["https:\/\/eemc.com.vn\/en\/product\/clpf-current-limiting-power-fuse-cau-chi-trung-the"]}]},{"@type":"ImageObject","inLanguage":"en-US","@id":"https:\/\/eemc.com.vn\/en\/product\/clpf-current-limiting-power-fuse-cau-chi-trung-the#primaryimage","url":"https:\/\/eemc.com.vn\/wp-content\/uploads\/2025\/02\/cau-chi-trung-the.jpg","contentUrl":"https:\/\/eemc.com.vn\/wp-content\/uploads\/2025\/02\/cau-chi-trung-the.jpg","width":278,"height":312},{"@type":"BreadcrumbList","@id":"https:\/\/eemc.com.vn\/en\/product\/clpf-current-limiting-power-fuse-cau-chi-trung-the#breadcrumb","itemListElement":[{"@type":"ListItem","position":1,"name":"HomeTrang ch\u1ee7","item":"https:\/\/eemc.com.vn\/en"},{"@type":"ListItem","position":2,"name":"Shop","item":"https:\/\/eemc.com.vn\/en\/shop"},{"@type":"ListItem","position":3,"name":"CLPF (CURRENT LIMITING POWER FUSE)"}]},{"@type":"WebSite","@id":"https:\/\/eemc.com.vn\/en#website","url":"https:\/\/eemc.com.vn\/en","name":"T\u1ed5ng c\u00f4ng ty Thi\u1ebft B\u1ecb \u0110i\u1ec7n \u0110\u00f4ng Anh","description":"m\u00e1y bi\u1ebfn \u00e1p \u0110\u00f4ng Anh","publisher":{"@id":"https:\/\/eemc.com.vn\/en#organization"},"potentialAction":[{"@type":"SearchAction","target":{"@type":"EntryPoint","urlTemplate":"https:\/\/eemc.com.vn\/en?s={search_term_string}"},"query-input":{"@type":"PropertyValueSpecification","valueRequired":true,"valueName":"search_term_string"}}],"inLanguage":"en-US"},{"@type":"Organization","@id":"https:\/\/eemc.com.vn\/en#organization","name":"T\u1ed5ng c\u00f4ng ty thi\u1ebft b\u1ecb \u0111i\u1ec7n \u0110\u00f4ng Anh","alternateName":"EEMC","url":"https:\/\/eemc.com.vn\/en","logo":{"@type":"ImageObject","inLanguage":"en-US","@id":"https:\/\/eemc.com.vn\/en#\/schema\/logo\/image\/","url":"https:\/\/eemc.com.vn\/wp-content\/uploads\/2025\/03\/logo-EEMC-2025-ng-TV-scaled.jpg","contentUrl":"https:\/\/eemc.com.vn\/wp-content\/uploads\/2025\/03\/logo-EEMC-2025-ng-TV-scaled.jpg","width":2560,"height":1037,"caption":"T\u1ed5ng c\u00f4ng ty thi\u1ebft b\u1ecb \u0111i\u1ec7n \u0110\u00f4ng Anh"},"image":{"@id":"https:\/\/eemc.com.vn\/en#\/schema\/logo\/image\/"}}]}},"_links":{"self":[{"href":"https:\/\/eemc.com.vn\/en\/wp-json\/wp\/v2\/product\/15826","targetHints":{"allow":["GET"]}}],"collection":[{"href":"https:\/\/eemc.com.vn\/en\/wp-json\/wp\/v2\/product"}],"about":[{"href":"https:\/\/eemc.com.vn\/en\/wp-json\/wp\/v2\/types\/product"}],"wp:featuredmedia":[{"embeddable":true,"href":"https:\/\/eemc.com.vn\/en\/wp-json\/wp\/v2\/media\/14303"}],"wp:attachment":[{"href":"https:\/\/eemc.com.vn\/en\/wp-json\/wp\/v2\/media?parent=15826"}],"wp:term":[{"taxonomy":"product_brand","embeddable":true,"href":"https:\/\/eemc.com.vn\/en\/wp-json\/wp\/v2\/product_brand?post=15826"},{"taxonomy":"product_cat","embeddable":true,"href":"https:\/\/eemc.com.vn\/en\/wp-json\/wp\/v2\/product_cat?post=15826"},{"taxonomy":"product_tag","embeddable":true,"href":"https:\/\/eemc.com.vn\/en\/wp-json\/wp\/v2\/product_tag?post=15826"}],"curies":[{"name":"wp","href":"https:\/\/api.w.org\/{rel}","templated":true}]}}