{"id":15827,"date":"2025-02-20T15:03:07","date_gmt":"2025-02-20T08:03:07","guid":{"rendered":"https:\/\/eemc.com.vn\/product\/v-i-vacuum-interrupter-buong-dap-chan-khong"},"modified":"2025-03-19T16:40:41","modified_gmt":"2025-03-19T09:40:41","slug":"v-i-vacuum-interrupter-buong-dap-chan-khong","status":"publish","type":"product","link":"https:\/\/eemc.com.vn\/en\/product\/v-i-vacuum-interrupter-buong-dap-chan-khong","title":{"rendered":"V.I (VACUUM INTERRUPTER)"},"content":{"rendered":"<p>VI l\u00e0 thi\u1ebft b\u1ecb d\u1eadp h\u1ed3 quang l\u00fd t\u01b0\u1edfng nh\u1ea5t, \u0111\u1ea3m b\u1ea3o ch\u1ee9c n\u0103ng ng\u1eaft c\u1ee7a VCB \u0111i\u1ec7n \u00e1p cao.<br \/>\nCung c\u1ea5p \u0111i\u1ec7n v\u00e0 ng\u1eaft d\u00f2ng \u0111i\u1ec7n ngay l\u1eadp t\u1ee9c trong tr\u01b0\u1eddng h\u1ee3p qu\u00e1 t\u1ea3i v\u00e0 l\u1ed7i ng\u1eafn m\u1ea1ch<br \/>\n\u0111\u1ec3 \u0111\u1ea3m b\u1ea3o c\u00e1ch \u0111i\u1ec7n.<br \/>\nVitzro l\u00e0 c\u00f4ng ty \u0111\u1ea7u ti\u00ean \u1edf H\u00e0n Qu\u1ed1c ph\u00e1t tri\u1ec3n v\u00e0 s\u1ea3n xu\u1ea5t V.I (Vacuum Interrupter).<br \/>\n\u00c1p d\u1ee5ng c\u00f4ng ngh\u1ec7 Meidensha Corp, Nh\u1eadtB\u1ea3n.<\/p>\n","protected":false},"excerpt":{"rendered":"<p>VI l\u00e0 thi\u1ebft b\u1ecb d\u1eadp h\u1ed3 quang l\u00fd t\u01b0\u1edfng nh\u1ea5t, \u0111\u1ea3m b\u1ea3o ch\u1ee9c n\u0103ng ng\u1eaft c\u1ee7a VCB \u0111i\u1ec7n \u00e1p cao. Cung c\u1ea5p \u0111i\u1ec7n v\u00e0 ng\u1eaft d\u00f2ng \u0111i\u1ec7n ngay l\u1eadp t\u1ee9c trong tr\u01b0\u1eddng h\u1ee3p qu\u00e1 t\u1ea3i [&#8230;]\n","protected":false},"featured_media":14298,"template":"","meta":[],"product_brand":[],"product_cat":[1674,1772],"product_tag":[],"class_list":{"0":"post-15827","1":"product","2":"type-product","3":"status-publish","4":"has-post-thumbnail","6":"product_cat-vitzro-product","7":"product_cat-medium-voltage-equipment","8":"pa_loai-thiet-bi-san-pham-trung-the-en","9":"pa_thuong-hieu-vitzro-en","11":"first","12":"instock","13":"shipping-taxable","14":"product-type-simple"},"yoast_head":"<!-- This site is optimized with the Yoast SEO plugin v26.8 - https:\/\/yoast.com\/product\/yoast-seo-wordpress\/ -->\n<title>V.I (VACUUM INTERRUPTER) - T\u1ed5ng c\u00f4ng ty Thi\u1ebft B\u1ecb \u0110i\u1ec7n \u0110\u00f4ng Anh<\/title>\n<meta name=\"robots\" content=\"index, follow, max-snippet:-1, max-image-preview:large, max-video-preview:-1\" \/>\n<link rel=\"canonical\" href=\"https:\/\/eemc.com.vn\/en\/product\/v-i-vacuum-interrupter-buong-dap-chan-khong\" \/>\n<meta property=\"og:locale\" content=\"en_US\" \/>\n<meta property=\"og:type\" content=\"article\" \/>\n<meta property=\"og:title\" content=\"V.I (VACUUM INTERRUPTER) - T\u1ed5ng c\u00f4ng ty Thi\u1ebft B\u1ecb \u0110i\u1ec7n \u0110\u00f4ng Anh\" \/>\n<meta property=\"og:description\" content=\"VI l\u00e0 thi\u1ebft b\u1ecb d\u1eadp h\u1ed3 quang l\u00fd t\u01b0\u1edfng nh\u1ea5t, \u0111\u1ea3m b\u1ea3o ch\u1ee9c n\u0103ng ng\u1eaft c\u1ee7a VCB \u0111i\u1ec7n \u00e1p cao. Cung c\u1ea5p \u0111i\u1ec7n v\u00e0 ng\u1eaft d\u00f2ng \u0111i\u1ec7n ngay l\u1eadp t\u1ee9c trong tr\u01b0\u1eddng h\u1ee3p qu\u00e1 t\u1ea3i [...]\" \/>\n<meta property=\"og:url\" content=\"https:\/\/eemc.com.vn\/en\/product\/v-i-vacuum-interrupter-buong-dap-chan-khong\" \/>\n<meta property=\"og:site_name\" content=\"T\u1ed5ng c\u00f4ng ty Thi\u1ebft B\u1ecb \u0110i\u1ec7n \u0110\u00f4ng Anh\" \/>\n<meta property=\"article:modified_time\" content=\"2025-03-19T09:40:41+00:00\" \/>\n<meta property=\"og:image\" content=\"https:\/\/eemc.com.vn\/wp-content\/uploads\/2025\/02\/buong-dap-cha-n-khong.jpg\" \/>\n\t<meta property=\"og:image:width\" content=\"421\" \/>\n\t<meta property=\"og:image:height\" content=\"386\" \/>\n\t<meta property=\"og:image:type\" content=\"image\/jpeg\" \/>\n<meta name=\"twitter:card\" content=\"summary_large_image\" \/>\n<meta name=\"twitter:label1\" content=\"Est. reading time\" \/>\n\t<meta name=\"twitter:data1\" content=\"1 minute\" \/>\n<script type=\"application\/ld+json\" class=\"yoast-schema-graph\">{\"@context\":\"https:\/\/schema.org\",\"@graph\":[{\"@type\":\"WebPage\",\"@id\":\"https:\/\/eemc.com.vn\/en\/product\/v-i-vacuum-interrupter-buong-dap-chan-khong\",\"url\":\"https:\/\/eemc.com.vn\/en\/product\/v-i-vacuum-interrupter-buong-dap-chan-khong\",\"name\":\"V.I (VACUUM INTERRUPTER) - T\u1ed5ng c\u00f4ng ty Thi\u1ebft B\u1ecb \u0110i\u1ec7n \u0110\u00f4ng Anh\",\"isPartOf\":{\"@id\":\"https:\/\/eemc.com.vn\/en#website\"},\"primaryImageOfPage\":{\"@id\":\"https:\/\/eemc.com.vn\/en\/product\/v-i-vacuum-interrupter-buong-dap-chan-khong#primaryimage\"},\"image\":{\"@id\":\"https:\/\/eemc.com.vn\/en\/product\/v-i-vacuum-interrupter-buong-dap-chan-khong#primaryimage\"},\"thumbnailUrl\":\"https:\/\/eemc.com.vn\/wp-content\/uploads\/2025\/02\/buong-dap-cha-n-khong.jpg\",\"datePublished\":\"2025-02-20T08:03:07+00:00\",\"dateModified\":\"2025-03-19T09:40:41+00:00\",\"breadcrumb\":{\"@id\":\"https:\/\/eemc.com.vn\/en\/product\/v-i-vacuum-interrupter-buong-dap-chan-khong#breadcrumb\"},\"inLanguage\":\"en-US\",\"potentialAction\":[{\"@type\":\"ReadAction\",\"target\":[\"https:\/\/eemc.com.vn\/en\/product\/v-i-vacuum-interrupter-buong-dap-chan-khong\"]}]},{\"@type\":\"ImageObject\",\"inLanguage\":\"en-US\",\"@id\":\"https:\/\/eemc.com.vn\/en\/product\/v-i-vacuum-interrupter-buong-dap-chan-khong#primaryimage\",\"url\":\"https:\/\/eemc.com.vn\/wp-content\/uploads\/2025\/02\/buong-dap-cha-n-khong.jpg\",\"contentUrl\":\"https:\/\/eemc.com.vn\/wp-content\/uploads\/2025\/02\/buong-dap-cha-n-khong.jpg\",\"width\":421,\"height\":386},{\"@type\":\"BreadcrumbList\",\"@id\":\"https:\/\/eemc.com.vn\/en\/product\/v-i-vacuum-interrupter-buong-dap-chan-khong#breadcrumb\",\"itemListElement\":[{\"@type\":\"ListItem\",\"position\":1,\"name\":\"HomeTrang ch\u1ee7\",\"item\":\"https:\/\/eemc.com.vn\/en\"},{\"@type\":\"ListItem\",\"position\":2,\"name\":\"Shop\",\"item\":\"https:\/\/eemc.com.vn\/en\/shop\"},{\"@type\":\"ListItem\",\"position\":3,\"name\":\"V.I (VACUUM INTERRUPTER)\"}]},{\"@type\":\"WebSite\",\"@id\":\"https:\/\/eemc.com.vn\/en#website\",\"url\":\"https:\/\/eemc.com.vn\/en\",\"name\":\"T\u1ed5ng c\u00f4ng ty Thi\u1ebft B\u1ecb \u0110i\u1ec7n \u0110\u00f4ng Anh\",\"description\":\"m\u00e1y bi\u1ebfn \u00e1p \u0110\u00f4ng Anh\",\"publisher\":{\"@id\":\"https:\/\/eemc.com.vn\/en#organization\"},\"potentialAction\":[{\"@type\":\"SearchAction\",\"target\":{\"@type\":\"EntryPoint\",\"urlTemplate\":\"https:\/\/eemc.com.vn\/en?s={search_term_string}\"},\"query-input\":{\"@type\":\"PropertyValueSpecification\",\"valueRequired\":true,\"valueName\":\"search_term_string\"}}],\"inLanguage\":\"en-US\"},{\"@type\":\"Organization\",\"@id\":\"https:\/\/eemc.com.vn\/en#organization\",\"name\":\"T\u1ed5ng c\u00f4ng ty thi\u1ebft b\u1ecb \u0111i\u1ec7n \u0110\u00f4ng Anh\",\"alternateName\":\"EEMC\",\"url\":\"https:\/\/eemc.com.vn\/en\",\"logo\":{\"@type\":\"ImageObject\",\"inLanguage\":\"en-US\",\"@id\":\"https:\/\/eemc.com.vn\/en#\/schema\/logo\/image\/\",\"url\":\"https:\/\/eemc.com.vn\/wp-content\/uploads\/2025\/03\/logo-EEMC-2025-ng-TV-scaled.jpg\",\"contentUrl\":\"https:\/\/eemc.com.vn\/wp-content\/uploads\/2025\/03\/logo-EEMC-2025-ng-TV-scaled.jpg\",\"width\":2560,\"height\":1037,\"caption\":\"T\u1ed5ng c\u00f4ng ty thi\u1ebft b\u1ecb \u0111i\u1ec7n \u0110\u00f4ng Anh\"},\"image\":{\"@id\":\"https:\/\/eemc.com.vn\/en#\/schema\/logo\/image\/\"}}]}<\/script>\n<!-- \/ Yoast SEO plugin. -->","yoast_head_json":{"title":"V.I (VACUUM INTERRUPTER) - T\u1ed5ng c\u00f4ng ty Thi\u1ebft B\u1ecb \u0110i\u1ec7n \u0110\u00f4ng Anh","robots":{"index":"index","follow":"follow","max-snippet":"max-snippet:-1","max-image-preview":"max-image-preview:large","max-video-preview":"max-video-preview:-1"},"canonical":"https:\/\/eemc.com.vn\/en\/product\/v-i-vacuum-interrupter-buong-dap-chan-khong","og_locale":"en_US","og_type":"article","og_title":"V.I (VACUUM INTERRUPTER) - T\u1ed5ng c\u00f4ng ty Thi\u1ebft B\u1ecb \u0110i\u1ec7n \u0110\u00f4ng Anh","og_description":"VI l\u00e0 thi\u1ebft b\u1ecb d\u1eadp h\u1ed3 quang l\u00fd t\u01b0\u1edfng nh\u1ea5t, \u0111\u1ea3m b\u1ea3o ch\u1ee9c n\u0103ng ng\u1eaft c\u1ee7a VCB \u0111i\u1ec7n \u00e1p cao. Cung c\u1ea5p \u0111i\u1ec7n v\u00e0 ng\u1eaft d\u00f2ng \u0111i\u1ec7n ngay l\u1eadp t\u1ee9c trong tr\u01b0\u1eddng h\u1ee3p qu\u00e1 t\u1ea3i [...]","og_url":"https:\/\/eemc.com.vn\/en\/product\/v-i-vacuum-interrupter-buong-dap-chan-khong","og_site_name":"T\u1ed5ng c\u00f4ng ty Thi\u1ebft B\u1ecb \u0110i\u1ec7n \u0110\u00f4ng Anh","article_modified_time":"2025-03-19T09:40:41+00:00","og_image":[{"width":421,"height":386,"url":"https:\/\/eemc.com.vn\/wp-content\/uploads\/2025\/02\/buong-dap-cha-n-khong.jpg","type":"image\/jpeg"}],"twitter_card":"summary_large_image","twitter_misc":{"Est. reading time":"1 minute"},"schema":{"@context":"https:\/\/schema.org","@graph":[{"@type":"WebPage","@id":"https:\/\/eemc.com.vn\/en\/product\/v-i-vacuum-interrupter-buong-dap-chan-khong","url":"https:\/\/eemc.com.vn\/en\/product\/v-i-vacuum-interrupter-buong-dap-chan-khong","name":"V.I (VACUUM INTERRUPTER) - T\u1ed5ng c\u00f4ng ty Thi\u1ebft B\u1ecb \u0110i\u1ec7n \u0110\u00f4ng Anh","isPartOf":{"@id":"https:\/\/eemc.com.vn\/en#website"},"primaryImageOfPage":{"@id":"https:\/\/eemc.com.vn\/en\/product\/v-i-vacuum-interrupter-buong-dap-chan-khong#primaryimage"},"image":{"@id":"https:\/\/eemc.com.vn\/en\/product\/v-i-vacuum-interrupter-buong-dap-chan-khong#primaryimage"},"thumbnailUrl":"https:\/\/eemc.com.vn\/wp-content\/uploads\/2025\/02\/buong-dap-cha-n-khong.jpg","datePublished":"2025-02-20T08:03:07+00:00","dateModified":"2025-03-19T09:40:41+00:00","breadcrumb":{"@id":"https:\/\/eemc.com.vn\/en\/product\/v-i-vacuum-interrupter-buong-dap-chan-khong#breadcrumb"},"inLanguage":"en-US","potentialAction":[{"@type":"ReadAction","target":["https:\/\/eemc.com.vn\/en\/product\/v-i-vacuum-interrupter-buong-dap-chan-khong"]}]},{"@type":"ImageObject","inLanguage":"en-US","@id":"https:\/\/eemc.com.vn\/en\/product\/v-i-vacuum-interrupter-buong-dap-chan-khong#primaryimage","url":"https:\/\/eemc.com.vn\/wp-content\/uploads\/2025\/02\/buong-dap-cha-n-khong.jpg","contentUrl":"https:\/\/eemc.com.vn\/wp-content\/uploads\/2025\/02\/buong-dap-cha-n-khong.jpg","width":421,"height":386},{"@type":"BreadcrumbList","@id":"https:\/\/eemc.com.vn\/en\/product\/v-i-vacuum-interrupter-buong-dap-chan-khong#breadcrumb","itemListElement":[{"@type":"ListItem","position":1,"name":"HomeTrang ch\u1ee7","item":"https:\/\/eemc.com.vn\/en"},{"@type":"ListItem","position":2,"name":"Shop","item":"https:\/\/eemc.com.vn\/en\/shop"},{"@type":"ListItem","position":3,"name":"V.I (VACUUM INTERRUPTER)"}]},{"@type":"WebSite","@id":"https:\/\/eemc.com.vn\/en#website","url":"https:\/\/eemc.com.vn\/en","name":"T\u1ed5ng c\u00f4ng ty Thi\u1ebft B\u1ecb \u0110i\u1ec7n \u0110\u00f4ng Anh","description":"m\u00e1y bi\u1ebfn \u00e1p \u0110\u00f4ng Anh","publisher":{"@id":"https:\/\/eemc.com.vn\/en#organization"},"potentialAction":[{"@type":"SearchAction","target":{"@type":"EntryPoint","urlTemplate":"https:\/\/eemc.com.vn\/en?s={search_term_string}"},"query-input":{"@type":"PropertyValueSpecification","valueRequired":true,"valueName":"search_term_string"}}],"inLanguage":"en-US"},{"@type":"Organization","@id":"https:\/\/eemc.com.vn\/en#organization","name":"T\u1ed5ng c\u00f4ng ty thi\u1ebft b\u1ecb \u0111i\u1ec7n \u0110\u00f4ng Anh","alternateName":"EEMC","url":"https:\/\/eemc.com.vn\/en","logo":{"@type":"ImageObject","inLanguage":"en-US","@id":"https:\/\/eemc.com.vn\/en#\/schema\/logo\/image\/","url":"https:\/\/eemc.com.vn\/wp-content\/uploads\/2025\/03\/logo-EEMC-2025-ng-TV-scaled.jpg","contentUrl":"https:\/\/eemc.com.vn\/wp-content\/uploads\/2025\/03\/logo-EEMC-2025-ng-TV-scaled.jpg","width":2560,"height":1037,"caption":"T\u1ed5ng c\u00f4ng ty thi\u1ebft b\u1ecb \u0111i\u1ec7n \u0110\u00f4ng Anh"},"image":{"@id":"https:\/\/eemc.com.vn\/en#\/schema\/logo\/image\/"}}]}},"_links":{"self":[{"href":"https:\/\/eemc.com.vn\/en\/wp-json\/wp\/v2\/product\/15827","targetHints":{"allow":["GET"]}}],"collection":[{"href":"https:\/\/eemc.com.vn\/en\/wp-json\/wp\/v2\/product"}],"about":[{"href":"https:\/\/eemc.com.vn\/en\/wp-json\/wp\/v2\/types\/product"}],"wp:featuredmedia":[{"embeddable":true,"href":"https:\/\/eemc.com.vn\/en\/wp-json\/wp\/v2\/media\/14298"}],"wp:attachment":[{"href":"https:\/\/eemc.com.vn\/en\/wp-json\/wp\/v2\/media?parent=15827"}],"wp:term":[{"taxonomy":"product_brand","embeddable":true,"href":"https:\/\/eemc.com.vn\/en\/wp-json\/wp\/v2\/product_brand?post=15827"},{"taxonomy":"product_cat","embeddable":true,"href":"https:\/\/eemc.com.vn\/en\/wp-json\/wp\/v2\/product_cat?post=15827"},{"taxonomy":"product_tag","embeddable":true,"href":"https:\/\/eemc.com.vn\/en\/wp-json\/wp\/v2\/product_tag?post=15827"}],"curies":[{"name":"wp","href":"https:\/\/api.w.org\/{rel}","templated":true}]}}