{"id":15828,"date":"2025-02-20T14:51:57","date_gmt":"2025-02-20T07:51:57","guid":{"rendered":"https:\/\/eemc.com.vn\/product\/ass-automatic-section-switch-cau-dao-tu-dong"},"modified":"2025-03-19T16:42:30","modified_gmt":"2025-03-19T09:42:30","slug":"ass-automatic-section-switch-cau-dao-tu-dong","status":"publish","type":"product","link":"https:\/\/eemc.com.vn\/en\/product\/ass-automatic-section-switch-cau-dao-tu-dong","title":{"rendered":"ASS (AUTOMATIC SECTION SWITCH)"},"content":{"rendered":"<p>C\u1ea7u dao t\u1ef1 \u0111\u1ed9ng \u0111\u01b0\u1ee3c \u1ee9ng d\u1ee5ng v\u1edbi c\u1ea5u tr\u00fac d\u1eadp h\u1ed3 quang lo\u1ea1i Air-Puffer \u0111\u1ea7u ti\u00ean t\u1ea1i H\u00e0n<br \/>\nQu\u1ed1c.<br \/>\nB\u1ea3ng \u0111i\u1ec1u khi\u1ec3n r\u1ea5t d\u1ec5 l\u1eafp \u0111\u1eb7t v\u00e0 v\u1eadn h\u00e0nh<br \/>\nC\u00f3 ch\u1ee9c n\u0103ng ng\u1eaft k\u1ebft n\u1ed1i (c\u00f3 th\u1ec3 ph\u00e2n bi\u1ec7t b\u1eb1ng m\u1eaft th\u01b0\u1eddng) khi th\u1ef1c hi\u1ec7n b\u1ea3o tr\u00ec ho\u1eb7c<br \/>\nki\u1ec3m tra chi ti\u1ebft \u0111\u1ec3 t\u1ed1i \u0111a an to\u00e0n cho ng\u01b0\u1eddi s\u1eed d\u1ee5ng.<br \/>\nS\u1ea3n ph\u1ea9m nh\u1ecf g\u1ecdn, nh\u1eb9 \u0111\u01b0\u1ee3c trang b\u1ecb \u0111\u1ea7y \u0111\u1ee7 ch\u1ee9c n\u0103ng b\u1ea3o v\u1ec7 ch\u1ed1ng s\u00e9t lan truy\u1ec1n c\u1ee7a b\u1ed9<br \/>\n\u0111i\u1ec1u khi\u1ec3n, t\u0103ng g\u1ea5p \u0111\u00f4i hi\u1ec7u su\u1ea5t v\u00e0 \u0111\u1ed9 tin c\u1eady cao.<br \/>\nV\u1eadt li\u1ec7u c\u00e1ch \u0111i\u1ec7n ti\u00ean ti\u1ebfn \u0111\u1ec3 duy tr\u00ec \u0111\u1ed9 b\u1ec1n \u0111i\u1ec7n m\u00f4i ngay c\u1ea3 trong \u0111i\u1ec1u ki\u1ec7n v\u1eadn h\u00e0nh k\u00e9m v\u00ec \u0111\u1ed9 b\u1ec1n \u0111i\u1ec7n v\u00e0 c\u01a1 h\u1ecdc c\u0169ng nh\u01b0 kh\u1ea3 n\u0103ng ch\u1ed1ng h\u1ed3 quang v\u01b0\u1ee3t tr\u1ed9i<\/p>\n","protected":false},"excerpt":{"rendered":"<p>C\u1ea7u dao t\u1ef1 \u0111\u1ed9ng \u0111\u01b0\u1ee3c \u1ee9ng d\u1ee5ng v\u1edbi c\u1ea5u tr\u00fac d\u1eadp h\u1ed3 quang lo\u1ea1i Air-Puffer \u0111\u1ea7u ti\u00ean t\u1ea1i H\u00e0n Qu\u1ed1c. B\u1ea3ng \u0111i\u1ec1u khi\u1ec3n r\u1ea5t d\u1ec5 l\u1eafp \u0111\u1eb7t v\u00e0 v\u1eadn h\u00e0nh C\u00f3 ch\u1ee9c n\u0103ng ng\u1eaft k\u1ebft [&#8230;]\n","protected":false},"featured_media":14295,"template":"","meta":[],"product_brand":[],"product_cat":[1674,1772],"product_tag":[],"class_list":{"0":"post-15828","1":"product","2":"type-product","3":"status-publish","4":"has-post-thumbnail","6":"product_cat-vitzro-product","7":"product_cat-medium-voltage-equipment","8":"pa_loai-thiet-bi-san-pham-trung-the-en","9":"pa_thuong-hieu-vitzro-en","11":"first","12":"instock","13":"shipping-taxable","14":"product-type-simple"},"yoast_head":"<!-- This site is optimized with the Yoast SEO plugin v26.8 - https:\/\/yoast.com\/product\/yoast-seo-wordpress\/ -->\n<title>ASS (AUTOMATIC SECTION SWITCH) - T\u1ed5ng c\u00f4ng ty Thi\u1ebft B\u1ecb \u0110i\u1ec7n \u0110\u00f4ng Anh<\/title>\n<meta name=\"robots\" content=\"index, follow, max-snippet:-1, max-image-preview:large, max-video-preview:-1\" \/>\n<link rel=\"canonical\" href=\"https:\/\/eemc.com.vn\/en\/product\/ass-automatic-section-switch-cau-dao-tu-dong\" \/>\n<meta property=\"og:locale\" content=\"en_US\" \/>\n<meta property=\"og:type\" content=\"article\" \/>\n<meta property=\"og:title\" content=\"ASS (AUTOMATIC SECTION SWITCH) - T\u1ed5ng c\u00f4ng ty Thi\u1ebft B\u1ecb \u0110i\u1ec7n \u0110\u00f4ng Anh\" \/>\n<meta property=\"og:description\" content=\"C\u1ea7u dao t\u1ef1 \u0111\u1ed9ng \u0111\u01b0\u1ee3c \u1ee9ng d\u1ee5ng v\u1edbi c\u1ea5u tr\u00fac d\u1eadp h\u1ed3 quang lo\u1ea1i Air-Puffer \u0111\u1ea7u ti\u00ean t\u1ea1i H\u00e0n Qu\u1ed1c. B\u1ea3ng \u0111i\u1ec1u khi\u1ec3n r\u1ea5t d\u1ec5 l\u1eafp \u0111\u1eb7t v\u00e0 v\u1eadn h\u00e0nh C\u00f3 ch\u1ee9c n\u0103ng ng\u1eaft k\u1ebft [...]\" \/>\n<meta property=\"og:url\" content=\"https:\/\/eemc.com.vn\/en\/product\/ass-automatic-section-switch-cau-dao-tu-dong\" \/>\n<meta property=\"og:site_name\" content=\"T\u1ed5ng c\u00f4ng ty Thi\u1ebft B\u1ecb \u0110i\u1ec7n \u0110\u00f4ng Anh\" \/>\n<meta property=\"article:modified_time\" content=\"2025-03-19T09:42:30+00:00\" \/>\n<meta property=\"og:image\" content=\"https:\/\/eemc.com.vn\/wp-content\/uploads\/2025\/02\/cau-dao-tu-dong.jpg\" \/>\n\t<meta property=\"og:image:width\" content=\"432\" \/>\n\t<meta property=\"og:image:height\" content=\"448\" \/>\n\t<meta property=\"og:image:type\" content=\"image\/jpeg\" \/>\n<meta name=\"twitter:card\" content=\"summary_large_image\" \/>\n<meta name=\"twitter:label1\" content=\"Est. reading time\" \/>\n\t<meta name=\"twitter:data1\" content=\"1 minute\" \/>\n<script type=\"application\/ld+json\" class=\"yoast-schema-graph\">{\"@context\":\"https:\/\/schema.org\",\"@graph\":[{\"@type\":\"WebPage\",\"@id\":\"https:\/\/eemc.com.vn\/en\/product\/ass-automatic-section-switch-cau-dao-tu-dong\",\"url\":\"https:\/\/eemc.com.vn\/en\/product\/ass-automatic-section-switch-cau-dao-tu-dong\",\"name\":\"ASS (AUTOMATIC SECTION SWITCH) - T\u1ed5ng c\u00f4ng ty Thi\u1ebft B\u1ecb \u0110i\u1ec7n \u0110\u00f4ng Anh\",\"isPartOf\":{\"@id\":\"https:\/\/eemc.com.vn\/en#website\"},\"primaryImageOfPage\":{\"@id\":\"https:\/\/eemc.com.vn\/en\/product\/ass-automatic-section-switch-cau-dao-tu-dong#primaryimage\"},\"image\":{\"@id\":\"https:\/\/eemc.com.vn\/en\/product\/ass-automatic-section-switch-cau-dao-tu-dong#primaryimage\"},\"thumbnailUrl\":\"https:\/\/eemc.com.vn\/wp-content\/uploads\/2025\/02\/cau-dao-tu-dong.jpg\",\"datePublished\":\"2025-02-20T07:51:57+00:00\",\"dateModified\":\"2025-03-19T09:42:30+00:00\",\"breadcrumb\":{\"@id\":\"https:\/\/eemc.com.vn\/en\/product\/ass-automatic-section-switch-cau-dao-tu-dong#breadcrumb\"},\"inLanguage\":\"en-US\",\"potentialAction\":[{\"@type\":\"ReadAction\",\"target\":[\"https:\/\/eemc.com.vn\/en\/product\/ass-automatic-section-switch-cau-dao-tu-dong\"]}]},{\"@type\":\"ImageObject\",\"inLanguage\":\"en-US\",\"@id\":\"https:\/\/eemc.com.vn\/en\/product\/ass-automatic-section-switch-cau-dao-tu-dong#primaryimage\",\"url\":\"https:\/\/eemc.com.vn\/wp-content\/uploads\/2025\/02\/cau-dao-tu-dong.jpg\",\"contentUrl\":\"https:\/\/eemc.com.vn\/wp-content\/uploads\/2025\/02\/cau-dao-tu-dong.jpg\",\"width\":432,\"height\":448},{\"@type\":\"BreadcrumbList\",\"@id\":\"https:\/\/eemc.com.vn\/en\/product\/ass-automatic-section-switch-cau-dao-tu-dong#breadcrumb\",\"itemListElement\":[{\"@type\":\"ListItem\",\"position\":1,\"name\":\"HomeTrang ch\u1ee7\",\"item\":\"https:\/\/eemc.com.vn\/en\"},{\"@type\":\"ListItem\",\"position\":2,\"name\":\"Shop\",\"item\":\"https:\/\/eemc.com.vn\/en\/shop\"},{\"@type\":\"ListItem\",\"position\":3,\"name\":\"ASS (AUTOMATIC SECTION SWITCH)\"}]},{\"@type\":\"WebSite\",\"@id\":\"https:\/\/eemc.com.vn\/en#website\",\"url\":\"https:\/\/eemc.com.vn\/en\",\"name\":\"T\u1ed5ng c\u00f4ng ty Thi\u1ebft B\u1ecb \u0110i\u1ec7n \u0110\u00f4ng Anh\",\"description\":\"m\u00e1y bi\u1ebfn \u00e1p \u0110\u00f4ng Anh\",\"publisher\":{\"@id\":\"https:\/\/eemc.com.vn\/en#organization\"},\"potentialAction\":[{\"@type\":\"SearchAction\",\"target\":{\"@type\":\"EntryPoint\",\"urlTemplate\":\"https:\/\/eemc.com.vn\/en?s={search_term_string}\"},\"query-input\":{\"@type\":\"PropertyValueSpecification\",\"valueRequired\":true,\"valueName\":\"search_term_string\"}}],\"inLanguage\":\"en-US\"},{\"@type\":\"Organization\",\"@id\":\"https:\/\/eemc.com.vn\/en#organization\",\"name\":\"T\u1ed5ng c\u00f4ng ty thi\u1ebft b\u1ecb \u0111i\u1ec7n \u0110\u00f4ng Anh\",\"alternateName\":\"EEMC\",\"url\":\"https:\/\/eemc.com.vn\/en\",\"logo\":{\"@type\":\"ImageObject\",\"inLanguage\":\"en-US\",\"@id\":\"https:\/\/eemc.com.vn\/en#\/schema\/logo\/image\/\",\"url\":\"https:\/\/eemc.com.vn\/wp-content\/uploads\/2025\/03\/logo-EEMC-2025-ng-TV-scaled.jpg\",\"contentUrl\":\"https:\/\/eemc.com.vn\/wp-content\/uploads\/2025\/03\/logo-EEMC-2025-ng-TV-scaled.jpg\",\"width\":2560,\"height\":1037,\"caption\":\"T\u1ed5ng c\u00f4ng ty thi\u1ebft b\u1ecb \u0111i\u1ec7n \u0110\u00f4ng Anh\"},\"image\":{\"@id\":\"https:\/\/eemc.com.vn\/en#\/schema\/logo\/image\/\"}}]}<\/script>\n<!-- \/ Yoast SEO plugin. -->","yoast_head_json":{"title":"ASS (AUTOMATIC SECTION SWITCH) - T\u1ed5ng c\u00f4ng ty Thi\u1ebft B\u1ecb \u0110i\u1ec7n \u0110\u00f4ng Anh","robots":{"index":"index","follow":"follow","max-snippet":"max-snippet:-1","max-image-preview":"max-image-preview:large","max-video-preview":"max-video-preview:-1"},"canonical":"https:\/\/eemc.com.vn\/en\/product\/ass-automatic-section-switch-cau-dao-tu-dong","og_locale":"en_US","og_type":"article","og_title":"ASS (AUTOMATIC SECTION SWITCH) - T\u1ed5ng c\u00f4ng ty Thi\u1ebft B\u1ecb \u0110i\u1ec7n \u0110\u00f4ng Anh","og_description":"C\u1ea7u dao t\u1ef1 \u0111\u1ed9ng \u0111\u01b0\u1ee3c \u1ee9ng d\u1ee5ng v\u1edbi c\u1ea5u tr\u00fac d\u1eadp h\u1ed3 quang lo\u1ea1i Air-Puffer \u0111\u1ea7u ti\u00ean t\u1ea1i H\u00e0n Qu\u1ed1c. B\u1ea3ng \u0111i\u1ec1u khi\u1ec3n r\u1ea5t d\u1ec5 l\u1eafp \u0111\u1eb7t v\u00e0 v\u1eadn h\u00e0nh C\u00f3 ch\u1ee9c n\u0103ng ng\u1eaft k\u1ebft [...]","og_url":"https:\/\/eemc.com.vn\/en\/product\/ass-automatic-section-switch-cau-dao-tu-dong","og_site_name":"T\u1ed5ng c\u00f4ng ty Thi\u1ebft B\u1ecb \u0110i\u1ec7n \u0110\u00f4ng Anh","article_modified_time":"2025-03-19T09:42:30+00:00","og_image":[{"width":432,"height":448,"url":"https:\/\/eemc.com.vn\/wp-content\/uploads\/2025\/02\/cau-dao-tu-dong.jpg","type":"image\/jpeg"}],"twitter_card":"summary_large_image","twitter_misc":{"Est. reading time":"1 minute"},"schema":{"@context":"https:\/\/schema.org","@graph":[{"@type":"WebPage","@id":"https:\/\/eemc.com.vn\/en\/product\/ass-automatic-section-switch-cau-dao-tu-dong","url":"https:\/\/eemc.com.vn\/en\/product\/ass-automatic-section-switch-cau-dao-tu-dong","name":"ASS (AUTOMATIC SECTION SWITCH) - T\u1ed5ng c\u00f4ng ty Thi\u1ebft B\u1ecb \u0110i\u1ec7n \u0110\u00f4ng Anh","isPartOf":{"@id":"https:\/\/eemc.com.vn\/en#website"},"primaryImageOfPage":{"@id":"https:\/\/eemc.com.vn\/en\/product\/ass-automatic-section-switch-cau-dao-tu-dong#primaryimage"},"image":{"@id":"https:\/\/eemc.com.vn\/en\/product\/ass-automatic-section-switch-cau-dao-tu-dong#primaryimage"},"thumbnailUrl":"https:\/\/eemc.com.vn\/wp-content\/uploads\/2025\/02\/cau-dao-tu-dong.jpg","datePublished":"2025-02-20T07:51:57+00:00","dateModified":"2025-03-19T09:42:30+00:00","breadcrumb":{"@id":"https:\/\/eemc.com.vn\/en\/product\/ass-automatic-section-switch-cau-dao-tu-dong#breadcrumb"},"inLanguage":"en-US","potentialAction":[{"@type":"ReadAction","target":["https:\/\/eemc.com.vn\/en\/product\/ass-automatic-section-switch-cau-dao-tu-dong"]}]},{"@type":"ImageObject","inLanguage":"en-US","@id":"https:\/\/eemc.com.vn\/en\/product\/ass-automatic-section-switch-cau-dao-tu-dong#primaryimage","url":"https:\/\/eemc.com.vn\/wp-content\/uploads\/2025\/02\/cau-dao-tu-dong.jpg","contentUrl":"https:\/\/eemc.com.vn\/wp-content\/uploads\/2025\/02\/cau-dao-tu-dong.jpg","width":432,"height":448},{"@type":"BreadcrumbList","@id":"https:\/\/eemc.com.vn\/en\/product\/ass-automatic-section-switch-cau-dao-tu-dong#breadcrumb","itemListElement":[{"@type":"ListItem","position":1,"name":"HomeTrang ch\u1ee7","item":"https:\/\/eemc.com.vn\/en"},{"@type":"ListItem","position":2,"name":"Shop","item":"https:\/\/eemc.com.vn\/en\/shop"},{"@type":"ListItem","position":3,"name":"ASS (AUTOMATIC SECTION SWITCH)"}]},{"@type":"WebSite","@id":"https:\/\/eemc.com.vn\/en#website","url":"https:\/\/eemc.com.vn\/en","name":"T\u1ed5ng c\u00f4ng ty Thi\u1ebft B\u1ecb \u0110i\u1ec7n \u0110\u00f4ng Anh","description":"m\u00e1y bi\u1ebfn \u00e1p \u0110\u00f4ng Anh","publisher":{"@id":"https:\/\/eemc.com.vn\/en#organization"},"potentialAction":[{"@type":"SearchAction","target":{"@type":"EntryPoint","urlTemplate":"https:\/\/eemc.com.vn\/en?s={search_term_string}"},"query-input":{"@type":"PropertyValueSpecification","valueRequired":true,"valueName":"search_term_string"}}],"inLanguage":"en-US"},{"@type":"Organization","@id":"https:\/\/eemc.com.vn\/en#organization","name":"T\u1ed5ng c\u00f4ng ty thi\u1ebft b\u1ecb \u0111i\u1ec7n \u0110\u00f4ng Anh","alternateName":"EEMC","url":"https:\/\/eemc.com.vn\/en","logo":{"@type":"ImageObject","inLanguage":"en-US","@id":"https:\/\/eemc.com.vn\/en#\/schema\/logo\/image\/","url":"https:\/\/eemc.com.vn\/wp-content\/uploads\/2025\/03\/logo-EEMC-2025-ng-TV-scaled.jpg","contentUrl":"https:\/\/eemc.com.vn\/wp-content\/uploads\/2025\/03\/logo-EEMC-2025-ng-TV-scaled.jpg","width":2560,"height":1037,"caption":"T\u1ed5ng c\u00f4ng ty thi\u1ebft b\u1ecb \u0111i\u1ec7n \u0110\u00f4ng Anh"},"image":{"@id":"https:\/\/eemc.com.vn\/en#\/schema\/logo\/image\/"}}]}},"_links":{"self":[{"href":"https:\/\/eemc.com.vn\/en\/wp-json\/wp\/v2\/product\/15828","targetHints":{"allow":["GET"]}}],"collection":[{"href":"https:\/\/eemc.com.vn\/en\/wp-json\/wp\/v2\/product"}],"about":[{"href":"https:\/\/eemc.com.vn\/en\/wp-json\/wp\/v2\/types\/product"}],"wp:featuredmedia":[{"embeddable":true,"href":"https:\/\/eemc.com.vn\/en\/wp-json\/wp\/v2\/media\/14295"}],"wp:attachment":[{"href":"https:\/\/eemc.com.vn\/en\/wp-json\/wp\/v2\/media?parent=15828"}],"wp:term":[{"taxonomy":"product_brand","embeddable":true,"href":"https:\/\/eemc.com.vn\/en\/wp-json\/wp\/v2\/product_brand?post=15828"},{"taxonomy":"product_cat","embeddable":true,"href":"https:\/\/eemc.com.vn\/en\/wp-json\/wp\/v2\/product_cat?post=15828"},{"taxonomy":"product_tag","embeddable":true,"href":"https:\/\/eemc.com.vn\/en\/wp-json\/wp\/v2\/product_tag?post=15828"}],"curies":[{"name":"wp","href":"https:\/\/api.w.org\/{rel}","templated":true}]}}