{"id":15829,"date":"2025-02-20T14:49:45","date_gmt":"2025-02-20T07:49:45","guid":{"rendered":"https:\/\/eemc.com.vn\/product\/lbs-load-break-switch-cau-dao-phu-tai"},"modified":"2025-03-19T16:47:34","modified_gmt":"2025-03-19T09:47:34","slug":"lbs-load-break-switch-cau-dao-phu-tai","status":"publish","type":"product","link":"https:\/\/eemc.com.vn\/en\/product\/lbs-load-break-switch-cau-dao-phu-tai","title":{"rendered":"LBS (LOAD BREAK SWITCH)"},"content":{"rendered":"<p>VITZRO EM l\u00e0 c\u00f4ng ty \u0111\u1ea7u ti\u00ean s\u1ea3n xu\u1ea5t LBS E3 \u1edf H\u00e0n Qu\u1ed1c.<br \/>\nC\u1ea7u dao ph\u1ee5 t\u1ea3i ba c\u1ef1c, l\u1eafp \u0111\u1eb7t trong nh\u00e0.<br \/>\nS\u1eed d\u1ee5ng c\u1ea7u ch\u00ec k\u1ebft h\u1ee3p c\u00f3 ph\u1ea1m vi b\u1ea3o v\u1ec7 m\u00e1y bi\u1ebfn \u00e1p l\u00ean t\u1edbi 100A.<br \/>\nTheo ti\u00eau chu\u1ea9n: IEC62271-105 (C\u1ea7u daoC\u1ea7u ch\u00ec), IEC610265-1 (C\u1ea7u dao ph\u1ee5 t\u1ea3i) v\u00e0 Ti\u00eau chu\u1ea9n KSC4615 \u0111\u01b0\u1ee3c ch\u1ee9ng nh\u1eadn b\u1edfi KERI.<\/p>\n","protected":false},"excerpt":{"rendered":"<p>VITZRO EM l\u00e0 c\u00f4ng ty \u0111\u1ea7u ti\u00ean s\u1ea3n xu\u1ea5t LBS E3 \u1edf H\u00e0n Qu\u1ed1c. C\u1ea7u dao ph\u1ee5 t\u1ea3i ba c\u1ef1c, l\u1eafp \u0111\u1eb7t trong nh\u00e0. S\u1eed d\u1ee5ng c\u1ea7u ch\u00ec k\u1ebft h\u1ee3p c\u00f3 ph\u1ea1m vi b\u1ea3o v\u1ec7 [&#8230;]\n","protected":false},"featured_media":14292,"template":"","meta":[],"product_brand":[],"product_cat":[1674,1772],"product_tag":[],"class_list":{"0":"post-15829","1":"product","2":"type-product","3":"status-publish","4":"has-post-thumbnail","6":"product_cat-vitzro-product","7":"product_cat-medium-voltage-equipment","8":"pa_loai-thiet-bi-san-pham-trung-the-en","9":"pa_thuong-hieu-vitzro-en","11":"first","12":"instock","13":"shipping-taxable","14":"product-type-simple"},"yoast_head":"<!-- This site is optimized with the Yoast SEO plugin v26.8 - https:\/\/yoast.com\/product\/yoast-seo-wordpress\/ -->\n<title>LBS (LOAD BREAK SWITCH) - T\u1ed5ng c\u00f4ng ty Thi\u1ebft B\u1ecb \u0110i\u1ec7n \u0110\u00f4ng Anh<\/title>\n<meta name=\"robots\" content=\"index, follow, max-snippet:-1, max-image-preview:large, max-video-preview:-1\" \/>\n<link rel=\"canonical\" href=\"https:\/\/eemc.com.vn\/en\/product\/lbs-load-break-switch-cau-dao-phu-tai\" \/>\n<meta property=\"og:locale\" content=\"en_US\" \/>\n<meta property=\"og:type\" content=\"article\" \/>\n<meta property=\"og:title\" content=\"LBS (LOAD BREAK SWITCH) - T\u1ed5ng c\u00f4ng ty Thi\u1ebft B\u1ecb \u0110i\u1ec7n \u0110\u00f4ng Anh\" \/>\n<meta property=\"og:description\" content=\"VITZRO EM l\u00e0 c\u00f4ng ty \u0111\u1ea7u ti\u00ean s\u1ea3n xu\u1ea5t LBS E3 \u1edf H\u00e0n Qu\u1ed1c. C\u1ea7u dao ph\u1ee5 t\u1ea3i ba c\u1ef1c, l\u1eafp \u0111\u1eb7t trong nh\u00e0. S\u1eed d\u1ee5ng c\u1ea7u ch\u00ec k\u1ebft h\u1ee3p c\u00f3 ph\u1ea1m vi b\u1ea3o v\u1ec7 [...]\" \/>\n<meta property=\"og:url\" content=\"https:\/\/eemc.com.vn\/en\/product\/lbs-load-break-switch-cau-dao-phu-tai\" \/>\n<meta property=\"og:site_name\" content=\"T\u1ed5ng c\u00f4ng ty Thi\u1ebft B\u1ecb \u0110i\u1ec7n \u0110\u00f4ng Anh\" \/>\n<meta property=\"article:modified_time\" content=\"2025-03-19T09:47:34+00:00\" \/>\n<meta property=\"og:image\" content=\"https:\/\/eemc.com.vn\/wp-content\/uploads\/2025\/02\/cau-dao-phu-tai.jpg\" \/>\n\t<meta property=\"og:image:width\" content=\"483\" \/>\n\t<meta property=\"og:image:height\" content=\"321\" \/>\n\t<meta property=\"og:image:type\" content=\"image\/jpeg\" \/>\n<meta name=\"twitter:card\" content=\"summary_large_image\" \/>\n<meta name=\"twitter:label1\" content=\"Est. reading time\" \/>\n\t<meta name=\"twitter:data1\" content=\"1 minute\" \/>\n<script type=\"application\/ld+json\" class=\"yoast-schema-graph\">{\"@context\":\"https:\/\/schema.org\",\"@graph\":[{\"@type\":\"WebPage\",\"@id\":\"https:\/\/eemc.com.vn\/en\/product\/lbs-load-break-switch-cau-dao-phu-tai\",\"url\":\"https:\/\/eemc.com.vn\/en\/product\/lbs-load-break-switch-cau-dao-phu-tai\",\"name\":\"LBS (LOAD BREAK SWITCH) - T\u1ed5ng c\u00f4ng ty Thi\u1ebft B\u1ecb \u0110i\u1ec7n \u0110\u00f4ng Anh\",\"isPartOf\":{\"@id\":\"https:\/\/eemc.com.vn\/en#website\"},\"primaryImageOfPage\":{\"@id\":\"https:\/\/eemc.com.vn\/en\/product\/lbs-load-break-switch-cau-dao-phu-tai#primaryimage\"},\"image\":{\"@id\":\"https:\/\/eemc.com.vn\/en\/product\/lbs-load-break-switch-cau-dao-phu-tai#primaryimage\"},\"thumbnailUrl\":\"https:\/\/eemc.com.vn\/wp-content\/uploads\/2025\/02\/cau-dao-phu-tai.jpg\",\"datePublished\":\"2025-02-20T07:49:45+00:00\",\"dateModified\":\"2025-03-19T09:47:34+00:00\",\"breadcrumb\":{\"@id\":\"https:\/\/eemc.com.vn\/en\/product\/lbs-load-break-switch-cau-dao-phu-tai#breadcrumb\"},\"inLanguage\":\"en-US\",\"potentialAction\":[{\"@type\":\"ReadAction\",\"target\":[\"https:\/\/eemc.com.vn\/en\/product\/lbs-load-break-switch-cau-dao-phu-tai\"]}]},{\"@type\":\"ImageObject\",\"inLanguage\":\"en-US\",\"@id\":\"https:\/\/eemc.com.vn\/en\/product\/lbs-load-break-switch-cau-dao-phu-tai#primaryimage\",\"url\":\"https:\/\/eemc.com.vn\/wp-content\/uploads\/2025\/02\/cau-dao-phu-tai.jpg\",\"contentUrl\":\"https:\/\/eemc.com.vn\/wp-content\/uploads\/2025\/02\/cau-dao-phu-tai.jpg\",\"width\":483,\"height\":321},{\"@type\":\"BreadcrumbList\",\"@id\":\"https:\/\/eemc.com.vn\/en\/product\/lbs-load-break-switch-cau-dao-phu-tai#breadcrumb\",\"itemListElement\":[{\"@type\":\"ListItem\",\"position\":1,\"name\":\"HomeTrang ch\u1ee7\",\"item\":\"https:\/\/eemc.com.vn\/en\"},{\"@type\":\"ListItem\",\"position\":2,\"name\":\"Shop\",\"item\":\"https:\/\/eemc.com.vn\/en\/shop\"},{\"@type\":\"ListItem\",\"position\":3,\"name\":\"LBS (LOAD BREAK SWITCH)\"}]},{\"@type\":\"WebSite\",\"@id\":\"https:\/\/eemc.com.vn\/en#website\",\"url\":\"https:\/\/eemc.com.vn\/en\",\"name\":\"T\u1ed5ng c\u00f4ng ty Thi\u1ebft B\u1ecb \u0110i\u1ec7n \u0110\u00f4ng Anh\",\"description\":\"m\u00e1y bi\u1ebfn \u00e1p \u0110\u00f4ng Anh\",\"publisher\":{\"@id\":\"https:\/\/eemc.com.vn\/en#organization\"},\"potentialAction\":[{\"@type\":\"SearchAction\",\"target\":{\"@type\":\"EntryPoint\",\"urlTemplate\":\"https:\/\/eemc.com.vn\/en?s={search_term_string}\"},\"query-input\":{\"@type\":\"PropertyValueSpecification\",\"valueRequired\":true,\"valueName\":\"search_term_string\"}}],\"inLanguage\":\"en-US\"},{\"@type\":\"Organization\",\"@id\":\"https:\/\/eemc.com.vn\/en#organization\",\"name\":\"T\u1ed5ng c\u00f4ng ty thi\u1ebft b\u1ecb \u0111i\u1ec7n \u0110\u00f4ng Anh\",\"alternateName\":\"EEMC\",\"url\":\"https:\/\/eemc.com.vn\/en\",\"logo\":{\"@type\":\"ImageObject\",\"inLanguage\":\"en-US\",\"@id\":\"https:\/\/eemc.com.vn\/en#\/schema\/logo\/image\/\",\"url\":\"https:\/\/eemc.com.vn\/wp-content\/uploads\/2025\/03\/logo-EEMC-2025-ng-TV-scaled.jpg\",\"contentUrl\":\"https:\/\/eemc.com.vn\/wp-content\/uploads\/2025\/03\/logo-EEMC-2025-ng-TV-scaled.jpg\",\"width\":2560,\"height\":1037,\"caption\":\"T\u1ed5ng c\u00f4ng ty thi\u1ebft b\u1ecb \u0111i\u1ec7n \u0110\u00f4ng Anh\"},\"image\":{\"@id\":\"https:\/\/eemc.com.vn\/en#\/schema\/logo\/image\/\"}}]}<\/script>\n<!-- \/ Yoast SEO plugin. -->","yoast_head_json":{"title":"LBS (LOAD BREAK SWITCH) - T\u1ed5ng c\u00f4ng ty Thi\u1ebft B\u1ecb \u0110i\u1ec7n \u0110\u00f4ng Anh","robots":{"index":"index","follow":"follow","max-snippet":"max-snippet:-1","max-image-preview":"max-image-preview:large","max-video-preview":"max-video-preview:-1"},"canonical":"https:\/\/eemc.com.vn\/en\/product\/lbs-load-break-switch-cau-dao-phu-tai","og_locale":"en_US","og_type":"article","og_title":"LBS (LOAD BREAK SWITCH) - T\u1ed5ng c\u00f4ng ty Thi\u1ebft B\u1ecb \u0110i\u1ec7n \u0110\u00f4ng Anh","og_description":"VITZRO EM l\u00e0 c\u00f4ng ty \u0111\u1ea7u ti\u00ean s\u1ea3n xu\u1ea5t LBS E3 \u1edf H\u00e0n Qu\u1ed1c. C\u1ea7u dao ph\u1ee5 t\u1ea3i ba c\u1ef1c, l\u1eafp \u0111\u1eb7t trong nh\u00e0. S\u1eed d\u1ee5ng c\u1ea7u ch\u00ec k\u1ebft h\u1ee3p c\u00f3 ph\u1ea1m vi b\u1ea3o v\u1ec7 [...]","og_url":"https:\/\/eemc.com.vn\/en\/product\/lbs-load-break-switch-cau-dao-phu-tai","og_site_name":"T\u1ed5ng c\u00f4ng ty Thi\u1ebft B\u1ecb \u0110i\u1ec7n \u0110\u00f4ng Anh","article_modified_time":"2025-03-19T09:47:34+00:00","og_image":[{"width":483,"height":321,"url":"https:\/\/eemc.com.vn\/wp-content\/uploads\/2025\/02\/cau-dao-phu-tai.jpg","type":"image\/jpeg"}],"twitter_card":"summary_large_image","twitter_misc":{"Est. reading time":"1 minute"},"schema":{"@context":"https:\/\/schema.org","@graph":[{"@type":"WebPage","@id":"https:\/\/eemc.com.vn\/en\/product\/lbs-load-break-switch-cau-dao-phu-tai","url":"https:\/\/eemc.com.vn\/en\/product\/lbs-load-break-switch-cau-dao-phu-tai","name":"LBS (LOAD BREAK SWITCH) - T\u1ed5ng c\u00f4ng ty Thi\u1ebft B\u1ecb \u0110i\u1ec7n \u0110\u00f4ng Anh","isPartOf":{"@id":"https:\/\/eemc.com.vn\/en#website"},"primaryImageOfPage":{"@id":"https:\/\/eemc.com.vn\/en\/product\/lbs-load-break-switch-cau-dao-phu-tai#primaryimage"},"image":{"@id":"https:\/\/eemc.com.vn\/en\/product\/lbs-load-break-switch-cau-dao-phu-tai#primaryimage"},"thumbnailUrl":"https:\/\/eemc.com.vn\/wp-content\/uploads\/2025\/02\/cau-dao-phu-tai.jpg","datePublished":"2025-02-20T07:49:45+00:00","dateModified":"2025-03-19T09:47:34+00:00","breadcrumb":{"@id":"https:\/\/eemc.com.vn\/en\/product\/lbs-load-break-switch-cau-dao-phu-tai#breadcrumb"},"inLanguage":"en-US","potentialAction":[{"@type":"ReadAction","target":["https:\/\/eemc.com.vn\/en\/product\/lbs-load-break-switch-cau-dao-phu-tai"]}]},{"@type":"ImageObject","inLanguage":"en-US","@id":"https:\/\/eemc.com.vn\/en\/product\/lbs-load-break-switch-cau-dao-phu-tai#primaryimage","url":"https:\/\/eemc.com.vn\/wp-content\/uploads\/2025\/02\/cau-dao-phu-tai.jpg","contentUrl":"https:\/\/eemc.com.vn\/wp-content\/uploads\/2025\/02\/cau-dao-phu-tai.jpg","width":483,"height":321},{"@type":"BreadcrumbList","@id":"https:\/\/eemc.com.vn\/en\/product\/lbs-load-break-switch-cau-dao-phu-tai#breadcrumb","itemListElement":[{"@type":"ListItem","position":1,"name":"HomeTrang ch\u1ee7","item":"https:\/\/eemc.com.vn\/en"},{"@type":"ListItem","position":2,"name":"Shop","item":"https:\/\/eemc.com.vn\/en\/shop"},{"@type":"ListItem","position":3,"name":"LBS (LOAD BREAK SWITCH)"}]},{"@type":"WebSite","@id":"https:\/\/eemc.com.vn\/en#website","url":"https:\/\/eemc.com.vn\/en","name":"T\u1ed5ng c\u00f4ng ty Thi\u1ebft B\u1ecb \u0110i\u1ec7n \u0110\u00f4ng Anh","description":"m\u00e1y bi\u1ebfn \u00e1p \u0110\u00f4ng Anh","publisher":{"@id":"https:\/\/eemc.com.vn\/en#organization"},"potentialAction":[{"@type":"SearchAction","target":{"@type":"EntryPoint","urlTemplate":"https:\/\/eemc.com.vn\/en?s={search_term_string}"},"query-input":{"@type":"PropertyValueSpecification","valueRequired":true,"valueName":"search_term_string"}}],"inLanguage":"en-US"},{"@type":"Organization","@id":"https:\/\/eemc.com.vn\/en#organization","name":"T\u1ed5ng c\u00f4ng ty thi\u1ebft b\u1ecb \u0111i\u1ec7n \u0110\u00f4ng Anh","alternateName":"EEMC","url":"https:\/\/eemc.com.vn\/en","logo":{"@type":"ImageObject","inLanguage":"en-US","@id":"https:\/\/eemc.com.vn\/en#\/schema\/logo\/image\/","url":"https:\/\/eemc.com.vn\/wp-content\/uploads\/2025\/03\/logo-EEMC-2025-ng-TV-scaled.jpg","contentUrl":"https:\/\/eemc.com.vn\/wp-content\/uploads\/2025\/03\/logo-EEMC-2025-ng-TV-scaled.jpg","width":2560,"height":1037,"caption":"T\u1ed5ng c\u00f4ng ty thi\u1ebft b\u1ecb \u0111i\u1ec7n \u0110\u00f4ng Anh"},"image":{"@id":"https:\/\/eemc.com.vn\/en#\/schema\/logo\/image\/"}}]}},"_links":{"self":[{"href":"https:\/\/eemc.com.vn\/en\/wp-json\/wp\/v2\/product\/15829","targetHints":{"allow":["GET"]}}],"collection":[{"href":"https:\/\/eemc.com.vn\/en\/wp-json\/wp\/v2\/product"}],"about":[{"href":"https:\/\/eemc.com.vn\/en\/wp-json\/wp\/v2\/types\/product"}],"wp:featuredmedia":[{"embeddable":true,"href":"https:\/\/eemc.com.vn\/en\/wp-json\/wp\/v2\/media\/14292"}],"wp:attachment":[{"href":"https:\/\/eemc.com.vn\/en\/wp-json\/wp\/v2\/media?parent=15829"}],"wp:term":[{"taxonomy":"product_brand","embeddable":true,"href":"https:\/\/eemc.com.vn\/en\/wp-json\/wp\/v2\/product_brand?post=15829"},{"taxonomy":"product_cat","embeddable":true,"href":"https:\/\/eemc.com.vn\/en\/wp-json\/wp\/v2\/product_cat?post=15829"},{"taxonomy":"product_tag","embeddable":true,"href":"https:\/\/eemc.com.vn\/en\/wp-json\/wp\/v2\/product_tag?post=15829"}],"curies":[{"name":"wp","href":"https:\/\/api.w.org\/{rel}","templated":true}]}}