{"id":15831,"date":"2025-02-20T14:47:46","date_gmt":"2025-02-20T07:47:46","guid":{"rendered":"https:\/\/eemc.com.vn\/product\/vts-vacuum-transfer-switch-thiet-bi-chuyen-nguon-chan-khong"},"modified":"2025-03-19T16:48:31","modified_gmt":"2025-03-19T09:48:31","slug":"vts-vacuum-transfer-switch-thiet-bi-chuyen-nguon-chan-khong","status":"publish","type":"product","link":"https:\/\/eemc.com.vn\/en\/product\/vts-vacuum-transfer-switch-thiet-bi-chuyen-nguon-chan-khong","title":{"rendered":"VTS (VACUUM TRANSFER SWITCH)"},"content":{"rendered":"<p>S\u1ea3n ph\u1ea9m \u0111\u01b0\u1ee3c s\u1eed d\u1ee5ng \u0111\u1ec3 chuy\u1ec3n \u0111\u1ed5i ngu\u1ed3n gi\u1eefa l\u01b0\u1edbi v\u1edbi l\u01b0\u1edbi ho\u1eb7c l\u01b0\u1edbi v\u1edbi m\u00e1y ph\u00e1t trung th\u1ebf.<br \/>\nThi\u1ebft b\u1ecb chuy\u1ec3n ch\u00e2n kh\u00f4ng s\u1eed d\u1ee5ng bu\u1ed3ng d\u1eadp ch\u00e2n kh\u00f4ng v\u00e0 BMC gi\u00fap c\u1ea3i thi\u1ec7n kh\u1ea3 n\u0103ng c\u00e1ch \u0111i\u1ec7n \u0111\u1ed3ng th\u1eddi \u0111\u01b0\u1ee3c t\u00edch h\u1ee3p thi\u1ebft b\u1ecb li\u00ean \u0111\u1ed9ng \u0111i\u1ec7n v\u00e0 c\u01a1 h\u1ecdc c\u00f9ng thi\u1ebft b\u1ecb kh\u00f3a qu\u00e1 d\u00f2ng.<br \/>\n\u0110\u00e2y l\u00e0 thi\u1ebft b\u1ecb chuy\u1ec3n ngu\u1ed3n c\u00f3 th\u1ec3 ng\u0103n ng\u1eeba h\u1ecfng h\u00f3c do l\u1ed7i ng\u1eaft m\u1ea1ch trong tr\u01b0\u1eddng h\u1ee3p ng\u1eafn m\u1ea1ch v\u00e0 qu\u00e1 d\u00f2ng.<br \/>\nS\u1ea3n ph\u1ea9m c\u00f3 kh\u1ea3 n\u0103ng ch\u1ecbu ng\u1eafn m\u1ea1ch t\u1ed1i \u0111a \u0111\u1ea1t ti\u00eau chu\u1ea9n qu\u1ed1c t\u1ebf IEC-60470.<\/p>\n","protected":false},"excerpt":{"rendered":"<p>S\u1ea3n ph\u1ea9m \u0111\u01b0\u1ee3c s\u1eed d\u1ee5ng \u0111\u1ec3 chuy\u1ec3n \u0111\u1ed5i ngu\u1ed3n gi\u1eefa l\u01b0\u1edbi v\u1edbi l\u01b0\u1edbi ho\u1eb7c l\u01b0\u1edbi v\u1edbi m\u00e1y ph\u00e1t trung th\u1ebf. Thi\u1ebft b\u1ecb chuy\u1ec3n ch\u00e2n kh\u00f4ng s\u1eed d\u1ee5ng bu\u1ed3ng d\u1eadp ch\u00e2n kh\u00f4ng v\u00e0 BMC gi\u00fap c\u1ea3i [&#8230;]\n","protected":false},"featured_media":14286,"template":"","meta":[],"product_brand":[],"product_cat":[1674,1772],"product_tag":[],"class_list":{"0":"post-15831","1":"product","2":"type-product","3":"status-publish","4":"has-post-thumbnail","6":"product_cat-vitzro-product","7":"product_cat-medium-voltage-equipment","8":"pa_loai-thiet-bi-san-pham-trung-the-en","9":"pa_thuong-hieu-vitzro-en","11":"first","12":"instock","13":"shipping-taxable","14":"purchasable","15":"product-type-simple"},"yoast_head":"<!-- This site is optimized with the Yoast SEO plugin v26.8 - https:\/\/yoast.com\/product\/yoast-seo-wordpress\/ -->\n<title>VTS (VACUUM TRANSFER SWITCH) - T\u1ed5ng c\u00f4ng ty Thi\u1ebft B\u1ecb \u0110i\u1ec7n \u0110\u00f4ng Anh<\/title>\n<meta name=\"robots\" content=\"index, follow, max-snippet:-1, max-image-preview:large, max-video-preview:-1\" \/>\n<link rel=\"canonical\" href=\"https:\/\/eemc.com.vn\/en\/product\/vts-vacuum-transfer-switch-thiet-bi-chuyen-nguon-chan-khong\" \/>\n<meta property=\"og:locale\" content=\"en_US\" \/>\n<meta property=\"og:type\" content=\"article\" \/>\n<meta property=\"og:title\" content=\"VTS (VACUUM TRANSFER SWITCH) - T\u1ed5ng c\u00f4ng ty Thi\u1ebft B\u1ecb \u0110i\u1ec7n \u0110\u00f4ng Anh\" \/>\n<meta property=\"og:description\" content=\"S\u1ea3n ph\u1ea9m \u0111\u01b0\u1ee3c s\u1eed d\u1ee5ng \u0111\u1ec3 chuy\u1ec3n \u0111\u1ed5i ngu\u1ed3n gi\u1eefa l\u01b0\u1edbi v\u1edbi l\u01b0\u1edbi ho\u1eb7c l\u01b0\u1edbi v\u1edbi m\u00e1y ph\u00e1t trung th\u1ebf. Thi\u1ebft b\u1ecb chuy\u1ec3n ch\u00e2n kh\u00f4ng s\u1eed d\u1ee5ng bu\u1ed3ng d\u1eadp ch\u00e2n kh\u00f4ng v\u00e0 BMC gi\u00fap c\u1ea3i [...]\" \/>\n<meta property=\"og:url\" content=\"https:\/\/eemc.com.vn\/en\/product\/vts-vacuum-transfer-switch-thiet-bi-chuyen-nguon-chan-khong\" \/>\n<meta property=\"og:site_name\" content=\"T\u1ed5ng c\u00f4ng ty Thi\u1ebft B\u1ecb \u0110i\u1ec7n \u0110\u00f4ng Anh\" \/>\n<meta property=\"article:modified_time\" content=\"2025-03-19T09:48:31+00:00\" \/>\n<meta property=\"og:image\" content=\"https:\/\/eemc.com.vn\/wp-content\/uploads\/2025\/02\/VCS.jpg\" \/>\n\t<meta property=\"og:image:width\" content=\"368\" \/>\n\t<meta property=\"og:image:height\" content=\"405\" \/>\n\t<meta property=\"og:image:type\" content=\"image\/jpeg\" \/>\n<meta name=\"twitter:card\" content=\"summary_large_image\" \/>\n<meta name=\"twitter:label1\" content=\"Est. reading time\" \/>\n\t<meta name=\"twitter:data1\" content=\"1 minute\" \/>\n<script type=\"application\/ld+json\" class=\"yoast-schema-graph\">{\"@context\":\"https:\/\/schema.org\",\"@graph\":[{\"@type\":\"WebPage\",\"@id\":\"https:\/\/eemc.com.vn\/en\/product\/vts-vacuum-transfer-switch-thiet-bi-chuyen-nguon-chan-khong\",\"url\":\"https:\/\/eemc.com.vn\/en\/product\/vts-vacuum-transfer-switch-thiet-bi-chuyen-nguon-chan-khong\",\"name\":\"VTS (VACUUM TRANSFER SWITCH) - T\u1ed5ng c\u00f4ng ty Thi\u1ebft B\u1ecb \u0110i\u1ec7n \u0110\u00f4ng Anh\",\"isPartOf\":{\"@id\":\"https:\/\/eemc.com.vn\/en#website\"},\"primaryImageOfPage\":{\"@id\":\"https:\/\/eemc.com.vn\/en\/product\/vts-vacuum-transfer-switch-thiet-bi-chuyen-nguon-chan-khong#primaryimage\"},\"image\":{\"@id\":\"https:\/\/eemc.com.vn\/en\/product\/vts-vacuum-transfer-switch-thiet-bi-chuyen-nguon-chan-khong#primaryimage\"},\"thumbnailUrl\":\"https:\/\/eemc.com.vn\/wp-content\/uploads\/2025\/02\/VCS.jpg\",\"datePublished\":\"2025-02-20T07:47:46+00:00\",\"dateModified\":\"2025-03-19T09:48:31+00:00\",\"breadcrumb\":{\"@id\":\"https:\/\/eemc.com.vn\/en\/product\/vts-vacuum-transfer-switch-thiet-bi-chuyen-nguon-chan-khong#breadcrumb\"},\"inLanguage\":\"en-US\",\"potentialAction\":[{\"@type\":\"ReadAction\",\"target\":[\"https:\/\/eemc.com.vn\/en\/product\/vts-vacuum-transfer-switch-thiet-bi-chuyen-nguon-chan-khong\"]}]},{\"@type\":\"ImageObject\",\"inLanguage\":\"en-US\",\"@id\":\"https:\/\/eemc.com.vn\/en\/product\/vts-vacuum-transfer-switch-thiet-bi-chuyen-nguon-chan-khong#primaryimage\",\"url\":\"https:\/\/eemc.com.vn\/wp-content\/uploads\/2025\/02\/VCS.jpg\",\"contentUrl\":\"https:\/\/eemc.com.vn\/wp-content\/uploads\/2025\/02\/VCS.jpg\",\"width\":368,\"height\":405},{\"@type\":\"BreadcrumbList\",\"@id\":\"https:\/\/eemc.com.vn\/en\/product\/vts-vacuum-transfer-switch-thiet-bi-chuyen-nguon-chan-khong#breadcrumb\",\"itemListElement\":[{\"@type\":\"ListItem\",\"position\":1,\"name\":\"HomeTrang ch\u1ee7\",\"item\":\"https:\/\/eemc.com.vn\/en\"},{\"@type\":\"ListItem\",\"position\":2,\"name\":\"Shop\",\"item\":\"https:\/\/eemc.com.vn\/en\/shop\"},{\"@type\":\"ListItem\",\"position\":3,\"name\":\"VTS (VACUUM TRANSFER SWITCH)\"}]},{\"@type\":\"WebSite\",\"@id\":\"https:\/\/eemc.com.vn\/en#website\",\"url\":\"https:\/\/eemc.com.vn\/en\",\"name\":\"T\u1ed5ng c\u00f4ng ty Thi\u1ebft B\u1ecb \u0110i\u1ec7n \u0110\u00f4ng Anh\",\"description\":\"m\u00e1y bi\u1ebfn \u00e1p \u0110\u00f4ng Anh\",\"publisher\":{\"@id\":\"https:\/\/eemc.com.vn\/en#organization\"},\"potentialAction\":[{\"@type\":\"SearchAction\",\"target\":{\"@type\":\"EntryPoint\",\"urlTemplate\":\"https:\/\/eemc.com.vn\/en?s={search_term_string}\"},\"query-input\":{\"@type\":\"PropertyValueSpecification\",\"valueRequired\":true,\"valueName\":\"search_term_string\"}}],\"inLanguage\":\"en-US\"},{\"@type\":\"Organization\",\"@id\":\"https:\/\/eemc.com.vn\/en#organization\",\"name\":\"T\u1ed5ng c\u00f4ng ty thi\u1ebft b\u1ecb \u0111i\u1ec7n \u0110\u00f4ng Anh\",\"alternateName\":\"EEMC\",\"url\":\"https:\/\/eemc.com.vn\/en\",\"logo\":{\"@type\":\"ImageObject\",\"inLanguage\":\"en-US\",\"@id\":\"https:\/\/eemc.com.vn\/en#\/schema\/logo\/image\/\",\"url\":\"https:\/\/eemc.com.vn\/wp-content\/uploads\/2025\/03\/logo-EEMC-2025-ng-TV-scaled.jpg\",\"contentUrl\":\"https:\/\/eemc.com.vn\/wp-content\/uploads\/2025\/03\/logo-EEMC-2025-ng-TV-scaled.jpg\",\"width\":2560,\"height\":1037,\"caption\":\"T\u1ed5ng c\u00f4ng ty thi\u1ebft b\u1ecb \u0111i\u1ec7n \u0110\u00f4ng Anh\"},\"image\":{\"@id\":\"https:\/\/eemc.com.vn\/en#\/schema\/logo\/image\/\"}}]}<\/script>\n<!-- \/ Yoast SEO plugin. -->","yoast_head_json":{"title":"VTS (VACUUM TRANSFER SWITCH) - T\u1ed5ng c\u00f4ng ty Thi\u1ebft B\u1ecb \u0110i\u1ec7n \u0110\u00f4ng Anh","robots":{"index":"index","follow":"follow","max-snippet":"max-snippet:-1","max-image-preview":"max-image-preview:large","max-video-preview":"max-video-preview:-1"},"canonical":"https:\/\/eemc.com.vn\/en\/product\/vts-vacuum-transfer-switch-thiet-bi-chuyen-nguon-chan-khong","og_locale":"en_US","og_type":"article","og_title":"VTS (VACUUM TRANSFER SWITCH) - T\u1ed5ng c\u00f4ng ty Thi\u1ebft B\u1ecb \u0110i\u1ec7n \u0110\u00f4ng Anh","og_description":"S\u1ea3n ph\u1ea9m \u0111\u01b0\u1ee3c s\u1eed d\u1ee5ng \u0111\u1ec3 chuy\u1ec3n \u0111\u1ed5i ngu\u1ed3n gi\u1eefa l\u01b0\u1edbi v\u1edbi l\u01b0\u1edbi ho\u1eb7c l\u01b0\u1edbi v\u1edbi m\u00e1y ph\u00e1t trung th\u1ebf. Thi\u1ebft b\u1ecb chuy\u1ec3n ch\u00e2n kh\u00f4ng s\u1eed d\u1ee5ng bu\u1ed3ng d\u1eadp ch\u00e2n kh\u00f4ng v\u00e0 BMC gi\u00fap c\u1ea3i [...]","og_url":"https:\/\/eemc.com.vn\/en\/product\/vts-vacuum-transfer-switch-thiet-bi-chuyen-nguon-chan-khong","og_site_name":"T\u1ed5ng c\u00f4ng ty Thi\u1ebft B\u1ecb \u0110i\u1ec7n \u0110\u00f4ng Anh","article_modified_time":"2025-03-19T09:48:31+00:00","og_image":[{"width":368,"height":405,"url":"https:\/\/eemc.com.vn\/wp-content\/uploads\/2025\/02\/VCS.jpg","type":"image\/jpeg"}],"twitter_card":"summary_large_image","twitter_misc":{"Est. reading time":"1 minute"},"schema":{"@context":"https:\/\/schema.org","@graph":[{"@type":"WebPage","@id":"https:\/\/eemc.com.vn\/en\/product\/vts-vacuum-transfer-switch-thiet-bi-chuyen-nguon-chan-khong","url":"https:\/\/eemc.com.vn\/en\/product\/vts-vacuum-transfer-switch-thiet-bi-chuyen-nguon-chan-khong","name":"VTS (VACUUM TRANSFER SWITCH) - T\u1ed5ng c\u00f4ng ty Thi\u1ebft B\u1ecb \u0110i\u1ec7n \u0110\u00f4ng Anh","isPartOf":{"@id":"https:\/\/eemc.com.vn\/en#website"},"primaryImageOfPage":{"@id":"https:\/\/eemc.com.vn\/en\/product\/vts-vacuum-transfer-switch-thiet-bi-chuyen-nguon-chan-khong#primaryimage"},"image":{"@id":"https:\/\/eemc.com.vn\/en\/product\/vts-vacuum-transfer-switch-thiet-bi-chuyen-nguon-chan-khong#primaryimage"},"thumbnailUrl":"https:\/\/eemc.com.vn\/wp-content\/uploads\/2025\/02\/VCS.jpg","datePublished":"2025-02-20T07:47:46+00:00","dateModified":"2025-03-19T09:48:31+00:00","breadcrumb":{"@id":"https:\/\/eemc.com.vn\/en\/product\/vts-vacuum-transfer-switch-thiet-bi-chuyen-nguon-chan-khong#breadcrumb"},"inLanguage":"en-US","potentialAction":[{"@type":"ReadAction","target":["https:\/\/eemc.com.vn\/en\/product\/vts-vacuum-transfer-switch-thiet-bi-chuyen-nguon-chan-khong"]}]},{"@type":"ImageObject","inLanguage":"en-US","@id":"https:\/\/eemc.com.vn\/en\/product\/vts-vacuum-transfer-switch-thiet-bi-chuyen-nguon-chan-khong#primaryimage","url":"https:\/\/eemc.com.vn\/wp-content\/uploads\/2025\/02\/VCS.jpg","contentUrl":"https:\/\/eemc.com.vn\/wp-content\/uploads\/2025\/02\/VCS.jpg","width":368,"height":405},{"@type":"BreadcrumbList","@id":"https:\/\/eemc.com.vn\/en\/product\/vts-vacuum-transfer-switch-thiet-bi-chuyen-nguon-chan-khong#breadcrumb","itemListElement":[{"@type":"ListItem","position":1,"name":"HomeTrang ch\u1ee7","item":"https:\/\/eemc.com.vn\/en"},{"@type":"ListItem","position":2,"name":"Shop","item":"https:\/\/eemc.com.vn\/en\/shop"},{"@type":"ListItem","position":3,"name":"VTS (VACUUM TRANSFER SWITCH)"}]},{"@type":"WebSite","@id":"https:\/\/eemc.com.vn\/en#website","url":"https:\/\/eemc.com.vn\/en","name":"T\u1ed5ng c\u00f4ng ty Thi\u1ebft B\u1ecb \u0110i\u1ec7n \u0110\u00f4ng Anh","description":"m\u00e1y bi\u1ebfn \u00e1p \u0110\u00f4ng Anh","publisher":{"@id":"https:\/\/eemc.com.vn\/en#organization"},"potentialAction":[{"@type":"SearchAction","target":{"@type":"EntryPoint","urlTemplate":"https:\/\/eemc.com.vn\/en?s={search_term_string}"},"query-input":{"@type":"PropertyValueSpecification","valueRequired":true,"valueName":"search_term_string"}}],"inLanguage":"en-US"},{"@type":"Organization","@id":"https:\/\/eemc.com.vn\/en#organization","name":"T\u1ed5ng c\u00f4ng ty thi\u1ebft b\u1ecb \u0111i\u1ec7n \u0110\u00f4ng Anh","alternateName":"EEMC","url":"https:\/\/eemc.com.vn\/en","logo":{"@type":"ImageObject","inLanguage":"en-US","@id":"https:\/\/eemc.com.vn\/en#\/schema\/logo\/image\/","url":"https:\/\/eemc.com.vn\/wp-content\/uploads\/2025\/03\/logo-EEMC-2025-ng-TV-scaled.jpg","contentUrl":"https:\/\/eemc.com.vn\/wp-content\/uploads\/2025\/03\/logo-EEMC-2025-ng-TV-scaled.jpg","width":2560,"height":1037,"caption":"T\u1ed5ng c\u00f4ng ty thi\u1ebft b\u1ecb \u0111i\u1ec7n \u0110\u00f4ng Anh"},"image":{"@id":"https:\/\/eemc.com.vn\/en#\/schema\/logo\/image\/"}}]}},"_links":{"self":[{"href":"https:\/\/eemc.com.vn\/en\/wp-json\/wp\/v2\/product\/15831","targetHints":{"allow":["GET"]}}],"collection":[{"href":"https:\/\/eemc.com.vn\/en\/wp-json\/wp\/v2\/product"}],"about":[{"href":"https:\/\/eemc.com.vn\/en\/wp-json\/wp\/v2\/types\/product"}],"wp:featuredmedia":[{"embeddable":true,"href":"https:\/\/eemc.com.vn\/en\/wp-json\/wp\/v2\/media\/14286"}],"wp:attachment":[{"href":"https:\/\/eemc.com.vn\/en\/wp-json\/wp\/v2\/media?parent=15831"}],"wp:term":[{"taxonomy":"product_brand","embeddable":true,"href":"https:\/\/eemc.com.vn\/en\/wp-json\/wp\/v2\/product_brand?post=15831"},{"taxonomy":"product_cat","embeddable":true,"href":"https:\/\/eemc.com.vn\/en\/wp-json\/wp\/v2\/product_cat?post=15831"},{"taxonomy":"product_tag","embeddable":true,"href":"https:\/\/eemc.com.vn\/en\/wp-json\/wp\/v2\/product_tag?post=15831"}],"curies":[{"name":"wp","href":"https:\/\/api.w.org\/{rel}","templated":true}]}}