{"id":15832,"date":"2025-02-20T14:46:07","date_gmt":"2025-02-20T07:46:07","guid":{"rendered":"https:\/\/eemc.com.vn\/product\/vcs-vacuum-contactor-switch-khoi-dong-tu-chan-khong"},"modified":"2025-03-19T16:50:11","modified_gmt":"2025-03-19T09:50:11","slug":"vcs-vacuum-contactor-switch-khoi-dong-tu-chan-khong","status":"publish","type":"product","link":"https:\/\/eemc.com.vn\/en\/product\/vcs-vacuum-contactor-switch-khoi-dong-tu-chan-khong","title":{"rendered":"VCS (VACUUM CONTACTOR SWITCH)"},"content":{"rendered":"<p>Kh\u1edfi \u0111\u1ed9ng t\u1eeb (contactor) ch\u00e2n kh\u00f4ng v\u1edbi kh\u1ea3 n\u0103ng \u0111\u00f3ng c\u1eaft r\u1ea5t l\u1edbn.<br \/>\nS\u1ea3n ph\u1ea9m c\u00f3 kh\u1ea3 n\u0103ng ch\u1ecbu ng\u1eafn m\u1ea1ch t\u1ed1i \u0111a \u0111\u1ea1t ti\u00eau chu\u1ea9n qu\u1ed1c t\u1ebf IEC-60470.<br \/>\nTr\u1ecdng l\u01b0\u1ee3ng nh\u1ecf v\u00e0 nh\u1eb9, hi\u1ec7u su\u1ea5t c\u00e1ch nhi\u1ec7t t\u1ed1i \u01b0u, d\u00f2ng c\u1eaft nh\u1ecf h\u01a1n 1(A).<br \/>\nTh\u1eddi gian h\u1ed3 quang \u1edf t\u1ea5t c\u1ea3 c\u00e1c v\u00f9ng d\u00f2ng \u0111i\u1ec7n th\u01b0\u1eddng nh\u1ecf h\u01a1n ho\u1eb7c b\u1eb1ng 0,5 chu k\u1ef3.<br \/>\n\u00c1p d\u1ee5ng cho h\u1ec7 th\u1ed1ng b\u0103ng truy\u1ec1n, thang m\u00e1y, tr\u1ea1m b\u01a1m, tr\u1ea1m bi\u1ebfn \u00e1p, tr\u1ea1m trung chuy\u1ec3n, thi\u1ebft b\u1ecb b\u00f9 c\u00f4ng su\u1ea5t ph\u1ea3n kh\u00e1ng, h\u1ec7 th\u1ed1ng ph\u00e2n ph\u1ed1i m\u1ea1ng c\u00f4ng nghi\u1ec7p, l\u00f2 \u0111i\u1ec7n, trung t\u00e2m d\u1eef li\u1ec7u v\u00e0 nh\u00e0 m\u00e1y \u0111i\u1ec7n gi\u00f3&#8230;<\/p>\n","protected":false},"excerpt":{"rendered":"<p>Kh\u1edfi \u0111\u1ed9ng t\u1eeb (contactor) ch\u00e2n kh\u00f4ng v\u1edbi kh\u1ea3 n\u0103ng \u0111\u00f3ng c\u1eaft r\u1ea5t l\u1edbn. S\u1ea3n ph\u1ea9m c\u00f3 kh\u1ea3 n\u0103ng ch\u1ecbu ng\u1eafn m\u1ea1ch t\u1ed1i \u0111a \u0111\u1ea1t ti\u00eau chu\u1ea9n qu\u1ed1c t\u1ebf IEC-60470. Tr\u1ecdng l\u01b0\u1ee3ng nh\u1ecf v\u00e0 nh\u1eb9, hi\u1ec7u [&#8230;]\n","protected":false},"featured_media":14286,"template":"","meta":[],"product_brand":[],"product_cat":[1674,1772],"product_tag":[],"class_list":{"0":"post-15832","1":"product","2":"type-product","3":"status-publish","4":"has-post-thumbnail","6":"product_cat-vitzro-product","7":"product_cat-medium-voltage-equipment","8":"pa_loai-thiet-bi-san-pham-trung-the-en","9":"pa_thuong-hieu-vitzro-en","11":"first","12":"instock","13":"shipping-taxable","14":"product-type-simple"},"yoast_head":"<!-- This site is optimized with the Yoast SEO plugin v26.8 - https:\/\/yoast.com\/product\/yoast-seo-wordpress\/ -->\n<title>VCS (VACUUM CONTACTOR SWITCH) - T\u1ed5ng c\u00f4ng ty Thi\u1ebft B\u1ecb \u0110i\u1ec7n \u0110\u00f4ng Anh<\/title>\n<meta name=\"robots\" content=\"index, follow, max-snippet:-1, max-image-preview:large, max-video-preview:-1\" \/>\n<link rel=\"canonical\" href=\"https:\/\/eemc.com.vn\/en\/product\/vcs-vacuum-contactor-switch-khoi-dong-tu-chan-khong\" \/>\n<meta property=\"og:locale\" content=\"en_US\" \/>\n<meta property=\"og:type\" content=\"article\" \/>\n<meta property=\"og:title\" content=\"VCS (VACUUM CONTACTOR SWITCH) - T\u1ed5ng c\u00f4ng ty Thi\u1ebft B\u1ecb \u0110i\u1ec7n \u0110\u00f4ng Anh\" \/>\n<meta property=\"og:description\" content=\"Kh\u1edfi \u0111\u1ed9ng t\u1eeb (contactor) ch\u00e2n kh\u00f4ng v\u1edbi kh\u1ea3 n\u0103ng \u0111\u00f3ng c\u1eaft r\u1ea5t l\u1edbn. S\u1ea3n ph\u1ea9m c\u00f3 kh\u1ea3 n\u0103ng ch\u1ecbu ng\u1eafn m\u1ea1ch t\u1ed1i \u0111a \u0111\u1ea1t ti\u00eau chu\u1ea9n qu\u1ed1c t\u1ebf IEC-60470. Tr\u1ecdng l\u01b0\u1ee3ng nh\u1ecf v\u00e0 nh\u1eb9, hi\u1ec7u [...]\" \/>\n<meta property=\"og:url\" content=\"https:\/\/eemc.com.vn\/en\/product\/vcs-vacuum-contactor-switch-khoi-dong-tu-chan-khong\" \/>\n<meta property=\"og:site_name\" content=\"T\u1ed5ng c\u00f4ng ty Thi\u1ebft B\u1ecb \u0110i\u1ec7n \u0110\u00f4ng Anh\" \/>\n<meta property=\"article:modified_time\" content=\"2025-03-19T09:50:11+00:00\" \/>\n<meta property=\"og:image\" content=\"https:\/\/eemc.com.vn\/wp-content\/uploads\/2025\/02\/VCS.jpg\" \/>\n\t<meta property=\"og:image:width\" content=\"368\" \/>\n\t<meta property=\"og:image:height\" content=\"405\" \/>\n\t<meta property=\"og:image:type\" content=\"image\/jpeg\" \/>\n<meta name=\"twitter:card\" content=\"summary_large_image\" \/>\n<meta name=\"twitter:label1\" content=\"Est. reading time\" \/>\n\t<meta name=\"twitter:data1\" content=\"1 minute\" \/>\n<script type=\"application\/ld+json\" class=\"yoast-schema-graph\">{\"@context\":\"https:\/\/schema.org\",\"@graph\":[{\"@type\":\"WebPage\",\"@id\":\"https:\/\/eemc.com.vn\/en\/product\/vcs-vacuum-contactor-switch-khoi-dong-tu-chan-khong\",\"url\":\"https:\/\/eemc.com.vn\/en\/product\/vcs-vacuum-contactor-switch-khoi-dong-tu-chan-khong\",\"name\":\"VCS (VACUUM CONTACTOR SWITCH) - T\u1ed5ng c\u00f4ng ty Thi\u1ebft B\u1ecb \u0110i\u1ec7n \u0110\u00f4ng Anh\",\"isPartOf\":{\"@id\":\"https:\/\/eemc.com.vn\/en#website\"},\"primaryImageOfPage\":{\"@id\":\"https:\/\/eemc.com.vn\/en\/product\/vcs-vacuum-contactor-switch-khoi-dong-tu-chan-khong#primaryimage\"},\"image\":{\"@id\":\"https:\/\/eemc.com.vn\/en\/product\/vcs-vacuum-contactor-switch-khoi-dong-tu-chan-khong#primaryimage\"},\"thumbnailUrl\":\"https:\/\/eemc.com.vn\/wp-content\/uploads\/2025\/02\/VCS.jpg\",\"datePublished\":\"2025-02-20T07:46:07+00:00\",\"dateModified\":\"2025-03-19T09:50:11+00:00\",\"breadcrumb\":{\"@id\":\"https:\/\/eemc.com.vn\/en\/product\/vcs-vacuum-contactor-switch-khoi-dong-tu-chan-khong#breadcrumb\"},\"inLanguage\":\"en-US\",\"potentialAction\":[{\"@type\":\"ReadAction\",\"target\":[\"https:\/\/eemc.com.vn\/en\/product\/vcs-vacuum-contactor-switch-khoi-dong-tu-chan-khong\"]}]},{\"@type\":\"ImageObject\",\"inLanguage\":\"en-US\",\"@id\":\"https:\/\/eemc.com.vn\/en\/product\/vcs-vacuum-contactor-switch-khoi-dong-tu-chan-khong#primaryimage\",\"url\":\"https:\/\/eemc.com.vn\/wp-content\/uploads\/2025\/02\/VCS.jpg\",\"contentUrl\":\"https:\/\/eemc.com.vn\/wp-content\/uploads\/2025\/02\/VCS.jpg\",\"width\":368,\"height\":405},{\"@type\":\"BreadcrumbList\",\"@id\":\"https:\/\/eemc.com.vn\/en\/product\/vcs-vacuum-contactor-switch-khoi-dong-tu-chan-khong#breadcrumb\",\"itemListElement\":[{\"@type\":\"ListItem\",\"position\":1,\"name\":\"HomeTrang ch\u1ee7\",\"item\":\"https:\/\/eemc.com.vn\/en\"},{\"@type\":\"ListItem\",\"position\":2,\"name\":\"Shop\",\"item\":\"https:\/\/eemc.com.vn\/en\/shop\"},{\"@type\":\"ListItem\",\"position\":3,\"name\":\"VCS (VACUUM CONTACTOR SWITCH)\"}]},{\"@type\":\"WebSite\",\"@id\":\"https:\/\/eemc.com.vn\/en#website\",\"url\":\"https:\/\/eemc.com.vn\/en\",\"name\":\"T\u1ed5ng c\u00f4ng ty Thi\u1ebft B\u1ecb \u0110i\u1ec7n \u0110\u00f4ng Anh\",\"description\":\"m\u00e1y bi\u1ebfn \u00e1p \u0110\u00f4ng Anh\",\"publisher\":{\"@id\":\"https:\/\/eemc.com.vn\/en#organization\"},\"potentialAction\":[{\"@type\":\"SearchAction\",\"target\":{\"@type\":\"EntryPoint\",\"urlTemplate\":\"https:\/\/eemc.com.vn\/en?s={search_term_string}\"},\"query-input\":{\"@type\":\"PropertyValueSpecification\",\"valueRequired\":true,\"valueName\":\"search_term_string\"}}],\"inLanguage\":\"en-US\"},{\"@type\":\"Organization\",\"@id\":\"https:\/\/eemc.com.vn\/en#organization\",\"name\":\"T\u1ed5ng c\u00f4ng ty thi\u1ebft b\u1ecb \u0111i\u1ec7n \u0110\u00f4ng Anh\",\"alternateName\":\"EEMC\",\"url\":\"https:\/\/eemc.com.vn\/en\",\"logo\":{\"@type\":\"ImageObject\",\"inLanguage\":\"en-US\",\"@id\":\"https:\/\/eemc.com.vn\/en#\/schema\/logo\/image\/\",\"url\":\"https:\/\/eemc.com.vn\/wp-content\/uploads\/2025\/03\/logo-EEMC-2025-ng-TV-scaled.jpg\",\"contentUrl\":\"https:\/\/eemc.com.vn\/wp-content\/uploads\/2025\/03\/logo-EEMC-2025-ng-TV-scaled.jpg\",\"width\":2560,\"height\":1037,\"caption\":\"T\u1ed5ng c\u00f4ng ty thi\u1ebft b\u1ecb \u0111i\u1ec7n \u0110\u00f4ng Anh\"},\"image\":{\"@id\":\"https:\/\/eemc.com.vn\/en#\/schema\/logo\/image\/\"}}]}<\/script>\n<!-- \/ Yoast SEO plugin. -->","yoast_head_json":{"title":"VCS (VACUUM CONTACTOR SWITCH) - T\u1ed5ng c\u00f4ng ty Thi\u1ebft B\u1ecb \u0110i\u1ec7n \u0110\u00f4ng Anh","robots":{"index":"index","follow":"follow","max-snippet":"max-snippet:-1","max-image-preview":"max-image-preview:large","max-video-preview":"max-video-preview:-1"},"canonical":"https:\/\/eemc.com.vn\/en\/product\/vcs-vacuum-contactor-switch-khoi-dong-tu-chan-khong","og_locale":"en_US","og_type":"article","og_title":"VCS (VACUUM CONTACTOR SWITCH) - T\u1ed5ng c\u00f4ng ty Thi\u1ebft B\u1ecb \u0110i\u1ec7n \u0110\u00f4ng Anh","og_description":"Kh\u1edfi \u0111\u1ed9ng t\u1eeb (contactor) ch\u00e2n kh\u00f4ng v\u1edbi kh\u1ea3 n\u0103ng \u0111\u00f3ng c\u1eaft r\u1ea5t l\u1edbn. S\u1ea3n ph\u1ea9m c\u00f3 kh\u1ea3 n\u0103ng ch\u1ecbu ng\u1eafn m\u1ea1ch t\u1ed1i \u0111a \u0111\u1ea1t ti\u00eau chu\u1ea9n qu\u1ed1c t\u1ebf IEC-60470. Tr\u1ecdng l\u01b0\u1ee3ng nh\u1ecf v\u00e0 nh\u1eb9, hi\u1ec7u [...]","og_url":"https:\/\/eemc.com.vn\/en\/product\/vcs-vacuum-contactor-switch-khoi-dong-tu-chan-khong","og_site_name":"T\u1ed5ng c\u00f4ng ty Thi\u1ebft B\u1ecb \u0110i\u1ec7n \u0110\u00f4ng Anh","article_modified_time":"2025-03-19T09:50:11+00:00","og_image":[{"width":368,"height":405,"url":"https:\/\/eemc.com.vn\/wp-content\/uploads\/2025\/02\/VCS.jpg","type":"image\/jpeg"}],"twitter_card":"summary_large_image","twitter_misc":{"Est. reading time":"1 minute"},"schema":{"@context":"https:\/\/schema.org","@graph":[{"@type":"WebPage","@id":"https:\/\/eemc.com.vn\/en\/product\/vcs-vacuum-contactor-switch-khoi-dong-tu-chan-khong","url":"https:\/\/eemc.com.vn\/en\/product\/vcs-vacuum-contactor-switch-khoi-dong-tu-chan-khong","name":"VCS (VACUUM CONTACTOR SWITCH) - T\u1ed5ng c\u00f4ng ty Thi\u1ebft B\u1ecb \u0110i\u1ec7n \u0110\u00f4ng Anh","isPartOf":{"@id":"https:\/\/eemc.com.vn\/en#website"},"primaryImageOfPage":{"@id":"https:\/\/eemc.com.vn\/en\/product\/vcs-vacuum-contactor-switch-khoi-dong-tu-chan-khong#primaryimage"},"image":{"@id":"https:\/\/eemc.com.vn\/en\/product\/vcs-vacuum-contactor-switch-khoi-dong-tu-chan-khong#primaryimage"},"thumbnailUrl":"https:\/\/eemc.com.vn\/wp-content\/uploads\/2025\/02\/VCS.jpg","datePublished":"2025-02-20T07:46:07+00:00","dateModified":"2025-03-19T09:50:11+00:00","breadcrumb":{"@id":"https:\/\/eemc.com.vn\/en\/product\/vcs-vacuum-contactor-switch-khoi-dong-tu-chan-khong#breadcrumb"},"inLanguage":"en-US","potentialAction":[{"@type":"ReadAction","target":["https:\/\/eemc.com.vn\/en\/product\/vcs-vacuum-contactor-switch-khoi-dong-tu-chan-khong"]}]},{"@type":"ImageObject","inLanguage":"en-US","@id":"https:\/\/eemc.com.vn\/en\/product\/vcs-vacuum-contactor-switch-khoi-dong-tu-chan-khong#primaryimage","url":"https:\/\/eemc.com.vn\/wp-content\/uploads\/2025\/02\/VCS.jpg","contentUrl":"https:\/\/eemc.com.vn\/wp-content\/uploads\/2025\/02\/VCS.jpg","width":368,"height":405},{"@type":"BreadcrumbList","@id":"https:\/\/eemc.com.vn\/en\/product\/vcs-vacuum-contactor-switch-khoi-dong-tu-chan-khong#breadcrumb","itemListElement":[{"@type":"ListItem","position":1,"name":"HomeTrang ch\u1ee7","item":"https:\/\/eemc.com.vn\/en"},{"@type":"ListItem","position":2,"name":"Shop","item":"https:\/\/eemc.com.vn\/en\/shop"},{"@type":"ListItem","position":3,"name":"VCS (VACUUM CONTACTOR SWITCH)"}]},{"@type":"WebSite","@id":"https:\/\/eemc.com.vn\/en#website","url":"https:\/\/eemc.com.vn\/en","name":"T\u1ed5ng c\u00f4ng ty Thi\u1ebft B\u1ecb \u0110i\u1ec7n \u0110\u00f4ng Anh","description":"m\u00e1y bi\u1ebfn \u00e1p \u0110\u00f4ng Anh","publisher":{"@id":"https:\/\/eemc.com.vn\/en#organization"},"potentialAction":[{"@type":"SearchAction","target":{"@type":"EntryPoint","urlTemplate":"https:\/\/eemc.com.vn\/en?s={search_term_string}"},"query-input":{"@type":"PropertyValueSpecification","valueRequired":true,"valueName":"search_term_string"}}],"inLanguage":"en-US"},{"@type":"Organization","@id":"https:\/\/eemc.com.vn\/en#organization","name":"T\u1ed5ng c\u00f4ng ty thi\u1ebft b\u1ecb \u0111i\u1ec7n \u0110\u00f4ng Anh","alternateName":"EEMC","url":"https:\/\/eemc.com.vn\/en","logo":{"@type":"ImageObject","inLanguage":"en-US","@id":"https:\/\/eemc.com.vn\/en#\/schema\/logo\/image\/","url":"https:\/\/eemc.com.vn\/wp-content\/uploads\/2025\/03\/logo-EEMC-2025-ng-TV-scaled.jpg","contentUrl":"https:\/\/eemc.com.vn\/wp-content\/uploads\/2025\/03\/logo-EEMC-2025-ng-TV-scaled.jpg","width":2560,"height":1037,"caption":"T\u1ed5ng c\u00f4ng ty thi\u1ebft b\u1ecb \u0111i\u1ec7n \u0110\u00f4ng Anh"},"image":{"@id":"https:\/\/eemc.com.vn\/en#\/schema\/logo\/image\/"}}]}},"_links":{"self":[{"href":"https:\/\/eemc.com.vn\/en\/wp-json\/wp\/v2\/product\/15832","targetHints":{"allow":["GET"]}}],"collection":[{"href":"https:\/\/eemc.com.vn\/en\/wp-json\/wp\/v2\/product"}],"about":[{"href":"https:\/\/eemc.com.vn\/en\/wp-json\/wp\/v2\/types\/product"}],"wp:featuredmedia":[{"embeddable":true,"href":"https:\/\/eemc.com.vn\/en\/wp-json\/wp\/v2\/media\/14286"}],"wp:attachment":[{"href":"https:\/\/eemc.com.vn\/en\/wp-json\/wp\/v2\/media?parent=15832"}],"wp:term":[{"taxonomy":"product_brand","embeddable":true,"href":"https:\/\/eemc.com.vn\/en\/wp-json\/wp\/v2\/product_brand?post=15832"},{"taxonomy":"product_cat","embeddable":true,"href":"https:\/\/eemc.com.vn\/en\/wp-json\/wp\/v2\/product_cat?post=15832"},{"taxonomy":"product_tag","embeddable":true,"href":"https:\/\/eemc.com.vn\/en\/wp-json\/wp\/v2\/product_tag?post=15832"}],"curies":[{"name":"wp","href":"https:\/\/api.w.org\/{rel}","templated":true}]}}