{"id":15833,"date":"2025-02-20T14:37:38","date_gmt":"2025-02-20T07:37:38","guid":{"rendered":"https:\/\/eemc.com.vn\/product\/vcb-vacuum-circuit-breaker-may-cat-chan-khong-cho-nha-may-dien-hat-nhan"},"modified":"2025-03-19T16:52:10","modified_gmt":"2025-03-19T09:52:10","slug":"vcb-vacuum-circuit-breaker-may-cat-chan-khong-cho-nha-may-dien-hat-nhan","status":"publish","type":"product","link":"https:\/\/eemc.com.vn\/en\/product\/vcb-vacuum-circuit-breaker-may-cat-chan-khong-cho-nha-may-dien-hat-nhan","title":{"rendered":"VCB (VACUUM CIRCUIT BREAKER)"},"content":{"rendered":"<p>Lo\u1ea1i 1E (cho nh\u00e0 m\u00e1y \u0111i\u1ec7n h\u1ea1t nh\u00e2n).<br \/>\nTi\u00eau chu\u1ea9n IEEE C37.98, \u0111\u00e1p \u1ee9ng \u0111\u1ecba ch\u1ea5n c\u1ee7a t\u1ea5t c\u1ea3 c\u00e1c nh\u00e0 m\u00e1y \u0111i\u1ec7n h\u1ea1t nh\u00e2n tr\u00ean to\u00e0n th\u1ebf gi\u1edbi.<br \/>\nTh\u1eddi gian c\u1eaft v\u00e0 h\u1ed3 quang ng\u1eafn h\u01a1n so v\u1edbi VCB th\u00f4ng th\u01b0\u1eddng.<br \/>\nS\u1eed d\u1ee5ng \u0111\u01b0\u1ee3c trong c\u00e1c \u0111i\u1ec1u ki\u1ec7n kh\u1eafc nghi\u1ec7t nh\u01b0 trong khu v\u1ef1c ph\u00e1t th\u1ea3i kh\u00ed v\u00e0 ion.<\/p>\n","protected":false},"excerpt":{"rendered":"<p>Lo\u1ea1i 1E (cho nh\u00e0 m\u00e1y \u0111i\u1ec7n h\u1ea1t nh\u00e2n). Ti\u00eau chu\u1ea9n IEEE C37.98, \u0111\u00e1p \u1ee9ng \u0111\u1ecba ch\u1ea5n c\u1ee7a t\u1ea5t c\u1ea3 c\u00e1c nh\u00e0 m\u00e1y \u0111i\u1ec7n h\u1ea1t nh\u00e2n tr\u00ean to\u00e0n th\u1ebf gi\u1edbi. Th\u1eddi gian c\u1eaft v\u00e0 h\u1ed3 quang [&#8230;]\n","protected":false},"featured_media":14282,"template":"","meta":[],"product_brand":[],"product_cat":[1674,1772],"product_tag":[],"class_list":{"0":"post-15833","1":"product","2":"type-product","3":"status-publish","4":"has-post-thumbnail","6":"product_cat-vitzro-product","7":"product_cat-medium-voltage-equipment","8":"pa_loai-thiet-bi-san-pham-trung-the-en","9":"pa_thuong-hieu-vitzro-en","11":"first","12":"instock","13":"shipping-taxable","14":"product-type-simple"},"yoast_head":"<!-- This site is optimized with the Yoast SEO plugin v26.8 - https:\/\/yoast.com\/product\/yoast-seo-wordpress\/ -->\n<title>VCB (VACUUM CIRCUIT BREAKER) - T\u1ed5ng c\u00f4ng ty Thi\u1ebft B\u1ecb \u0110i\u1ec7n \u0110\u00f4ng Anh<\/title>\n<meta name=\"robots\" content=\"index, follow, max-snippet:-1, max-image-preview:large, max-video-preview:-1\" \/>\n<link rel=\"canonical\" href=\"https:\/\/eemc.com.vn\/en\/product\/vcb-vacuum-circuit-breaker-may-cat-chan-khong-cho-nha-may-dien-hat-nhan\" \/>\n<meta property=\"og:locale\" content=\"en_US\" \/>\n<meta property=\"og:type\" content=\"article\" \/>\n<meta property=\"og:title\" content=\"VCB (VACUUM CIRCUIT BREAKER) - T\u1ed5ng c\u00f4ng ty Thi\u1ebft B\u1ecb \u0110i\u1ec7n \u0110\u00f4ng Anh\" \/>\n<meta property=\"og:description\" content=\"Lo\u1ea1i 1E (cho nh\u00e0 m\u00e1y \u0111i\u1ec7n h\u1ea1t nh\u00e2n). Ti\u00eau chu\u1ea9n IEEE C37.98, \u0111\u00e1p \u1ee9ng \u0111\u1ecba ch\u1ea5n c\u1ee7a t\u1ea5t c\u1ea3 c\u00e1c nh\u00e0 m\u00e1y \u0111i\u1ec7n h\u1ea1t nh\u00e2n tr\u00ean to\u00e0n th\u1ebf gi\u1edbi. Th\u1eddi gian c\u1eaft v\u00e0 h\u1ed3 quang [...]\" \/>\n<meta property=\"og:url\" content=\"https:\/\/eemc.com.vn\/en\/product\/vcb-vacuum-circuit-breaker-may-cat-chan-khong-cho-nha-may-dien-hat-nhan\" \/>\n<meta property=\"og:site_name\" content=\"T\u1ed5ng c\u00f4ng ty Thi\u1ebft B\u1ecb \u0110i\u1ec7n \u0110\u00f4ng Anh\" \/>\n<meta property=\"article:modified_time\" content=\"2025-03-19T09:52:10+00:00\" \/>\n<meta property=\"og:image\" content=\"https:\/\/eemc.com.vn\/wp-content\/uploads\/2025\/02\/VCB-hat-nhan.jpg\" \/>\n\t<meta property=\"og:image:width\" content=\"412\" \/>\n\t<meta property=\"og:image:height\" content=\"516\" \/>\n\t<meta property=\"og:image:type\" content=\"image\/jpeg\" \/>\n<meta name=\"twitter:card\" content=\"summary_large_image\" \/>\n<meta name=\"twitter:label1\" content=\"Est. reading time\" \/>\n\t<meta name=\"twitter:data1\" content=\"1 minute\" \/>\n<script type=\"application\/ld+json\" class=\"yoast-schema-graph\">{\"@context\":\"https:\/\/schema.org\",\"@graph\":[{\"@type\":\"WebPage\",\"@id\":\"https:\/\/eemc.com.vn\/en\/product\/vcb-vacuum-circuit-breaker-may-cat-chan-khong-cho-nha-may-dien-hat-nhan\",\"url\":\"https:\/\/eemc.com.vn\/en\/product\/vcb-vacuum-circuit-breaker-may-cat-chan-khong-cho-nha-may-dien-hat-nhan\",\"name\":\"VCB (VACUUM CIRCUIT BREAKER) - T\u1ed5ng c\u00f4ng ty Thi\u1ebft B\u1ecb \u0110i\u1ec7n \u0110\u00f4ng Anh\",\"isPartOf\":{\"@id\":\"https:\/\/eemc.com.vn\/en#website\"},\"primaryImageOfPage\":{\"@id\":\"https:\/\/eemc.com.vn\/en\/product\/vcb-vacuum-circuit-breaker-may-cat-chan-khong-cho-nha-may-dien-hat-nhan#primaryimage\"},\"image\":{\"@id\":\"https:\/\/eemc.com.vn\/en\/product\/vcb-vacuum-circuit-breaker-may-cat-chan-khong-cho-nha-may-dien-hat-nhan#primaryimage\"},\"thumbnailUrl\":\"https:\/\/eemc.com.vn\/wp-content\/uploads\/2025\/02\/VCB-hat-nhan.jpg\",\"datePublished\":\"2025-02-20T07:37:38+00:00\",\"dateModified\":\"2025-03-19T09:52:10+00:00\",\"breadcrumb\":{\"@id\":\"https:\/\/eemc.com.vn\/en\/product\/vcb-vacuum-circuit-breaker-may-cat-chan-khong-cho-nha-may-dien-hat-nhan#breadcrumb\"},\"inLanguage\":\"en-US\",\"potentialAction\":[{\"@type\":\"ReadAction\",\"target\":[\"https:\/\/eemc.com.vn\/en\/product\/vcb-vacuum-circuit-breaker-may-cat-chan-khong-cho-nha-may-dien-hat-nhan\"]}]},{\"@type\":\"ImageObject\",\"inLanguage\":\"en-US\",\"@id\":\"https:\/\/eemc.com.vn\/en\/product\/vcb-vacuum-circuit-breaker-may-cat-chan-khong-cho-nha-may-dien-hat-nhan#primaryimage\",\"url\":\"https:\/\/eemc.com.vn\/wp-content\/uploads\/2025\/02\/VCB-hat-nhan.jpg\",\"contentUrl\":\"https:\/\/eemc.com.vn\/wp-content\/uploads\/2025\/02\/VCB-hat-nhan.jpg\",\"width\":412,\"height\":516},{\"@type\":\"BreadcrumbList\",\"@id\":\"https:\/\/eemc.com.vn\/en\/product\/vcb-vacuum-circuit-breaker-may-cat-chan-khong-cho-nha-may-dien-hat-nhan#breadcrumb\",\"itemListElement\":[{\"@type\":\"ListItem\",\"position\":1,\"name\":\"HomeTrang ch\u1ee7\",\"item\":\"https:\/\/eemc.com.vn\/en\"},{\"@type\":\"ListItem\",\"position\":2,\"name\":\"Shop\",\"item\":\"https:\/\/eemc.com.vn\/en\/shop\"},{\"@type\":\"ListItem\",\"position\":3,\"name\":\"VCB (VACUUM CIRCUIT BREAKER)\"}]},{\"@type\":\"WebSite\",\"@id\":\"https:\/\/eemc.com.vn\/en#website\",\"url\":\"https:\/\/eemc.com.vn\/en\",\"name\":\"T\u1ed5ng c\u00f4ng ty Thi\u1ebft B\u1ecb \u0110i\u1ec7n \u0110\u00f4ng Anh\",\"description\":\"m\u00e1y bi\u1ebfn \u00e1p \u0110\u00f4ng Anh\",\"publisher\":{\"@id\":\"https:\/\/eemc.com.vn\/en#organization\"},\"potentialAction\":[{\"@type\":\"SearchAction\",\"target\":{\"@type\":\"EntryPoint\",\"urlTemplate\":\"https:\/\/eemc.com.vn\/en?s={search_term_string}\"},\"query-input\":{\"@type\":\"PropertyValueSpecification\",\"valueRequired\":true,\"valueName\":\"search_term_string\"}}],\"inLanguage\":\"en-US\"},{\"@type\":\"Organization\",\"@id\":\"https:\/\/eemc.com.vn\/en#organization\",\"name\":\"T\u1ed5ng c\u00f4ng ty thi\u1ebft b\u1ecb \u0111i\u1ec7n \u0110\u00f4ng Anh\",\"alternateName\":\"EEMC\",\"url\":\"https:\/\/eemc.com.vn\/en\",\"logo\":{\"@type\":\"ImageObject\",\"inLanguage\":\"en-US\",\"@id\":\"https:\/\/eemc.com.vn\/en#\/schema\/logo\/image\/\",\"url\":\"https:\/\/eemc.com.vn\/wp-content\/uploads\/2025\/03\/logo-EEMC-2025-ng-TV-scaled.jpg\",\"contentUrl\":\"https:\/\/eemc.com.vn\/wp-content\/uploads\/2025\/03\/logo-EEMC-2025-ng-TV-scaled.jpg\",\"width\":2560,\"height\":1037,\"caption\":\"T\u1ed5ng c\u00f4ng ty thi\u1ebft b\u1ecb \u0111i\u1ec7n \u0110\u00f4ng Anh\"},\"image\":{\"@id\":\"https:\/\/eemc.com.vn\/en#\/schema\/logo\/image\/\"}}]}<\/script>\n<!-- \/ Yoast SEO plugin. -->","yoast_head_json":{"title":"VCB (VACUUM CIRCUIT BREAKER) - T\u1ed5ng c\u00f4ng ty Thi\u1ebft B\u1ecb \u0110i\u1ec7n \u0110\u00f4ng Anh","robots":{"index":"index","follow":"follow","max-snippet":"max-snippet:-1","max-image-preview":"max-image-preview:large","max-video-preview":"max-video-preview:-1"},"canonical":"https:\/\/eemc.com.vn\/en\/product\/vcb-vacuum-circuit-breaker-may-cat-chan-khong-cho-nha-may-dien-hat-nhan","og_locale":"en_US","og_type":"article","og_title":"VCB (VACUUM CIRCUIT BREAKER) - T\u1ed5ng c\u00f4ng ty Thi\u1ebft B\u1ecb \u0110i\u1ec7n \u0110\u00f4ng Anh","og_description":"Lo\u1ea1i 1E (cho nh\u00e0 m\u00e1y \u0111i\u1ec7n h\u1ea1t nh\u00e2n). Ti\u00eau chu\u1ea9n IEEE C37.98, \u0111\u00e1p \u1ee9ng \u0111\u1ecba ch\u1ea5n c\u1ee7a t\u1ea5t c\u1ea3 c\u00e1c nh\u00e0 m\u00e1y \u0111i\u1ec7n h\u1ea1t nh\u00e2n tr\u00ean to\u00e0n th\u1ebf gi\u1edbi. Th\u1eddi gian c\u1eaft v\u00e0 h\u1ed3 quang [...]","og_url":"https:\/\/eemc.com.vn\/en\/product\/vcb-vacuum-circuit-breaker-may-cat-chan-khong-cho-nha-may-dien-hat-nhan","og_site_name":"T\u1ed5ng c\u00f4ng ty Thi\u1ebft B\u1ecb \u0110i\u1ec7n \u0110\u00f4ng Anh","article_modified_time":"2025-03-19T09:52:10+00:00","og_image":[{"width":412,"height":516,"url":"https:\/\/eemc.com.vn\/wp-content\/uploads\/2025\/02\/VCB-hat-nhan.jpg","type":"image\/jpeg"}],"twitter_card":"summary_large_image","twitter_misc":{"Est. reading time":"1 minute"},"schema":{"@context":"https:\/\/schema.org","@graph":[{"@type":"WebPage","@id":"https:\/\/eemc.com.vn\/en\/product\/vcb-vacuum-circuit-breaker-may-cat-chan-khong-cho-nha-may-dien-hat-nhan","url":"https:\/\/eemc.com.vn\/en\/product\/vcb-vacuum-circuit-breaker-may-cat-chan-khong-cho-nha-may-dien-hat-nhan","name":"VCB (VACUUM CIRCUIT BREAKER) - T\u1ed5ng c\u00f4ng ty Thi\u1ebft B\u1ecb \u0110i\u1ec7n \u0110\u00f4ng Anh","isPartOf":{"@id":"https:\/\/eemc.com.vn\/en#website"},"primaryImageOfPage":{"@id":"https:\/\/eemc.com.vn\/en\/product\/vcb-vacuum-circuit-breaker-may-cat-chan-khong-cho-nha-may-dien-hat-nhan#primaryimage"},"image":{"@id":"https:\/\/eemc.com.vn\/en\/product\/vcb-vacuum-circuit-breaker-may-cat-chan-khong-cho-nha-may-dien-hat-nhan#primaryimage"},"thumbnailUrl":"https:\/\/eemc.com.vn\/wp-content\/uploads\/2025\/02\/VCB-hat-nhan.jpg","datePublished":"2025-02-20T07:37:38+00:00","dateModified":"2025-03-19T09:52:10+00:00","breadcrumb":{"@id":"https:\/\/eemc.com.vn\/en\/product\/vcb-vacuum-circuit-breaker-may-cat-chan-khong-cho-nha-may-dien-hat-nhan#breadcrumb"},"inLanguage":"en-US","potentialAction":[{"@type":"ReadAction","target":["https:\/\/eemc.com.vn\/en\/product\/vcb-vacuum-circuit-breaker-may-cat-chan-khong-cho-nha-may-dien-hat-nhan"]}]},{"@type":"ImageObject","inLanguage":"en-US","@id":"https:\/\/eemc.com.vn\/en\/product\/vcb-vacuum-circuit-breaker-may-cat-chan-khong-cho-nha-may-dien-hat-nhan#primaryimage","url":"https:\/\/eemc.com.vn\/wp-content\/uploads\/2025\/02\/VCB-hat-nhan.jpg","contentUrl":"https:\/\/eemc.com.vn\/wp-content\/uploads\/2025\/02\/VCB-hat-nhan.jpg","width":412,"height":516},{"@type":"BreadcrumbList","@id":"https:\/\/eemc.com.vn\/en\/product\/vcb-vacuum-circuit-breaker-may-cat-chan-khong-cho-nha-may-dien-hat-nhan#breadcrumb","itemListElement":[{"@type":"ListItem","position":1,"name":"HomeTrang ch\u1ee7","item":"https:\/\/eemc.com.vn\/en"},{"@type":"ListItem","position":2,"name":"Shop","item":"https:\/\/eemc.com.vn\/en\/shop"},{"@type":"ListItem","position":3,"name":"VCB (VACUUM CIRCUIT BREAKER)"}]},{"@type":"WebSite","@id":"https:\/\/eemc.com.vn\/en#website","url":"https:\/\/eemc.com.vn\/en","name":"T\u1ed5ng c\u00f4ng ty Thi\u1ebft B\u1ecb \u0110i\u1ec7n \u0110\u00f4ng Anh","description":"m\u00e1y bi\u1ebfn \u00e1p \u0110\u00f4ng Anh","publisher":{"@id":"https:\/\/eemc.com.vn\/en#organization"},"potentialAction":[{"@type":"SearchAction","target":{"@type":"EntryPoint","urlTemplate":"https:\/\/eemc.com.vn\/en?s={search_term_string}"},"query-input":{"@type":"PropertyValueSpecification","valueRequired":true,"valueName":"search_term_string"}}],"inLanguage":"en-US"},{"@type":"Organization","@id":"https:\/\/eemc.com.vn\/en#organization","name":"T\u1ed5ng c\u00f4ng ty thi\u1ebft b\u1ecb \u0111i\u1ec7n \u0110\u00f4ng Anh","alternateName":"EEMC","url":"https:\/\/eemc.com.vn\/en","logo":{"@type":"ImageObject","inLanguage":"en-US","@id":"https:\/\/eemc.com.vn\/en#\/schema\/logo\/image\/","url":"https:\/\/eemc.com.vn\/wp-content\/uploads\/2025\/03\/logo-EEMC-2025-ng-TV-scaled.jpg","contentUrl":"https:\/\/eemc.com.vn\/wp-content\/uploads\/2025\/03\/logo-EEMC-2025-ng-TV-scaled.jpg","width":2560,"height":1037,"caption":"T\u1ed5ng c\u00f4ng ty thi\u1ebft b\u1ecb \u0111i\u1ec7n \u0110\u00f4ng Anh"},"image":{"@id":"https:\/\/eemc.com.vn\/en#\/schema\/logo\/image\/"}}]}},"_links":{"self":[{"href":"https:\/\/eemc.com.vn\/en\/wp-json\/wp\/v2\/product\/15833","targetHints":{"allow":["GET"]}}],"collection":[{"href":"https:\/\/eemc.com.vn\/en\/wp-json\/wp\/v2\/product"}],"about":[{"href":"https:\/\/eemc.com.vn\/en\/wp-json\/wp\/v2\/types\/product"}],"wp:featuredmedia":[{"embeddable":true,"href":"https:\/\/eemc.com.vn\/en\/wp-json\/wp\/v2\/media\/14282"}],"wp:attachment":[{"href":"https:\/\/eemc.com.vn\/en\/wp-json\/wp\/v2\/media?parent=15833"}],"wp:term":[{"taxonomy":"product_brand","embeddable":true,"href":"https:\/\/eemc.com.vn\/en\/wp-json\/wp\/v2\/product_brand?post=15833"},{"taxonomy":"product_cat","embeddable":true,"href":"https:\/\/eemc.com.vn\/en\/wp-json\/wp\/v2\/product_cat?post=15833"},{"taxonomy":"product_tag","embeddable":true,"href":"https:\/\/eemc.com.vn\/en\/wp-json\/wp\/v2\/product_tag?post=15833"}],"curies":[{"name":"wp","href":"https:\/\/api.w.org\/{rel}","templated":true}]}}