{"id":15835,"date":"2025-02-20T14:31:42","date_gmt":"2025-02-20T07:31:42","guid":{"rendered":"https:\/\/eemc.com.vn\/product\/vcb-vacuum-circuit-breaker-may-cat-chan-khong"},"modified":"2025-03-19T16:53:01","modified_gmt":"2025-03-19T09:53:01","slug":"vcb-vacuum-circuit-breaker-may-cat-chan-khong","status":"publish","type":"product","link":"https:\/\/eemc.com.vn\/en\/product\/vcb-vacuum-circuit-breaker-may-cat-chan-khong","title":{"rendered":"VCB (VACUUM CIRCUIT BREAKER)"},"content":{"rendered":"<p>M\u00e1y c\u1eaft m\u1ea1ch ch\u00e2n kh\u00f4ng \u0111\u01b0\u1ee3c trang b\u1ecb c\u01a1 c\u1ea5u l\u00f2 xo \u0111\u1ea3m b\u1ea3o th\u1eddi gian \u0111\u00f3ng\/c\u1eaft nhanh v\u00e0 th\u1eddi gian ng\u1eaft kh\u00f4ng qu\u00e1 3 chu k\u1ef3.<br \/>\nS\u1ea3n ph\u1ea9m cao c\u1ea5p v\u1edbi t\u00ednh n\u0103ng ho\u1ea1t \u0111\u1ed9ng an to\u00e0n h\u01a1n, \u1ed5n \u0111\u1ecbnh v\u1edbi kh\u1ea3 n\u0103ng c\u00e1ch \u0111i\u1ec7n r\u1eafn b\u1eb1ng bu\u1ed3ng d\u1eadp ch\u00e2n kh\u00f4ng.<br \/>\nCung c\u1ea5p \u0111i\u1ec7n \u1ed5n \u0111\u1ecbnh cho t\u1ea5t c\u1ea3 c\u00e1c ng\u00e0nh c\u00f4ng nghi\u1ec7p bao g\u1ed3m nh\u00e0 m\u00e1y \u0111i\u1ec7n, nh\u00e0 m\u00e1y h\u00f3a<br \/>\nch\u1ea5t\/th\u00e9p v\u00e0 c\u00e1c c\u01a1 s\u1edf x\u00e2y d\u1ef1ng.<br \/>\n\u0110\u1ea1t ti\u00eau chu\u1ea9n IEC 62271-100, IEEE C37.09.<br \/>\nC\u1ea5p ki\u1ec3m tra \u0111\u00f3ng\/m\u1edf: E2, M2, C2<\/p>\n","protected":false},"excerpt":{"rendered":"<p>M\u00e1y c\u1eaft m\u1ea1ch ch\u00e2n kh\u00f4ng \u0111\u01b0\u1ee3c trang b\u1ecb c\u01a1 c\u1ea5u l\u00f2 xo \u0111\u1ea3m b\u1ea3o th\u1eddi gian \u0111\u00f3ng\/c\u1eaft nhanh v\u00e0 th\u1eddi gian ng\u1eaft kh\u00f4ng qu\u00e1 3 chu k\u1ef3. S\u1ea3n ph\u1ea9m cao c\u1ea5p v\u1edbi t\u00ednh n\u0103ng ho\u1ea1t [&#8230;]\n","protected":false},"featured_media":14279,"template":"","meta":[],"product_brand":[],"product_cat":[1674,1772],"product_tag":[],"class_list":{"0":"post-15835","1":"product","2":"type-product","3":"status-publish","4":"has-post-thumbnail","6":"product_cat-vitzro-product","7":"product_cat-medium-voltage-equipment","8":"pa_loai-thiet-bi-san-pham-trung-the-en","9":"pa_thuong-hieu-vitzro-en","11":"first","12":"instock","13":"shipping-taxable","14":"product-type-simple"},"yoast_head":"<!-- This site is optimized with the Yoast SEO plugin v26.8 - https:\/\/yoast.com\/product\/yoast-seo-wordpress\/ -->\n<title>VCB (VACUUM CIRCUIT BREAKER) - T\u1ed5ng c\u00f4ng ty Thi\u1ebft B\u1ecb \u0110i\u1ec7n \u0110\u00f4ng Anh<\/title>\n<meta name=\"robots\" content=\"index, follow, max-snippet:-1, max-image-preview:large, max-video-preview:-1\" \/>\n<link rel=\"canonical\" href=\"https:\/\/eemc.com.vn\/en\/product\/vcb-vacuum-circuit-breaker-may-cat-chan-khong\" \/>\n<meta property=\"og:locale\" content=\"en_US\" \/>\n<meta property=\"og:type\" content=\"article\" \/>\n<meta property=\"og:title\" content=\"VCB (VACUUM CIRCUIT BREAKER) - T\u1ed5ng c\u00f4ng ty Thi\u1ebft B\u1ecb \u0110i\u1ec7n \u0110\u00f4ng Anh\" \/>\n<meta property=\"og:description\" content=\"M\u00e1y c\u1eaft m\u1ea1ch ch\u00e2n kh\u00f4ng \u0111\u01b0\u1ee3c trang b\u1ecb c\u01a1 c\u1ea5u l\u00f2 xo \u0111\u1ea3m b\u1ea3o th\u1eddi gian \u0111\u00f3ng\/c\u1eaft nhanh v\u00e0 th\u1eddi gian ng\u1eaft kh\u00f4ng qu\u00e1 3 chu k\u1ef3. S\u1ea3n ph\u1ea9m cao c\u1ea5p v\u1edbi t\u00ednh n\u0103ng ho\u1ea1t [...]\" \/>\n<meta property=\"og:url\" content=\"https:\/\/eemc.com.vn\/en\/product\/vcb-vacuum-circuit-breaker-may-cat-chan-khong\" \/>\n<meta property=\"og:site_name\" content=\"T\u1ed5ng c\u00f4ng ty Thi\u1ebft B\u1ecb \u0110i\u1ec7n \u0110\u00f4ng Anh\" \/>\n<meta property=\"article:modified_time\" content=\"2025-03-19T09:53:01+00:00\" \/>\n<meta property=\"og:image\" content=\"https:\/\/eemc.com.vn\/wp-content\/uploads\/2025\/02\/VCB.jpg\" \/>\n\t<meta property=\"og:image:width\" content=\"285\" \/>\n\t<meta property=\"og:image:height\" content=\"384\" \/>\n\t<meta property=\"og:image:type\" content=\"image\/jpeg\" \/>\n<meta name=\"twitter:card\" content=\"summary_large_image\" \/>\n<meta name=\"twitter:label1\" content=\"Est. reading time\" \/>\n\t<meta name=\"twitter:data1\" content=\"1 minute\" \/>\n<script type=\"application\/ld+json\" class=\"yoast-schema-graph\">{\"@context\":\"https:\/\/schema.org\",\"@graph\":[{\"@type\":\"WebPage\",\"@id\":\"https:\/\/eemc.com.vn\/en\/product\/vcb-vacuum-circuit-breaker-may-cat-chan-khong\",\"url\":\"https:\/\/eemc.com.vn\/en\/product\/vcb-vacuum-circuit-breaker-may-cat-chan-khong\",\"name\":\"VCB (VACUUM CIRCUIT BREAKER) - T\u1ed5ng c\u00f4ng ty Thi\u1ebft B\u1ecb \u0110i\u1ec7n \u0110\u00f4ng Anh\",\"isPartOf\":{\"@id\":\"https:\/\/eemc.com.vn\/en#website\"},\"primaryImageOfPage\":{\"@id\":\"https:\/\/eemc.com.vn\/en\/product\/vcb-vacuum-circuit-breaker-may-cat-chan-khong#primaryimage\"},\"image\":{\"@id\":\"https:\/\/eemc.com.vn\/en\/product\/vcb-vacuum-circuit-breaker-may-cat-chan-khong#primaryimage\"},\"thumbnailUrl\":\"https:\/\/eemc.com.vn\/wp-content\/uploads\/2025\/02\/VCB.jpg\",\"datePublished\":\"2025-02-20T07:31:42+00:00\",\"dateModified\":\"2025-03-19T09:53:01+00:00\",\"breadcrumb\":{\"@id\":\"https:\/\/eemc.com.vn\/en\/product\/vcb-vacuum-circuit-breaker-may-cat-chan-khong#breadcrumb\"},\"inLanguage\":\"en-US\",\"potentialAction\":[{\"@type\":\"ReadAction\",\"target\":[\"https:\/\/eemc.com.vn\/en\/product\/vcb-vacuum-circuit-breaker-may-cat-chan-khong\"]}]},{\"@type\":\"ImageObject\",\"inLanguage\":\"en-US\",\"@id\":\"https:\/\/eemc.com.vn\/en\/product\/vcb-vacuum-circuit-breaker-may-cat-chan-khong#primaryimage\",\"url\":\"https:\/\/eemc.com.vn\/wp-content\/uploads\/2025\/02\/VCB.jpg\",\"contentUrl\":\"https:\/\/eemc.com.vn\/wp-content\/uploads\/2025\/02\/VCB.jpg\",\"width\":285,\"height\":384},{\"@type\":\"BreadcrumbList\",\"@id\":\"https:\/\/eemc.com.vn\/en\/product\/vcb-vacuum-circuit-breaker-may-cat-chan-khong#breadcrumb\",\"itemListElement\":[{\"@type\":\"ListItem\",\"position\":1,\"name\":\"HomeTrang ch\u1ee7\",\"item\":\"https:\/\/eemc.com.vn\/en\"},{\"@type\":\"ListItem\",\"position\":2,\"name\":\"Shop\",\"item\":\"https:\/\/eemc.com.vn\/en\/shop\"},{\"@type\":\"ListItem\",\"position\":3,\"name\":\"VCB (VACUUM CIRCUIT BREAKER)\"}]},{\"@type\":\"WebSite\",\"@id\":\"https:\/\/eemc.com.vn\/en#website\",\"url\":\"https:\/\/eemc.com.vn\/en\",\"name\":\"T\u1ed5ng c\u00f4ng ty Thi\u1ebft B\u1ecb \u0110i\u1ec7n \u0110\u00f4ng Anh\",\"description\":\"m\u00e1y bi\u1ebfn \u00e1p \u0110\u00f4ng Anh\",\"publisher\":{\"@id\":\"https:\/\/eemc.com.vn\/en#organization\"},\"potentialAction\":[{\"@type\":\"SearchAction\",\"target\":{\"@type\":\"EntryPoint\",\"urlTemplate\":\"https:\/\/eemc.com.vn\/en?s={search_term_string}\"},\"query-input\":{\"@type\":\"PropertyValueSpecification\",\"valueRequired\":true,\"valueName\":\"search_term_string\"}}],\"inLanguage\":\"en-US\"},{\"@type\":\"Organization\",\"@id\":\"https:\/\/eemc.com.vn\/en#organization\",\"name\":\"T\u1ed5ng c\u00f4ng ty thi\u1ebft b\u1ecb \u0111i\u1ec7n \u0110\u00f4ng Anh\",\"alternateName\":\"EEMC\",\"url\":\"https:\/\/eemc.com.vn\/en\",\"logo\":{\"@type\":\"ImageObject\",\"inLanguage\":\"en-US\",\"@id\":\"https:\/\/eemc.com.vn\/en#\/schema\/logo\/image\/\",\"url\":\"https:\/\/eemc.com.vn\/wp-content\/uploads\/2025\/03\/logo-EEMC-2025-ng-TV-scaled.jpg\",\"contentUrl\":\"https:\/\/eemc.com.vn\/wp-content\/uploads\/2025\/03\/logo-EEMC-2025-ng-TV-scaled.jpg\",\"width\":2560,\"height\":1037,\"caption\":\"T\u1ed5ng c\u00f4ng ty thi\u1ebft b\u1ecb \u0111i\u1ec7n \u0110\u00f4ng Anh\"},\"image\":{\"@id\":\"https:\/\/eemc.com.vn\/en#\/schema\/logo\/image\/\"}}]}<\/script>\n<!-- \/ Yoast SEO plugin. -->","yoast_head_json":{"title":"VCB (VACUUM CIRCUIT BREAKER) - T\u1ed5ng c\u00f4ng ty Thi\u1ebft B\u1ecb \u0110i\u1ec7n \u0110\u00f4ng Anh","robots":{"index":"index","follow":"follow","max-snippet":"max-snippet:-1","max-image-preview":"max-image-preview:large","max-video-preview":"max-video-preview:-1"},"canonical":"https:\/\/eemc.com.vn\/en\/product\/vcb-vacuum-circuit-breaker-may-cat-chan-khong","og_locale":"en_US","og_type":"article","og_title":"VCB (VACUUM CIRCUIT BREAKER) - T\u1ed5ng c\u00f4ng ty Thi\u1ebft B\u1ecb \u0110i\u1ec7n \u0110\u00f4ng Anh","og_description":"M\u00e1y c\u1eaft m\u1ea1ch ch\u00e2n kh\u00f4ng \u0111\u01b0\u1ee3c trang b\u1ecb c\u01a1 c\u1ea5u l\u00f2 xo \u0111\u1ea3m b\u1ea3o th\u1eddi gian \u0111\u00f3ng\/c\u1eaft nhanh v\u00e0 th\u1eddi gian ng\u1eaft kh\u00f4ng qu\u00e1 3 chu k\u1ef3. S\u1ea3n ph\u1ea9m cao c\u1ea5p v\u1edbi t\u00ednh n\u0103ng ho\u1ea1t [...]","og_url":"https:\/\/eemc.com.vn\/en\/product\/vcb-vacuum-circuit-breaker-may-cat-chan-khong","og_site_name":"T\u1ed5ng c\u00f4ng ty Thi\u1ebft B\u1ecb \u0110i\u1ec7n \u0110\u00f4ng Anh","article_modified_time":"2025-03-19T09:53:01+00:00","og_image":[{"width":285,"height":384,"url":"https:\/\/eemc.com.vn\/wp-content\/uploads\/2025\/02\/VCB.jpg","type":"image\/jpeg"}],"twitter_card":"summary_large_image","twitter_misc":{"Est. reading time":"1 minute"},"schema":{"@context":"https:\/\/schema.org","@graph":[{"@type":"WebPage","@id":"https:\/\/eemc.com.vn\/en\/product\/vcb-vacuum-circuit-breaker-may-cat-chan-khong","url":"https:\/\/eemc.com.vn\/en\/product\/vcb-vacuum-circuit-breaker-may-cat-chan-khong","name":"VCB (VACUUM CIRCUIT BREAKER) - T\u1ed5ng c\u00f4ng ty Thi\u1ebft B\u1ecb \u0110i\u1ec7n \u0110\u00f4ng Anh","isPartOf":{"@id":"https:\/\/eemc.com.vn\/en#website"},"primaryImageOfPage":{"@id":"https:\/\/eemc.com.vn\/en\/product\/vcb-vacuum-circuit-breaker-may-cat-chan-khong#primaryimage"},"image":{"@id":"https:\/\/eemc.com.vn\/en\/product\/vcb-vacuum-circuit-breaker-may-cat-chan-khong#primaryimage"},"thumbnailUrl":"https:\/\/eemc.com.vn\/wp-content\/uploads\/2025\/02\/VCB.jpg","datePublished":"2025-02-20T07:31:42+00:00","dateModified":"2025-03-19T09:53:01+00:00","breadcrumb":{"@id":"https:\/\/eemc.com.vn\/en\/product\/vcb-vacuum-circuit-breaker-may-cat-chan-khong#breadcrumb"},"inLanguage":"en-US","potentialAction":[{"@type":"ReadAction","target":["https:\/\/eemc.com.vn\/en\/product\/vcb-vacuum-circuit-breaker-may-cat-chan-khong"]}]},{"@type":"ImageObject","inLanguage":"en-US","@id":"https:\/\/eemc.com.vn\/en\/product\/vcb-vacuum-circuit-breaker-may-cat-chan-khong#primaryimage","url":"https:\/\/eemc.com.vn\/wp-content\/uploads\/2025\/02\/VCB.jpg","contentUrl":"https:\/\/eemc.com.vn\/wp-content\/uploads\/2025\/02\/VCB.jpg","width":285,"height":384},{"@type":"BreadcrumbList","@id":"https:\/\/eemc.com.vn\/en\/product\/vcb-vacuum-circuit-breaker-may-cat-chan-khong#breadcrumb","itemListElement":[{"@type":"ListItem","position":1,"name":"HomeTrang ch\u1ee7","item":"https:\/\/eemc.com.vn\/en"},{"@type":"ListItem","position":2,"name":"Shop","item":"https:\/\/eemc.com.vn\/en\/shop"},{"@type":"ListItem","position":3,"name":"VCB (VACUUM CIRCUIT BREAKER)"}]},{"@type":"WebSite","@id":"https:\/\/eemc.com.vn\/en#website","url":"https:\/\/eemc.com.vn\/en","name":"T\u1ed5ng c\u00f4ng ty Thi\u1ebft B\u1ecb \u0110i\u1ec7n \u0110\u00f4ng Anh","description":"m\u00e1y bi\u1ebfn \u00e1p \u0110\u00f4ng Anh","publisher":{"@id":"https:\/\/eemc.com.vn\/en#organization"},"potentialAction":[{"@type":"SearchAction","target":{"@type":"EntryPoint","urlTemplate":"https:\/\/eemc.com.vn\/en?s={search_term_string}"},"query-input":{"@type":"PropertyValueSpecification","valueRequired":true,"valueName":"search_term_string"}}],"inLanguage":"en-US"},{"@type":"Organization","@id":"https:\/\/eemc.com.vn\/en#organization","name":"T\u1ed5ng c\u00f4ng ty thi\u1ebft b\u1ecb \u0111i\u1ec7n \u0110\u00f4ng Anh","alternateName":"EEMC","url":"https:\/\/eemc.com.vn\/en","logo":{"@type":"ImageObject","inLanguage":"en-US","@id":"https:\/\/eemc.com.vn\/en#\/schema\/logo\/image\/","url":"https:\/\/eemc.com.vn\/wp-content\/uploads\/2025\/03\/logo-EEMC-2025-ng-TV-scaled.jpg","contentUrl":"https:\/\/eemc.com.vn\/wp-content\/uploads\/2025\/03\/logo-EEMC-2025-ng-TV-scaled.jpg","width":2560,"height":1037,"caption":"T\u1ed5ng c\u00f4ng ty thi\u1ebft b\u1ecb \u0111i\u1ec7n \u0110\u00f4ng Anh"},"image":{"@id":"https:\/\/eemc.com.vn\/en#\/schema\/logo\/image\/"}}]}},"_links":{"self":[{"href":"https:\/\/eemc.com.vn\/en\/wp-json\/wp\/v2\/product\/15835","targetHints":{"allow":["GET"]}}],"collection":[{"href":"https:\/\/eemc.com.vn\/en\/wp-json\/wp\/v2\/product"}],"about":[{"href":"https:\/\/eemc.com.vn\/en\/wp-json\/wp\/v2\/types\/product"}],"wp:featuredmedia":[{"embeddable":true,"href":"https:\/\/eemc.com.vn\/en\/wp-json\/wp\/v2\/media\/14279"}],"wp:attachment":[{"href":"https:\/\/eemc.com.vn\/en\/wp-json\/wp\/v2\/media?parent=15835"}],"wp:term":[{"taxonomy":"product_brand","embeddable":true,"href":"https:\/\/eemc.com.vn\/en\/wp-json\/wp\/v2\/product_brand?post=15835"},{"taxonomy":"product_cat","embeddable":true,"href":"https:\/\/eemc.com.vn\/en\/wp-json\/wp\/v2\/product_cat?post=15835"},{"taxonomy":"product_tag","embeddable":true,"href":"https:\/\/eemc.com.vn\/en\/wp-json\/wp\/v2\/product_tag?post=15835"}],"curies":[{"name":"wp","href":"https:\/\/api.w.org\/{rel}","templated":true}]}}