{"id":15836,"date":"2025-02-20T14:25:57","date_gmt":"2025-02-20T07:25:57","guid":{"rendered":"https:\/\/eemc.com.vn\/product\/ats-controller-bo-dieu-khien-ats"},"modified":"2025-03-19T16:53:37","modified_gmt":"2025-03-19T09:53:37","slug":"ats-controller-bo-dieu-khien-ats","status":"publish","type":"product","link":"https:\/\/eemc.com.vn\/en\/product\/ats-controller-bo-dieu-khien-ats","title":{"rendered":"ATS CONTROLLER"},"content":{"rendered":"<p>VITAC 200 l\u00e0 thi\u1ebft b\u1ecb \u0111\u01b0\u1ee3c k\u1ebft n\u1ed1i v\u1edbi ATS, thi\u1ebft b\u1ecb s\u1ebd gi\u00e1m s\u00e1t hai ngu\u1ed3n \u0111i\u1ec7n v\u00e0 \u0111i\u1ec1u khi\u1ec3n ATS.<\/p>\n","protected":false},"excerpt":{"rendered":"<p>VITAC 200 l\u00e0 thi\u1ebft b\u1ecb \u0111\u01b0\u1ee3c k\u1ebft n\u1ed1i v\u1edbi ATS, thi\u1ebft b\u1ecb s\u1ebd gi\u00e1m s\u00e1t hai ngu\u1ed3n \u0111i\u1ec7n v\u00e0 \u0111i\u1ec1u khi\u1ec3n ATS.<\/p>\n","protected":false},"featured_media":14276,"template":"","meta":[],"product_brand":[],"product_cat":[1674,1774],"product_tag":[],"class_list":{"0":"post-15836","1":"product","2":"type-product","3":"status-publish","4":"has-post-thumbnail","6":"product_cat-vitzro-product","7":"product_cat-san-pham-ha-the-en","8":"pa_loai-thiet-bi-san-pham-ha-the-en","9":"pa_thuong-hieu-vitzro-en","11":"first","12":"instock","13":"shipping-taxable","14":"product-type-simple"},"yoast_head":"<!-- This site is optimized with the Yoast SEO plugin v26.8 - https:\/\/yoast.com\/product\/yoast-seo-wordpress\/ -->\n<title>ATS CONTROLLER - T\u1ed5ng c\u00f4ng ty Thi\u1ebft B\u1ecb \u0110i\u1ec7n \u0110\u00f4ng Anh<\/title>\n<meta name=\"robots\" content=\"index, follow, max-snippet:-1, max-image-preview:large, max-video-preview:-1\" \/>\n<link rel=\"canonical\" href=\"https:\/\/eemc.com.vn\/en\/product\/ats-controller-bo-dieu-khien-ats\" \/>\n<meta property=\"og:locale\" content=\"en_US\" \/>\n<meta property=\"og:type\" content=\"article\" \/>\n<meta property=\"og:title\" content=\"ATS CONTROLLER - T\u1ed5ng c\u00f4ng ty Thi\u1ebft B\u1ecb \u0110i\u1ec7n \u0110\u00f4ng Anh\" \/>\n<meta property=\"og:description\" content=\"VITAC 200 l\u00e0 thi\u1ebft b\u1ecb \u0111\u01b0\u1ee3c k\u1ebft n\u1ed1i v\u1edbi ATS, thi\u1ebft b\u1ecb s\u1ebd gi\u00e1m s\u00e1t hai ngu\u1ed3n \u0111i\u1ec7n v\u00e0 \u0111i\u1ec1u khi\u1ec3n ATS.\" \/>\n<meta property=\"og:url\" content=\"https:\/\/eemc.com.vn\/en\/product\/ats-controller-bo-dieu-khien-ats\" \/>\n<meta property=\"og:site_name\" content=\"T\u1ed5ng c\u00f4ng ty Thi\u1ebft B\u1ecb \u0110i\u1ec7n \u0110\u00f4ng Anh\" \/>\n<meta property=\"article:modified_time\" content=\"2025-03-19T09:53:37+00:00\" \/>\n<meta property=\"og:image\" content=\"https:\/\/eemc.com.vn\/wp-content\/uploads\/2025\/02\/vitac-200.jpg\" \/>\n\t<meta property=\"og:image:width\" content=\"961\" \/>\n\t<meta property=\"og:image:height\" content=\"546\" \/>\n\t<meta property=\"og:image:type\" content=\"image\/jpeg\" \/>\n<meta name=\"twitter:card\" content=\"summary_large_image\" \/>\n<meta name=\"twitter:label1\" content=\"Est. reading time\" \/>\n\t<meta name=\"twitter:data1\" content=\"1 minute\" \/>\n<script type=\"application\/ld+json\" class=\"yoast-schema-graph\">{\"@context\":\"https:\/\/schema.org\",\"@graph\":[{\"@type\":\"WebPage\",\"@id\":\"https:\/\/eemc.com.vn\/en\/product\/ats-controller-bo-dieu-khien-ats\",\"url\":\"https:\/\/eemc.com.vn\/en\/product\/ats-controller-bo-dieu-khien-ats\",\"name\":\"ATS CONTROLLER - T\u1ed5ng c\u00f4ng ty Thi\u1ebft B\u1ecb \u0110i\u1ec7n \u0110\u00f4ng Anh\",\"isPartOf\":{\"@id\":\"https:\/\/eemc.com.vn\/en#website\"},\"primaryImageOfPage\":{\"@id\":\"https:\/\/eemc.com.vn\/en\/product\/ats-controller-bo-dieu-khien-ats#primaryimage\"},\"image\":{\"@id\":\"https:\/\/eemc.com.vn\/en\/product\/ats-controller-bo-dieu-khien-ats#primaryimage\"},\"thumbnailUrl\":\"https:\/\/eemc.com.vn\/wp-content\/uploads\/2025\/02\/vitac-200.jpg\",\"datePublished\":\"2025-02-20T07:25:57+00:00\",\"dateModified\":\"2025-03-19T09:53:37+00:00\",\"breadcrumb\":{\"@id\":\"https:\/\/eemc.com.vn\/en\/product\/ats-controller-bo-dieu-khien-ats#breadcrumb\"},\"inLanguage\":\"en-US\",\"potentialAction\":[{\"@type\":\"ReadAction\",\"target\":[\"https:\/\/eemc.com.vn\/en\/product\/ats-controller-bo-dieu-khien-ats\"]}]},{\"@type\":\"ImageObject\",\"inLanguage\":\"en-US\",\"@id\":\"https:\/\/eemc.com.vn\/en\/product\/ats-controller-bo-dieu-khien-ats#primaryimage\",\"url\":\"https:\/\/eemc.com.vn\/wp-content\/uploads\/2025\/02\/vitac-200.jpg\",\"contentUrl\":\"https:\/\/eemc.com.vn\/wp-content\/uploads\/2025\/02\/vitac-200.jpg\",\"width\":961,\"height\":546},{\"@type\":\"BreadcrumbList\",\"@id\":\"https:\/\/eemc.com.vn\/en\/product\/ats-controller-bo-dieu-khien-ats#breadcrumb\",\"itemListElement\":[{\"@type\":\"ListItem\",\"position\":1,\"name\":\"HomeTrang ch\u1ee7\",\"item\":\"https:\/\/eemc.com.vn\/en\"},{\"@type\":\"ListItem\",\"position\":2,\"name\":\"Shop\",\"item\":\"https:\/\/eemc.com.vn\/en\/shop\"},{\"@type\":\"ListItem\",\"position\":3,\"name\":\"ATS CONTROLLER\"}]},{\"@type\":\"WebSite\",\"@id\":\"https:\/\/eemc.com.vn\/en#website\",\"url\":\"https:\/\/eemc.com.vn\/en\",\"name\":\"T\u1ed5ng c\u00f4ng ty Thi\u1ebft B\u1ecb \u0110i\u1ec7n \u0110\u00f4ng Anh\",\"description\":\"m\u00e1y bi\u1ebfn \u00e1p \u0110\u00f4ng Anh\",\"publisher\":{\"@id\":\"https:\/\/eemc.com.vn\/en#organization\"},\"potentialAction\":[{\"@type\":\"SearchAction\",\"target\":{\"@type\":\"EntryPoint\",\"urlTemplate\":\"https:\/\/eemc.com.vn\/en?s={search_term_string}\"},\"query-input\":{\"@type\":\"PropertyValueSpecification\",\"valueRequired\":true,\"valueName\":\"search_term_string\"}}],\"inLanguage\":\"en-US\"},{\"@type\":\"Organization\",\"@id\":\"https:\/\/eemc.com.vn\/en#organization\",\"name\":\"T\u1ed5ng c\u00f4ng ty thi\u1ebft b\u1ecb \u0111i\u1ec7n \u0110\u00f4ng Anh\",\"alternateName\":\"EEMC\",\"url\":\"https:\/\/eemc.com.vn\/en\",\"logo\":{\"@type\":\"ImageObject\",\"inLanguage\":\"en-US\",\"@id\":\"https:\/\/eemc.com.vn\/en#\/schema\/logo\/image\/\",\"url\":\"https:\/\/eemc.com.vn\/wp-content\/uploads\/2025\/03\/logo-EEMC-2025-ng-TV-scaled.jpg\",\"contentUrl\":\"https:\/\/eemc.com.vn\/wp-content\/uploads\/2025\/03\/logo-EEMC-2025-ng-TV-scaled.jpg\",\"width\":2560,\"height\":1037,\"caption\":\"T\u1ed5ng c\u00f4ng ty thi\u1ebft b\u1ecb \u0111i\u1ec7n \u0110\u00f4ng Anh\"},\"image\":{\"@id\":\"https:\/\/eemc.com.vn\/en#\/schema\/logo\/image\/\"}}]}<\/script>\n<!-- \/ Yoast SEO plugin. -->","yoast_head_json":{"title":"ATS CONTROLLER - T\u1ed5ng c\u00f4ng ty Thi\u1ebft B\u1ecb \u0110i\u1ec7n \u0110\u00f4ng Anh","robots":{"index":"index","follow":"follow","max-snippet":"max-snippet:-1","max-image-preview":"max-image-preview:large","max-video-preview":"max-video-preview:-1"},"canonical":"https:\/\/eemc.com.vn\/en\/product\/ats-controller-bo-dieu-khien-ats","og_locale":"en_US","og_type":"article","og_title":"ATS CONTROLLER - T\u1ed5ng c\u00f4ng ty Thi\u1ebft B\u1ecb \u0110i\u1ec7n \u0110\u00f4ng Anh","og_description":"VITAC 200 l\u00e0 thi\u1ebft b\u1ecb \u0111\u01b0\u1ee3c k\u1ebft n\u1ed1i v\u1edbi ATS, thi\u1ebft b\u1ecb s\u1ebd gi\u00e1m s\u00e1t hai ngu\u1ed3n \u0111i\u1ec7n v\u00e0 \u0111i\u1ec1u khi\u1ec3n ATS.","og_url":"https:\/\/eemc.com.vn\/en\/product\/ats-controller-bo-dieu-khien-ats","og_site_name":"T\u1ed5ng c\u00f4ng ty Thi\u1ebft B\u1ecb \u0110i\u1ec7n \u0110\u00f4ng Anh","article_modified_time":"2025-03-19T09:53:37+00:00","og_image":[{"width":961,"height":546,"url":"https:\/\/eemc.com.vn\/wp-content\/uploads\/2025\/02\/vitac-200.jpg","type":"image\/jpeg"}],"twitter_card":"summary_large_image","twitter_misc":{"Est. reading time":"1 minute"},"schema":{"@context":"https:\/\/schema.org","@graph":[{"@type":"WebPage","@id":"https:\/\/eemc.com.vn\/en\/product\/ats-controller-bo-dieu-khien-ats","url":"https:\/\/eemc.com.vn\/en\/product\/ats-controller-bo-dieu-khien-ats","name":"ATS CONTROLLER - T\u1ed5ng c\u00f4ng ty Thi\u1ebft B\u1ecb \u0110i\u1ec7n \u0110\u00f4ng Anh","isPartOf":{"@id":"https:\/\/eemc.com.vn\/en#website"},"primaryImageOfPage":{"@id":"https:\/\/eemc.com.vn\/en\/product\/ats-controller-bo-dieu-khien-ats#primaryimage"},"image":{"@id":"https:\/\/eemc.com.vn\/en\/product\/ats-controller-bo-dieu-khien-ats#primaryimage"},"thumbnailUrl":"https:\/\/eemc.com.vn\/wp-content\/uploads\/2025\/02\/vitac-200.jpg","datePublished":"2025-02-20T07:25:57+00:00","dateModified":"2025-03-19T09:53:37+00:00","breadcrumb":{"@id":"https:\/\/eemc.com.vn\/en\/product\/ats-controller-bo-dieu-khien-ats#breadcrumb"},"inLanguage":"en-US","potentialAction":[{"@type":"ReadAction","target":["https:\/\/eemc.com.vn\/en\/product\/ats-controller-bo-dieu-khien-ats"]}]},{"@type":"ImageObject","inLanguage":"en-US","@id":"https:\/\/eemc.com.vn\/en\/product\/ats-controller-bo-dieu-khien-ats#primaryimage","url":"https:\/\/eemc.com.vn\/wp-content\/uploads\/2025\/02\/vitac-200.jpg","contentUrl":"https:\/\/eemc.com.vn\/wp-content\/uploads\/2025\/02\/vitac-200.jpg","width":961,"height":546},{"@type":"BreadcrumbList","@id":"https:\/\/eemc.com.vn\/en\/product\/ats-controller-bo-dieu-khien-ats#breadcrumb","itemListElement":[{"@type":"ListItem","position":1,"name":"HomeTrang ch\u1ee7","item":"https:\/\/eemc.com.vn\/en"},{"@type":"ListItem","position":2,"name":"Shop","item":"https:\/\/eemc.com.vn\/en\/shop"},{"@type":"ListItem","position":3,"name":"ATS CONTROLLER"}]},{"@type":"WebSite","@id":"https:\/\/eemc.com.vn\/en#website","url":"https:\/\/eemc.com.vn\/en","name":"T\u1ed5ng c\u00f4ng ty Thi\u1ebft B\u1ecb \u0110i\u1ec7n \u0110\u00f4ng Anh","description":"m\u00e1y bi\u1ebfn \u00e1p \u0110\u00f4ng Anh","publisher":{"@id":"https:\/\/eemc.com.vn\/en#organization"},"potentialAction":[{"@type":"SearchAction","target":{"@type":"EntryPoint","urlTemplate":"https:\/\/eemc.com.vn\/en?s={search_term_string}"},"query-input":{"@type":"PropertyValueSpecification","valueRequired":true,"valueName":"search_term_string"}}],"inLanguage":"en-US"},{"@type":"Organization","@id":"https:\/\/eemc.com.vn\/en#organization","name":"T\u1ed5ng c\u00f4ng ty thi\u1ebft b\u1ecb \u0111i\u1ec7n \u0110\u00f4ng Anh","alternateName":"EEMC","url":"https:\/\/eemc.com.vn\/en","logo":{"@type":"ImageObject","inLanguage":"en-US","@id":"https:\/\/eemc.com.vn\/en#\/schema\/logo\/image\/","url":"https:\/\/eemc.com.vn\/wp-content\/uploads\/2025\/03\/logo-EEMC-2025-ng-TV-scaled.jpg","contentUrl":"https:\/\/eemc.com.vn\/wp-content\/uploads\/2025\/03\/logo-EEMC-2025-ng-TV-scaled.jpg","width":2560,"height":1037,"caption":"T\u1ed5ng c\u00f4ng ty thi\u1ebft b\u1ecb \u0111i\u1ec7n \u0110\u00f4ng Anh"},"image":{"@id":"https:\/\/eemc.com.vn\/en#\/schema\/logo\/image\/"}}]}},"_links":{"self":[{"href":"https:\/\/eemc.com.vn\/en\/wp-json\/wp\/v2\/product\/15836","targetHints":{"allow":["GET"]}}],"collection":[{"href":"https:\/\/eemc.com.vn\/en\/wp-json\/wp\/v2\/product"}],"about":[{"href":"https:\/\/eemc.com.vn\/en\/wp-json\/wp\/v2\/types\/product"}],"wp:featuredmedia":[{"embeddable":true,"href":"https:\/\/eemc.com.vn\/en\/wp-json\/wp\/v2\/media\/14276"}],"wp:attachment":[{"href":"https:\/\/eemc.com.vn\/en\/wp-json\/wp\/v2\/media?parent=15836"}],"wp:term":[{"taxonomy":"product_brand","embeddable":true,"href":"https:\/\/eemc.com.vn\/en\/wp-json\/wp\/v2\/product_brand?post=15836"},{"taxonomy":"product_cat","embeddable":true,"href":"https:\/\/eemc.com.vn\/en\/wp-json\/wp\/v2\/product_cat?post=15836"},{"taxonomy":"product_tag","embeddable":true,"href":"https:\/\/eemc.com.vn\/en\/wp-json\/wp\/v2\/product_tag?post=15836"}],"curies":[{"name":"wp","href":"https:\/\/api.w.org\/{rel}","templated":true}]}}