{"id":15837,"date":"2025-02-20T14:23:04","date_gmt":"2025-02-20T07:23:04","guid":{"rendered":"https:\/\/eemc.com.vn\/product\/san-pham-ats-c-type-loai-wn-chuyen-nguon-loai-3-vi-tri-a-%e2%86%94-neutraloff-%e2%86%94-b"},"modified":"2025-03-24T08:52:38","modified_gmt":"2025-03-24T01:52:38","slug":"san-pham-ats-c-type-loai-wn-chuyen-nguon-loai-3-vi-tri-a-%e2%86%94-neutraloff-%e2%86%94-b","status":"publish","type":"product","link":"https:\/\/eemc.com.vn\/en\/product\/san-pham-ats-c-type-loai-wn-chuyen-nguon-loai-3-vi-tri-a-%e2%86%94-neutraloff-%e2%86%94-b","title":{"rendered":"ATS, C-Type &#8211; WN,  A \u2194 Neutral(off) \u2194 B"},"content":{"rendered":"<p>\u2022 Thi\u1ebft k\u1ebf d\u1ea1ng \u0111\u1ee9ng, k\u00edch th\u01b0\u1edbc nh\u1ecf g\u1ecdn, \u0111\u1ed9 b\u1ec1n cao.<br \/>\n\u2022 T\u1ea7n su\u1ea5t chuy\u1ec3n \u0111\u1ed5i nhanh g\u1ea5p 2,5 l\u1ea7n so v\u1edbi s\u1ea3n ph\u1ea9m c\u00f9ng lo\u1ea1i.<br \/>\n\u2022 Thi\u1ebft k\u1ebf nh\u1ecf g\u1ecdn, ch\u1eafc ch\u1eafn, \u0111\u1ed9 b\u1ec1n v\u00e0 hi\u1ec7u su\u1ea5t cao.<br \/>\n\u2022 T\u00ednh n\u0103ng c\u00e1ch nhi\u1ec7t t\u1ed1t, c\u00e1ch \u0111i\u1ec7n an to\u00e0n, ch\u1ed1ng b\u1ee5i hi\u1ec7u qu\u1ea3.<br \/>\n\u2022 C\u00f3 th\u1ec3 v\u1eadn h\u00e0nh t\u1ef1 \u0111\u1ed9ng ho\u1eb7c b\u1eb1ng tay th\u00f4ng qua b\u1ea3ng \u0111i\u1ec1u khi\u1ec3n.<br \/>\n\u2022 \u0110\u1ea1t ti\u00eau chu\u1ea9n ch\u1ea5t l\u01b0\u1ee3ng IEC60947-6-1 ; UL 1008.<\/p>\n","protected":false},"excerpt":{"rendered":"<p>\u2022 Thi\u1ebft k\u1ebf d\u1ea1ng \u0111\u1ee9ng, k\u00edch th\u01b0\u1edbc nh\u1ecf g\u1ecdn, \u0111\u1ed9 b\u1ec1n cao. \u2022 T\u1ea7n su\u1ea5t chuy\u1ec3n \u0111\u1ed5i nhanh g\u1ea5p 2,5 l\u1ea7n so v\u1edbi s\u1ea3n ph\u1ea9m c\u00f9ng lo\u1ea1i. \u2022 Thi\u1ebft k\u1ebf nh\u1ecf g\u1ecdn, ch\u1eafc ch\u1eafn, \u0111\u1ed9 [&#8230;]\n","protected":false},"featured_media":14271,"template":"","meta":[],"product_brand":[],"product_cat":[1674,1774],"product_tag":[],"class_list":{"0":"post-15837","1":"product","2":"type-product","3":"status-publish","4":"has-post-thumbnail","6":"product_cat-vitzro-product","7":"product_cat-san-pham-ha-the-en","8":"pa_loai-thiet-bi-san-pham-ha-the-en","9":"pa_thuong-hieu-vitzro-en","11":"first","12":"instock","13":"shipping-taxable","14":"product-type-simple"},"yoast_head":"<!-- This site is optimized with the Yoast SEO plugin v26.8 - https:\/\/yoast.com\/product\/yoast-seo-wordpress\/ -->\n<title>ATS, C-Type - WN, A \u2194 Neutral(off) \u2194 B - T\u1ed5ng c\u00f4ng ty Thi\u1ebft B\u1ecb \u0110i\u1ec7n \u0110\u00f4ng Anh<\/title>\n<meta name=\"robots\" content=\"index, follow, max-snippet:-1, max-image-preview:large, max-video-preview:-1\" \/>\n<link rel=\"canonical\" href=\"https:\/\/eemc.com.vn\/en\/product\/san-pham-ats-c-type-loai-wn-chuyen-nguon-loai-3-vi-tri-a-%e2%86%94-neutraloff-%e2%86%94-b\" \/>\n<meta property=\"og:locale\" content=\"en_US\" \/>\n<meta property=\"og:type\" content=\"article\" \/>\n<meta property=\"og:title\" content=\"ATS, C-Type - WN, A \u2194 Neutral(off) \u2194 B - T\u1ed5ng c\u00f4ng ty Thi\u1ebft B\u1ecb \u0110i\u1ec7n \u0110\u00f4ng Anh\" \/>\n<meta property=\"og:description\" content=\"\u2022 Thi\u1ebft k\u1ebf d\u1ea1ng \u0111\u1ee9ng, k\u00edch th\u01b0\u1edbc nh\u1ecf g\u1ecdn, \u0111\u1ed9 b\u1ec1n cao. \u2022 T\u1ea7n su\u1ea5t chuy\u1ec3n \u0111\u1ed5i nhanh g\u1ea5p 2,5 l\u1ea7n so v\u1edbi s\u1ea3n ph\u1ea9m c\u00f9ng lo\u1ea1i. \u2022 Thi\u1ebft k\u1ebf nh\u1ecf g\u1ecdn, ch\u1eafc ch\u1eafn, \u0111\u1ed9 [...]\" \/>\n<meta property=\"og:url\" content=\"https:\/\/eemc.com.vn\/en\/product\/san-pham-ats-c-type-loai-wn-chuyen-nguon-loai-3-vi-tri-a-%e2%86%94-neutraloff-%e2%86%94-b\" \/>\n<meta property=\"og:site_name\" content=\"T\u1ed5ng c\u00f4ng ty Thi\u1ebft B\u1ecb \u0110i\u1ec7n \u0110\u00f4ng Anh\" \/>\n<meta property=\"article:modified_time\" content=\"2025-03-24T01:52:38+00:00\" \/>\n<meta property=\"og:image\" content=\"https:\/\/eemc.com.vn\/wp-content\/uploads\/2025\/02\/ATS-c-WN2.jpg\" \/>\n\t<meta property=\"og:image:width\" content=\"559\" \/>\n\t<meta property=\"og:image:height\" content=\"682\" \/>\n\t<meta property=\"og:image:type\" content=\"image\/jpeg\" \/>\n<meta name=\"twitter:card\" content=\"summary_large_image\" \/>\n<meta name=\"twitter:label1\" content=\"Est. reading time\" \/>\n\t<meta name=\"twitter:data1\" content=\"1 minute\" \/>\n<script type=\"application\/ld+json\" class=\"yoast-schema-graph\">{\"@context\":\"https:\/\/schema.org\",\"@graph\":[{\"@type\":\"WebPage\",\"@id\":\"https:\/\/eemc.com.vn\/en\/product\/san-pham-ats-c-type-loai-wn-chuyen-nguon-loai-3-vi-tri-a-%e2%86%94-neutraloff-%e2%86%94-b\",\"url\":\"https:\/\/eemc.com.vn\/en\/product\/san-pham-ats-c-type-loai-wn-chuyen-nguon-loai-3-vi-tri-a-%e2%86%94-neutraloff-%e2%86%94-b\",\"name\":\"ATS, C-Type - WN, A \u2194 Neutral(off) \u2194 B - T\u1ed5ng c\u00f4ng ty Thi\u1ebft B\u1ecb \u0110i\u1ec7n \u0110\u00f4ng Anh\",\"isPartOf\":{\"@id\":\"https:\/\/eemc.com.vn\/en#website\"},\"primaryImageOfPage\":{\"@id\":\"https:\/\/eemc.com.vn\/en\/product\/san-pham-ats-c-type-loai-wn-chuyen-nguon-loai-3-vi-tri-a-%e2%86%94-neutraloff-%e2%86%94-b#primaryimage\"},\"image\":{\"@id\":\"https:\/\/eemc.com.vn\/en\/product\/san-pham-ats-c-type-loai-wn-chuyen-nguon-loai-3-vi-tri-a-%e2%86%94-neutraloff-%e2%86%94-b#primaryimage\"},\"thumbnailUrl\":\"https:\/\/eemc.com.vn\/wp-content\/uploads\/2025\/02\/ATS-c-WN2.jpg\",\"datePublished\":\"2025-02-20T07:23:04+00:00\",\"dateModified\":\"2025-03-24T01:52:38+00:00\",\"breadcrumb\":{\"@id\":\"https:\/\/eemc.com.vn\/en\/product\/san-pham-ats-c-type-loai-wn-chuyen-nguon-loai-3-vi-tri-a-%e2%86%94-neutraloff-%e2%86%94-b#breadcrumb\"},\"inLanguage\":\"en-US\",\"potentialAction\":[{\"@type\":\"ReadAction\",\"target\":[\"https:\/\/eemc.com.vn\/en\/product\/san-pham-ats-c-type-loai-wn-chuyen-nguon-loai-3-vi-tri-a-%e2%86%94-neutraloff-%e2%86%94-b\"]}]},{\"@type\":\"ImageObject\",\"inLanguage\":\"en-US\",\"@id\":\"https:\/\/eemc.com.vn\/en\/product\/san-pham-ats-c-type-loai-wn-chuyen-nguon-loai-3-vi-tri-a-%e2%86%94-neutraloff-%e2%86%94-b#primaryimage\",\"url\":\"https:\/\/eemc.com.vn\/wp-content\/uploads\/2025\/02\/ATS-c-WN2.jpg\",\"contentUrl\":\"https:\/\/eemc.com.vn\/wp-content\/uploads\/2025\/02\/ATS-c-WN2.jpg\",\"width\":559,\"height\":682},{\"@type\":\"BreadcrumbList\",\"@id\":\"https:\/\/eemc.com.vn\/en\/product\/san-pham-ats-c-type-loai-wn-chuyen-nguon-loai-3-vi-tri-a-%e2%86%94-neutraloff-%e2%86%94-b#breadcrumb\",\"itemListElement\":[{\"@type\":\"ListItem\",\"position\":1,\"name\":\"HomeTrang ch\u1ee7\",\"item\":\"https:\/\/eemc.com.vn\/en\"},{\"@type\":\"ListItem\",\"position\":2,\"name\":\"Shop\",\"item\":\"https:\/\/eemc.com.vn\/en\/shop\"},{\"@type\":\"ListItem\",\"position\":3,\"name\":\"ATS, C-Type &#8211; WN, A \u2194 Neutral(off) \u2194 B\"}]},{\"@type\":\"WebSite\",\"@id\":\"https:\/\/eemc.com.vn\/en#website\",\"url\":\"https:\/\/eemc.com.vn\/en\",\"name\":\"T\u1ed5ng c\u00f4ng ty Thi\u1ebft B\u1ecb \u0110i\u1ec7n \u0110\u00f4ng Anh\",\"description\":\"m\u00e1y bi\u1ebfn \u00e1p \u0110\u00f4ng Anh\",\"publisher\":{\"@id\":\"https:\/\/eemc.com.vn\/en#organization\"},\"potentialAction\":[{\"@type\":\"SearchAction\",\"target\":{\"@type\":\"EntryPoint\",\"urlTemplate\":\"https:\/\/eemc.com.vn\/en?s={search_term_string}\"},\"query-input\":{\"@type\":\"PropertyValueSpecification\",\"valueRequired\":true,\"valueName\":\"search_term_string\"}}],\"inLanguage\":\"en-US\"},{\"@type\":\"Organization\",\"@id\":\"https:\/\/eemc.com.vn\/en#organization\",\"name\":\"T\u1ed5ng c\u00f4ng ty thi\u1ebft b\u1ecb \u0111i\u1ec7n \u0110\u00f4ng Anh\",\"alternateName\":\"EEMC\",\"url\":\"https:\/\/eemc.com.vn\/en\",\"logo\":{\"@type\":\"ImageObject\",\"inLanguage\":\"en-US\",\"@id\":\"https:\/\/eemc.com.vn\/en#\/schema\/logo\/image\/\",\"url\":\"https:\/\/eemc.com.vn\/wp-content\/uploads\/2025\/03\/logo-EEMC-2025-ng-TV-scaled.jpg\",\"contentUrl\":\"https:\/\/eemc.com.vn\/wp-content\/uploads\/2025\/03\/logo-EEMC-2025-ng-TV-scaled.jpg\",\"width\":2560,\"height\":1037,\"caption\":\"T\u1ed5ng c\u00f4ng ty thi\u1ebft b\u1ecb \u0111i\u1ec7n \u0110\u00f4ng Anh\"},\"image\":{\"@id\":\"https:\/\/eemc.com.vn\/en#\/schema\/logo\/image\/\"}}]}<\/script>\n<!-- \/ Yoast SEO plugin. -->","yoast_head_json":{"title":"ATS, C-Type - WN, A \u2194 Neutral(off) \u2194 B - T\u1ed5ng c\u00f4ng ty Thi\u1ebft B\u1ecb \u0110i\u1ec7n \u0110\u00f4ng Anh","robots":{"index":"index","follow":"follow","max-snippet":"max-snippet:-1","max-image-preview":"max-image-preview:large","max-video-preview":"max-video-preview:-1"},"canonical":"https:\/\/eemc.com.vn\/en\/product\/san-pham-ats-c-type-loai-wn-chuyen-nguon-loai-3-vi-tri-a-%e2%86%94-neutraloff-%e2%86%94-b","og_locale":"en_US","og_type":"article","og_title":"ATS, C-Type - WN, A \u2194 Neutral(off) \u2194 B - T\u1ed5ng c\u00f4ng ty Thi\u1ebft B\u1ecb \u0110i\u1ec7n \u0110\u00f4ng Anh","og_description":"\u2022 Thi\u1ebft k\u1ebf d\u1ea1ng \u0111\u1ee9ng, k\u00edch th\u01b0\u1edbc nh\u1ecf g\u1ecdn, \u0111\u1ed9 b\u1ec1n cao. \u2022 T\u1ea7n su\u1ea5t chuy\u1ec3n \u0111\u1ed5i nhanh g\u1ea5p 2,5 l\u1ea7n so v\u1edbi s\u1ea3n ph\u1ea9m c\u00f9ng lo\u1ea1i. \u2022 Thi\u1ebft k\u1ebf nh\u1ecf g\u1ecdn, ch\u1eafc ch\u1eafn, \u0111\u1ed9 [...]","og_url":"https:\/\/eemc.com.vn\/en\/product\/san-pham-ats-c-type-loai-wn-chuyen-nguon-loai-3-vi-tri-a-%e2%86%94-neutraloff-%e2%86%94-b","og_site_name":"T\u1ed5ng c\u00f4ng ty Thi\u1ebft B\u1ecb \u0110i\u1ec7n \u0110\u00f4ng Anh","article_modified_time":"2025-03-24T01:52:38+00:00","og_image":[{"width":559,"height":682,"url":"https:\/\/eemc.com.vn\/wp-content\/uploads\/2025\/02\/ATS-c-WN2.jpg","type":"image\/jpeg"}],"twitter_card":"summary_large_image","twitter_misc":{"Est. reading time":"1 minute"},"schema":{"@context":"https:\/\/schema.org","@graph":[{"@type":"WebPage","@id":"https:\/\/eemc.com.vn\/en\/product\/san-pham-ats-c-type-loai-wn-chuyen-nguon-loai-3-vi-tri-a-%e2%86%94-neutraloff-%e2%86%94-b","url":"https:\/\/eemc.com.vn\/en\/product\/san-pham-ats-c-type-loai-wn-chuyen-nguon-loai-3-vi-tri-a-%e2%86%94-neutraloff-%e2%86%94-b","name":"ATS, C-Type - WN, A \u2194 Neutral(off) \u2194 B - T\u1ed5ng c\u00f4ng ty Thi\u1ebft B\u1ecb \u0110i\u1ec7n \u0110\u00f4ng Anh","isPartOf":{"@id":"https:\/\/eemc.com.vn\/en#website"},"primaryImageOfPage":{"@id":"https:\/\/eemc.com.vn\/en\/product\/san-pham-ats-c-type-loai-wn-chuyen-nguon-loai-3-vi-tri-a-%e2%86%94-neutraloff-%e2%86%94-b#primaryimage"},"image":{"@id":"https:\/\/eemc.com.vn\/en\/product\/san-pham-ats-c-type-loai-wn-chuyen-nguon-loai-3-vi-tri-a-%e2%86%94-neutraloff-%e2%86%94-b#primaryimage"},"thumbnailUrl":"https:\/\/eemc.com.vn\/wp-content\/uploads\/2025\/02\/ATS-c-WN2.jpg","datePublished":"2025-02-20T07:23:04+00:00","dateModified":"2025-03-24T01:52:38+00:00","breadcrumb":{"@id":"https:\/\/eemc.com.vn\/en\/product\/san-pham-ats-c-type-loai-wn-chuyen-nguon-loai-3-vi-tri-a-%e2%86%94-neutraloff-%e2%86%94-b#breadcrumb"},"inLanguage":"en-US","potentialAction":[{"@type":"ReadAction","target":["https:\/\/eemc.com.vn\/en\/product\/san-pham-ats-c-type-loai-wn-chuyen-nguon-loai-3-vi-tri-a-%e2%86%94-neutraloff-%e2%86%94-b"]}]},{"@type":"ImageObject","inLanguage":"en-US","@id":"https:\/\/eemc.com.vn\/en\/product\/san-pham-ats-c-type-loai-wn-chuyen-nguon-loai-3-vi-tri-a-%e2%86%94-neutraloff-%e2%86%94-b#primaryimage","url":"https:\/\/eemc.com.vn\/wp-content\/uploads\/2025\/02\/ATS-c-WN2.jpg","contentUrl":"https:\/\/eemc.com.vn\/wp-content\/uploads\/2025\/02\/ATS-c-WN2.jpg","width":559,"height":682},{"@type":"BreadcrumbList","@id":"https:\/\/eemc.com.vn\/en\/product\/san-pham-ats-c-type-loai-wn-chuyen-nguon-loai-3-vi-tri-a-%e2%86%94-neutraloff-%e2%86%94-b#breadcrumb","itemListElement":[{"@type":"ListItem","position":1,"name":"HomeTrang ch\u1ee7","item":"https:\/\/eemc.com.vn\/en"},{"@type":"ListItem","position":2,"name":"Shop","item":"https:\/\/eemc.com.vn\/en\/shop"},{"@type":"ListItem","position":3,"name":"ATS, C-Type &#8211; WN, A \u2194 Neutral(off) \u2194 B"}]},{"@type":"WebSite","@id":"https:\/\/eemc.com.vn\/en#website","url":"https:\/\/eemc.com.vn\/en","name":"T\u1ed5ng c\u00f4ng ty Thi\u1ebft B\u1ecb \u0110i\u1ec7n \u0110\u00f4ng Anh","description":"m\u00e1y bi\u1ebfn \u00e1p \u0110\u00f4ng Anh","publisher":{"@id":"https:\/\/eemc.com.vn\/en#organization"},"potentialAction":[{"@type":"SearchAction","target":{"@type":"EntryPoint","urlTemplate":"https:\/\/eemc.com.vn\/en?s={search_term_string}"},"query-input":{"@type":"PropertyValueSpecification","valueRequired":true,"valueName":"search_term_string"}}],"inLanguage":"en-US"},{"@type":"Organization","@id":"https:\/\/eemc.com.vn\/en#organization","name":"T\u1ed5ng c\u00f4ng ty thi\u1ebft b\u1ecb \u0111i\u1ec7n \u0110\u00f4ng Anh","alternateName":"EEMC","url":"https:\/\/eemc.com.vn\/en","logo":{"@type":"ImageObject","inLanguage":"en-US","@id":"https:\/\/eemc.com.vn\/en#\/schema\/logo\/image\/","url":"https:\/\/eemc.com.vn\/wp-content\/uploads\/2025\/03\/logo-EEMC-2025-ng-TV-scaled.jpg","contentUrl":"https:\/\/eemc.com.vn\/wp-content\/uploads\/2025\/03\/logo-EEMC-2025-ng-TV-scaled.jpg","width":2560,"height":1037,"caption":"T\u1ed5ng c\u00f4ng ty thi\u1ebft b\u1ecb \u0111i\u1ec7n \u0110\u00f4ng Anh"},"image":{"@id":"https:\/\/eemc.com.vn\/en#\/schema\/logo\/image\/"}}]}},"_links":{"self":[{"href":"https:\/\/eemc.com.vn\/en\/wp-json\/wp\/v2\/product\/15837","targetHints":{"allow":["GET"]}}],"collection":[{"href":"https:\/\/eemc.com.vn\/en\/wp-json\/wp\/v2\/product"}],"about":[{"href":"https:\/\/eemc.com.vn\/en\/wp-json\/wp\/v2\/types\/product"}],"wp:featuredmedia":[{"embeddable":true,"href":"https:\/\/eemc.com.vn\/en\/wp-json\/wp\/v2\/media\/14271"}],"wp:attachment":[{"href":"https:\/\/eemc.com.vn\/en\/wp-json\/wp\/v2\/media?parent=15837"}],"wp:term":[{"taxonomy":"product_brand","embeddable":true,"href":"https:\/\/eemc.com.vn\/en\/wp-json\/wp\/v2\/product_brand?post=15837"},{"taxonomy":"product_cat","embeddable":true,"href":"https:\/\/eemc.com.vn\/en\/wp-json\/wp\/v2\/product_cat?post=15837"},{"taxonomy":"product_tag","embeddable":true,"href":"https:\/\/eemc.com.vn\/en\/wp-json\/wp\/v2\/product_tag?post=15837"}],"curies":[{"name":"wp","href":"https:\/\/api.w.org\/{rel}","templated":true}]}}